{"id":10002,"date":"2016-07-14T17:07:02","date_gmt":"2016-07-14T15:07:02","guid":{"rendered":"http:\/\/codexsrl.com.94-76-252-100.web-agency-padova.it\/catalogo\/unkategorisiert\/schutz-fuer-die-baenke-der-sportler\/"},"modified":"2024-03-18T16:57:39","modified_gmt":"2024-03-18T15:57:39","slug":"schutz-fuer-die-baenke-der-sportler","status":"publish","type":"product","link":"https:\/\/www.codexsrl.com\/de\/produkt\/schutz-fuer-die-baenke-der-sportler\/","title":{"rendered":"Schutz f\u00fcr die B\u00e4nke der Sportler"},"content":{"rendered":"","protected":false},"excerpt":{"rendered":"<p>Unsere EVA-Materialien erm\u00f6glichen es uns, ma\u00dfgeschneiderte Anti-Trauma-Bel\u00e4ge f\u00fcr Sportanlagen zu entwickeln. Zu diesem Zweck bieten wir auch Schutzvorrichtungen f\u00fcr die B\u00e4nke der Sportler am Spielfeldrand an, die aus <span style=\"color: #ff6600;\"><a style=\"color: #ff6600;\" href=\"https:\/\/www.codexsrl.com\/catalogo\/materiali\/onda-norma-uni-en-913\/\" target=\"_blank\" rel=\"noopener\">22 mm Onda<\/a><\/span> e <span style=\"color: #ff6600;\"><a style=\"color: #ff6600;\" href=\"https:\/\/www.codexsrl.com\/catalogo\/materiali\/maxionda-norma-uni-en-913\/\" target=\"_blank\" rel=\"noopener\">28 mm dickem Maxionda <\/a><\/span>mit hohem Sto\u00dfd\u00e4mpfungsverm\u00f6gen.<\/p>\n<p>Die Flexibilit\u00e4t unserer Materialien erm\u00f6glicht es uns, Ecken, Pfosten und Profile zu sch\u00fctzen und bei Bedarf sogar zuzuschneiden.<\/p>\n","protected":false},"featured_media":9451,"template":"","meta":[],"product_cat":[315,369,372,368,373],"product_tag":[400],"yoast_head":"<!-- This site is optimized with the Yoast SEO plugin v22.3 - https:\/\/yoast.com\/wordpress\/plugins\/seo\/ -->\n<title>Schutzvorrichtungen f\u00fcr Sportlerb\u00e4nke, Anti-Trauma-Bel\u00e4ge | Codex srl<\/title>\n<meta name=\"description\" content=\"Auf Sportpl\u00e4tzen muss die Sicherheit auch durch den Schutz der Sportlerb\u00e4nke gew\u00e4hrleistet werden. EVA-Anti-Trauma-\u00dcberz\u00fcge, ma\u00dfgeschneidert und in verschiedenen Farben.\" \/>\n<meta name=\"robots\" content=\"index, follow, max-snippet:-1, max-image-preview:large, max-video-preview:-1\" \/>\n<link rel=\"canonical\" href=\"https:\/\/www.codexsrl.com\/de\/produkt\/schutz-fuer-die-baenke-der-sportler\/\" \/>\n<meta property=\"og:locale\" content=\"de_DE\" \/>\n<meta property=\"og:type\" content=\"article\" \/>\n<meta property=\"og:title\" content=\"Schutzvorrichtungen f\u00fcr Sportlerb\u00e4nke, Anti-Trauma-Bel\u00e4ge | Codex srl\" \/>\n<meta property=\"og:description\" content=\"Auf Sportpl\u00e4tzen muss die Sicherheit auch durch den Schutz der Sportlerb\u00e4nke gew\u00e4hrleistet werden. EVA-Anti-Trauma-\u00dcberz\u00fcge, ma\u00dfgeschneidert und in verschiedenen Farben.\" \/>\n<meta property=\"og:url\" content=\"https:\/\/www.codexsrl.com\/de\/produkt\/schutz-fuer-die-baenke-der-sportler\/\" \/>\n<meta property=\"og:site_name\" content=\"Codex srl\" \/>\n<meta property=\"article:publisher\" content=\"https:\/\/www.facebook.com\/codexsicurezza\" \/>\n<meta property=\"article:modified_time\" content=\"2024-03-18T15:57:39+00:00\" \/>\n<meta property=\"og:image\" content=\"https:\/\/www.codexsrl.com\/wp-content\/uploads\/2016\/07\/paracolpi-antitrauma-panchine-campo-calcio-codex.jpg\" \/>\n\t<meta property=\"og:image:width\" content=\"1200\" \/>\n\t<meta property=\"og:image:height\" content=\"1600\" \/>\n\t<meta property=\"og:image:type\" content=\"image\/jpeg\" \/>\n<meta name=\"twitter:card\" content=\"summary_large_image\" \/>\n<script type=\"application\/ld+json\" class=\"yoast-schema-graph\">{\"@context\":\"https:\/\/schema.org\",\"@graph\":[{\"@type\":\"WebPage\",\"@id\":\"https:\/\/www.codexsrl.com\/de\/produkt\/schutz-fuer-die-baenke-der-sportler\/\",\"url\":\"https:\/\/www.codexsrl.com\/de\/produkt\/schutz-fuer-die-baenke-der-sportler\/\",\"name\":\"Schutzvorrichtungen f\u00fcr Sportlerb\u00e4nke, Anti-Trauma-Bel\u00e4ge | Codex srl\",\"isPartOf\":{\"@id\":\"https:\/\/www.codexsrl.com\/de\/#website\"},\"primaryImageOfPage\":{\"@id\":\"https:\/\/www.codexsrl.com\/de\/produkt\/schutz-fuer-die-baenke-der-sportler\/#primaryimage\"},\"image\":{\"@id\":\"https:\/\/www.codexsrl.com\/de\/produkt\/schutz-fuer-die-baenke-der-sportler\/#primaryimage\"},\"thumbnailUrl\":\"https:\/\/www.codexsrl.com\/wp-content\/uploads\/2016\/07\/paracolpi-antitrauma-panchine-campo-calcio-codex.jpg\",\"datePublished\":\"2016-07-14T15:07:02+00:00\",\"dateModified\":\"2024-03-18T15:57:39+00:00\",\"description\":\"Auf Sportpl\u00e4tzen muss die Sicherheit auch durch den Schutz der Sportlerb\u00e4nke gew\u00e4hrleistet werden. EVA-Anti-Trauma-\u00dcberz\u00fcge, ma\u00dfgeschneidert und in verschiedenen Farben.\",\"breadcrumb\":{\"@id\":\"https:\/\/www.codexsrl.com\/de\/produkt\/schutz-fuer-die-baenke-der-sportler\/#breadcrumb\"},\"inLanguage\":\"de\",\"potentialAction\":[{\"@type\":\"ReadAction\",\"target\":[\"https:\/\/www.codexsrl.com\/de\/produkt\/schutz-fuer-die-baenke-der-sportler\/\"]}]},{\"@type\":\"ImageObject\",\"inLanguage\":\"de\",\"@id\":\"https:\/\/www.codexsrl.com\/de\/produkt\/schutz-fuer-die-baenke-der-sportler\/#primaryimage\",\"url\":\"https:\/\/www.codexsrl.com\/wp-content\/uploads\/2016\/07\/paracolpi-antitrauma-panchine-campo-calcio-codex.jpg\",\"contentUrl\":\"https:\/\/www.codexsrl.com\/wp-content\/uploads\/2016\/07\/paracolpi-antitrauma-panchine-campo-calcio-codex.jpg\",\"width\":1200,\"height\":1600,\"caption\":\"Sto\u00dfd\u00e4mpfer f\u00fcr B\u00e4nke auf Fu\u00dfballpl\u00e4tzen\"},{\"@type\":\"BreadcrumbList\",\"@id\":\"https:\/\/www.codexsrl.com\/de\/produkt\/schutz-fuer-die-baenke-der-sportler\/#breadcrumb\",\"itemListElement\":[{\"@type\":\"ListItem\",\"position\":1,\"name\":\"Home\",\"item\":\"https:\/\/www.codexsrl.com\/de\/\"},{\"@type\":\"ListItem\",\"position\":2,\"name\":\"Gesamtkatalog\",\"item\":\"https:\/\/www.codexsrl.com\/de\/gesamtkatalog\/\"},{\"@type\":\"ListItem\",\"position\":3,\"name\":\"Schutz f\u00fcr die B\u00e4nke der Sportler\"}]},{\"@type\":\"WebSite\",\"@id\":\"https:\/\/www.codexsrl.com\/de\/#website\",\"url\":\"https:\/\/www.codexsrl.com\/de\/\",\"name\":\"Codex srl\",\"description\":\"Sch\u00fctzt und dekoriert\",\"publisher\":{\"@id\":\"https:\/\/www.codexsrl.com\/de\/#organization\"},\"alternateName\":\"Codex Protezioni Antitrauma e Pavimentazioni\",\"potentialAction\":[{\"@type\":\"SearchAction\",\"target\":{\"@type\":\"EntryPoint\",\"urlTemplate\":\"https:\/\/www.codexsrl.com\/de\/?s={search_term_string}\"},\"query-input\":\"required name=search_term_string\"}],\"inLanguage\":\"de\"},{\"@type\":\"Organization\",\"@id\":\"https:\/\/www.codexsrl.com\/de\/#organization\",\"name\":\"Codex srl\",\"alternateName\":\"Codex Protezioni Antitrauma e Pavimentazioni\",\"url\":\"https:\/\/www.codexsrl.com\/de\/\",\"logo\":{\"@type\":\"ImageObject\",\"inLanguage\":\"de\",\"@id\":\"https:\/\/www.codexsrl.com\/de\/#\/schema\/logo\/image\/\",\"url\":\"https:\/\/www.codexsrl.com\/wp-content\/uploads\/2024\/01\/logo-Codex.webp\",\"contentUrl\":\"https:\/\/www.codexsrl.com\/wp-content\/uploads\/2024\/01\/logo-Codex.webp\",\"width\":527,\"height\":143,\"caption\":\"Codex srl\"},\"image\":{\"@id\":\"https:\/\/www.codexsrl.com\/de\/#\/schema\/logo\/image\/\"},\"sameAs\":[\"https:\/\/www.facebook.com\/codexsicurezza\",\"https:\/\/www.instagram.com\/codexsrl\/\",\"https:\/\/www.linkedin.com\/company\/codexsrl\/\"]}]}<\/script>\n<!-- \/ Yoast SEO plugin. -->","yoast_head_json":{"title":"Schutzvorrichtungen f\u00fcr Sportlerb\u00e4nke, Anti-Trauma-Bel\u00e4ge | Codex srl","description":"Auf Sportpl\u00e4tzen muss die Sicherheit auch durch den Schutz der Sportlerb\u00e4nke gew\u00e4hrleistet werden. EVA-Anti-Trauma-\u00dcberz\u00fcge, ma\u00dfgeschneidert und in verschiedenen Farben.","robots":{"index":"index","follow":"follow","max-snippet":"max-snippet:-1","max-image-preview":"max-image-preview:large","max-video-preview":"max-video-preview:-1"},"canonical":"https:\/\/www.codexsrl.com\/de\/produkt\/schutz-fuer-die-baenke-der-sportler\/","og_locale":"de_DE","og_type":"article","og_title":"Schutzvorrichtungen f\u00fcr Sportlerb\u00e4nke, Anti-Trauma-Bel\u00e4ge | Codex srl","og_description":"Auf Sportpl\u00e4tzen muss die Sicherheit auch durch den Schutz der Sportlerb\u00e4nke gew\u00e4hrleistet werden. EVA-Anti-Trauma-\u00dcberz\u00fcge, ma\u00dfgeschneidert und in verschiedenen Farben.","og_url":"https:\/\/www.codexsrl.com\/de\/produkt\/schutz-fuer-die-baenke-der-sportler\/","og_site_name":"Codex srl","article_publisher":"https:\/\/www.facebook.com\/codexsicurezza","article_modified_time":"2024-03-18T15:57:39+00:00","og_image":[{"width":1200,"height":1600,"url":"https:\/\/www.codexsrl.com\/wp-content\/uploads\/2016\/07\/paracolpi-antitrauma-panchine-campo-calcio-codex.jpg","type":"image\/jpeg"}],"twitter_card":"summary_large_image","schema":{"@context":"https:\/\/schema.org","@graph":[{"@type":"WebPage","@id":"https:\/\/www.codexsrl.com\/de\/produkt\/schutz-fuer-die-baenke-der-sportler\/","url":"https:\/\/www.codexsrl.com\/de\/produkt\/schutz-fuer-die-baenke-der-sportler\/","name":"Schutzvorrichtungen f\u00fcr Sportlerb\u00e4nke, Anti-Trauma-Bel\u00e4ge | Codex srl","isPartOf":{"@id":"https:\/\/www.codexsrl.com\/de\/#website"},"primaryImageOfPage":{"@id":"https:\/\/www.codexsrl.com\/de\/produkt\/schutz-fuer-die-baenke-der-sportler\/#primaryimage"},"image":{"@id":"https:\/\/www.codexsrl.com\/de\/produkt\/schutz-fuer-die-baenke-der-sportler\/#primaryimage"},"thumbnailUrl":"https:\/\/www.codexsrl.com\/wp-content\/uploads\/2016\/07\/paracolpi-antitrauma-panchine-campo-calcio-codex.jpg","datePublished":"2016-07-14T15:07:02+00:00","dateModified":"2024-03-18T15:57:39+00:00","description":"Auf Sportpl\u00e4tzen muss die Sicherheit auch durch den Schutz der Sportlerb\u00e4nke gew\u00e4hrleistet werden. EVA-Anti-Trauma-\u00dcberz\u00fcge, ma\u00dfgeschneidert und in verschiedenen Farben.","breadcrumb":{"@id":"https:\/\/www.codexsrl.com\/de\/produkt\/schutz-fuer-die-baenke-der-sportler\/#breadcrumb"},"inLanguage":"de","potentialAction":[{"@type":"ReadAction","target":["https:\/\/www.codexsrl.com\/de\/produkt\/schutz-fuer-die-baenke-der-sportler\/"]}]},{"@type":"ImageObject","inLanguage":"de","@id":"https:\/\/www.codexsrl.com\/de\/produkt\/schutz-fuer-die-baenke-der-sportler\/#primaryimage","url":"https:\/\/www.codexsrl.com\/wp-content\/uploads\/2016\/07\/paracolpi-antitrauma-panchine-campo-calcio-codex.jpg","contentUrl":"https:\/\/www.codexsrl.com\/wp-content\/uploads\/2016\/07\/paracolpi-antitrauma-panchine-campo-calcio-codex.jpg","width":1200,"height":1600,"caption":"Sto\u00dfd\u00e4mpfer f\u00fcr B\u00e4nke auf Fu\u00dfballpl\u00e4tzen"},{"@type":"BreadcrumbList","@id":"https:\/\/www.codexsrl.com\/de\/produkt\/schutz-fuer-die-baenke-der-sportler\/#breadcrumb","itemListElement":[{"@type":"ListItem","position":1,"name":"Home","item":"https:\/\/www.codexsrl.com\/de\/"},{"@type":"ListItem","position":2,"name":"Gesamtkatalog","item":"https:\/\/www.codexsrl.com\/de\/gesamtkatalog\/"},{"@type":"ListItem","position":3,"name":"Schutz f\u00fcr die B\u00e4nke der Sportler"}]},{"@type":"WebSite","@id":"https:\/\/www.codexsrl.com\/de\/#website","url":"https:\/\/www.codexsrl.com\/de\/","name":"Codex srl","description":"Sch\u00fctzt und dekoriert","publisher":{"@id":"https:\/\/www.codexsrl.com\/de\/#organization"},"alternateName":"Codex Protezioni Antitrauma e Pavimentazioni","potentialAction":[{"@type":"SearchAction","target":{"@type":"EntryPoint","urlTemplate":"https:\/\/www.codexsrl.com\/de\/?s={search_term_string}"},"query-input":"required name=search_term_string"}],"inLanguage":"de"},{"@type":"Organization","@id":"https:\/\/www.codexsrl.com\/de\/#organization","name":"Codex srl","alternateName":"Codex Protezioni Antitrauma e Pavimentazioni","url":"https:\/\/www.codexsrl.com\/de\/","logo":{"@type":"ImageObject","inLanguage":"de","@id":"https:\/\/www.codexsrl.com\/de\/#\/schema\/logo\/image\/","url":"https:\/\/www.codexsrl.com\/wp-content\/uploads\/2024\/01\/logo-Codex.webp","contentUrl":"https:\/\/www.codexsrl.com\/wp-content\/uploads\/2024\/01\/logo-Codex.webp","width":527,"height":143,"caption":"Codex srl"},"image":{"@id":"https:\/\/www.codexsrl.com\/de\/#\/schema\/logo\/image\/"},"sameAs":["https:\/\/www.facebook.com\/codexsicurezza","https:\/\/www.instagram.com\/codexsrl\/","https:\/\/www.linkedin.com\/company\/codexsrl\/"]}]}},"_links":{"self":[{"href":"https:\/\/www.codexsrl.com\/de\/wp-json\/wp\/v2\/product\/10002"}],"collection":[{"href":"https:\/\/www.codexsrl.com\/de\/wp-json\/wp\/v2\/product"}],"about":[{"href":"https:\/\/www.codexsrl.com\/de\/wp-json\/wp\/v2\/types\/product"}],"wp:featuredmedia":[{"embeddable":true,"href":"https:\/\/www.codexsrl.com\/de\/wp-json\/wp\/v2\/media\/9451"}],"wp:attachment":[{"href":"https:\/\/www.codexsrl.com\/de\/wp-json\/wp\/v2\/media?parent=10002"}],"wp:term":[{"taxonomy":"product_cat","embeddable":true,"href":"https:\/\/www.codexsrl.com\/de\/wp-json\/wp\/v2\/product_cat?post=10002"},{"taxonomy":"product_tag","embeddable":true,"href":"https:\/\/www.codexsrl.com\/de\/wp-json\/wp\/v2\/product_tag?post=10002"}],"curies":[{"name":"wp","href":"https:\/\/api.w.org\/{rel}","templated":true}]}}