{"id":10004,"date":"2016-07-14T17:27:38","date_gmt":"2016-07-14T15:27:38","guid":{"rendered":"http:\/\/codexsrl.com.94-76-252-100.web-agency-padova.it\/catalogo\/unkategorisiert\/schutzvorrichtungen-fuer-traeger-ipe-stuetzen\/"},"modified":"2024-03-18T16:27:31","modified_gmt":"2024-03-18T15:27:31","slug":"schutzvorrichtungen-fuer-traeger-ipe-stuetzen","status":"publish","type":"product","link":"https:\/\/www.codexsrl.com\/de\/produkt\/schutzvorrichtungen-fuer-traeger-ipe-stuetzen\/","title":{"rendered":"Schutzvorrichtungen f\u00fcr Tr\u00e4ger, Ipe-St\u00fctzen"},"content":{"rendered":"","protected":false},"excerpt":{"rendered":"<p><span style=\"color: #ff6600;\"><a style=\"color: #ff6600;\" href=\"https:\/\/www.codexsrl.com\/catalogo\/materiali\/maxionda-norma-uni-en-913\/\" target=\"_blank\" rel=\"noopener\">Maxionda<\/a><\/span> (28 mm dick) und <span style=\"color: #ff6600;\"><a style=\"color: #ff6600;\" href=\"https:\/\/www.codexsrl.com\/catalogo\/materiali\/onda-norma-uni-en-913\/\" target=\"_blank\" rel=\"noopener\">Onda<\/a><\/span> (22 mm dick) sind die am besten geeignete L\u00f6sung f\u00fcr den Schutz von Tr\u00e4gern, IPE-S\u00e4ulen und S\u00e4ulen jeglicher Form und jeglichen Materials vor Traumata.<\/p>\n<p>Dank der <strong>gro\u00dfen Flexibilit\u00e4t und Elastizit\u00e4t<\/strong> von Onda und Maxionda ist die Installation der Schutzvorrichtungen sehr schnell und einfach. Maxionda und Onda sind sowohl in ungiftiger (f\u00fcr den Au\u00dfenbereich) als auch in schwer entflammbarer (f\u00fcr den Innenbereich) Ausf\u00fchrung erh\u00e4ltlich.<\/p>\n<p>Beide Materialien sind <strong>nach EN 913 Anhang C gepr\u00fcft<\/strong>. Die Dicke des Maxionda von 28 mm garantiert, dass er selbst die heftigsten St\u00f6\u00dfe absorbieren kann.<\/p>\n","protected":false},"featured_media":9101,"template":"","meta":[],"product_cat":[312,399,315,316,368,320],"product_tag":[375],"yoast_head":"<!-- This site is optimized with the Yoast SEO plugin v22.3 - https:\/\/yoast.com\/wordpress\/plugins\/seo\/ -->\n<title>Balken und Ipe-Schutzvorrichtungen | Codex srl<\/title>\n<meta name=\"description\" content=\"Tr\u00e4ger und Schutzvorrichtungen aus Ipe zur Gew\u00e4hrleistung der Sicherheit an Arbeitspl\u00e4tzen, in Sportanlagen und bei Zugkonstruktionen.\" \/>\n<meta name=\"robots\" content=\"index, follow, max-snippet:-1, max-image-preview:large, max-video-preview:-1\" \/>\n<link rel=\"canonical\" href=\"https:\/\/www.codexsrl.com\/de\/produkt\/schutzvorrichtungen-fuer-traeger-ipe-stuetzen\/\" \/>\n<meta property=\"og:locale\" content=\"de_DE\" \/>\n<meta property=\"og:type\" content=\"article\" \/>\n<meta property=\"og:title\" content=\"Balken und Ipe-Schutzvorrichtungen | Codex srl\" \/>\n<meta property=\"og:description\" content=\"Tr\u00e4ger und Schutzvorrichtungen aus Ipe zur Gew\u00e4hrleistung der Sicherheit an Arbeitspl\u00e4tzen, in Sportanlagen und bei Zugkonstruktionen.\" \/>\n<meta property=\"og:url\" content=\"https:\/\/www.codexsrl.com\/de\/produkt\/schutzvorrichtungen-fuer-traeger-ipe-stuetzen\/\" \/>\n<meta property=\"og:site_name\" content=\"Codex srl\" \/>\n<meta property=\"article:publisher\" content=\"https:\/\/www.facebook.com\/codexsicurezza\" \/>\n<meta property=\"article:modified_time\" content=\"2024-03-18T15:27:31+00:00\" \/>\n<meta property=\"og:image\" content=\"https:\/\/www.codexsrl.com\/wp-content\/uploads\/2016\/07\/protezioni-antitrauma-paracolpi-putrelle-pilastri-ferro-codex.jpg\" \/>\n\t<meta property=\"og:image:width\" content=\"675\" \/>\n\t<meta property=\"og:image:height\" content=\"901\" \/>\n\t<meta property=\"og:image:type\" content=\"image\/jpeg\" \/>\n<meta name=\"twitter:card\" content=\"summary_large_image\" \/>\n<script type=\"application\/ld+json\" class=\"yoast-schema-graph\">{\"@context\":\"https:\/\/schema.org\",\"@graph\":[{\"@type\":\"WebPage\",\"@id\":\"https:\/\/www.codexsrl.com\/de\/produkt\/schutzvorrichtungen-fuer-traeger-ipe-stuetzen\/\",\"url\":\"https:\/\/www.codexsrl.com\/de\/produkt\/schutzvorrichtungen-fuer-traeger-ipe-stuetzen\/\",\"name\":\"Balken und Ipe-Schutzvorrichtungen | Codex srl\",\"isPartOf\":{\"@id\":\"https:\/\/www.codexsrl.com\/de\/#website\"},\"primaryImageOfPage\":{\"@id\":\"https:\/\/www.codexsrl.com\/de\/produkt\/schutzvorrichtungen-fuer-traeger-ipe-stuetzen\/#primaryimage\"},\"image\":{\"@id\":\"https:\/\/www.codexsrl.com\/de\/produkt\/schutzvorrichtungen-fuer-traeger-ipe-stuetzen\/#primaryimage\"},\"thumbnailUrl\":\"https:\/\/www.codexsrl.com\/wp-content\/uploads\/2016\/07\/protezioni-antitrauma-paracolpi-putrelle-pilastri-ferro-codex.jpg\",\"datePublished\":\"2016-07-14T15:27:38+00:00\",\"dateModified\":\"2024-03-18T15:27:31+00:00\",\"description\":\"Tr\u00e4ger und Schutzvorrichtungen aus Ipe zur Gew\u00e4hrleistung der Sicherheit an Arbeitspl\u00e4tzen, in Sportanlagen und bei Zugkonstruktionen.\",\"breadcrumb\":{\"@id\":\"https:\/\/www.codexsrl.com\/de\/produkt\/schutzvorrichtungen-fuer-traeger-ipe-stuetzen\/#breadcrumb\"},\"inLanguage\":\"de\",\"potentialAction\":[{\"@type\":\"ReadAction\",\"target\":[\"https:\/\/www.codexsrl.com\/de\/produkt\/schutzvorrichtungen-fuer-traeger-ipe-stuetzen\/\"]}]},{\"@type\":\"ImageObject\",\"inLanguage\":\"de\",\"@id\":\"https:\/\/www.codexsrl.com\/de\/produkt\/schutzvorrichtungen-fuer-traeger-ipe-stuetzen\/#primaryimage\",\"url\":\"https:\/\/www.codexsrl.com\/wp-content\/uploads\/2016\/07\/protezioni-antitrauma-paracolpi-putrelle-pilastri-ferro-codex.jpg\",\"contentUrl\":\"https:\/\/www.codexsrl.com\/wp-content\/uploads\/2016\/07\/protezioni-antitrauma-paracolpi-putrelle-pilastri-ferro-codex.jpg\",\"width\":675,\"height\":901,\"caption\":\"Aufprallschutz f\u00fcr Tr\u00e4ger, S\u00e4ulen, Eisentr\u00e4ger\"},{\"@type\":\"BreadcrumbList\",\"@id\":\"https:\/\/www.codexsrl.com\/de\/produkt\/schutzvorrichtungen-fuer-traeger-ipe-stuetzen\/#breadcrumb\",\"itemListElement\":[{\"@type\":\"ListItem\",\"position\":1,\"name\":\"Home\",\"item\":\"https:\/\/www.codexsrl.com\/de\/\"},{\"@type\":\"ListItem\",\"position\":2,\"name\":\"Gesamtkatalog\",\"item\":\"https:\/\/www.codexsrl.com\/de\/gesamtkatalog\/\"},{\"@type\":\"ListItem\",\"position\":3,\"name\":\"Schutzvorrichtungen f\u00fcr Tr\u00e4ger, Ipe-St\u00fctzen\"}]},{\"@type\":\"WebSite\",\"@id\":\"https:\/\/www.codexsrl.com\/de\/#website\",\"url\":\"https:\/\/www.codexsrl.com\/de\/\",\"name\":\"Codex srl\",\"description\":\"Sch\u00fctzt und dekoriert\",\"publisher\":{\"@id\":\"https:\/\/www.codexsrl.com\/de\/#organization\"},\"alternateName\":\"Codex Protezioni Antitrauma e Pavimentazioni\",\"potentialAction\":[{\"@type\":\"SearchAction\",\"target\":{\"@type\":\"EntryPoint\",\"urlTemplate\":\"https:\/\/www.codexsrl.com\/de\/?s={search_term_string}\"},\"query-input\":\"required name=search_term_string\"}],\"inLanguage\":\"de\"},{\"@type\":\"Organization\",\"@id\":\"https:\/\/www.codexsrl.com\/de\/#organization\",\"name\":\"Codex srl\",\"alternateName\":\"Codex Protezioni Antitrauma e Pavimentazioni\",\"url\":\"https:\/\/www.codexsrl.com\/de\/\",\"logo\":{\"@type\":\"ImageObject\",\"inLanguage\":\"de\",\"@id\":\"https:\/\/www.codexsrl.com\/de\/#\/schema\/logo\/image\/\",\"url\":\"https:\/\/www.codexsrl.com\/wp-content\/uploads\/2024\/01\/logo-Codex.webp\",\"contentUrl\":\"https:\/\/www.codexsrl.com\/wp-content\/uploads\/2024\/01\/logo-Codex.webp\",\"width\":527,\"height\":143,\"caption\":\"Codex srl\"},\"image\":{\"@id\":\"https:\/\/www.codexsrl.com\/de\/#\/schema\/logo\/image\/\"},\"sameAs\":[\"https:\/\/www.facebook.com\/codexsicurezza\",\"https:\/\/www.instagram.com\/codexsrl\/\",\"https:\/\/www.linkedin.com\/company\/codexsrl\/\"]}]}<\/script>\n<!-- \/ Yoast SEO plugin. -->","yoast_head_json":{"title":"Balken und Ipe-Schutzvorrichtungen | Codex srl","description":"Tr\u00e4ger und Schutzvorrichtungen aus Ipe zur Gew\u00e4hrleistung der Sicherheit an Arbeitspl\u00e4tzen, in Sportanlagen und bei Zugkonstruktionen.","robots":{"index":"index","follow":"follow","max-snippet":"max-snippet:-1","max-image-preview":"max-image-preview:large","max-video-preview":"max-video-preview:-1"},"canonical":"https:\/\/www.codexsrl.com\/de\/produkt\/schutzvorrichtungen-fuer-traeger-ipe-stuetzen\/","og_locale":"de_DE","og_type":"article","og_title":"Balken und Ipe-Schutzvorrichtungen | Codex srl","og_description":"Tr\u00e4ger und Schutzvorrichtungen aus Ipe zur Gew\u00e4hrleistung der Sicherheit an Arbeitspl\u00e4tzen, in Sportanlagen und bei Zugkonstruktionen.","og_url":"https:\/\/www.codexsrl.com\/de\/produkt\/schutzvorrichtungen-fuer-traeger-ipe-stuetzen\/","og_site_name":"Codex srl","article_publisher":"https:\/\/www.facebook.com\/codexsicurezza","article_modified_time":"2024-03-18T15:27:31+00:00","og_image":[{"width":675,"height":901,"url":"https:\/\/www.codexsrl.com\/wp-content\/uploads\/2016\/07\/protezioni-antitrauma-paracolpi-putrelle-pilastri-ferro-codex.jpg","type":"image\/jpeg"}],"twitter_card":"summary_large_image","schema":{"@context":"https:\/\/schema.org","@graph":[{"@type":"WebPage","@id":"https:\/\/www.codexsrl.com\/de\/produkt\/schutzvorrichtungen-fuer-traeger-ipe-stuetzen\/","url":"https:\/\/www.codexsrl.com\/de\/produkt\/schutzvorrichtungen-fuer-traeger-ipe-stuetzen\/","name":"Balken und Ipe-Schutzvorrichtungen | Codex srl","isPartOf":{"@id":"https:\/\/www.codexsrl.com\/de\/#website"},"primaryImageOfPage":{"@id":"https:\/\/www.codexsrl.com\/de\/produkt\/schutzvorrichtungen-fuer-traeger-ipe-stuetzen\/#primaryimage"},"image":{"@id":"https:\/\/www.codexsrl.com\/de\/produkt\/schutzvorrichtungen-fuer-traeger-ipe-stuetzen\/#primaryimage"},"thumbnailUrl":"https:\/\/www.codexsrl.com\/wp-content\/uploads\/2016\/07\/protezioni-antitrauma-paracolpi-putrelle-pilastri-ferro-codex.jpg","datePublished":"2016-07-14T15:27:38+00:00","dateModified":"2024-03-18T15:27:31+00:00","description":"Tr\u00e4ger und Schutzvorrichtungen aus Ipe zur Gew\u00e4hrleistung der Sicherheit an Arbeitspl\u00e4tzen, in Sportanlagen und bei Zugkonstruktionen.","breadcrumb":{"@id":"https:\/\/www.codexsrl.com\/de\/produkt\/schutzvorrichtungen-fuer-traeger-ipe-stuetzen\/#breadcrumb"},"inLanguage":"de","potentialAction":[{"@type":"ReadAction","target":["https:\/\/www.codexsrl.com\/de\/produkt\/schutzvorrichtungen-fuer-traeger-ipe-stuetzen\/"]}]},{"@type":"ImageObject","inLanguage":"de","@id":"https:\/\/www.codexsrl.com\/de\/produkt\/schutzvorrichtungen-fuer-traeger-ipe-stuetzen\/#primaryimage","url":"https:\/\/www.codexsrl.com\/wp-content\/uploads\/2016\/07\/protezioni-antitrauma-paracolpi-putrelle-pilastri-ferro-codex.jpg","contentUrl":"https:\/\/www.codexsrl.com\/wp-content\/uploads\/2016\/07\/protezioni-antitrauma-paracolpi-putrelle-pilastri-ferro-codex.jpg","width":675,"height":901,"caption":"Aufprallschutz f\u00fcr Tr\u00e4ger, S\u00e4ulen, Eisentr\u00e4ger"},{"@type":"BreadcrumbList","@id":"https:\/\/www.codexsrl.com\/de\/produkt\/schutzvorrichtungen-fuer-traeger-ipe-stuetzen\/#breadcrumb","itemListElement":[{"@type":"ListItem","position":1,"name":"Home","item":"https:\/\/www.codexsrl.com\/de\/"},{"@type":"ListItem","position":2,"name":"Gesamtkatalog","item":"https:\/\/www.codexsrl.com\/de\/gesamtkatalog\/"},{"@type":"ListItem","position":3,"name":"Schutzvorrichtungen f\u00fcr Tr\u00e4ger, Ipe-St\u00fctzen"}]},{"@type":"WebSite","@id":"https:\/\/www.codexsrl.com\/de\/#website","url":"https:\/\/www.codexsrl.com\/de\/","name":"Codex srl","description":"Sch\u00fctzt und dekoriert","publisher":{"@id":"https:\/\/www.codexsrl.com\/de\/#organization"},"alternateName":"Codex Protezioni Antitrauma e Pavimentazioni","potentialAction":[{"@type":"SearchAction","target":{"@type":"EntryPoint","urlTemplate":"https:\/\/www.codexsrl.com\/de\/?s={search_term_string}"},"query-input":"required name=search_term_string"}],"inLanguage":"de"},{"@type":"Organization","@id":"https:\/\/www.codexsrl.com\/de\/#organization","name":"Codex srl","alternateName":"Codex Protezioni Antitrauma e Pavimentazioni","url":"https:\/\/www.codexsrl.com\/de\/","logo":{"@type":"ImageObject","inLanguage":"de","@id":"https:\/\/www.codexsrl.com\/de\/#\/schema\/logo\/image\/","url":"https:\/\/www.codexsrl.com\/wp-content\/uploads\/2024\/01\/logo-Codex.webp","contentUrl":"https:\/\/www.codexsrl.com\/wp-content\/uploads\/2024\/01\/logo-Codex.webp","width":527,"height":143,"caption":"Codex srl"},"image":{"@id":"https:\/\/www.codexsrl.com\/de\/#\/schema\/logo\/image\/"},"sameAs":["https:\/\/www.facebook.com\/codexsicurezza","https:\/\/www.instagram.com\/codexsrl\/","https:\/\/www.linkedin.com\/company\/codexsrl\/"]}]}},"_links":{"self":[{"href":"https:\/\/www.codexsrl.com\/de\/wp-json\/wp\/v2\/product\/10004"}],"collection":[{"href":"https:\/\/www.codexsrl.com\/de\/wp-json\/wp\/v2\/product"}],"about":[{"href":"https:\/\/www.codexsrl.com\/de\/wp-json\/wp\/v2\/types\/product"}],"wp:featuredmedia":[{"embeddable":true,"href":"https:\/\/www.codexsrl.com\/de\/wp-json\/wp\/v2\/media\/9101"}],"wp:attachment":[{"href":"https:\/\/www.codexsrl.com\/de\/wp-json\/wp\/v2\/media?parent=10004"}],"wp:term":[{"taxonomy":"product_cat","embeddable":true,"href":"https:\/\/www.codexsrl.com\/de\/wp-json\/wp\/v2\/product_cat?post=10004"},{"taxonomy":"product_tag","embeddable":true,"href":"https:\/\/www.codexsrl.com\/de\/wp-json\/wp\/v2\/product_tag?post=10004"}],"curies":[{"name":"wp","href":"https:\/\/api.w.org\/{rel}","templated":true}]}}