{"id":10005,"date":"2016-07-14T12:08:21","date_gmt":"2016-07-14T10:08:21","guid":{"rendered":"http:\/\/codexsrl.com.94-76-252-100.web-agency-padova.it\/catalogo\/unkategorisiert\/saeulenschutz-fuer-sportanlagen\/"},"modified":"2024-03-18T16:21:22","modified_gmt":"2024-03-18T15:21:22","slug":"saeulenschutz-fuer-sportanlagen","status":"publish","type":"product","link":"https:\/\/www.codexsrl.com\/de\/produkt\/saeulenschutz-fuer-sportanlagen\/","title":{"rendered":"S\u00e4ulenschutz f\u00fcr Sportanlagen"},"content":{"rendered":"","protected":false},"excerpt":{"rendered":"<h3><strong>Schlagfeste S\u00e4ulensch\u00fctzer<\/strong><\/h3>\n<p><span style=\"color: #ff6600;\"><a style=\"color: #ff6600;\" href=\"https:\/\/www.codexsrl.com\/catalogo\/materiali\/maxionda-norma-uni-en-913\/\" target=\"_blank\" rel=\"noopener\">Maxionda<\/a><\/span> bietet den besten Schutz f\u00fcr S\u00e4ulen aller Formen und Gr\u00f6\u00dfen im Sportbereich. Dank seiner gro\u00dfen Vielseitigkeit passt sich Maxionda an jede Art von Untergrund an und l\u00e4sst sich schnell und einfach installieren. Es ist ideal f\u00fcr den Innen- und Au\u00dfenbereich und kann in ungiftiger oder feuerhemmender Ausf\u00fchrung, in ganzen Bahnen (90x200cm) oder auf Ma\u00df geschnitten geliefert werden.<\/p>\n<p>Maxionda wurde gem\u00e4\u00df UNI EN 913:2009 Anhang C auf sein Sto\u00dfd\u00e4mpfungsverm\u00f6gen getestet. Trotz seiner geringeren Dicke von 28 mm \u00fcbertrifft er sogar Schaumstoffprotektoren mit einer viel h\u00f6heren und folglich viel gr\u00f6\u00dferen Dicke.<\/p>\n<p>Eine g\u00fcnstigere, aber ebenso leistungsstarke Alternative ist unser <span style=\"color: #ff6600;\"><a style=\"color: #ff6600;\" href=\"https:\/\/www.codexsrl.com\/catalogo\/materiali\/onda-norma-uni-en-913\/\" target=\"_blank\" rel=\"noopener\">Onda <\/a><\/span>ein \u00e4hnlicher Schutz wie Maxionda, jedoch mit einer auf 22 mm reduzierten Dicke.<\/p>\n","protected":false},"featured_media":8591,"template":"","meta":[],"product_cat":[312,399,315,372,316,368,363],"product_tag":[377],"yoast_head":"<!-- This site is optimized with the Yoast SEO plugin v22.3 - https:\/\/yoast.com\/wordpress\/plugins\/seo\/ -->\n<title>S\u00e4ulenschutz f\u00fcr Sporthallen | Codex srl<\/title>\n<meta name=\"description\" content=\"Flexibler und elastischer S\u00e4ulenschutz f\u00fcr Sportanlagen. UNI EN 913-zertifizierter Aufprallschutz, f\u00fcr den Innen- und Au\u00dfeneinsatz.\" \/>\n<meta name=\"robots\" content=\"index, follow, max-snippet:-1, max-image-preview:large, max-video-preview:-1\" \/>\n<link rel=\"canonical\" href=\"https:\/\/www.codexsrl.com\/de\/produkt\/saeulenschutz-fuer-sportanlagen\/\" \/>\n<meta property=\"og:locale\" content=\"de_DE\" \/>\n<meta property=\"og:type\" content=\"article\" \/>\n<meta property=\"og:title\" content=\"S\u00e4ulenschutz f\u00fcr Sporthallen | Codex srl\" \/>\n<meta property=\"og:description\" content=\"Flexibler und elastischer S\u00e4ulenschutz f\u00fcr Sportanlagen. UNI EN 913-zertifizierter Aufprallschutz, f\u00fcr den Innen- und Au\u00dfeneinsatz.\" \/>\n<meta property=\"og:url\" content=\"https:\/\/www.codexsrl.com\/de\/produkt\/saeulenschutz-fuer-sportanlagen\/\" \/>\n<meta property=\"og:site_name\" content=\"Codex srl\" \/>\n<meta property=\"article:publisher\" content=\"https:\/\/www.facebook.com\/codexsicurezza\" \/>\n<meta property=\"article:modified_time\" content=\"2024-03-18T15:21:22+00:00\" \/>\n<meta property=\"og:image\" content=\"https:\/\/www.codexsrl.com\/wp-content\/uploads\/2016\/07\/protezioni-antitrauma-colonne-impianti-sportivi_codexsrl.jpg\" \/>\n\t<meta property=\"og:image:width\" content=\"675\" \/>\n\t<meta property=\"og:image:height\" content=\"900\" \/>\n\t<meta property=\"og:image:type\" content=\"image\/jpeg\" \/>\n<meta name=\"twitter:card\" content=\"summary_large_image\" \/>\n<script type=\"application\/ld+json\" class=\"yoast-schema-graph\">{\"@context\":\"https:\/\/schema.org\",\"@graph\":[{\"@type\":\"WebPage\",\"@id\":\"https:\/\/www.codexsrl.com\/de\/produkt\/saeulenschutz-fuer-sportanlagen\/\",\"url\":\"https:\/\/www.codexsrl.com\/de\/produkt\/saeulenschutz-fuer-sportanlagen\/\",\"name\":\"S\u00e4ulenschutz f\u00fcr Sporthallen | Codex srl\",\"isPartOf\":{\"@id\":\"https:\/\/www.codexsrl.com\/de\/#website\"},\"primaryImageOfPage\":{\"@id\":\"https:\/\/www.codexsrl.com\/de\/produkt\/saeulenschutz-fuer-sportanlagen\/#primaryimage\"},\"image\":{\"@id\":\"https:\/\/www.codexsrl.com\/de\/produkt\/saeulenschutz-fuer-sportanlagen\/#primaryimage\"},\"thumbnailUrl\":\"https:\/\/www.codexsrl.com\/wp-content\/uploads\/2016\/07\/protezioni-antitrauma-colonne-impianti-sportivi_codexsrl.jpg\",\"datePublished\":\"2016-07-14T10:08:21+00:00\",\"dateModified\":\"2024-03-18T15:21:22+00:00\",\"description\":\"Flexibler und elastischer S\u00e4ulenschutz f\u00fcr Sportanlagen. UNI EN 913-zertifizierter Aufprallschutz, f\u00fcr den Innen- und Au\u00dfeneinsatz.\",\"breadcrumb\":{\"@id\":\"https:\/\/www.codexsrl.com\/de\/produkt\/saeulenschutz-fuer-sportanlagen\/#breadcrumb\"},\"inLanguage\":\"de\",\"potentialAction\":[{\"@type\":\"ReadAction\",\"target\":[\"https:\/\/www.codexsrl.com\/de\/produkt\/saeulenschutz-fuer-sportanlagen\/\"]}]},{\"@type\":\"ImageObject\",\"inLanguage\":\"de\",\"@id\":\"https:\/\/www.codexsrl.com\/de\/produkt\/saeulenschutz-fuer-sportanlagen\/#primaryimage\",\"url\":\"https:\/\/www.codexsrl.com\/wp-content\/uploads\/2016\/07\/protezioni-antitrauma-colonne-impianti-sportivi_codexsrl.jpg\",\"contentUrl\":\"https:\/\/www.codexsrl.com\/wp-content\/uploads\/2016\/07\/protezioni-antitrauma-colonne-impianti-sportivi_codexsrl.jpg\",\"width\":675,\"height\":900,\"caption\":\"Aufprallschutz f\u00fcr S\u00e4ulen, Pfeiler, Tr\u00e4ger\"},{\"@type\":\"BreadcrumbList\",\"@id\":\"https:\/\/www.codexsrl.com\/de\/produkt\/saeulenschutz-fuer-sportanlagen\/#breadcrumb\",\"itemListElement\":[{\"@type\":\"ListItem\",\"position\":1,\"name\":\"Home\",\"item\":\"https:\/\/www.codexsrl.com\/de\/\"},{\"@type\":\"ListItem\",\"position\":2,\"name\":\"Gesamtkatalog\",\"item\":\"https:\/\/www.codexsrl.com\/de\/gesamtkatalog\/\"},{\"@type\":\"ListItem\",\"position\":3,\"name\":\"S\u00e4ulenschutz f\u00fcr Sportanlagen\"}]},{\"@type\":\"WebSite\",\"@id\":\"https:\/\/www.codexsrl.com\/de\/#website\",\"url\":\"https:\/\/www.codexsrl.com\/de\/\",\"name\":\"Codex srl\",\"description\":\"Sch\u00fctzt und dekoriert\",\"publisher\":{\"@id\":\"https:\/\/www.codexsrl.com\/de\/#organization\"},\"alternateName\":\"Codex Protezioni Antitrauma e Pavimentazioni\",\"potentialAction\":[{\"@type\":\"SearchAction\",\"target\":{\"@type\":\"EntryPoint\",\"urlTemplate\":\"https:\/\/www.codexsrl.com\/de\/?s={search_term_string}\"},\"query-input\":\"required name=search_term_string\"}],\"inLanguage\":\"de\"},{\"@type\":\"Organization\",\"@id\":\"https:\/\/www.codexsrl.com\/de\/#organization\",\"name\":\"Codex srl\",\"alternateName\":\"Codex Protezioni Antitrauma e Pavimentazioni\",\"url\":\"https:\/\/www.codexsrl.com\/de\/\",\"logo\":{\"@type\":\"ImageObject\",\"inLanguage\":\"de\",\"@id\":\"https:\/\/www.codexsrl.com\/de\/#\/schema\/logo\/image\/\",\"url\":\"https:\/\/www.codexsrl.com\/wp-content\/uploads\/2024\/01\/logo-Codex.webp\",\"contentUrl\":\"https:\/\/www.codexsrl.com\/wp-content\/uploads\/2024\/01\/logo-Codex.webp\",\"width\":527,\"height\":143,\"caption\":\"Codex srl\"},\"image\":{\"@id\":\"https:\/\/www.codexsrl.com\/de\/#\/schema\/logo\/image\/\"},\"sameAs\":[\"https:\/\/www.facebook.com\/codexsicurezza\",\"https:\/\/www.instagram.com\/codexsrl\/\",\"https:\/\/www.linkedin.com\/company\/codexsrl\/\"]}]}<\/script>\n<!-- \/ Yoast SEO plugin. -->","yoast_head_json":{"title":"S\u00e4ulenschutz f\u00fcr Sporthallen | Codex srl","description":"Flexibler und elastischer S\u00e4ulenschutz f\u00fcr Sportanlagen. UNI EN 913-zertifizierter Aufprallschutz, f\u00fcr den Innen- und Au\u00dfeneinsatz.","robots":{"index":"index","follow":"follow","max-snippet":"max-snippet:-1","max-image-preview":"max-image-preview:large","max-video-preview":"max-video-preview:-1"},"canonical":"https:\/\/www.codexsrl.com\/de\/produkt\/saeulenschutz-fuer-sportanlagen\/","og_locale":"de_DE","og_type":"article","og_title":"S\u00e4ulenschutz f\u00fcr Sporthallen | Codex srl","og_description":"Flexibler und elastischer S\u00e4ulenschutz f\u00fcr Sportanlagen. UNI EN 913-zertifizierter Aufprallschutz, f\u00fcr den Innen- und Au\u00dfeneinsatz.","og_url":"https:\/\/www.codexsrl.com\/de\/produkt\/saeulenschutz-fuer-sportanlagen\/","og_site_name":"Codex srl","article_publisher":"https:\/\/www.facebook.com\/codexsicurezza","article_modified_time":"2024-03-18T15:21:22+00:00","og_image":[{"width":675,"height":900,"url":"https:\/\/www.codexsrl.com\/wp-content\/uploads\/2016\/07\/protezioni-antitrauma-colonne-impianti-sportivi_codexsrl.jpg","type":"image\/jpeg"}],"twitter_card":"summary_large_image","schema":{"@context":"https:\/\/schema.org","@graph":[{"@type":"WebPage","@id":"https:\/\/www.codexsrl.com\/de\/produkt\/saeulenschutz-fuer-sportanlagen\/","url":"https:\/\/www.codexsrl.com\/de\/produkt\/saeulenschutz-fuer-sportanlagen\/","name":"S\u00e4ulenschutz f\u00fcr Sporthallen | Codex srl","isPartOf":{"@id":"https:\/\/www.codexsrl.com\/de\/#website"},"primaryImageOfPage":{"@id":"https:\/\/www.codexsrl.com\/de\/produkt\/saeulenschutz-fuer-sportanlagen\/#primaryimage"},"image":{"@id":"https:\/\/www.codexsrl.com\/de\/produkt\/saeulenschutz-fuer-sportanlagen\/#primaryimage"},"thumbnailUrl":"https:\/\/www.codexsrl.com\/wp-content\/uploads\/2016\/07\/protezioni-antitrauma-colonne-impianti-sportivi_codexsrl.jpg","datePublished":"2016-07-14T10:08:21+00:00","dateModified":"2024-03-18T15:21:22+00:00","description":"Flexibler und elastischer S\u00e4ulenschutz f\u00fcr Sportanlagen. UNI EN 913-zertifizierter Aufprallschutz, f\u00fcr den Innen- und Au\u00dfeneinsatz.","breadcrumb":{"@id":"https:\/\/www.codexsrl.com\/de\/produkt\/saeulenschutz-fuer-sportanlagen\/#breadcrumb"},"inLanguage":"de","potentialAction":[{"@type":"ReadAction","target":["https:\/\/www.codexsrl.com\/de\/produkt\/saeulenschutz-fuer-sportanlagen\/"]}]},{"@type":"ImageObject","inLanguage":"de","@id":"https:\/\/www.codexsrl.com\/de\/produkt\/saeulenschutz-fuer-sportanlagen\/#primaryimage","url":"https:\/\/www.codexsrl.com\/wp-content\/uploads\/2016\/07\/protezioni-antitrauma-colonne-impianti-sportivi_codexsrl.jpg","contentUrl":"https:\/\/www.codexsrl.com\/wp-content\/uploads\/2016\/07\/protezioni-antitrauma-colonne-impianti-sportivi_codexsrl.jpg","width":675,"height":900,"caption":"Aufprallschutz f\u00fcr S\u00e4ulen, Pfeiler, Tr\u00e4ger"},{"@type":"BreadcrumbList","@id":"https:\/\/www.codexsrl.com\/de\/produkt\/saeulenschutz-fuer-sportanlagen\/#breadcrumb","itemListElement":[{"@type":"ListItem","position":1,"name":"Home","item":"https:\/\/www.codexsrl.com\/de\/"},{"@type":"ListItem","position":2,"name":"Gesamtkatalog","item":"https:\/\/www.codexsrl.com\/de\/gesamtkatalog\/"},{"@type":"ListItem","position":3,"name":"S\u00e4ulenschutz f\u00fcr Sportanlagen"}]},{"@type":"WebSite","@id":"https:\/\/www.codexsrl.com\/de\/#website","url":"https:\/\/www.codexsrl.com\/de\/","name":"Codex srl","description":"Sch\u00fctzt und dekoriert","publisher":{"@id":"https:\/\/www.codexsrl.com\/de\/#organization"},"alternateName":"Codex Protezioni Antitrauma e Pavimentazioni","potentialAction":[{"@type":"SearchAction","target":{"@type":"EntryPoint","urlTemplate":"https:\/\/www.codexsrl.com\/de\/?s={search_term_string}"},"query-input":"required name=search_term_string"}],"inLanguage":"de"},{"@type":"Organization","@id":"https:\/\/www.codexsrl.com\/de\/#organization","name":"Codex srl","alternateName":"Codex Protezioni Antitrauma e Pavimentazioni","url":"https:\/\/www.codexsrl.com\/de\/","logo":{"@type":"ImageObject","inLanguage":"de","@id":"https:\/\/www.codexsrl.com\/de\/#\/schema\/logo\/image\/","url":"https:\/\/www.codexsrl.com\/wp-content\/uploads\/2024\/01\/logo-Codex.webp","contentUrl":"https:\/\/www.codexsrl.com\/wp-content\/uploads\/2024\/01\/logo-Codex.webp","width":527,"height":143,"caption":"Codex srl"},"image":{"@id":"https:\/\/www.codexsrl.com\/de\/#\/schema\/logo\/image\/"},"sameAs":["https:\/\/www.facebook.com\/codexsicurezza","https:\/\/www.instagram.com\/codexsrl\/","https:\/\/www.linkedin.com\/company\/codexsrl\/"]}]}},"_links":{"self":[{"href":"https:\/\/www.codexsrl.com\/de\/wp-json\/wp\/v2\/product\/10005"}],"collection":[{"href":"https:\/\/www.codexsrl.com\/de\/wp-json\/wp\/v2\/product"}],"about":[{"href":"https:\/\/www.codexsrl.com\/de\/wp-json\/wp\/v2\/types\/product"}],"wp:featuredmedia":[{"embeddable":true,"href":"https:\/\/www.codexsrl.com\/de\/wp-json\/wp\/v2\/media\/8591"}],"wp:attachment":[{"href":"https:\/\/www.codexsrl.com\/de\/wp-json\/wp\/v2\/media?parent=10005"}],"wp:term":[{"taxonomy":"product_cat","embeddable":true,"href":"https:\/\/www.codexsrl.com\/de\/wp-json\/wp\/v2\/product_cat?post=10005"},{"taxonomy":"product_tag","embeddable":true,"href":"https:\/\/www.codexsrl.com\/de\/wp-json\/wp\/v2\/product_tag?post=10005"}],"curies":[{"name":"wp","href":"https:\/\/api.w.org\/{rel}","templated":true}]}}