{"id":10014,"date":"2016-07-13T17:25:27","date_gmt":"2016-07-13T15:25:27","guid":{"rendered":"http:\/\/codexsrl.com.94-76-252-100.web-agency-padova.it\/catalogo\/unkategorisiert\/wandverkleidungen-fuer-sportstaetten\/"},"modified":"2024-03-18T19:26:17","modified_gmt":"2024-03-18T18:26:17","slug":"wandverkleidungen-fuer-sportstaetten","status":"publish","type":"product","link":"https:\/\/www.codexsrl.com\/de\/produkt\/wandverkleidungen-fuer-sportstaetten\/","title":{"rendered":"Wandverkleidungen f\u00fcr Sportst\u00e4tten"},"content":{"rendered":"","protected":false},"excerpt":{"rendered":"<p>Im Sportbereich ist bei einigen Disziplinen besondere Vorsicht geboten: Um die Sicherheit zu erh\u00f6hen, k\u00f6nnen an den W\u00e4nden Anti-Trauma-Wandbel\u00e4ge angebracht werden, die eventuelle St\u00f6\u00dfe abfedern.<\/p>\n<p>Das am h\u00e4ufigsten in Sportanlagen verwendete Produkt ist unser <a href=\"https:\/\/www.codexsrl.com\/catalogo\/materiali\/maxionda-norma-uni-en-913\/\" target=\"_blank\" rel=\"noopener\">Maxionda<\/a>, ein vielseitiges Material mit hoher Festigkeit und Elastizit\u00e4t und h\u00f6chstem Sto\u00dfd\u00e4mpfungsverm\u00f6gen. Gepr\u00fcft nach EN 913.<\/p>\n<p>Ideal als Wandverkleidung, auch auf gro\u00dfen W\u00e4nden, sowohl im Innen- als auch im Au\u00dfenbereich.<\/p>\n","protected":false},"featured_media":8859,"template":"","meta":[],"product_cat":[315,372,316,368],"product_tag":[410],"yoast_head":"<!-- This site is optimized with the Yoast SEO plugin v22.3 - https:\/\/yoast.com\/wordpress\/plugins\/seo\/ -->\n<title>Wandverkleidungen f\u00fcr Sportanlagen, Turnhallen | Codex srl<\/title>\n<meta name=\"description\" content=\"Wandverkleidungen in Sportst\u00e4tten zur Gew\u00e4hrleistung der Sicherheit. Sto\u00dfd\u00e4mpfende Wandsch\u00fctzer aus feuerhemmendem Gummi der Klasse 1.\" \/>\n<meta name=\"robots\" content=\"index, follow, max-snippet:-1, max-image-preview:large, max-video-preview:-1\" \/>\n<link rel=\"canonical\" href=\"https:\/\/www.codexsrl.com\/de\/produkt\/wandverkleidungen-fuer-sportstaetten\/\" \/>\n<meta property=\"og:locale\" content=\"de_DE\" \/>\n<meta property=\"og:type\" content=\"article\" \/>\n<meta property=\"og:title\" content=\"Wandverkleidungen f\u00fcr Sportanlagen, Turnhallen | Codex srl\" \/>\n<meta property=\"og:description\" content=\"Wandverkleidungen in Sportst\u00e4tten zur Gew\u00e4hrleistung der Sicherheit. Sto\u00dfd\u00e4mpfende Wandsch\u00fctzer aus feuerhemmendem Gummi der Klasse 1.\" \/>\n<meta property=\"og:url\" content=\"https:\/\/www.codexsrl.com\/de\/produkt\/wandverkleidungen-fuer-sportstaetten\/\" \/>\n<meta property=\"og:site_name\" content=\"Codex srl\" \/>\n<meta property=\"article:publisher\" content=\"https:\/\/www.facebook.com\/codexsicurezza\" \/>\n<meta property=\"article:modified_time\" content=\"2024-03-18T18:26:17+00:00\" \/>\n<meta property=\"og:image\" content=\"https:\/\/www.codexsrl.com\/wp-content\/uploads\/2017\/05\/protezione-parete-antitrauma-palestra-codexsrl.jpg\" \/>\n\t<meta property=\"og:image:width\" content=\"675\" \/>\n\t<meta property=\"og:image:height\" content=\"900\" \/>\n\t<meta property=\"og:image:type\" content=\"image\/jpeg\" \/>\n<meta name=\"twitter:card\" content=\"summary_large_image\" \/>\n<script type=\"application\/ld+json\" class=\"yoast-schema-graph\">{\"@context\":\"https:\/\/schema.org\",\"@graph\":[{\"@type\":\"WebPage\",\"@id\":\"https:\/\/www.codexsrl.com\/de\/produkt\/wandverkleidungen-fuer-sportstaetten\/\",\"url\":\"https:\/\/www.codexsrl.com\/de\/produkt\/wandverkleidungen-fuer-sportstaetten\/\",\"name\":\"Wandverkleidungen f\u00fcr Sportanlagen, Turnhallen | Codex srl\",\"isPartOf\":{\"@id\":\"https:\/\/www.codexsrl.com\/de\/#website\"},\"primaryImageOfPage\":{\"@id\":\"https:\/\/www.codexsrl.com\/de\/produkt\/wandverkleidungen-fuer-sportstaetten\/#primaryimage\"},\"image\":{\"@id\":\"https:\/\/www.codexsrl.com\/de\/produkt\/wandverkleidungen-fuer-sportstaetten\/#primaryimage\"},\"thumbnailUrl\":\"https:\/\/www.codexsrl.com\/wp-content\/uploads\/2017\/05\/protezione-parete-antitrauma-palestra-codexsrl.jpg\",\"datePublished\":\"2016-07-13T15:25:27+00:00\",\"dateModified\":\"2024-03-18T18:26:17+00:00\",\"description\":\"Wandverkleidungen in Sportst\u00e4tten zur Gew\u00e4hrleistung der Sicherheit. Sto\u00dfd\u00e4mpfende Wandsch\u00fctzer aus feuerhemmendem Gummi der Klasse 1.\",\"breadcrumb\":{\"@id\":\"https:\/\/www.codexsrl.com\/de\/produkt\/wandverkleidungen-fuer-sportstaetten\/#breadcrumb\"},\"inLanguage\":\"de\",\"potentialAction\":[{\"@type\":\"ReadAction\",\"target\":[\"https:\/\/www.codexsrl.com\/de\/produkt\/wandverkleidungen-fuer-sportstaetten\/\"]}]},{\"@type\":\"ImageObject\",\"inLanguage\":\"de\",\"@id\":\"https:\/\/www.codexsrl.com\/de\/produkt\/wandverkleidungen-fuer-sportstaetten\/#primaryimage\",\"url\":\"https:\/\/www.codexsrl.com\/wp-content\/uploads\/2017\/05\/protezione-parete-antitrauma-palestra-codexsrl.jpg\",\"contentUrl\":\"https:\/\/www.codexsrl.com\/wp-content\/uploads\/2017\/05\/protezione-parete-antitrauma-palestra-codexsrl.jpg\",\"width\":675,\"height\":900,\"caption\":\"Wandschutz f\u00fcr Turnhallen und Sporteinrichtungen zum Schutz vor Verletzungen\"},{\"@type\":\"BreadcrumbList\",\"@id\":\"https:\/\/www.codexsrl.com\/de\/produkt\/wandverkleidungen-fuer-sportstaetten\/#breadcrumb\",\"itemListElement\":[{\"@type\":\"ListItem\",\"position\":1,\"name\":\"Home\",\"item\":\"https:\/\/www.codexsrl.com\/de\/\"},{\"@type\":\"ListItem\",\"position\":2,\"name\":\"Gesamtkatalog\",\"item\":\"https:\/\/www.codexsrl.com\/de\/gesamtkatalog\/\"},{\"@type\":\"ListItem\",\"position\":3,\"name\":\"Wandverkleidungen f\u00fcr Sportst\u00e4tten\"}]},{\"@type\":\"WebSite\",\"@id\":\"https:\/\/www.codexsrl.com\/de\/#website\",\"url\":\"https:\/\/www.codexsrl.com\/de\/\",\"name\":\"Codex srl\",\"description\":\"Sch\u00fctzt und dekoriert\",\"publisher\":{\"@id\":\"https:\/\/www.codexsrl.com\/de\/#organization\"},\"alternateName\":\"Codex Protezioni Antitrauma e Pavimentazioni\",\"potentialAction\":[{\"@type\":\"SearchAction\",\"target\":{\"@type\":\"EntryPoint\",\"urlTemplate\":\"https:\/\/www.codexsrl.com\/de\/?s={search_term_string}\"},\"query-input\":\"required name=search_term_string\"}],\"inLanguage\":\"de\"},{\"@type\":\"Organization\",\"@id\":\"https:\/\/www.codexsrl.com\/de\/#organization\",\"name\":\"Codex srl\",\"alternateName\":\"Codex Protezioni Antitrauma e Pavimentazioni\",\"url\":\"https:\/\/www.codexsrl.com\/de\/\",\"logo\":{\"@type\":\"ImageObject\",\"inLanguage\":\"de\",\"@id\":\"https:\/\/www.codexsrl.com\/de\/#\/schema\/logo\/image\/\",\"url\":\"https:\/\/www.codexsrl.com\/wp-content\/uploads\/2024\/01\/logo-Codex.webp\",\"contentUrl\":\"https:\/\/www.codexsrl.com\/wp-content\/uploads\/2024\/01\/logo-Codex.webp\",\"width\":527,\"height\":143,\"caption\":\"Codex srl\"},\"image\":{\"@id\":\"https:\/\/www.codexsrl.com\/de\/#\/schema\/logo\/image\/\"},\"sameAs\":[\"https:\/\/www.facebook.com\/codexsicurezza\",\"https:\/\/www.instagram.com\/codexsrl\/\",\"https:\/\/www.linkedin.com\/company\/codexsrl\/\"]}]}<\/script>\n<!-- \/ Yoast SEO plugin. -->","yoast_head_json":{"title":"Wandverkleidungen f\u00fcr Sportanlagen, Turnhallen | Codex srl","description":"Wandverkleidungen in Sportst\u00e4tten zur Gew\u00e4hrleistung der Sicherheit. Sto\u00dfd\u00e4mpfende Wandsch\u00fctzer aus feuerhemmendem Gummi der Klasse 1.","robots":{"index":"index","follow":"follow","max-snippet":"max-snippet:-1","max-image-preview":"max-image-preview:large","max-video-preview":"max-video-preview:-1"},"canonical":"https:\/\/www.codexsrl.com\/de\/produkt\/wandverkleidungen-fuer-sportstaetten\/","og_locale":"de_DE","og_type":"article","og_title":"Wandverkleidungen f\u00fcr Sportanlagen, Turnhallen | Codex srl","og_description":"Wandverkleidungen in Sportst\u00e4tten zur Gew\u00e4hrleistung der Sicherheit. Sto\u00dfd\u00e4mpfende Wandsch\u00fctzer aus feuerhemmendem Gummi der Klasse 1.","og_url":"https:\/\/www.codexsrl.com\/de\/produkt\/wandverkleidungen-fuer-sportstaetten\/","og_site_name":"Codex srl","article_publisher":"https:\/\/www.facebook.com\/codexsicurezza","article_modified_time":"2024-03-18T18:26:17+00:00","og_image":[{"width":675,"height":900,"url":"https:\/\/www.codexsrl.com\/wp-content\/uploads\/2017\/05\/protezione-parete-antitrauma-palestra-codexsrl.jpg","type":"image\/jpeg"}],"twitter_card":"summary_large_image","schema":{"@context":"https:\/\/schema.org","@graph":[{"@type":"WebPage","@id":"https:\/\/www.codexsrl.com\/de\/produkt\/wandverkleidungen-fuer-sportstaetten\/","url":"https:\/\/www.codexsrl.com\/de\/produkt\/wandverkleidungen-fuer-sportstaetten\/","name":"Wandverkleidungen f\u00fcr Sportanlagen, Turnhallen | Codex srl","isPartOf":{"@id":"https:\/\/www.codexsrl.com\/de\/#website"},"primaryImageOfPage":{"@id":"https:\/\/www.codexsrl.com\/de\/produkt\/wandverkleidungen-fuer-sportstaetten\/#primaryimage"},"image":{"@id":"https:\/\/www.codexsrl.com\/de\/produkt\/wandverkleidungen-fuer-sportstaetten\/#primaryimage"},"thumbnailUrl":"https:\/\/www.codexsrl.com\/wp-content\/uploads\/2017\/05\/protezione-parete-antitrauma-palestra-codexsrl.jpg","datePublished":"2016-07-13T15:25:27+00:00","dateModified":"2024-03-18T18:26:17+00:00","description":"Wandverkleidungen in Sportst\u00e4tten zur Gew\u00e4hrleistung der Sicherheit. Sto\u00dfd\u00e4mpfende Wandsch\u00fctzer aus feuerhemmendem Gummi der Klasse 1.","breadcrumb":{"@id":"https:\/\/www.codexsrl.com\/de\/produkt\/wandverkleidungen-fuer-sportstaetten\/#breadcrumb"},"inLanguage":"de","potentialAction":[{"@type":"ReadAction","target":["https:\/\/www.codexsrl.com\/de\/produkt\/wandverkleidungen-fuer-sportstaetten\/"]}]},{"@type":"ImageObject","inLanguage":"de","@id":"https:\/\/www.codexsrl.com\/de\/produkt\/wandverkleidungen-fuer-sportstaetten\/#primaryimage","url":"https:\/\/www.codexsrl.com\/wp-content\/uploads\/2017\/05\/protezione-parete-antitrauma-palestra-codexsrl.jpg","contentUrl":"https:\/\/www.codexsrl.com\/wp-content\/uploads\/2017\/05\/protezione-parete-antitrauma-palestra-codexsrl.jpg","width":675,"height":900,"caption":"Wandschutz f\u00fcr Turnhallen und Sporteinrichtungen zum Schutz vor Verletzungen"},{"@type":"BreadcrumbList","@id":"https:\/\/www.codexsrl.com\/de\/produkt\/wandverkleidungen-fuer-sportstaetten\/#breadcrumb","itemListElement":[{"@type":"ListItem","position":1,"name":"Home","item":"https:\/\/www.codexsrl.com\/de\/"},{"@type":"ListItem","position":2,"name":"Gesamtkatalog","item":"https:\/\/www.codexsrl.com\/de\/gesamtkatalog\/"},{"@type":"ListItem","position":3,"name":"Wandverkleidungen f\u00fcr Sportst\u00e4tten"}]},{"@type":"WebSite","@id":"https:\/\/www.codexsrl.com\/de\/#website","url":"https:\/\/www.codexsrl.com\/de\/","name":"Codex srl","description":"Sch\u00fctzt und dekoriert","publisher":{"@id":"https:\/\/www.codexsrl.com\/de\/#organization"},"alternateName":"Codex Protezioni Antitrauma e Pavimentazioni","potentialAction":[{"@type":"SearchAction","target":{"@type":"EntryPoint","urlTemplate":"https:\/\/www.codexsrl.com\/de\/?s={search_term_string}"},"query-input":"required name=search_term_string"}],"inLanguage":"de"},{"@type":"Organization","@id":"https:\/\/www.codexsrl.com\/de\/#organization","name":"Codex srl","alternateName":"Codex Protezioni Antitrauma e Pavimentazioni","url":"https:\/\/www.codexsrl.com\/de\/","logo":{"@type":"ImageObject","inLanguage":"de","@id":"https:\/\/www.codexsrl.com\/de\/#\/schema\/logo\/image\/","url":"https:\/\/www.codexsrl.com\/wp-content\/uploads\/2024\/01\/logo-Codex.webp","contentUrl":"https:\/\/www.codexsrl.com\/wp-content\/uploads\/2024\/01\/logo-Codex.webp","width":527,"height":143,"caption":"Codex srl"},"image":{"@id":"https:\/\/www.codexsrl.com\/de\/#\/schema\/logo\/image\/"},"sameAs":["https:\/\/www.facebook.com\/codexsicurezza","https:\/\/www.instagram.com\/codexsrl\/","https:\/\/www.linkedin.com\/company\/codexsrl\/"]}]}},"_links":{"self":[{"href":"https:\/\/www.codexsrl.com\/de\/wp-json\/wp\/v2\/product\/10014"}],"collection":[{"href":"https:\/\/www.codexsrl.com\/de\/wp-json\/wp\/v2\/product"}],"about":[{"href":"https:\/\/www.codexsrl.com\/de\/wp-json\/wp\/v2\/types\/product"}],"wp:featuredmedia":[{"embeddable":true,"href":"https:\/\/www.codexsrl.com\/de\/wp-json\/wp\/v2\/media\/8859"}],"wp:attachment":[{"href":"https:\/\/www.codexsrl.com\/de\/wp-json\/wp\/v2\/media?parent=10014"}],"wp:term":[{"taxonomy":"product_cat","embeddable":true,"href":"https:\/\/www.codexsrl.com\/de\/wp-json\/wp\/v2\/product_cat?post=10014"},{"taxonomy":"product_tag","embeddable":true,"href":"https:\/\/www.codexsrl.com\/de\/wp-json\/wp\/v2\/product_tag?post=10014"}],"curies":[{"name":"wp","href":"https:\/\/api.w.org\/{rel}","templated":true}]}}