{"id":10021,"date":"2016-07-15T08:40:29","date_gmt":"2016-07-15T06:40:29","guid":{"rendered":"http:\/\/codexsrl.com.94-76-252-100.web-agency-padova.it\/catalogo\/unkategorisiert\/tisch-der-richter\/"},"modified":"2024-03-13T12:06:24","modified_gmt":"2024-03-13T11:06:24","slug":"tisch-der-richter","status":"publish","type":"product","link":"https:\/\/www.codexsrl.com\/de\/produkt\/tisch-der-richter\/","title":{"rendered":"Tisch der Richter"},"content":{"rendered":"","protected":false},"excerpt":{"rendered":"<p>Sichere Richtertische mit <strong>Maxionda-Schutz<\/strong>, einem Material mit hoher Sto\u00dfd\u00e4mpfungsf\u00e4higkeit.<\/p>\n<p>In dynamischen Umgebungen wie Turnhallen und Sportanlagen m\u00fcssen Ma\u00dfnahmen zur Sicherung der Elemente ergriffen werden, die im Falle eines Aufpralls gef\u00e4hrlich sind: S\u00e4ulen, W\u00e4nde, Jurytische, Kanten, Sportger\u00e4te usw.<\/p>\n","protected":false},"featured_media":8761,"template":"","meta":[],"product_cat":[315,316,368],"product_tag":[414,361],"yoast_head":"<!-- This site is optimized with the Yoast SEO plugin v22.3 - https:\/\/yoast.com\/wordpress\/plugins\/seo\/ -->\n<title>Tische f\u00fcr Sportrichter, Sportschutz | Codex srl<\/title>\n<meta name=\"description\" content=\"Im Bereich des Sportschutzes stellt Codex auch Richtertische aus stark sto\u00dfd\u00e4mpfendem Material her.\" \/>\n<meta name=\"robots\" content=\"index, follow, max-snippet:-1, max-image-preview:large, max-video-preview:-1\" \/>\n<link rel=\"canonical\" href=\"https:\/\/www.codexsrl.com\/de\/produkt\/tisch-der-richter\/\" \/>\n<meta property=\"og:locale\" content=\"de_DE\" \/>\n<meta property=\"og:type\" content=\"article\" \/>\n<meta property=\"og:title\" content=\"Tische f\u00fcr Sportrichter, Sportschutz | Codex srl\" \/>\n<meta property=\"og:description\" content=\"Im Bereich des Sportschutzes stellt Codex auch Richtertische aus stark sto\u00dfd\u00e4mpfendem Material her.\" \/>\n<meta property=\"og:url\" content=\"https:\/\/www.codexsrl.com\/de\/produkt\/tisch-der-richter\/\" \/>\n<meta property=\"og:site_name\" content=\"Codex srl\" \/>\n<meta property=\"article:publisher\" content=\"https:\/\/www.facebook.com\/codexsicurezza\" \/>\n<meta property=\"article:modified_time\" content=\"2024-03-13T11:06:24+00:00\" \/>\n<meta property=\"og:image\" content=\"https:\/\/www.codexsrl.com\/wp-content\/uploads\/2016\/07\/Protezioni-antitrauma-palestra-tavolo-giuria_codexsrl.jpg\" \/>\n\t<meta property=\"og:image:width\" content=\"900\" \/>\n\t<meta property=\"og:image:height\" content=\"675\" \/>\n\t<meta property=\"og:image:type\" content=\"image\/jpeg\" \/>\n<meta name=\"twitter:card\" content=\"summary_large_image\" \/>\n<script type=\"application\/ld+json\" class=\"yoast-schema-graph\">{\"@context\":\"https:\/\/schema.org\",\"@graph\":[{\"@type\":\"WebPage\",\"@id\":\"https:\/\/www.codexsrl.com\/de\/produkt\/tisch-der-richter\/\",\"url\":\"https:\/\/www.codexsrl.com\/de\/produkt\/tisch-der-richter\/\",\"name\":\"Tische f\u00fcr Sportrichter, Sportschutz | Codex srl\",\"isPartOf\":{\"@id\":\"https:\/\/www.codexsrl.com\/de\/#website\"},\"primaryImageOfPage\":{\"@id\":\"https:\/\/www.codexsrl.com\/de\/produkt\/tisch-der-richter\/#primaryimage\"},\"image\":{\"@id\":\"https:\/\/www.codexsrl.com\/de\/produkt\/tisch-der-richter\/#primaryimage\"},\"thumbnailUrl\":\"https:\/\/www.codexsrl.com\/wp-content\/uploads\/2016\/07\/Protezioni-antitrauma-palestra-tavolo-giuria_codexsrl.jpg\",\"datePublished\":\"2016-07-15T06:40:29+00:00\",\"dateModified\":\"2024-03-13T11:06:24+00:00\",\"description\":\"Im Bereich des Sportschutzes stellt Codex auch Richtertische aus stark sto\u00dfd\u00e4mpfendem Material her.\",\"breadcrumb\":{\"@id\":\"https:\/\/www.codexsrl.com\/de\/produkt\/tisch-der-richter\/#breadcrumb\"},\"inLanguage\":\"de\",\"potentialAction\":[{\"@type\":\"ReadAction\",\"target\":[\"https:\/\/www.codexsrl.com\/de\/produkt\/tisch-der-richter\/\"]}]},{\"@type\":\"ImageObject\",\"inLanguage\":\"de\",\"@id\":\"https:\/\/www.codexsrl.com\/de\/produkt\/tisch-der-richter\/#primaryimage\",\"url\":\"https:\/\/www.codexsrl.com\/wp-content\/uploads\/2016\/07\/Protezioni-antitrauma-palestra-tavolo-giuria_codexsrl.jpg\",\"contentUrl\":\"https:\/\/www.codexsrl.com\/wp-content\/uploads\/2016\/07\/Protezioni-antitrauma-palestra-tavolo-giuria_codexsrl.jpg\",\"width\":900,\"height\":675,\"caption\":\"Richtertische, Sto\u00dfschutz f\u00fcr Jurytisch\"},{\"@type\":\"BreadcrumbList\",\"@id\":\"https:\/\/www.codexsrl.com\/de\/produkt\/tisch-der-richter\/#breadcrumb\",\"itemListElement\":[{\"@type\":\"ListItem\",\"position\":1,\"name\":\"Home\",\"item\":\"https:\/\/www.codexsrl.com\/de\/\"},{\"@type\":\"ListItem\",\"position\":2,\"name\":\"Gesamtkatalog\",\"item\":\"https:\/\/www.codexsrl.com\/de\/gesamtkatalog\/\"},{\"@type\":\"ListItem\",\"position\":3,\"name\":\"Tisch der Richter\"}]},{\"@type\":\"WebSite\",\"@id\":\"https:\/\/www.codexsrl.com\/de\/#website\",\"url\":\"https:\/\/www.codexsrl.com\/de\/\",\"name\":\"Codex srl\",\"description\":\"Sch\u00fctzt und dekoriert\",\"publisher\":{\"@id\":\"https:\/\/www.codexsrl.com\/de\/#organization\"},\"alternateName\":\"Codex Protezioni Antitrauma e Pavimentazioni\",\"potentialAction\":[{\"@type\":\"SearchAction\",\"target\":{\"@type\":\"EntryPoint\",\"urlTemplate\":\"https:\/\/www.codexsrl.com\/de\/?s={search_term_string}\"},\"query-input\":\"required name=search_term_string\"}],\"inLanguage\":\"de\"},{\"@type\":\"Organization\",\"@id\":\"https:\/\/www.codexsrl.com\/de\/#organization\",\"name\":\"Codex srl\",\"alternateName\":\"Codex Protezioni Antitrauma e Pavimentazioni\",\"url\":\"https:\/\/www.codexsrl.com\/de\/\",\"logo\":{\"@type\":\"ImageObject\",\"inLanguage\":\"de\",\"@id\":\"https:\/\/www.codexsrl.com\/de\/#\/schema\/logo\/image\/\",\"url\":\"https:\/\/www.codexsrl.com\/wp-content\/uploads\/2024\/01\/logo-Codex.webp\",\"contentUrl\":\"https:\/\/www.codexsrl.com\/wp-content\/uploads\/2024\/01\/logo-Codex.webp\",\"width\":527,\"height\":143,\"caption\":\"Codex srl\"},\"image\":{\"@id\":\"https:\/\/www.codexsrl.com\/de\/#\/schema\/logo\/image\/\"},\"sameAs\":[\"https:\/\/www.facebook.com\/codexsicurezza\",\"https:\/\/www.instagram.com\/codexsrl\/\",\"https:\/\/www.linkedin.com\/company\/codexsrl\/\"]}]}<\/script>\n<!-- \/ Yoast SEO plugin. -->","yoast_head_json":{"title":"Tische f\u00fcr Sportrichter, Sportschutz | Codex srl","description":"Im Bereich des Sportschutzes stellt Codex auch Richtertische aus stark sto\u00dfd\u00e4mpfendem Material her.","robots":{"index":"index","follow":"follow","max-snippet":"max-snippet:-1","max-image-preview":"max-image-preview:large","max-video-preview":"max-video-preview:-1"},"canonical":"https:\/\/www.codexsrl.com\/de\/produkt\/tisch-der-richter\/","og_locale":"de_DE","og_type":"article","og_title":"Tische f\u00fcr Sportrichter, Sportschutz | Codex srl","og_description":"Im Bereich des Sportschutzes stellt Codex auch Richtertische aus stark sto\u00dfd\u00e4mpfendem Material her.","og_url":"https:\/\/www.codexsrl.com\/de\/produkt\/tisch-der-richter\/","og_site_name":"Codex srl","article_publisher":"https:\/\/www.facebook.com\/codexsicurezza","article_modified_time":"2024-03-13T11:06:24+00:00","og_image":[{"width":900,"height":675,"url":"https:\/\/www.codexsrl.com\/wp-content\/uploads\/2016\/07\/Protezioni-antitrauma-palestra-tavolo-giuria_codexsrl.jpg","type":"image\/jpeg"}],"twitter_card":"summary_large_image","schema":{"@context":"https:\/\/schema.org","@graph":[{"@type":"WebPage","@id":"https:\/\/www.codexsrl.com\/de\/produkt\/tisch-der-richter\/","url":"https:\/\/www.codexsrl.com\/de\/produkt\/tisch-der-richter\/","name":"Tische f\u00fcr Sportrichter, Sportschutz | Codex srl","isPartOf":{"@id":"https:\/\/www.codexsrl.com\/de\/#website"},"primaryImageOfPage":{"@id":"https:\/\/www.codexsrl.com\/de\/produkt\/tisch-der-richter\/#primaryimage"},"image":{"@id":"https:\/\/www.codexsrl.com\/de\/produkt\/tisch-der-richter\/#primaryimage"},"thumbnailUrl":"https:\/\/www.codexsrl.com\/wp-content\/uploads\/2016\/07\/Protezioni-antitrauma-palestra-tavolo-giuria_codexsrl.jpg","datePublished":"2016-07-15T06:40:29+00:00","dateModified":"2024-03-13T11:06:24+00:00","description":"Im Bereich des Sportschutzes stellt Codex auch Richtertische aus stark sto\u00dfd\u00e4mpfendem Material her.","breadcrumb":{"@id":"https:\/\/www.codexsrl.com\/de\/produkt\/tisch-der-richter\/#breadcrumb"},"inLanguage":"de","potentialAction":[{"@type":"ReadAction","target":["https:\/\/www.codexsrl.com\/de\/produkt\/tisch-der-richter\/"]}]},{"@type":"ImageObject","inLanguage":"de","@id":"https:\/\/www.codexsrl.com\/de\/produkt\/tisch-der-richter\/#primaryimage","url":"https:\/\/www.codexsrl.com\/wp-content\/uploads\/2016\/07\/Protezioni-antitrauma-palestra-tavolo-giuria_codexsrl.jpg","contentUrl":"https:\/\/www.codexsrl.com\/wp-content\/uploads\/2016\/07\/Protezioni-antitrauma-palestra-tavolo-giuria_codexsrl.jpg","width":900,"height":675,"caption":"Richtertische, Sto\u00dfschutz f\u00fcr Jurytisch"},{"@type":"BreadcrumbList","@id":"https:\/\/www.codexsrl.com\/de\/produkt\/tisch-der-richter\/#breadcrumb","itemListElement":[{"@type":"ListItem","position":1,"name":"Home","item":"https:\/\/www.codexsrl.com\/de\/"},{"@type":"ListItem","position":2,"name":"Gesamtkatalog","item":"https:\/\/www.codexsrl.com\/de\/gesamtkatalog\/"},{"@type":"ListItem","position":3,"name":"Tisch der Richter"}]},{"@type":"WebSite","@id":"https:\/\/www.codexsrl.com\/de\/#website","url":"https:\/\/www.codexsrl.com\/de\/","name":"Codex srl","description":"Sch\u00fctzt und dekoriert","publisher":{"@id":"https:\/\/www.codexsrl.com\/de\/#organization"},"alternateName":"Codex Protezioni Antitrauma e Pavimentazioni","potentialAction":[{"@type":"SearchAction","target":{"@type":"EntryPoint","urlTemplate":"https:\/\/www.codexsrl.com\/de\/?s={search_term_string}"},"query-input":"required name=search_term_string"}],"inLanguage":"de"},{"@type":"Organization","@id":"https:\/\/www.codexsrl.com\/de\/#organization","name":"Codex srl","alternateName":"Codex Protezioni Antitrauma e Pavimentazioni","url":"https:\/\/www.codexsrl.com\/de\/","logo":{"@type":"ImageObject","inLanguage":"de","@id":"https:\/\/www.codexsrl.com\/de\/#\/schema\/logo\/image\/","url":"https:\/\/www.codexsrl.com\/wp-content\/uploads\/2024\/01\/logo-Codex.webp","contentUrl":"https:\/\/www.codexsrl.com\/wp-content\/uploads\/2024\/01\/logo-Codex.webp","width":527,"height":143,"caption":"Codex srl"},"image":{"@id":"https:\/\/www.codexsrl.com\/de\/#\/schema\/logo\/image\/"},"sameAs":["https:\/\/www.facebook.com\/codexsicurezza","https:\/\/www.instagram.com\/codexsrl\/","https:\/\/www.linkedin.com\/company\/codexsrl\/"]}]}},"_links":{"self":[{"href":"https:\/\/www.codexsrl.com\/de\/wp-json\/wp\/v2\/product\/10021"}],"collection":[{"href":"https:\/\/www.codexsrl.com\/de\/wp-json\/wp\/v2\/product"}],"about":[{"href":"https:\/\/www.codexsrl.com\/de\/wp-json\/wp\/v2\/types\/product"}],"wp:featuredmedia":[{"embeddable":true,"href":"https:\/\/www.codexsrl.com\/de\/wp-json\/wp\/v2\/media\/8761"}],"wp:attachment":[{"href":"https:\/\/www.codexsrl.com\/de\/wp-json\/wp\/v2\/media?parent=10021"}],"wp:term":[{"taxonomy":"product_cat","embeddable":true,"href":"https:\/\/www.codexsrl.com\/de\/wp-json\/wp\/v2\/product_cat?post=10021"},{"taxonomy":"product_tag","embeddable":true,"href":"https:\/\/www.codexsrl.com\/de\/wp-json\/wp\/v2\/product_tag?post=10021"}],"curies":[{"name":"wp","href":"https:\/\/api.w.org\/{rel}","templated":true}]}}