{"id":10027,"date":"2016-07-15T09:55:35","date_gmt":"2016-07-15T07:55:35","guid":{"rendered":"http:\/\/codexsrl.com.94-76-252-100.web-agency-padova.it\/catalogo\/unkategorisiert\/schutz-fuer-masten\/"},"modified":"2024-03-18T17:10:32","modified_gmt":"2024-03-18T16:10:32","slug":"schutz-fuer-masten","status":"publish","type":"product","link":"https:\/\/www.codexsrl.com\/de\/produkt\/schutz-fuer-masten\/","title":{"rendered":"Schutz f\u00fcr Masten"},"content":{"rendered":"<h2 style=\"font-size: 20px;\">Gummistocksch\u00fctzer<\/h2>\n<p><span style=\"color: #ff6600;\"><a style=\"color: #ff6600;\" href=\"https:\/\/www.codexsrl.com\/de\/katalog\/materialdatenblatter\/onda-nach-en-9132019\/\" target=\"_blank\" rel=\"noopener\">Onda<\/a><\/span> e <span style=\"color: #ff6600;\"><a style=\"color: #ff6600;\" href=\"https:\/\/www.codexsrl.com\/de\/katalog\/materialdatenblatter\/maxionda-nach-en-913\/\" target=\"_blank\" rel=\"noopener\">Maxionda<\/a><\/span> sind Materialien, die sich f\u00fcr den Bau von <strong>Pfostenschutzvorrichtungen f\u00fcr Sportanlagen <\/strong>eignen. Beide sind sehr flexibel und lassen sich an jeden Untergrund und jede Oberfl\u00e4che anpassen. Ideal f\u00fcr Fu\u00dfball- und Bolzpl\u00e4tze, Tennispl\u00e4tze, Volleyball, Basketball.<\/p>\n<p>Die Installation ist sowohl in Innenr\u00e4umen als auch im Freien m\u00f6glich. F\u00fcr Innenr\u00e4ume ist <strong>feuerfestes<\/strong> Material <strong>der Klasse 1<\/strong> erforderlich, w\u00e4hrend f\u00fcr den Au\u00dfenbereich die Verwendung von ungiftigem Material empfohlen wird.<br \/>\nUnsere Stocksch\u00fctzer nehmen kein Wasser auf, sind wetterfest und UV-best\u00e4ndig.<br \/>\nDie <strong>empfohlenen Farben f\u00fcr die<\/strong> Verwendung <strong>im Freien<\/strong> sind blau, gr\u00fcn, grau und schwarz.<\/p>\n<p>Onda und Maxionda sind die beste L\u00f6sung f\u00fcr die Sicherung von Sporthallen und Sporteinrichtungen im Allgemeinen. Ideal zum Schutz nicht nur von Pfosten, sondern auch von <span style=\"color: #ff6600;\"><a style=\"color: #ff6600;\" href=\"https:\/\/www.codexsrl.com\/de\/katalog\/schutzpolsterung-fuer-sportanlagen\/turnhallen-sporthallen\/schutz-der-waende\/\">Mauern<\/a><\/span>, <span style=\"color: #ff6600;\"><a style=\"color: #ff6600;\" href=\"https:\/\/www.codexsrl.com\/de\/katalog\/schutzpolsterung-fuer-sportanlagen\/turnhallen-sporthallen\/wandverkleidungen-fuer-sportstaetten\/\">Mauern<\/a><\/span>, <span style=\"color: #ff6600;\"><a style=\"color: #ff6600;\" href=\"https:\/\/www.codexsrl.com\/de\/katalog\/schutzpolsterung-fuer-sportanlagen\/turnhallen-sporthallen\/schutz-fuer-die-baenke-der-sportler\/\" target=\"_blank\" rel=\"noopener\">B\u00e4nke<\/a><\/span>, Sportger\u00e4te. Patentiert und  <strong>zertifiziert nach UNI EN 913:2019 App. C  <\/strong>f\u00fcr seine sto\u00dfd\u00e4mpfenden Eigenschaften.<\/p>\n","protected":false},"excerpt":{"rendered":"<p><strong>Aufprallschutz f\u00fcr Sportst\u00e4ttenmasten<\/strong> aus <span style=\"color: #ff6600;\"><a style=\"color: #ff6600;\" href=\"https:\/\/www.codexsrl.com\/catalogo\/materiali\/onda-norma-uni-en-913\/\">Onda<\/a><\/span> oder <span style=\"color: #ff6600;\"><a style=\"color: #ff6600;\" href=\"https:\/\/www.codexsrl.com\/catalogo\/materiali\/maxionda-norma-uni-en-913\/\">Maxionda<\/a><\/span>. Dank unserer weichen Abdeckungen k\u00f6nnen wir Masten jeder Gr\u00f6\u00dfe und jedes Durchmessers sch\u00fctzen, vom d\u00fcnnsten Kabel bis zur S\u00e4ule.<\/p>\n<p>Die Anlage ist sowohl f\u00fcr <strong>Sportpl\u00e4tze im Freien<\/strong> als auch f\u00fcr <strong>Turnhallen<\/strong> geeignet, da die Materialien witterungsbest\u00e4ndig sind.<br \/>\nF\u00fcr Innenanwendungen sind Onda und Maxionda aus <strong>feuerfestem<\/strong> Material <strong>der Klasse 1<\/strong> hergestellt.<\/p>\n<p>Unsere Stocksch\u00fctzer sind <strong>nach EN 913:2019 gepr\u00fcft<\/strong>.<\/p>\n<p>Ausgehend von den genauen Abmessungen des Mastes fertigt unsere technische Abteilung einen ma\u00dfgeschneiderten Schutz an, der sofort verklebt werden kann.<\/p>\n","protected":false},"featured_media":9459,"template":"","meta":[],"product_cat":[312,399,313,315,369,372,368,373,349,317],"product_tag":[375],"yoast_head":"<!-- This site is optimized with the Yoast SEO plugin v22.3 - https:\/\/yoast.com\/wordpress\/plugins\/seo\/ -->\n<title>Stangenschutz f\u00fcr Sportanlagen, Anti-Trauma | Codex srl<\/title>\n<meta name=\"description\" content=\"Gummist\u00f6cke f\u00fcr Sportanlagen zum Schutz der Sportler vor ungewollten St\u00f6\u00dfen. Entdecken Sie alle Sportanlagen Schutz.\" \/>\n<meta name=\"robots\" content=\"index, follow, max-snippet:-1, max-image-preview:large, max-video-preview:-1\" \/>\n<link rel=\"canonical\" href=\"https:\/\/www.codexsrl.com\/de\/produkt\/schutz-fuer-masten\/\" \/>\n<meta property=\"og:locale\" content=\"de_DE\" \/>\n<meta property=\"og:type\" content=\"article\" \/>\n<meta property=\"og:title\" content=\"Stangenschutz f\u00fcr Sportanlagen, Anti-Trauma | Codex srl\" \/>\n<meta property=\"og:description\" content=\"Gummist\u00f6cke f\u00fcr Sportanlagen zum Schutz der Sportler vor ungewollten St\u00f6\u00dfen. Entdecken Sie alle Sportanlagen Schutz.\" \/>\n<meta property=\"og:url\" content=\"https:\/\/www.codexsrl.com\/de\/produkt\/schutz-fuer-masten\/\" \/>\n<meta property=\"og:site_name\" content=\"Codex srl\" \/>\n<meta property=\"article:publisher\" content=\"https:\/\/www.facebook.com\/codexsicurezza\" \/>\n<meta property=\"article:modified_time\" content=\"2024-03-18T16:10:32+00:00\" \/>\n<meta property=\"og:image\" content=\"https:\/\/www.codexsrl.com\/wp-content\/uploads\/2016\/07\/protezioni-antiurto-pali-calcio-sport-onda-codex.jpg\" \/>\n\t<meta property=\"og:image:width\" content=\"675\" \/>\n\t<meta property=\"og:image:height\" content=\"900\" \/>\n\t<meta property=\"og:image:type\" content=\"image\/jpeg\" \/>\n<meta name=\"twitter:card\" content=\"summary_large_image\" \/>\n<meta name=\"twitter:label1\" content=\"Gesch\u00e4tzte Lesezeit\" \/>\n\t<meta name=\"twitter:data1\" content=\"1\u00a0Minute\" \/>\n<script type=\"application\/ld+json\" class=\"yoast-schema-graph\">{\"@context\":\"https:\/\/schema.org\",\"@graph\":[{\"@type\":\"WebPage\",\"@id\":\"https:\/\/www.codexsrl.com\/de\/produkt\/schutz-fuer-masten\/\",\"url\":\"https:\/\/www.codexsrl.com\/de\/produkt\/schutz-fuer-masten\/\",\"name\":\"Stangenschutz f\u00fcr Sportanlagen, Anti-Trauma | Codex srl\",\"isPartOf\":{\"@id\":\"https:\/\/www.codexsrl.com\/de\/#website\"},\"primaryImageOfPage\":{\"@id\":\"https:\/\/www.codexsrl.com\/de\/produkt\/schutz-fuer-masten\/#primaryimage\"},\"image\":{\"@id\":\"https:\/\/www.codexsrl.com\/de\/produkt\/schutz-fuer-masten\/#primaryimage\"},\"thumbnailUrl\":\"https:\/\/www.codexsrl.com\/wp-content\/uploads\/2016\/07\/protezioni-antiurto-pali-calcio-sport-onda-codex.jpg\",\"datePublished\":\"2016-07-15T07:55:35+00:00\",\"dateModified\":\"2024-03-18T16:10:32+00:00\",\"description\":\"Gummist\u00f6cke f\u00fcr Sportanlagen zum Schutz der Sportler vor ungewollten St\u00f6\u00dfen. Entdecken Sie alle Sportanlagen Schutz.\",\"breadcrumb\":{\"@id\":\"https:\/\/www.codexsrl.com\/de\/produkt\/schutz-fuer-masten\/#breadcrumb\"},\"inLanguage\":\"de\",\"potentialAction\":[{\"@type\":\"ReadAction\",\"target\":[\"https:\/\/www.codexsrl.com\/de\/produkt\/schutz-fuer-masten\/\"]}]},{\"@type\":\"ImageObject\",\"inLanguage\":\"de\",\"@id\":\"https:\/\/www.codexsrl.com\/de\/produkt\/schutz-fuer-masten\/#primaryimage\",\"url\":\"https:\/\/www.codexsrl.com\/wp-content\/uploads\/2016\/07\/protezioni-antiurto-pali-calcio-sport-onda-codex.jpg\",\"contentUrl\":\"https:\/\/www.codexsrl.com\/wp-content\/uploads\/2016\/07\/protezioni-antiurto-pali-calcio-sport-onda-codex.jpg\",\"width\":675,\"height\":900,\"caption\":\"Sto\u00dfsicherer Schutz f\u00fcr Fu\u00dfballfeldstangen mit 22 mm Riffelung\"},{\"@type\":\"BreadcrumbList\",\"@id\":\"https:\/\/www.codexsrl.com\/de\/produkt\/schutz-fuer-masten\/#breadcrumb\",\"itemListElement\":[{\"@type\":\"ListItem\",\"position\":1,\"name\":\"Home\",\"item\":\"https:\/\/www.codexsrl.com\/de\/\"},{\"@type\":\"ListItem\",\"position\":2,\"name\":\"Gesamtkatalog\",\"item\":\"https:\/\/www.codexsrl.com\/de\/gesamtkatalog\/\"},{\"@type\":\"ListItem\",\"position\":3,\"name\":\"Schutz f\u00fcr Masten\"}]},{\"@type\":\"WebSite\",\"@id\":\"https:\/\/www.codexsrl.com\/de\/#website\",\"url\":\"https:\/\/www.codexsrl.com\/de\/\",\"name\":\"Codex srl\",\"description\":\"Sch\u00fctzt und dekoriert\",\"publisher\":{\"@id\":\"https:\/\/www.codexsrl.com\/de\/#organization\"},\"alternateName\":\"Codex Protezioni Antitrauma e Pavimentazioni\",\"potentialAction\":[{\"@type\":\"SearchAction\",\"target\":{\"@type\":\"EntryPoint\",\"urlTemplate\":\"https:\/\/www.codexsrl.com\/de\/?s={search_term_string}\"},\"query-input\":\"required name=search_term_string\"}],\"inLanguage\":\"de\"},{\"@type\":\"Organization\",\"@id\":\"https:\/\/www.codexsrl.com\/de\/#organization\",\"name\":\"Codex srl\",\"alternateName\":\"Codex Protezioni Antitrauma e Pavimentazioni\",\"url\":\"https:\/\/www.codexsrl.com\/de\/\",\"logo\":{\"@type\":\"ImageObject\",\"inLanguage\":\"de\",\"@id\":\"https:\/\/www.codexsrl.com\/de\/#\/schema\/logo\/image\/\",\"url\":\"https:\/\/www.codexsrl.com\/wp-content\/uploads\/2024\/01\/logo-Codex.webp\",\"contentUrl\":\"https:\/\/www.codexsrl.com\/wp-content\/uploads\/2024\/01\/logo-Codex.webp\",\"width\":527,\"height\":143,\"caption\":\"Codex srl\"},\"image\":{\"@id\":\"https:\/\/www.codexsrl.com\/de\/#\/schema\/logo\/image\/\"},\"sameAs\":[\"https:\/\/www.facebook.com\/codexsicurezza\",\"https:\/\/www.instagram.com\/codexsrl\/\",\"https:\/\/www.linkedin.com\/company\/codexsrl\/\"]}]}<\/script>\n<!-- \/ Yoast SEO plugin. -->","yoast_head_json":{"title":"Stangenschutz f\u00fcr Sportanlagen, Anti-Trauma | Codex srl","description":"Gummist\u00f6cke f\u00fcr Sportanlagen zum Schutz der Sportler vor ungewollten St\u00f6\u00dfen. Entdecken Sie alle Sportanlagen Schutz.","robots":{"index":"index","follow":"follow","max-snippet":"max-snippet:-1","max-image-preview":"max-image-preview:large","max-video-preview":"max-video-preview:-1"},"canonical":"https:\/\/www.codexsrl.com\/de\/produkt\/schutz-fuer-masten\/","og_locale":"de_DE","og_type":"article","og_title":"Stangenschutz f\u00fcr Sportanlagen, Anti-Trauma | Codex srl","og_description":"Gummist\u00f6cke f\u00fcr Sportanlagen zum Schutz der Sportler vor ungewollten St\u00f6\u00dfen. Entdecken Sie alle Sportanlagen Schutz.","og_url":"https:\/\/www.codexsrl.com\/de\/produkt\/schutz-fuer-masten\/","og_site_name":"Codex srl","article_publisher":"https:\/\/www.facebook.com\/codexsicurezza","article_modified_time":"2024-03-18T16:10:32+00:00","og_image":[{"width":675,"height":900,"url":"https:\/\/www.codexsrl.com\/wp-content\/uploads\/2016\/07\/protezioni-antiurto-pali-calcio-sport-onda-codex.jpg","type":"image\/jpeg"}],"twitter_card":"summary_large_image","twitter_misc":{"Gesch\u00e4tzte Lesezeit":"1\u00a0Minute"},"schema":{"@context":"https:\/\/schema.org","@graph":[{"@type":"WebPage","@id":"https:\/\/www.codexsrl.com\/de\/produkt\/schutz-fuer-masten\/","url":"https:\/\/www.codexsrl.com\/de\/produkt\/schutz-fuer-masten\/","name":"Stangenschutz f\u00fcr Sportanlagen, Anti-Trauma | Codex srl","isPartOf":{"@id":"https:\/\/www.codexsrl.com\/de\/#website"},"primaryImageOfPage":{"@id":"https:\/\/www.codexsrl.com\/de\/produkt\/schutz-fuer-masten\/#primaryimage"},"image":{"@id":"https:\/\/www.codexsrl.com\/de\/produkt\/schutz-fuer-masten\/#primaryimage"},"thumbnailUrl":"https:\/\/www.codexsrl.com\/wp-content\/uploads\/2016\/07\/protezioni-antiurto-pali-calcio-sport-onda-codex.jpg","datePublished":"2016-07-15T07:55:35+00:00","dateModified":"2024-03-18T16:10:32+00:00","description":"Gummist\u00f6cke f\u00fcr Sportanlagen zum Schutz der Sportler vor ungewollten St\u00f6\u00dfen. Entdecken Sie alle Sportanlagen Schutz.","breadcrumb":{"@id":"https:\/\/www.codexsrl.com\/de\/produkt\/schutz-fuer-masten\/#breadcrumb"},"inLanguage":"de","potentialAction":[{"@type":"ReadAction","target":["https:\/\/www.codexsrl.com\/de\/produkt\/schutz-fuer-masten\/"]}]},{"@type":"ImageObject","inLanguage":"de","@id":"https:\/\/www.codexsrl.com\/de\/produkt\/schutz-fuer-masten\/#primaryimage","url":"https:\/\/www.codexsrl.com\/wp-content\/uploads\/2016\/07\/protezioni-antiurto-pali-calcio-sport-onda-codex.jpg","contentUrl":"https:\/\/www.codexsrl.com\/wp-content\/uploads\/2016\/07\/protezioni-antiurto-pali-calcio-sport-onda-codex.jpg","width":675,"height":900,"caption":"Sto\u00dfsicherer Schutz f\u00fcr Fu\u00dfballfeldstangen mit 22 mm Riffelung"},{"@type":"BreadcrumbList","@id":"https:\/\/www.codexsrl.com\/de\/produkt\/schutz-fuer-masten\/#breadcrumb","itemListElement":[{"@type":"ListItem","position":1,"name":"Home","item":"https:\/\/www.codexsrl.com\/de\/"},{"@type":"ListItem","position":2,"name":"Gesamtkatalog","item":"https:\/\/www.codexsrl.com\/de\/gesamtkatalog\/"},{"@type":"ListItem","position":3,"name":"Schutz f\u00fcr Masten"}]},{"@type":"WebSite","@id":"https:\/\/www.codexsrl.com\/de\/#website","url":"https:\/\/www.codexsrl.com\/de\/","name":"Codex srl","description":"Sch\u00fctzt und dekoriert","publisher":{"@id":"https:\/\/www.codexsrl.com\/de\/#organization"},"alternateName":"Codex Protezioni Antitrauma e Pavimentazioni","potentialAction":[{"@type":"SearchAction","target":{"@type":"EntryPoint","urlTemplate":"https:\/\/www.codexsrl.com\/de\/?s={search_term_string}"},"query-input":"required name=search_term_string"}],"inLanguage":"de"},{"@type":"Organization","@id":"https:\/\/www.codexsrl.com\/de\/#organization","name":"Codex srl","alternateName":"Codex Protezioni Antitrauma e Pavimentazioni","url":"https:\/\/www.codexsrl.com\/de\/","logo":{"@type":"ImageObject","inLanguage":"de","@id":"https:\/\/www.codexsrl.com\/de\/#\/schema\/logo\/image\/","url":"https:\/\/www.codexsrl.com\/wp-content\/uploads\/2024\/01\/logo-Codex.webp","contentUrl":"https:\/\/www.codexsrl.com\/wp-content\/uploads\/2024\/01\/logo-Codex.webp","width":527,"height":143,"caption":"Codex srl"},"image":{"@id":"https:\/\/www.codexsrl.com\/de\/#\/schema\/logo\/image\/"},"sameAs":["https:\/\/www.facebook.com\/codexsicurezza","https:\/\/www.instagram.com\/codexsrl\/","https:\/\/www.linkedin.com\/company\/codexsrl\/"]}]}},"_links":{"self":[{"href":"https:\/\/www.codexsrl.com\/de\/wp-json\/wp\/v2\/product\/10027"}],"collection":[{"href":"https:\/\/www.codexsrl.com\/de\/wp-json\/wp\/v2\/product"}],"about":[{"href":"https:\/\/www.codexsrl.com\/de\/wp-json\/wp\/v2\/types\/product"}],"wp:featuredmedia":[{"embeddable":true,"href":"https:\/\/www.codexsrl.com\/de\/wp-json\/wp\/v2\/media\/9459"}],"wp:attachment":[{"href":"https:\/\/www.codexsrl.com\/de\/wp-json\/wp\/v2\/media?parent=10027"}],"wp:term":[{"taxonomy":"product_cat","embeddable":true,"href":"https:\/\/www.codexsrl.com\/de\/wp-json\/wp\/v2\/product_cat?post=10027"},{"taxonomy":"product_tag","embeddable":true,"href":"https:\/\/www.codexsrl.com\/de\/wp-json\/wp\/v2\/product_tag?post=10027"}],"curies":[{"name":"wp","href":"https:\/\/api.w.org\/{rel}","templated":true}]}}