{"id":10037,"date":"2016-09-09T11:17:31","date_gmt":"2016-09-09T09:17:31","guid":{"rendered":"http:\/\/codexsrl.com.94-76-252-100.web-agency-padova.it\/catalogo\/unkategorisiert\/quadrio-bodenbelag-fuer-den-aussenbereich\/"},"modified":"2024-04-08T11:30:00","modified_gmt":"2024-04-08T09:30:00","slug":"quadrio-bodenbelag-fuer-den-aussenbereich","status":"publish","type":"product","link":"https:\/\/www.codexsrl.com\/de\/produkt\/quadrio-bodenbelag-fuer-den-aussenbereich\/","title":{"rendered":"Quadrio &#8211; Bodenbelag f\u00fcr den Au\u00dfenbereich"},"content":{"rendered":"<h2>Gummibodenbelag f\u00fcr den Au\u00dfenbereich<\/h2>\n<p>Unser Mehrzweckbelag Quadrio ist dank seiner <strong>geringen Dicke (20 mm<\/strong>) der am besten geeignete SBR-Recycling-Gummibodenbelag f\u00fcr Vorpl\u00e4tze, Gehwege, Spielpl\u00e4tze, Schulg\u00e4rten und Privatg\u00e4rten.<\/p>\n<p>Die innovative &#8222;Schwalbenschwanz&#8220;-Verriegelung sorgt f\u00fcr maximalen Halt zwischen den Platten und eine <strong>einfache Verlegung<\/strong> auf allen Arten von Untergr\u00fcnden (Rasen, Kies, Beton). Ideal auch <strong><span style=\"color: #ff6600;\"><a style=\"color: #ff6600;\" href=\"https:\/\/www.codexsrl.com\/de\/katalog\/produkte\/indoor-sicherheitsbodenbelag\/crossfit-boden\/\" target=\"_blank\" rel=\"noopener noreferrer\">f\u00fcr Fitnessstudios<\/a><\/span> (Kraftraum und Crossfit) und <span style=\"color: #ff6600;\"><a style=\"color: #ff6600;\" href=\"https:\/\/www.codexsrl.com\/de\/katalog\/schutzpolsterung-fuer-sportanlagen\/reiten\/boeden-zum-reiten\/\">St\u00e4lle<\/a><\/span><\/strong>.<\/p>\n<p>Quadrio-Gummib\u00f6den sind in f\u00fcnf Standardfarben (rot, gr\u00fcn, blau, grau und schwarz) erh\u00e4ltlich und k\u00f6nnen durch das Aufmalen von Spielen, Linien und Mustern individuell gestaltet werden.<\/p>\n<p>Wenn das Vorhandensein von Spielen im Freien (Schaukeln, Rutschen, Burgen usw.) eine Sto\u00dfd\u00e4mpfungsf\u00e4higkeit gem\u00e4\u00df UNI EN 1177:2018 erfordert, schlagen wir als ideale L\u00f6sung den <a href=\"https:\/\/www.codexsrl.com\/de\/katalog\/produkte\/outdoor-sicherheitsbodenbelag\/polyshock-anti-trauma-bodenbelag\/\"><strong><span style=\"color: #ff6600;\">sto\u00dfd\u00e4mpfenden Boden <\/span> <span style=\"color: #ff6600;\">Polyshock<\/span><\/strong><\/a>mit einer Dicke von 30 bis 50 mm.<\/p>\n<p>&nbsp;<\/p>\n<p><img loading=\"lazy\" decoding=\"async\" class=\"alignnone wp-image-4662\" src=\"http:\/\/codexsrl.com.94-76-252-100.web-agency-padova.it\/wp-content\/uploads\/2016\/09\/colori-quadrio-300x188.jpg\" alt=\"Farbpr\u00fcfung\" width=\"600\" height=\"376\" srcset=\"https:\/\/www.codexsrl.com\/wp-content\/uploads\/2016\/09\/colori-quadrio-300x188.jpg 300w, https:\/\/www.codexsrl.com\/wp-content\/uploads\/2016\/09\/colori-quadrio-500x313.jpg 500w, https:\/\/www.codexsrl.com\/wp-content\/uploads\/2016\/09\/colori-quadrio-768x480.jpg 768w, https:\/\/www.codexsrl.com\/wp-content\/uploads\/2016\/09\/colori-quadrio-120x75.jpg 120w, https:\/\/www.codexsrl.com\/wp-content\/uploads\/2016\/09\/colori-quadrio-320x202.jpg 320w, https:\/\/www.codexsrl.com\/wp-content\/uploads\/2016\/09\/colori-quadrio-200x125.jpg 200w, https:\/\/www.codexsrl.com\/wp-content\/uploads\/2016\/09\/colori-quadrio-400x250.jpg 400w, https:\/\/www.codexsrl.com\/wp-content\/uploads\/2016\/09\/colori-quadrio-600x375.jpg 600w, https:\/\/www.codexsrl.com\/wp-content\/uploads\/2016\/09\/colori-quadrio.jpg 800w\" sizes=\"(max-width: 600px) 100vw, 600px\" \/><\/p>\n","protected":false},"excerpt":{"rendered":"<p>Der ineinandergreifende Gummibodenbelag &#8222;Quadrio&#8220; ist besonders f\u00fcr die Verlegung im Freien geeignet: Er ist <strong>selbstblockierend, rutschfest, schalld\u00e4mpfend, entw\u00e4ssernd und sehr widerstandsf\u00e4hig<\/strong>.<\/p>\n<p>Das spezielle Schwalbenschwanzprofil garantiert eine vollst\u00e4ndige Verbindung und eine <strong>einfache Montage ohne Verwendung von Klebstoffen<\/strong>. Ideal f\u00fcr die Pflasterung von Pl\u00e4tzen, Gehwegen, St\u00e4llen, Turnhallen, \u00f6ffentlichen und privaten G\u00e4rten, Terrassen und Ruhezonen.<\/p>\n<p>Durch die hohe Festigkeit und Robustheit des Materials eignet es sich auch als Bodenbelag f\u00fcr <span style=\"color: #ff6600;\"><a style=\"color: #ff6600;\" href=\"\/de\/produktkategorie\/produkte\/indoor-sicherheitsbodenbelag\/turnhallenboeden\/\" target=\"_blank\" rel=\"noopener\">Fitnessbereiche und Crossfit-Hallen<\/a><\/span>.<\/p>\n<p>Die verf\u00fcgbaren Farben f\u00fcr diesen SBR-Kautschukbodenbelag sind: mattrot, gr\u00fcn, hellblau, grau und schwarz.<\/p>\n","protected":false},"featured_media":10913,"template":"","meta":[],"product_cat":[348,313,349,317,350,382,374,381],"product_tag":[351],"yoast_head":"<!-- This site is optimized with the Yoast SEO plugin v22.3 - https:\/\/yoast.com\/wordpress\/plugins\/seo\/ -->\n<title>Quadrio, SBR-Gummibodenbelag f\u00fcr den Au\u00dfenbereich | Codex srl<\/title>\n<meta name=\"description\" content=\"Ineinandergreifender SBR-Gummibodenbelag f\u00fcr den Au\u00dfenbereich: selbstsichernd, rutschfest, schalld\u00e4mpfend, entw\u00e4ssernd. Ideal f\u00fcr Wohnungen, Stadtm\u00f6bel und Schulen.\" \/>\n<meta name=\"robots\" content=\"index, follow, max-snippet:-1, max-image-preview:large, max-video-preview:-1\" \/>\n<link rel=\"canonical\" href=\"https:\/\/www.codexsrl.com\/de\/produkt\/quadrio-bodenbelag-fuer-den-aussenbereich\/\" \/>\n<meta property=\"og:locale\" content=\"de_DE\" \/>\n<meta property=\"og:type\" content=\"article\" \/>\n<meta property=\"og:title\" content=\"Quadrio, SBR-Gummibodenbelag f\u00fcr den Au\u00dfenbereich | Codex srl\" \/>\n<meta property=\"og:description\" content=\"Ineinandergreifender SBR-Gummibodenbelag f\u00fcr den Au\u00dfenbereich: selbstsichernd, rutschfest, schalld\u00e4mpfend, entw\u00e4ssernd. Ideal f\u00fcr Wohnungen, Stadtm\u00f6bel und Schulen.\" \/>\n<meta property=\"og:url\" content=\"https:\/\/www.codexsrl.com\/de\/produkt\/quadrio-bodenbelag-fuer-den-aussenbereich\/\" \/>\n<meta property=\"og:site_name\" content=\"Codex srl\" \/>\n<meta property=\"article:publisher\" content=\"https:\/\/www.facebook.com\/codexsicurezza\" \/>\n<meta property=\"article:modified_time\" content=\"2024-04-08T09:30:00+00:00\" \/>\n<meta property=\"og:image\" content=\"https:\/\/www.codexsrl.com\/wp-content\/uploads\/2016\/06\/pavimentazione-antitrauma-altalena-parco-giochi.jpg\" \/>\n<meta name=\"twitter:card\" content=\"summary_large_image\" \/>\n<meta name=\"twitter:label1\" content=\"Gesch\u00e4tzte Lesezeit\" \/>\n\t<meta name=\"twitter:data1\" content=\"2\u00a0Minuten\" \/>\n<script type=\"application\/ld+json\" class=\"yoast-schema-graph\">{\"@context\":\"https:\/\/schema.org\",\"@graph\":[{\"@type\":\"WebPage\",\"@id\":\"https:\/\/www.codexsrl.com\/de\/produkt\/quadrio-bodenbelag-fuer-den-aussenbereich\/\",\"url\":\"https:\/\/www.codexsrl.com\/de\/produkt\/quadrio-bodenbelag-fuer-den-aussenbereich\/\",\"name\":\"Quadrio, SBR-Gummibodenbelag f\u00fcr den Au\u00dfenbereich | Codex srl\",\"isPartOf\":{\"@id\":\"https:\/\/www.codexsrl.com\/de\/#website\"},\"primaryImageOfPage\":{\"@id\":\"https:\/\/www.codexsrl.com\/de\/produkt\/quadrio-bodenbelag-fuer-den-aussenbereich\/#primaryimage\"},\"image\":{\"@id\":\"https:\/\/www.codexsrl.com\/de\/produkt\/quadrio-bodenbelag-fuer-den-aussenbereich\/#primaryimage\"},\"thumbnailUrl\":\"https:\/\/www.codexsrl.com\/wp-content\/uploads\/2016\/09\/pavimento-antitrauma-giardino-scolastico-pubblico-codex.webp\",\"datePublished\":\"2016-09-09T09:17:31+00:00\",\"dateModified\":\"2024-04-08T09:30:00+00:00\",\"description\":\"Ineinandergreifender SBR-Gummibodenbelag f\u00fcr den Au\u00dfenbereich: selbstsichernd, rutschfest, schalld\u00e4mpfend, entw\u00e4ssernd. Ideal f\u00fcr Wohnungen, Stadtm\u00f6bel und Schulen.\",\"breadcrumb\":{\"@id\":\"https:\/\/www.codexsrl.com\/de\/produkt\/quadrio-bodenbelag-fuer-den-aussenbereich\/#breadcrumb\"},\"inLanguage\":\"de\",\"potentialAction\":[{\"@type\":\"ReadAction\",\"target\":[\"https:\/\/www.codexsrl.com\/de\/produkt\/quadrio-bodenbelag-fuer-den-aussenbereich\/\"]}]},{\"@type\":\"ImageObject\",\"inLanguage\":\"de\",\"@id\":\"https:\/\/www.codexsrl.com\/de\/produkt\/quadrio-bodenbelag-fuer-den-aussenbereich\/#primaryimage\",\"url\":\"https:\/\/www.codexsrl.com\/wp-content\/uploads\/2016\/09\/pavimento-antitrauma-giardino-scolastico-pubblico-codex.webp\",\"contentUrl\":\"https:\/\/www.codexsrl.com\/wp-content\/uploads\/2016\/09\/pavimento-antitrauma-giardino-scolastico-pubblico-codex.webp\",\"width\":900,\"height\":675,\"caption\":\"pavimento in gomma\"},{\"@type\":\"BreadcrumbList\",\"@id\":\"https:\/\/www.codexsrl.com\/de\/produkt\/quadrio-bodenbelag-fuer-den-aussenbereich\/#breadcrumb\",\"itemListElement\":[{\"@type\":\"ListItem\",\"position\":1,\"name\":\"Home\",\"item\":\"https:\/\/www.codexsrl.com\/de\/\"},{\"@type\":\"ListItem\",\"position\":2,\"name\":\"Gesamtkatalog\",\"item\":\"https:\/\/www.codexsrl.com\/de\/gesamtkatalog\/\"},{\"@type\":\"ListItem\",\"position\":3,\"name\":\"Quadrio &#8211; Bodenbelag f\u00fcr den Au\u00dfenbereich\"}]},{\"@type\":\"WebSite\",\"@id\":\"https:\/\/www.codexsrl.com\/de\/#website\",\"url\":\"https:\/\/www.codexsrl.com\/de\/\",\"name\":\"Codex srl\",\"description\":\"Sch\u00fctzt und dekoriert\",\"publisher\":{\"@id\":\"https:\/\/www.codexsrl.com\/de\/#organization\"},\"alternateName\":\"Codex Protezioni Antitrauma e Pavimentazioni\",\"potentialAction\":[{\"@type\":\"SearchAction\",\"target\":{\"@type\":\"EntryPoint\",\"urlTemplate\":\"https:\/\/www.codexsrl.com\/de\/?s={search_term_string}\"},\"query-input\":\"required name=search_term_string\"}],\"inLanguage\":\"de\"},{\"@type\":\"Organization\",\"@id\":\"https:\/\/www.codexsrl.com\/de\/#organization\",\"name\":\"Codex srl\",\"alternateName\":\"Codex Protezioni Antitrauma e Pavimentazioni\",\"url\":\"https:\/\/www.codexsrl.com\/de\/\",\"logo\":{\"@type\":\"ImageObject\",\"inLanguage\":\"de\",\"@id\":\"https:\/\/www.codexsrl.com\/de\/#\/schema\/logo\/image\/\",\"url\":\"https:\/\/www.codexsrl.com\/wp-content\/uploads\/2024\/01\/logo-Codex.webp\",\"contentUrl\":\"https:\/\/www.codexsrl.com\/wp-content\/uploads\/2024\/01\/logo-Codex.webp\",\"width\":527,\"height\":143,\"caption\":\"Codex srl\"},\"image\":{\"@id\":\"https:\/\/www.codexsrl.com\/de\/#\/schema\/logo\/image\/\"},\"sameAs\":[\"https:\/\/www.facebook.com\/codexsicurezza\",\"https:\/\/www.instagram.com\/codexsrl\/\",\"https:\/\/www.linkedin.com\/company\/codexsrl\/\"]}]}<\/script>\n<!-- \/ Yoast SEO plugin. -->","yoast_head_json":{"title":"Quadrio, SBR-Gummibodenbelag f\u00fcr den Au\u00dfenbereich | Codex srl","description":"Ineinandergreifender SBR-Gummibodenbelag f\u00fcr den Au\u00dfenbereich: selbstsichernd, rutschfest, schalld\u00e4mpfend, entw\u00e4ssernd. Ideal f\u00fcr Wohnungen, Stadtm\u00f6bel und Schulen.","robots":{"index":"index","follow":"follow","max-snippet":"max-snippet:-1","max-image-preview":"max-image-preview:large","max-video-preview":"max-video-preview:-1"},"canonical":"https:\/\/www.codexsrl.com\/de\/produkt\/quadrio-bodenbelag-fuer-den-aussenbereich\/","og_locale":"de_DE","og_type":"article","og_title":"Quadrio, SBR-Gummibodenbelag f\u00fcr den Au\u00dfenbereich | Codex srl","og_description":"Ineinandergreifender SBR-Gummibodenbelag f\u00fcr den Au\u00dfenbereich: selbstsichernd, rutschfest, schalld\u00e4mpfend, entw\u00e4ssernd. Ideal f\u00fcr Wohnungen, Stadtm\u00f6bel und Schulen.","og_url":"https:\/\/www.codexsrl.com\/de\/produkt\/quadrio-bodenbelag-fuer-den-aussenbereich\/","og_site_name":"Codex srl","article_publisher":"https:\/\/www.facebook.com\/codexsicurezza","article_modified_time":"2024-04-08T09:30:00+00:00","og_image":[{"url":"https:\/\/www.codexsrl.com\/wp-content\/uploads\/2016\/06\/pavimentazione-antitrauma-altalena-parco-giochi.jpg"}],"twitter_card":"summary_large_image","twitter_misc":{"Gesch\u00e4tzte Lesezeit":"2\u00a0Minuten"},"schema":{"@context":"https:\/\/schema.org","@graph":[{"@type":"WebPage","@id":"https:\/\/www.codexsrl.com\/de\/produkt\/quadrio-bodenbelag-fuer-den-aussenbereich\/","url":"https:\/\/www.codexsrl.com\/de\/produkt\/quadrio-bodenbelag-fuer-den-aussenbereich\/","name":"Quadrio, SBR-Gummibodenbelag f\u00fcr den Au\u00dfenbereich | Codex srl","isPartOf":{"@id":"https:\/\/www.codexsrl.com\/de\/#website"},"primaryImageOfPage":{"@id":"https:\/\/www.codexsrl.com\/de\/produkt\/quadrio-bodenbelag-fuer-den-aussenbereich\/#primaryimage"},"image":{"@id":"https:\/\/www.codexsrl.com\/de\/produkt\/quadrio-bodenbelag-fuer-den-aussenbereich\/#primaryimage"},"thumbnailUrl":"https:\/\/www.codexsrl.com\/wp-content\/uploads\/2016\/09\/pavimento-antitrauma-giardino-scolastico-pubblico-codex.webp","datePublished":"2016-09-09T09:17:31+00:00","dateModified":"2024-04-08T09:30:00+00:00","description":"Ineinandergreifender SBR-Gummibodenbelag f\u00fcr den Au\u00dfenbereich: selbstsichernd, rutschfest, schalld\u00e4mpfend, entw\u00e4ssernd. Ideal f\u00fcr Wohnungen, Stadtm\u00f6bel und Schulen.","breadcrumb":{"@id":"https:\/\/www.codexsrl.com\/de\/produkt\/quadrio-bodenbelag-fuer-den-aussenbereich\/#breadcrumb"},"inLanguage":"de","potentialAction":[{"@type":"ReadAction","target":["https:\/\/www.codexsrl.com\/de\/produkt\/quadrio-bodenbelag-fuer-den-aussenbereich\/"]}]},{"@type":"ImageObject","inLanguage":"de","@id":"https:\/\/www.codexsrl.com\/de\/produkt\/quadrio-bodenbelag-fuer-den-aussenbereich\/#primaryimage","url":"https:\/\/www.codexsrl.com\/wp-content\/uploads\/2016\/09\/pavimento-antitrauma-giardino-scolastico-pubblico-codex.webp","contentUrl":"https:\/\/www.codexsrl.com\/wp-content\/uploads\/2016\/09\/pavimento-antitrauma-giardino-scolastico-pubblico-codex.webp","width":900,"height":675,"caption":"pavimento in gomma"},{"@type":"BreadcrumbList","@id":"https:\/\/www.codexsrl.com\/de\/produkt\/quadrio-bodenbelag-fuer-den-aussenbereich\/#breadcrumb","itemListElement":[{"@type":"ListItem","position":1,"name":"Home","item":"https:\/\/www.codexsrl.com\/de\/"},{"@type":"ListItem","position":2,"name":"Gesamtkatalog","item":"https:\/\/www.codexsrl.com\/de\/gesamtkatalog\/"},{"@type":"ListItem","position":3,"name":"Quadrio &#8211; Bodenbelag f\u00fcr den Au\u00dfenbereich"}]},{"@type":"WebSite","@id":"https:\/\/www.codexsrl.com\/de\/#website","url":"https:\/\/www.codexsrl.com\/de\/","name":"Codex srl","description":"Sch\u00fctzt und dekoriert","publisher":{"@id":"https:\/\/www.codexsrl.com\/de\/#organization"},"alternateName":"Codex Protezioni Antitrauma e Pavimentazioni","potentialAction":[{"@type":"SearchAction","target":{"@type":"EntryPoint","urlTemplate":"https:\/\/www.codexsrl.com\/de\/?s={search_term_string}"},"query-input":"required name=search_term_string"}],"inLanguage":"de"},{"@type":"Organization","@id":"https:\/\/www.codexsrl.com\/de\/#organization","name":"Codex srl","alternateName":"Codex Protezioni Antitrauma e Pavimentazioni","url":"https:\/\/www.codexsrl.com\/de\/","logo":{"@type":"ImageObject","inLanguage":"de","@id":"https:\/\/www.codexsrl.com\/de\/#\/schema\/logo\/image\/","url":"https:\/\/www.codexsrl.com\/wp-content\/uploads\/2024\/01\/logo-Codex.webp","contentUrl":"https:\/\/www.codexsrl.com\/wp-content\/uploads\/2024\/01\/logo-Codex.webp","width":527,"height":143,"caption":"Codex srl"},"image":{"@id":"https:\/\/www.codexsrl.com\/de\/#\/schema\/logo\/image\/"},"sameAs":["https:\/\/www.facebook.com\/codexsicurezza","https:\/\/www.instagram.com\/codexsrl\/","https:\/\/www.linkedin.com\/company\/codexsrl\/"]}]}},"_links":{"self":[{"href":"https:\/\/www.codexsrl.com\/de\/wp-json\/wp\/v2\/product\/10037"}],"collection":[{"href":"https:\/\/www.codexsrl.com\/de\/wp-json\/wp\/v2\/product"}],"about":[{"href":"https:\/\/www.codexsrl.com\/de\/wp-json\/wp\/v2\/types\/product"}],"wp:featuredmedia":[{"embeddable":true,"href":"https:\/\/www.codexsrl.com\/de\/wp-json\/wp\/v2\/media\/10913"}],"wp:attachment":[{"href":"https:\/\/www.codexsrl.com\/de\/wp-json\/wp\/v2\/media?parent=10037"}],"wp:term":[{"taxonomy":"product_cat","embeddable":true,"href":"https:\/\/www.codexsrl.com\/de\/wp-json\/wp\/v2\/product_cat?post=10037"},{"taxonomy":"product_tag","embeddable":true,"href":"https:\/\/www.codexsrl.com\/de\/wp-json\/wp\/v2\/product_tag?post=10037"}],"curies":[{"name":"wp","href":"https:\/\/api.w.org\/{rel}","templated":true}]}}