{"id":10038,"date":"2016-07-15T09:58:23","date_gmt":"2016-07-15T07:58:23","guid":{"rendered":"http:\/\/codexsrl.com.94-76-252-100.web-agency-padova.it\/catalogo\/unkategorisiert\/sprinklerschutzvorrichtungen\/"},"modified":"2024-03-18T18:06:24","modified_gmt":"2024-03-18T17:06:24","slug":"sprinklerschutzvorrichtungen","status":"publish","type":"product","link":"https:\/\/www.codexsrl.com\/de\/produkt\/sprinklerschutzvorrichtungen\/","title":{"rendered":"Sprinklerschutzvorrichtungen"},"content":{"rendered":"","protected":false},"excerpt":{"rendered":"<p>Schutz f\u00fcr Sprinkler mit Onda oder Maxionda. Hindernisse, die eine Gefahr darstellen k\u00f6nnen, wie z. B. Sprinkleranlagen, befinden sich oft am Rande des Feldes. Es ist daher notwendig, sie mit einem weichen Aufprallschutz zu versehen.<\/p>\n","protected":false},"featured_media":6855,"template":"","meta":[],"product_cat":[315,369],"product_tag":[427],"yoast_head":"<!-- This site is optimized with the Yoast SEO plugin v22.3 - https:\/\/yoast.com\/wordpress\/plugins\/seo\/ -->\n<title>Schutzvorrichtungen f\u00fcr Sprinkleranlagen, Sicherheit auf Sportpl\u00e4tzen | Codex srl<\/title>\n<meta name=\"description\" content=\"Sprinkleranlagen k\u00f6nnen eine Gefahr f\u00fcr Sportler darstellen. Codex stellt Sprinklerschutzvorrichtungen her, um die Sicherheit von Sportpl\u00e4tzen zu gew\u00e4hrleisten.\" \/>\n<meta name=\"robots\" content=\"index, follow, max-snippet:-1, max-image-preview:large, max-video-preview:-1\" \/>\n<link rel=\"canonical\" href=\"https:\/\/www.codexsrl.com\/de\/produkt\/sprinklerschutzvorrichtungen\/\" \/>\n<meta property=\"og:locale\" content=\"de_DE\" \/>\n<meta property=\"og:type\" content=\"article\" \/>\n<meta property=\"og:title\" content=\"Schutzvorrichtungen f\u00fcr Sprinkleranlagen, Sicherheit auf Sportpl\u00e4tzen | Codex srl\" \/>\n<meta property=\"og:description\" content=\"Sprinkleranlagen k\u00f6nnen eine Gefahr f\u00fcr Sportler darstellen. Codex stellt Sprinklerschutzvorrichtungen her, um die Sicherheit von Sportpl\u00e4tzen zu gew\u00e4hrleisten.\" \/>\n<meta property=\"og:url\" content=\"https:\/\/www.codexsrl.com\/de\/produkt\/sprinklerschutzvorrichtungen\/\" \/>\n<meta property=\"og:site_name\" content=\"Codex srl\" \/>\n<meta property=\"article:publisher\" content=\"https:\/\/www.facebook.com\/codexsicurezza\" \/>\n<meta property=\"article:modified_time\" content=\"2024-03-18T17:06:24+00:00\" \/>\n<meta property=\"og:image\" content=\"https:\/\/www.codexsrl.com\/wp-content\/uploads\/2016\/07\/Irrigatori.jpg\" \/>\n\t<meta property=\"og:image:width\" content=\"900\" \/>\n\t<meta property=\"og:image:height\" content=\"1200\" \/>\n\t<meta property=\"og:image:type\" content=\"image\/jpeg\" \/>\n<meta name=\"twitter:card\" content=\"summary_large_image\" \/>\n<script type=\"application\/ld+json\" class=\"yoast-schema-graph\">{\"@context\":\"https:\/\/schema.org\",\"@graph\":[{\"@type\":\"WebPage\",\"@id\":\"https:\/\/www.codexsrl.com\/de\/produkt\/sprinklerschutzvorrichtungen\/\",\"url\":\"https:\/\/www.codexsrl.com\/de\/produkt\/sprinklerschutzvorrichtungen\/\",\"name\":\"Schutzvorrichtungen f\u00fcr Sprinkleranlagen, Sicherheit auf Sportpl\u00e4tzen | Codex srl\",\"isPartOf\":{\"@id\":\"https:\/\/www.codexsrl.com\/de\/#website\"},\"primaryImageOfPage\":{\"@id\":\"https:\/\/www.codexsrl.com\/de\/produkt\/sprinklerschutzvorrichtungen\/#primaryimage\"},\"image\":{\"@id\":\"https:\/\/www.codexsrl.com\/de\/produkt\/sprinklerschutzvorrichtungen\/#primaryimage\"},\"thumbnailUrl\":\"https:\/\/www.codexsrl.com\/wp-content\/uploads\/2016\/07\/Irrigatori.jpg\",\"datePublished\":\"2016-07-15T07:58:23+00:00\",\"dateModified\":\"2024-03-18T17:06:24+00:00\",\"description\":\"Sprinkleranlagen k\u00f6nnen eine Gefahr f\u00fcr Sportler darstellen. Codex stellt Sprinklerschutzvorrichtungen her, um die Sicherheit von Sportpl\u00e4tzen zu gew\u00e4hrleisten.\",\"breadcrumb\":{\"@id\":\"https:\/\/www.codexsrl.com\/de\/produkt\/sprinklerschutzvorrichtungen\/#breadcrumb\"},\"inLanguage\":\"de\",\"potentialAction\":[{\"@type\":\"ReadAction\",\"target\":[\"https:\/\/www.codexsrl.com\/de\/produkt\/sprinklerschutzvorrichtungen\/\"]}]},{\"@type\":\"ImageObject\",\"inLanguage\":\"de\",\"@id\":\"https:\/\/www.codexsrl.com\/de\/produkt\/sprinklerschutzvorrichtungen\/#primaryimage\",\"url\":\"https:\/\/www.codexsrl.com\/wp-content\/uploads\/2016\/07\/Irrigatori.jpg\",\"contentUrl\":\"https:\/\/www.codexsrl.com\/wp-content\/uploads\/2016\/07\/Irrigatori.jpg\",\"width\":900,\"height\":1200,\"caption\":\"Sprinklerschutzvorrichtungen\"},{\"@type\":\"BreadcrumbList\",\"@id\":\"https:\/\/www.codexsrl.com\/de\/produkt\/sprinklerschutzvorrichtungen\/#breadcrumb\",\"itemListElement\":[{\"@type\":\"ListItem\",\"position\":1,\"name\":\"Home\",\"item\":\"https:\/\/www.codexsrl.com\/de\/\"},{\"@type\":\"ListItem\",\"position\":2,\"name\":\"Gesamtkatalog\",\"item\":\"https:\/\/www.codexsrl.com\/de\/gesamtkatalog\/\"},{\"@type\":\"ListItem\",\"position\":3,\"name\":\"Sprinklerschutzvorrichtungen\"}]},{\"@type\":\"WebSite\",\"@id\":\"https:\/\/www.codexsrl.com\/de\/#website\",\"url\":\"https:\/\/www.codexsrl.com\/de\/\",\"name\":\"Codex srl\",\"description\":\"Sch\u00fctzt und dekoriert\",\"publisher\":{\"@id\":\"https:\/\/www.codexsrl.com\/de\/#organization\"},\"alternateName\":\"Codex Protezioni Antitrauma e Pavimentazioni\",\"potentialAction\":[{\"@type\":\"SearchAction\",\"target\":{\"@type\":\"EntryPoint\",\"urlTemplate\":\"https:\/\/www.codexsrl.com\/de\/?s={search_term_string}\"},\"query-input\":\"required name=search_term_string\"}],\"inLanguage\":\"de\"},{\"@type\":\"Organization\",\"@id\":\"https:\/\/www.codexsrl.com\/de\/#organization\",\"name\":\"Codex srl\",\"alternateName\":\"Codex Protezioni Antitrauma e Pavimentazioni\",\"url\":\"https:\/\/www.codexsrl.com\/de\/\",\"logo\":{\"@type\":\"ImageObject\",\"inLanguage\":\"de\",\"@id\":\"https:\/\/www.codexsrl.com\/de\/#\/schema\/logo\/image\/\",\"url\":\"https:\/\/www.codexsrl.com\/wp-content\/uploads\/2024\/01\/logo-Codex.webp\",\"contentUrl\":\"https:\/\/www.codexsrl.com\/wp-content\/uploads\/2024\/01\/logo-Codex.webp\",\"width\":527,\"height\":143,\"caption\":\"Codex srl\"},\"image\":{\"@id\":\"https:\/\/www.codexsrl.com\/de\/#\/schema\/logo\/image\/\"},\"sameAs\":[\"https:\/\/www.facebook.com\/codexsicurezza\",\"https:\/\/www.instagram.com\/codexsrl\/\",\"https:\/\/www.linkedin.com\/company\/codexsrl\/\"]}]}<\/script>\n<!-- \/ Yoast SEO plugin. -->","yoast_head_json":{"title":"Schutzvorrichtungen f\u00fcr Sprinkleranlagen, Sicherheit auf Sportpl\u00e4tzen | Codex srl","description":"Sprinkleranlagen k\u00f6nnen eine Gefahr f\u00fcr Sportler darstellen. Codex stellt Sprinklerschutzvorrichtungen her, um die Sicherheit von Sportpl\u00e4tzen zu gew\u00e4hrleisten.","robots":{"index":"index","follow":"follow","max-snippet":"max-snippet:-1","max-image-preview":"max-image-preview:large","max-video-preview":"max-video-preview:-1"},"canonical":"https:\/\/www.codexsrl.com\/de\/produkt\/sprinklerschutzvorrichtungen\/","og_locale":"de_DE","og_type":"article","og_title":"Schutzvorrichtungen f\u00fcr Sprinkleranlagen, Sicherheit auf Sportpl\u00e4tzen | Codex srl","og_description":"Sprinkleranlagen k\u00f6nnen eine Gefahr f\u00fcr Sportler darstellen. Codex stellt Sprinklerschutzvorrichtungen her, um die Sicherheit von Sportpl\u00e4tzen zu gew\u00e4hrleisten.","og_url":"https:\/\/www.codexsrl.com\/de\/produkt\/sprinklerschutzvorrichtungen\/","og_site_name":"Codex srl","article_publisher":"https:\/\/www.facebook.com\/codexsicurezza","article_modified_time":"2024-03-18T17:06:24+00:00","og_image":[{"width":900,"height":1200,"url":"https:\/\/www.codexsrl.com\/wp-content\/uploads\/2016\/07\/Irrigatori.jpg","type":"image\/jpeg"}],"twitter_card":"summary_large_image","schema":{"@context":"https:\/\/schema.org","@graph":[{"@type":"WebPage","@id":"https:\/\/www.codexsrl.com\/de\/produkt\/sprinklerschutzvorrichtungen\/","url":"https:\/\/www.codexsrl.com\/de\/produkt\/sprinklerschutzvorrichtungen\/","name":"Schutzvorrichtungen f\u00fcr Sprinkleranlagen, Sicherheit auf Sportpl\u00e4tzen | Codex srl","isPartOf":{"@id":"https:\/\/www.codexsrl.com\/de\/#website"},"primaryImageOfPage":{"@id":"https:\/\/www.codexsrl.com\/de\/produkt\/sprinklerschutzvorrichtungen\/#primaryimage"},"image":{"@id":"https:\/\/www.codexsrl.com\/de\/produkt\/sprinklerschutzvorrichtungen\/#primaryimage"},"thumbnailUrl":"https:\/\/www.codexsrl.com\/wp-content\/uploads\/2016\/07\/Irrigatori.jpg","datePublished":"2016-07-15T07:58:23+00:00","dateModified":"2024-03-18T17:06:24+00:00","description":"Sprinkleranlagen k\u00f6nnen eine Gefahr f\u00fcr Sportler darstellen. Codex stellt Sprinklerschutzvorrichtungen her, um die Sicherheit von Sportpl\u00e4tzen zu gew\u00e4hrleisten.","breadcrumb":{"@id":"https:\/\/www.codexsrl.com\/de\/produkt\/sprinklerschutzvorrichtungen\/#breadcrumb"},"inLanguage":"de","potentialAction":[{"@type":"ReadAction","target":["https:\/\/www.codexsrl.com\/de\/produkt\/sprinklerschutzvorrichtungen\/"]}]},{"@type":"ImageObject","inLanguage":"de","@id":"https:\/\/www.codexsrl.com\/de\/produkt\/sprinklerschutzvorrichtungen\/#primaryimage","url":"https:\/\/www.codexsrl.com\/wp-content\/uploads\/2016\/07\/Irrigatori.jpg","contentUrl":"https:\/\/www.codexsrl.com\/wp-content\/uploads\/2016\/07\/Irrigatori.jpg","width":900,"height":1200,"caption":"Sprinklerschutzvorrichtungen"},{"@type":"BreadcrumbList","@id":"https:\/\/www.codexsrl.com\/de\/produkt\/sprinklerschutzvorrichtungen\/#breadcrumb","itemListElement":[{"@type":"ListItem","position":1,"name":"Home","item":"https:\/\/www.codexsrl.com\/de\/"},{"@type":"ListItem","position":2,"name":"Gesamtkatalog","item":"https:\/\/www.codexsrl.com\/de\/gesamtkatalog\/"},{"@type":"ListItem","position":3,"name":"Sprinklerschutzvorrichtungen"}]},{"@type":"WebSite","@id":"https:\/\/www.codexsrl.com\/de\/#website","url":"https:\/\/www.codexsrl.com\/de\/","name":"Codex srl","description":"Sch\u00fctzt und dekoriert","publisher":{"@id":"https:\/\/www.codexsrl.com\/de\/#organization"},"alternateName":"Codex Protezioni Antitrauma e Pavimentazioni","potentialAction":[{"@type":"SearchAction","target":{"@type":"EntryPoint","urlTemplate":"https:\/\/www.codexsrl.com\/de\/?s={search_term_string}"},"query-input":"required name=search_term_string"}],"inLanguage":"de"},{"@type":"Organization","@id":"https:\/\/www.codexsrl.com\/de\/#organization","name":"Codex srl","alternateName":"Codex Protezioni Antitrauma e Pavimentazioni","url":"https:\/\/www.codexsrl.com\/de\/","logo":{"@type":"ImageObject","inLanguage":"de","@id":"https:\/\/www.codexsrl.com\/de\/#\/schema\/logo\/image\/","url":"https:\/\/www.codexsrl.com\/wp-content\/uploads\/2024\/01\/logo-Codex.webp","contentUrl":"https:\/\/www.codexsrl.com\/wp-content\/uploads\/2024\/01\/logo-Codex.webp","width":527,"height":143,"caption":"Codex srl"},"image":{"@id":"https:\/\/www.codexsrl.com\/de\/#\/schema\/logo\/image\/"},"sameAs":["https:\/\/www.facebook.com\/codexsicurezza","https:\/\/www.instagram.com\/codexsrl\/","https:\/\/www.linkedin.com\/company\/codexsrl\/"]}]}},"_links":{"self":[{"href":"https:\/\/www.codexsrl.com\/de\/wp-json\/wp\/v2\/product\/10038"}],"collection":[{"href":"https:\/\/www.codexsrl.com\/de\/wp-json\/wp\/v2\/product"}],"about":[{"href":"https:\/\/www.codexsrl.com\/de\/wp-json\/wp\/v2\/types\/product"}],"wp:featuredmedia":[{"embeddable":true,"href":"https:\/\/www.codexsrl.com\/de\/wp-json\/wp\/v2\/media\/6855"}],"wp:attachment":[{"href":"https:\/\/www.codexsrl.com\/de\/wp-json\/wp\/v2\/media?parent=10038"}],"wp:term":[{"taxonomy":"product_cat","embeddable":true,"href":"https:\/\/www.codexsrl.com\/de\/wp-json\/wp\/v2\/product_cat?post=10038"},{"taxonomy":"product_tag","embeddable":true,"href":"https:\/\/www.codexsrl.com\/de\/wp-json\/wp\/v2\/product_tag?post=10038"}],"curies":[{"name":"wp","href":"https:\/\/api.w.org\/{rel}","templated":true}]}}