{"id":10044,"date":"2016-07-15T09:53:23","date_gmt":"2016-07-15T07:53:23","guid":{"rendered":"http:\/\/codexsrl.com.94-76-252-100.web-agency-padova.it\/catalogo\/unkategorisiert\/fussballtor-schutzvorrichtungen\/"},"modified":"2024-03-13T12:07:47","modified_gmt":"2024-03-13T11:07:47","slug":"fussballtor-schutzvorrichtungen","status":"publish","type":"product","link":"https:\/\/www.codexsrl.com\/de\/produkt\/fussballtor-schutzvorrichtungen\/","title":{"rendered":"Fu\u00dfballtor-Schutzvorrichtungen"},"content":{"rendered":"","protected":false},"excerpt":{"rendered":"<p>Fu\u00dfballtore sind die Freude aller Kinder und Sportler, die diesen Sport betreiben!<\/p>\n<p>Mit Onda und Maxionda ist es einfach, Tor- und Torpfostenschutzelemente zum Schutz vor St\u00f6\u00dfen zu erstellen und zu installieren. Die Protektoren sind extrem flexibel und witterungsbest\u00e4ndig. Ideal auch f\u00fcr Hallenfu\u00dfballpl\u00e4tze.<\/p>\n","protected":false},"featured_media":8371,"template":"","meta":[],"product_cat":[315,369,372],"product_tag":[433],"yoast_head":"<!-- This site is optimized with the Yoast SEO plugin v22.3 - https:\/\/yoast.com\/wordpress\/plugins\/seo\/ -->\n<title>Torschutzvorrichtungen, Sicherheit auf dem Sportplatz | Codex srl<\/title>\n<meta name=\"description\" content=\"Um die Sicherheit auf Sportpl\u00e4tzen, insbesondere auf Fu\u00dfballpl\u00e4tzen, zu gew\u00e4hrleisten, stellt Codex verschiedene Schutzvorrichtungen her, darunter auch Fu\u00dfballtorschutzvorrichtungen.\" \/>\n<meta name=\"robots\" content=\"index, follow, max-snippet:-1, max-image-preview:large, max-video-preview:-1\" \/>\n<link rel=\"canonical\" href=\"https:\/\/www.codexsrl.com\/de\/produkt\/fussballtor-schutzvorrichtungen\/\" \/>\n<meta property=\"og:locale\" content=\"de_DE\" \/>\n<meta property=\"og:type\" content=\"article\" \/>\n<meta property=\"og:title\" content=\"Torschutzvorrichtungen, Sicherheit auf dem Sportplatz | Codex srl\" \/>\n<meta property=\"og:description\" content=\"Um die Sicherheit auf Sportpl\u00e4tzen, insbesondere auf Fu\u00dfballpl\u00e4tzen, zu gew\u00e4hrleisten, stellt Codex verschiedene Schutzvorrichtungen her, darunter auch Fu\u00dfballtorschutzvorrichtungen.\" \/>\n<meta property=\"og:url\" content=\"https:\/\/www.codexsrl.com\/de\/produkt\/fussballtor-schutzvorrichtungen\/\" \/>\n<meta property=\"og:site_name\" content=\"Codex srl\" \/>\n<meta property=\"article:publisher\" content=\"https:\/\/www.facebook.com\/codexsicurezza\" \/>\n<meta property=\"article:modified_time\" content=\"2024-03-13T11:07:47+00:00\" \/>\n<meta property=\"og:image\" content=\"https:\/\/www.codexsrl.com\/wp-content\/uploads\/2016\/07\/protezioni-porte-da-calcio_codexsrl.jpg\" \/>\n\t<meta property=\"og:image:width\" content=\"900\" \/>\n\t<meta property=\"og:image:height\" content=\"675\" \/>\n\t<meta property=\"og:image:type\" content=\"image\/jpeg\" \/>\n<meta name=\"twitter:card\" content=\"summary_large_image\" \/>\n<script type=\"application\/ld+json\" class=\"yoast-schema-graph\">{\"@context\":\"https:\/\/schema.org\",\"@graph\":[{\"@type\":\"WebPage\",\"@id\":\"https:\/\/www.codexsrl.com\/de\/produkt\/fussballtor-schutzvorrichtungen\/\",\"url\":\"https:\/\/www.codexsrl.com\/de\/produkt\/fussballtor-schutzvorrichtungen\/\",\"name\":\"Torschutzvorrichtungen, Sicherheit auf dem Sportplatz | Codex srl\",\"isPartOf\":{\"@id\":\"https:\/\/www.codexsrl.com\/de\/#website\"},\"primaryImageOfPage\":{\"@id\":\"https:\/\/www.codexsrl.com\/de\/produkt\/fussballtor-schutzvorrichtungen\/#primaryimage\"},\"image\":{\"@id\":\"https:\/\/www.codexsrl.com\/de\/produkt\/fussballtor-schutzvorrichtungen\/#primaryimage\"},\"thumbnailUrl\":\"https:\/\/www.codexsrl.com\/wp-content\/uploads\/2016\/07\/protezioni-porte-da-calcio_codexsrl.jpg\",\"datePublished\":\"2016-07-15T07:53:23+00:00\",\"dateModified\":\"2024-03-13T11:07:47+00:00\",\"description\":\"Um die Sicherheit auf Sportpl\u00e4tzen, insbesondere auf Fu\u00dfballpl\u00e4tzen, zu gew\u00e4hrleisten, stellt Codex verschiedene Schutzvorrichtungen her, darunter auch Fu\u00dfballtorschutzvorrichtungen.\",\"breadcrumb\":{\"@id\":\"https:\/\/www.codexsrl.com\/de\/produkt\/fussballtor-schutzvorrichtungen\/#breadcrumb\"},\"inLanguage\":\"de\",\"potentialAction\":[{\"@type\":\"ReadAction\",\"target\":[\"https:\/\/www.codexsrl.com\/de\/produkt\/fussballtor-schutzvorrichtungen\/\"]}]},{\"@type\":\"ImageObject\",\"inLanguage\":\"de\",\"@id\":\"https:\/\/www.codexsrl.com\/de\/produkt\/fussballtor-schutzvorrichtungen\/#primaryimage\",\"url\":\"https:\/\/www.codexsrl.com\/wp-content\/uploads\/2016\/07\/protezioni-porte-da-calcio_codexsrl.jpg\",\"contentUrl\":\"https:\/\/www.codexsrl.com\/wp-content\/uploads\/2016\/07\/protezioni-porte-da-calcio_codexsrl.jpg\",\"width\":900,\"height\":675,\"caption\":\"Fu\u00dfballtorsch\u00fctzer\"},{\"@type\":\"BreadcrumbList\",\"@id\":\"https:\/\/www.codexsrl.com\/de\/produkt\/fussballtor-schutzvorrichtungen\/#breadcrumb\",\"itemListElement\":[{\"@type\":\"ListItem\",\"position\":1,\"name\":\"Home\",\"item\":\"https:\/\/www.codexsrl.com\/de\/\"},{\"@type\":\"ListItem\",\"position\":2,\"name\":\"Gesamtkatalog\",\"item\":\"https:\/\/www.codexsrl.com\/de\/gesamtkatalog\/\"},{\"@type\":\"ListItem\",\"position\":3,\"name\":\"Fu\u00dfballtor-Schutzvorrichtungen\"}]},{\"@type\":\"WebSite\",\"@id\":\"https:\/\/www.codexsrl.com\/de\/#website\",\"url\":\"https:\/\/www.codexsrl.com\/de\/\",\"name\":\"Codex srl\",\"description\":\"Sch\u00fctzt und dekoriert\",\"publisher\":{\"@id\":\"https:\/\/www.codexsrl.com\/de\/#organization\"},\"alternateName\":\"Codex Protezioni Antitrauma e Pavimentazioni\",\"potentialAction\":[{\"@type\":\"SearchAction\",\"target\":{\"@type\":\"EntryPoint\",\"urlTemplate\":\"https:\/\/www.codexsrl.com\/de\/?s={search_term_string}\"},\"query-input\":\"required name=search_term_string\"}],\"inLanguage\":\"de\"},{\"@type\":\"Organization\",\"@id\":\"https:\/\/www.codexsrl.com\/de\/#organization\",\"name\":\"Codex srl\",\"alternateName\":\"Codex Protezioni Antitrauma e Pavimentazioni\",\"url\":\"https:\/\/www.codexsrl.com\/de\/\",\"logo\":{\"@type\":\"ImageObject\",\"inLanguage\":\"de\",\"@id\":\"https:\/\/www.codexsrl.com\/de\/#\/schema\/logo\/image\/\",\"url\":\"https:\/\/www.codexsrl.com\/wp-content\/uploads\/2024\/01\/logo-Codex.webp\",\"contentUrl\":\"https:\/\/www.codexsrl.com\/wp-content\/uploads\/2024\/01\/logo-Codex.webp\",\"width\":527,\"height\":143,\"caption\":\"Codex srl\"},\"image\":{\"@id\":\"https:\/\/www.codexsrl.com\/de\/#\/schema\/logo\/image\/\"},\"sameAs\":[\"https:\/\/www.facebook.com\/codexsicurezza\",\"https:\/\/www.instagram.com\/codexsrl\/\",\"https:\/\/www.linkedin.com\/company\/codexsrl\/\"]}]}<\/script>\n<!-- \/ Yoast SEO plugin. -->","yoast_head_json":{"title":"Torschutzvorrichtungen, Sicherheit auf dem Sportplatz | Codex srl","description":"Um die Sicherheit auf Sportpl\u00e4tzen, insbesondere auf Fu\u00dfballpl\u00e4tzen, zu gew\u00e4hrleisten, stellt Codex verschiedene Schutzvorrichtungen her, darunter auch Fu\u00dfballtorschutzvorrichtungen.","robots":{"index":"index","follow":"follow","max-snippet":"max-snippet:-1","max-image-preview":"max-image-preview:large","max-video-preview":"max-video-preview:-1"},"canonical":"https:\/\/www.codexsrl.com\/de\/produkt\/fussballtor-schutzvorrichtungen\/","og_locale":"de_DE","og_type":"article","og_title":"Torschutzvorrichtungen, Sicherheit auf dem Sportplatz | Codex srl","og_description":"Um die Sicherheit auf Sportpl\u00e4tzen, insbesondere auf Fu\u00dfballpl\u00e4tzen, zu gew\u00e4hrleisten, stellt Codex verschiedene Schutzvorrichtungen her, darunter auch Fu\u00dfballtorschutzvorrichtungen.","og_url":"https:\/\/www.codexsrl.com\/de\/produkt\/fussballtor-schutzvorrichtungen\/","og_site_name":"Codex srl","article_publisher":"https:\/\/www.facebook.com\/codexsicurezza","article_modified_time":"2024-03-13T11:07:47+00:00","og_image":[{"width":900,"height":675,"url":"https:\/\/www.codexsrl.com\/wp-content\/uploads\/2016\/07\/protezioni-porte-da-calcio_codexsrl.jpg","type":"image\/jpeg"}],"twitter_card":"summary_large_image","schema":{"@context":"https:\/\/schema.org","@graph":[{"@type":"WebPage","@id":"https:\/\/www.codexsrl.com\/de\/produkt\/fussballtor-schutzvorrichtungen\/","url":"https:\/\/www.codexsrl.com\/de\/produkt\/fussballtor-schutzvorrichtungen\/","name":"Torschutzvorrichtungen, Sicherheit auf dem Sportplatz | Codex srl","isPartOf":{"@id":"https:\/\/www.codexsrl.com\/de\/#website"},"primaryImageOfPage":{"@id":"https:\/\/www.codexsrl.com\/de\/produkt\/fussballtor-schutzvorrichtungen\/#primaryimage"},"image":{"@id":"https:\/\/www.codexsrl.com\/de\/produkt\/fussballtor-schutzvorrichtungen\/#primaryimage"},"thumbnailUrl":"https:\/\/www.codexsrl.com\/wp-content\/uploads\/2016\/07\/protezioni-porte-da-calcio_codexsrl.jpg","datePublished":"2016-07-15T07:53:23+00:00","dateModified":"2024-03-13T11:07:47+00:00","description":"Um die Sicherheit auf Sportpl\u00e4tzen, insbesondere auf Fu\u00dfballpl\u00e4tzen, zu gew\u00e4hrleisten, stellt Codex verschiedene Schutzvorrichtungen her, darunter auch Fu\u00dfballtorschutzvorrichtungen.","breadcrumb":{"@id":"https:\/\/www.codexsrl.com\/de\/produkt\/fussballtor-schutzvorrichtungen\/#breadcrumb"},"inLanguage":"de","potentialAction":[{"@type":"ReadAction","target":["https:\/\/www.codexsrl.com\/de\/produkt\/fussballtor-schutzvorrichtungen\/"]}]},{"@type":"ImageObject","inLanguage":"de","@id":"https:\/\/www.codexsrl.com\/de\/produkt\/fussballtor-schutzvorrichtungen\/#primaryimage","url":"https:\/\/www.codexsrl.com\/wp-content\/uploads\/2016\/07\/protezioni-porte-da-calcio_codexsrl.jpg","contentUrl":"https:\/\/www.codexsrl.com\/wp-content\/uploads\/2016\/07\/protezioni-porte-da-calcio_codexsrl.jpg","width":900,"height":675,"caption":"Fu\u00dfballtorsch\u00fctzer"},{"@type":"BreadcrumbList","@id":"https:\/\/www.codexsrl.com\/de\/produkt\/fussballtor-schutzvorrichtungen\/#breadcrumb","itemListElement":[{"@type":"ListItem","position":1,"name":"Home","item":"https:\/\/www.codexsrl.com\/de\/"},{"@type":"ListItem","position":2,"name":"Gesamtkatalog","item":"https:\/\/www.codexsrl.com\/de\/gesamtkatalog\/"},{"@type":"ListItem","position":3,"name":"Fu\u00dfballtor-Schutzvorrichtungen"}]},{"@type":"WebSite","@id":"https:\/\/www.codexsrl.com\/de\/#website","url":"https:\/\/www.codexsrl.com\/de\/","name":"Codex srl","description":"Sch\u00fctzt und dekoriert","publisher":{"@id":"https:\/\/www.codexsrl.com\/de\/#organization"},"alternateName":"Codex Protezioni Antitrauma e Pavimentazioni","potentialAction":[{"@type":"SearchAction","target":{"@type":"EntryPoint","urlTemplate":"https:\/\/www.codexsrl.com\/de\/?s={search_term_string}"},"query-input":"required name=search_term_string"}],"inLanguage":"de"},{"@type":"Organization","@id":"https:\/\/www.codexsrl.com\/de\/#organization","name":"Codex srl","alternateName":"Codex Protezioni Antitrauma e Pavimentazioni","url":"https:\/\/www.codexsrl.com\/de\/","logo":{"@type":"ImageObject","inLanguage":"de","@id":"https:\/\/www.codexsrl.com\/de\/#\/schema\/logo\/image\/","url":"https:\/\/www.codexsrl.com\/wp-content\/uploads\/2024\/01\/logo-Codex.webp","contentUrl":"https:\/\/www.codexsrl.com\/wp-content\/uploads\/2024\/01\/logo-Codex.webp","width":527,"height":143,"caption":"Codex srl"},"image":{"@id":"https:\/\/www.codexsrl.com\/de\/#\/schema\/logo\/image\/"},"sameAs":["https:\/\/www.facebook.com\/codexsicurezza","https:\/\/www.instagram.com\/codexsrl\/","https:\/\/www.linkedin.com\/company\/codexsrl\/"]}]}},"_links":{"self":[{"href":"https:\/\/www.codexsrl.com\/de\/wp-json\/wp\/v2\/product\/10044"}],"collection":[{"href":"https:\/\/www.codexsrl.com\/de\/wp-json\/wp\/v2\/product"}],"about":[{"href":"https:\/\/www.codexsrl.com\/de\/wp-json\/wp\/v2\/types\/product"}],"wp:featuredmedia":[{"embeddable":true,"href":"https:\/\/www.codexsrl.com\/de\/wp-json\/wp\/v2\/media\/8371"}],"wp:attachment":[{"href":"https:\/\/www.codexsrl.com\/de\/wp-json\/wp\/v2\/media?parent=10044"}],"wp:term":[{"taxonomy":"product_cat","embeddable":true,"href":"https:\/\/www.codexsrl.com\/de\/wp-json\/wp\/v2\/product_cat?post=10044"},{"taxonomy":"product_tag","embeddable":true,"href":"https:\/\/www.codexsrl.com\/de\/wp-json\/wp\/v2\/product_tag?post=10044"}],"curies":[{"name":"wp","href":"https:\/\/api.w.org\/{rel}","templated":true}]}}