{"id":10046,"date":"2016-07-27T11:03:58","date_gmt":"2016-07-27T09:03:58","guid":{"rendered":"http:\/\/codexsrl.com.94-76-252-100.web-agency-padova.it\/catalogo\/unkategorisiert\/terrassenboeden\/"},"modified":"2024-03-18T18:51:46","modified_gmt":"2024-03-18T17:51:46","slug":"terrassenboeden","status":"publish","type":"product","link":"https:\/\/www.codexsrl.com\/de\/produkt\/terrassenboeden\/","title":{"rendered":"Terrassenb\u00f6den"},"content":{"rendered":"","protected":false},"excerpt":{"rendered":"<p>Quadrio kann in verschiedenen Bereichen installiert werden, sofern es sich um Au\u00dfenbereiche handelt. Zu den zahlreichen Gebieten geh\u00f6ren Terrassen jeder Gr\u00f6\u00dfe und Struktur (Privath\u00e4user, Beherbergungsbetriebe usw.).<\/p>\n<p>Unsere Terrassenb\u00f6den sind vollst\u00e4ndig entw\u00e4ssert, verletzungsfrei und rutschfest. Dank der Materialzusammensetzung trocknen sie auch nach starkem Regen schnell und werden nicht rutschig.<\/p>\n","protected":false},"featured_media":6875,"template":"","meta":[],"product_cat":[402],"product_tag":[351],"yoast_head":"<!-- This site is optimized with the Yoast SEO plugin v22.3 - https:\/\/yoast.com\/wordpress\/plugins\/seo\/ -->\n<title>Terrassenb\u00f6den, entw\u00e4ssernd und rutschfest | Codex srl<\/title>\n<meta name=\"description\" content=\"Terrassenb\u00f6den nach Ma\u00df. Hergestellt aus SBR-Gummigranulat, wasserdurchl\u00e4ssig, rutschfest und mit hohem Sto\u00dfd\u00e4mpfungsverm\u00f6gen.\" \/>\n<meta name=\"robots\" content=\"index, follow, max-snippet:-1, max-image-preview:large, max-video-preview:-1\" \/>\n<link rel=\"canonical\" href=\"https:\/\/www.codexsrl.com\/de\/produkt\/terrassenboeden\/\" \/>\n<meta property=\"og:locale\" content=\"de_DE\" \/>\n<meta property=\"og:type\" content=\"article\" \/>\n<meta property=\"og:title\" content=\"Terrassenb\u00f6den, entw\u00e4ssernd und rutschfest | Codex srl\" \/>\n<meta property=\"og:description\" content=\"Terrassenb\u00f6den nach Ma\u00df. Hergestellt aus SBR-Gummigranulat, wasserdurchl\u00e4ssig, rutschfest und mit hohem Sto\u00dfd\u00e4mpfungsverm\u00f6gen.\" \/>\n<meta property=\"og:url\" content=\"https:\/\/www.codexsrl.com\/de\/produkt\/terrassenboeden\/\" \/>\n<meta property=\"og:site_name\" content=\"Codex srl\" \/>\n<meta property=\"article:publisher\" content=\"https:\/\/www.facebook.com\/codexsicurezza\" \/>\n<meta property=\"article:modified_time\" content=\"2024-03-18T17:51:46+00:00\" \/>\n<meta property=\"og:image\" content=\"https:\/\/www.codexsrl.com\/wp-content\/uploads\/2016\/07\/Terrazze.jpg\" \/>\n\t<meta property=\"og:image:width\" content=\"900\" \/>\n\t<meta property=\"og:image:height\" content=\"675\" \/>\n\t<meta property=\"og:image:type\" content=\"image\/jpeg\" \/>\n<meta name=\"twitter:card\" content=\"summary_large_image\" \/>\n<script type=\"application\/ld+json\" class=\"yoast-schema-graph\">{\"@context\":\"https:\/\/schema.org\",\"@graph\":[{\"@type\":\"WebPage\",\"@id\":\"https:\/\/www.codexsrl.com\/de\/produkt\/terrassenboeden\/\",\"url\":\"https:\/\/www.codexsrl.com\/de\/produkt\/terrassenboeden\/\",\"name\":\"Terrassenb\u00f6den, entw\u00e4ssernd und rutschfest | Codex srl\",\"isPartOf\":{\"@id\":\"https:\/\/www.codexsrl.com\/de\/#website\"},\"primaryImageOfPage\":{\"@id\":\"https:\/\/www.codexsrl.com\/de\/produkt\/terrassenboeden\/#primaryimage\"},\"image\":{\"@id\":\"https:\/\/www.codexsrl.com\/de\/produkt\/terrassenboeden\/#primaryimage\"},\"thumbnailUrl\":\"https:\/\/www.codexsrl.com\/wp-content\/uploads\/2016\/07\/Terrazze.jpg\",\"datePublished\":\"2016-07-27T09:03:58+00:00\",\"dateModified\":\"2024-03-18T17:51:46+00:00\",\"description\":\"Terrassenb\u00f6den nach Ma\u00df. Hergestellt aus SBR-Gummigranulat, wasserdurchl\u00e4ssig, rutschfest und mit hohem Sto\u00dfd\u00e4mpfungsverm\u00f6gen.\",\"breadcrumb\":{\"@id\":\"https:\/\/www.codexsrl.com\/de\/produkt\/terrassenboeden\/#breadcrumb\"},\"inLanguage\":\"de\",\"potentialAction\":[{\"@type\":\"ReadAction\",\"target\":[\"https:\/\/www.codexsrl.com\/de\/produkt\/terrassenboeden\/\"]}]},{\"@type\":\"ImageObject\",\"inLanguage\":\"de\",\"@id\":\"https:\/\/www.codexsrl.com\/de\/produkt\/terrassenboeden\/#primaryimage\",\"url\":\"https:\/\/www.codexsrl.com\/wp-content\/uploads\/2016\/07\/Terrazze.jpg\",\"contentUrl\":\"https:\/\/www.codexsrl.com\/wp-content\/uploads\/2016\/07\/Terrazze.jpg\",\"width\":900,\"height\":675,\"caption\":\"Terrassenb\u00f6den\"},{\"@type\":\"BreadcrumbList\",\"@id\":\"https:\/\/www.codexsrl.com\/de\/produkt\/terrassenboeden\/#breadcrumb\",\"itemListElement\":[{\"@type\":\"ListItem\",\"position\":1,\"name\":\"Home\",\"item\":\"https:\/\/www.codexsrl.com\/de\/\"},{\"@type\":\"ListItem\",\"position\":2,\"name\":\"Gesamtkatalog\",\"item\":\"https:\/\/www.codexsrl.com\/de\/gesamtkatalog\/\"},{\"@type\":\"ListItem\",\"position\":3,\"name\":\"Terrassenb\u00f6den\"}]},{\"@type\":\"WebSite\",\"@id\":\"https:\/\/www.codexsrl.com\/de\/#website\",\"url\":\"https:\/\/www.codexsrl.com\/de\/\",\"name\":\"Codex srl\",\"description\":\"Sch\u00fctzt und dekoriert\",\"publisher\":{\"@id\":\"https:\/\/www.codexsrl.com\/de\/#organization\"},\"alternateName\":\"Codex Protezioni Antitrauma e Pavimentazioni\",\"potentialAction\":[{\"@type\":\"SearchAction\",\"target\":{\"@type\":\"EntryPoint\",\"urlTemplate\":\"https:\/\/www.codexsrl.com\/de\/?s={search_term_string}\"},\"query-input\":\"required name=search_term_string\"}],\"inLanguage\":\"de\"},{\"@type\":\"Organization\",\"@id\":\"https:\/\/www.codexsrl.com\/de\/#organization\",\"name\":\"Codex srl\",\"alternateName\":\"Codex Protezioni Antitrauma e Pavimentazioni\",\"url\":\"https:\/\/www.codexsrl.com\/de\/\",\"logo\":{\"@type\":\"ImageObject\",\"inLanguage\":\"de\",\"@id\":\"https:\/\/www.codexsrl.com\/de\/#\/schema\/logo\/image\/\",\"url\":\"https:\/\/www.codexsrl.com\/wp-content\/uploads\/2024\/01\/logo-Codex.webp\",\"contentUrl\":\"https:\/\/www.codexsrl.com\/wp-content\/uploads\/2024\/01\/logo-Codex.webp\",\"width\":527,\"height\":143,\"caption\":\"Codex srl\"},\"image\":{\"@id\":\"https:\/\/www.codexsrl.com\/de\/#\/schema\/logo\/image\/\"},\"sameAs\":[\"https:\/\/www.facebook.com\/codexsicurezza\",\"https:\/\/www.instagram.com\/codexsrl\/\",\"https:\/\/www.linkedin.com\/company\/codexsrl\/\"]}]}<\/script>\n<!-- \/ Yoast SEO plugin. -->","yoast_head_json":{"title":"Terrassenb\u00f6den, entw\u00e4ssernd und rutschfest | Codex srl","description":"Terrassenb\u00f6den nach Ma\u00df. Hergestellt aus SBR-Gummigranulat, wasserdurchl\u00e4ssig, rutschfest und mit hohem Sto\u00dfd\u00e4mpfungsverm\u00f6gen.","robots":{"index":"index","follow":"follow","max-snippet":"max-snippet:-1","max-image-preview":"max-image-preview:large","max-video-preview":"max-video-preview:-1"},"canonical":"https:\/\/www.codexsrl.com\/de\/produkt\/terrassenboeden\/","og_locale":"de_DE","og_type":"article","og_title":"Terrassenb\u00f6den, entw\u00e4ssernd und rutschfest | Codex srl","og_description":"Terrassenb\u00f6den nach Ma\u00df. Hergestellt aus SBR-Gummigranulat, wasserdurchl\u00e4ssig, rutschfest und mit hohem Sto\u00dfd\u00e4mpfungsverm\u00f6gen.","og_url":"https:\/\/www.codexsrl.com\/de\/produkt\/terrassenboeden\/","og_site_name":"Codex srl","article_publisher":"https:\/\/www.facebook.com\/codexsicurezza","article_modified_time":"2024-03-18T17:51:46+00:00","og_image":[{"width":900,"height":675,"url":"https:\/\/www.codexsrl.com\/wp-content\/uploads\/2016\/07\/Terrazze.jpg","type":"image\/jpeg"}],"twitter_card":"summary_large_image","schema":{"@context":"https:\/\/schema.org","@graph":[{"@type":"WebPage","@id":"https:\/\/www.codexsrl.com\/de\/produkt\/terrassenboeden\/","url":"https:\/\/www.codexsrl.com\/de\/produkt\/terrassenboeden\/","name":"Terrassenb\u00f6den, entw\u00e4ssernd und rutschfest | Codex srl","isPartOf":{"@id":"https:\/\/www.codexsrl.com\/de\/#website"},"primaryImageOfPage":{"@id":"https:\/\/www.codexsrl.com\/de\/produkt\/terrassenboeden\/#primaryimage"},"image":{"@id":"https:\/\/www.codexsrl.com\/de\/produkt\/terrassenboeden\/#primaryimage"},"thumbnailUrl":"https:\/\/www.codexsrl.com\/wp-content\/uploads\/2016\/07\/Terrazze.jpg","datePublished":"2016-07-27T09:03:58+00:00","dateModified":"2024-03-18T17:51:46+00:00","description":"Terrassenb\u00f6den nach Ma\u00df. Hergestellt aus SBR-Gummigranulat, wasserdurchl\u00e4ssig, rutschfest und mit hohem Sto\u00dfd\u00e4mpfungsverm\u00f6gen.","breadcrumb":{"@id":"https:\/\/www.codexsrl.com\/de\/produkt\/terrassenboeden\/#breadcrumb"},"inLanguage":"de","potentialAction":[{"@type":"ReadAction","target":["https:\/\/www.codexsrl.com\/de\/produkt\/terrassenboeden\/"]}]},{"@type":"ImageObject","inLanguage":"de","@id":"https:\/\/www.codexsrl.com\/de\/produkt\/terrassenboeden\/#primaryimage","url":"https:\/\/www.codexsrl.com\/wp-content\/uploads\/2016\/07\/Terrazze.jpg","contentUrl":"https:\/\/www.codexsrl.com\/wp-content\/uploads\/2016\/07\/Terrazze.jpg","width":900,"height":675,"caption":"Terrassenb\u00f6den"},{"@type":"BreadcrumbList","@id":"https:\/\/www.codexsrl.com\/de\/produkt\/terrassenboeden\/#breadcrumb","itemListElement":[{"@type":"ListItem","position":1,"name":"Home","item":"https:\/\/www.codexsrl.com\/de\/"},{"@type":"ListItem","position":2,"name":"Gesamtkatalog","item":"https:\/\/www.codexsrl.com\/de\/gesamtkatalog\/"},{"@type":"ListItem","position":3,"name":"Terrassenb\u00f6den"}]},{"@type":"WebSite","@id":"https:\/\/www.codexsrl.com\/de\/#website","url":"https:\/\/www.codexsrl.com\/de\/","name":"Codex srl","description":"Sch\u00fctzt und dekoriert","publisher":{"@id":"https:\/\/www.codexsrl.com\/de\/#organization"},"alternateName":"Codex Protezioni Antitrauma e Pavimentazioni","potentialAction":[{"@type":"SearchAction","target":{"@type":"EntryPoint","urlTemplate":"https:\/\/www.codexsrl.com\/de\/?s={search_term_string}"},"query-input":"required name=search_term_string"}],"inLanguage":"de"},{"@type":"Organization","@id":"https:\/\/www.codexsrl.com\/de\/#organization","name":"Codex srl","alternateName":"Codex Protezioni Antitrauma e Pavimentazioni","url":"https:\/\/www.codexsrl.com\/de\/","logo":{"@type":"ImageObject","inLanguage":"de","@id":"https:\/\/www.codexsrl.com\/de\/#\/schema\/logo\/image\/","url":"https:\/\/www.codexsrl.com\/wp-content\/uploads\/2024\/01\/logo-Codex.webp","contentUrl":"https:\/\/www.codexsrl.com\/wp-content\/uploads\/2024\/01\/logo-Codex.webp","width":527,"height":143,"caption":"Codex srl"},"image":{"@id":"https:\/\/www.codexsrl.com\/de\/#\/schema\/logo\/image\/"},"sameAs":["https:\/\/www.facebook.com\/codexsicurezza","https:\/\/www.instagram.com\/codexsrl\/","https:\/\/www.linkedin.com\/company\/codexsrl\/"]}]}},"_links":{"self":[{"href":"https:\/\/www.codexsrl.com\/de\/wp-json\/wp\/v2\/product\/10046"}],"collection":[{"href":"https:\/\/www.codexsrl.com\/de\/wp-json\/wp\/v2\/product"}],"about":[{"href":"https:\/\/www.codexsrl.com\/de\/wp-json\/wp\/v2\/types\/product"}],"wp:featuredmedia":[{"embeddable":true,"href":"https:\/\/www.codexsrl.com\/de\/wp-json\/wp\/v2\/media\/6875"}],"wp:attachment":[{"href":"https:\/\/www.codexsrl.com\/de\/wp-json\/wp\/v2\/media?parent=10046"}],"wp:term":[{"taxonomy":"product_cat","embeddable":true,"href":"https:\/\/www.codexsrl.com\/de\/wp-json\/wp\/v2\/product_cat?post=10046"},{"taxonomy":"product_tag","embeddable":true,"href":"https:\/\/www.codexsrl.com\/de\/wp-json\/wp\/v2\/product_tag?post=10046"}],"curies":[{"name":"wp","href":"https:\/\/api.w.org\/{rel}","templated":true}]}}