{"id":10051,"date":"2016-09-09T11:33:08","date_gmt":"2016-09-09T09:33:08","guid":{"rendered":"http:\/\/codexsrl.com.94-76-252-100.web-agency-padova.it\/catalogo\/unkategorisiert\/eva-matten-polymat-light\/"},"modified":"2024-03-18T16:40:34","modified_gmt":"2024-03-18T15:40:34","slug":"eva-matten-polymat-light","status":"publish","type":"product","link":"https:\/\/www.codexsrl.com\/de\/produkt\/eva-matten-polymat-light\/","title":{"rendered":"EVA-Matten (Polymat Light)"},"content":{"rendered":"<p>Mit unseren Matten <span style=\"color: #ff6600;\"><a style=\"color: #ff6600;\" href=\"https:\/\/www.codexsrl.com\/de\/katalog\/materialdatenblatter\/polymat-e-v-a\/\" target=\"_blank\" rel=\"noopener\">EVA (Polymat Light)<\/a><\/span> k\u00f6nnen Sie absolute Sicherheit f\u00fcr Kinder garantieren, sowohl in <strong>\u00f6ffentlichen Bereichen<\/strong> (Kinderg\u00e4rten, Grundschulen, Babyparks und Vergn\u00fcgungsparks) als auch zu <strong>Hause<\/strong>.<\/p>\n<p>Die EVA-Interlocking-Matten sind v\u00f6llig ungiftig und formaldehydfrei, gepr\u00fcft nach <strong>EN 71<\/strong> f\u00fcr Spielzeugsicherheit. Sie sind weich, farbenfroh und langlebig, erfordern keine besondere Pflege und k\u00f6nnen einfach mit Wasser gereinigt werden.<\/p>\n<p>EVA-Kindermatten gibt <strong>es in verschiedenen Gr\u00f6\u00dfen, Dicken und Farben<\/strong>. Auf Wunsch individuell gestaltbar mit Tierfiguren, Zahlen, geometrischen Formen.<\/p>\n<p>Au\u00dferdem kann ein einfacher Teppich zu einem <span style=\"color: #ff6600;\"><a style=\"color: #ff6600;\" href=\"https:\/\/www.codexsrl.com\/categoria-prodotto\/scuola\/giochi-cera-una-volta\/giochi-da-interno\/\" target=\"_blank\" rel=\"noopener\">fantastische Spiele<\/a><\/span> und psychomotorische Strecken.<\/p>\n","protected":false},"excerpt":{"rendered":"<p>EVA-Polymat-Matten eignen sich besonders f\u00fcr den Einsatz in der fr\u00fchen Kindheit, in der Pflichtschule und in Privathaushalten.<\/p>\n<p>Polymat Light (E.V.A.), das Material, aus dem sie hergestellt werden, ist sehr widerstandsf\u00e4hig und elastisch, leicht abwaschbar, <strong>v\u00f6llig ungiftig<\/strong> und hat ein hohes Sto\u00dfd\u00e4mpfungsverm\u00f6gen.<\/p>\n<p>Die <strong>EVA-Matten sind selbstlegende, ineinandergreifende Matten<\/strong> f\u00fcr sichere und lustige Bodenspiele und Aktivit\u00e4ten.<br \/>\nVerf\u00fcgbar in verschiedenen Formaten, St\u00e4rken und Farben.<\/p>\n","protected":false},"featured_media":8705,"template":"","meta":[],"product_cat":[422,486,313,314,317,350,382],"product_tag":[421],"yoast_head":"<!-- This site is optimized with the Yoast SEO plugin v22.3 - https:\/\/yoast.com\/wordpress\/plugins\/seo\/ -->\n<title>EVA Polymat Matten, Kinderpuzzle Boden | Codex srl<\/title>\n<meta name=\"description\" content=\"EVA-Polymat-Teppich als Puzzleboden f\u00fcr Kinder. Es ist leicht abwaschbar, v\u00f6llig ungiftig und hat ein hohes Sto\u00dfd\u00e4mpfungsverm\u00f6gen.\" \/>\n<meta name=\"robots\" content=\"index, follow, max-snippet:-1, max-image-preview:large, max-video-preview:-1\" \/>\n<link rel=\"canonical\" href=\"https:\/\/www.codexsrl.com\/de\/produkt\/eva-matten-polymat-light\/\" \/>\n<meta property=\"og:locale\" content=\"de_DE\" \/>\n<meta property=\"og:type\" content=\"article\" \/>\n<meta property=\"og:title\" content=\"EVA Polymat Matten, Kinderpuzzle Boden | Codex srl\" \/>\n<meta property=\"og:description\" content=\"EVA-Polymat-Teppich als Puzzleboden f\u00fcr Kinder. Es ist leicht abwaschbar, v\u00f6llig ungiftig und hat ein hohes Sto\u00dfd\u00e4mpfungsverm\u00f6gen.\" \/>\n<meta property=\"og:url\" content=\"https:\/\/www.codexsrl.com\/de\/produkt\/eva-matten-polymat-light\/\" \/>\n<meta property=\"og:site_name\" content=\"Codex srl\" \/>\n<meta property=\"article:publisher\" content=\"https:\/\/www.facebook.com\/codexsicurezza\" \/>\n<meta property=\"article:modified_time\" content=\"2024-03-18T15:40:34+00:00\" \/>\n<meta property=\"og:image\" content=\"https:\/\/www.codexsrl.com\/wp-content\/uploads\/2016\/09\/tappeti-in-eva-per-bambini-ad-incastro_codexsrl.jpg\" \/>\n\t<meta property=\"og:image:width\" content=\"900\" \/>\n\t<meta property=\"og:image:height\" content=\"675\" \/>\n\t<meta property=\"og:image:type\" content=\"image\/jpeg\" \/>\n<meta name=\"twitter:card\" content=\"summary_large_image\" \/>\n<script type=\"application\/ld+json\" class=\"yoast-schema-graph\">{\"@context\":\"https:\/\/schema.org\",\"@graph\":[{\"@type\":\"WebPage\",\"@id\":\"https:\/\/www.codexsrl.com\/de\/produkt\/eva-matten-polymat-light\/\",\"url\":\"https:\/\/www.codexsrl.com\/de\/produkt\/eva-matten-polymat-light\/\",\"name\":\"EVA Polymat Matten, Kinderpuzzle Boden | Codex srl\",\"isPartOf\":{\"@id\":\"https:\/\/www.codexsrl.com\/de\/#website\"},\"primaryImageOfPage\":{\"@id\":\"https:\/\/www.codexsrl.com\/de\/produkt\/eva-matten-polymat-light\/#primaryimage\"},\"image\":{\"@id\":\"https:\/\/www.codexsrl.com\/de\/produkt\/eva-matten-polymat-light\/#primaryimage\"},\"thumbnailUrl\":\"https:\/\/www.codexsrl.com\/wp-content\/uploads\/2016\/09\/tappeti-in-eva-per-bambini-ad-incastro_codexsrl.jpg\",\"datePublished\":\"2016-09-09T09:33:08+00:00\",\"dateModified\":\"2024-03-18T15:40:34+00:00\",\"description\":\"EVA-Polymat-Teppich als Puzzleboden f\u00fcr Kinder. Es ist leicht abwaschbar, v\u00f6llig ungiftig und hat ein hohes Sto\u00dfd\u00e4mpfungsverm\u00f6gen.\",\"breadcrumb\":{\"@id\":\"https:\/\/www.codexsrl.com\/de\/produkt\/eva-matten-polymat-light\/#breadcrumb\"},\"inLanguage\":\"de\",\"potentialAction\":[{\"@type\":\"ReadAction\",\"target\":[\"https:\/\/www.codexsrl.com\/de\/produkt\/eva-matten-polymat-light\/\"]}]},{\"@type\":\"ImageObject\",\"inLanguage\":\"de\",\"@id\":\"https:\/\/www.codexsrl.com\/de\/produkt\/eva-matten-polymat-light\/#primaryimage\",\"url\":\"https:\/\/www.codexsrl.com\/wp-content\/uploads\/2016\/09\/tappeti-in-eva-per-bambini-ad-incastro_codexsrl.jpg\",\"contentUrl\":\"https:\/\/www.codexsrl.com\/wp-content\/uploads\/2016\/09\/tappeti-in-eva-per-bambini-ad-incastro_codexsrl.jpg\",\"width\":900,\"height\":675,\"caption\":\"ineinandergreifende eva-Teppiche f\u00fcr Kinder\"},{\"@type\":\"BreadcrumbList\",\"@id\":\"https:\/\/www.codexsrl.com\/de\/produkt\/eva-matten-polymat-light\/#breadcrumb\",\"itemListElement\":[{\"@type\":\"ListItem\",\"position\":1,\"name\":\"Home\",\"item\":\"https:\/\/www.codexsrl.com\/de\/\"},{\"@type\":\"ListItem\",\"position\":2,\"name\":\"Gesamtkatalog\",\"item\":\"https:\/\/www.codexsrl.com\/de\/gesamtkatalog\/\"},{\"@type\":\"ListItem\",\"position\":3,\"name\":\"EVA-Matten (Polymat Light)\"}]},{\"@type\":\"WebSite\",\"@id\":\"https:\/\/www.codexsrl.com\/de\/#website\",\"url\":\"https:\/\/www.codexsrl.com\/de\/\",\"name\":\"Codex srl\",\"description\":\"Sch\u00fctzt und dekoriert\",\"publisher\":{\"@id\":\"https:\/\/www.codexsrl.com\/de\/#organization\"},\"alternateName\":\"Codex Protezioni Antitrauma e Pavimentazioni\",\"potentialAction\":[{\"@type\":\"SearchAction\",\"target\":{\"@type\":\"EntryPoint\",\"urlTemplate\":\"https:\/\/www.codexsrl.com\/de\/?s={search_term_string}\"},\"query-input\":\"required name=search_term_string\"}],\"inLanguage\":\"de\"},{\"@type\":\"Organization\",\"@id\":\"https:\/\/www.codexsrl.com\/de\/#organization\",\"name\":\"Codex srl\",\"alternateName\":\"Codex Protezioni Antitrauma e Pavimentazioni\",\"url\":\"https:\/\/www.codexsrl.com\/de\/\",\"logo\":{\"@type\":\"ImageObject\",\"inLanguage\":\"de\",\"@id\":\"https:\/\/www.codexsrl.com\/de\/#\/schema\/logo\/image\/\",\"url\":\"https:\/\/www.codexsrl.com\/wp-content\/uploads\/2024\/01\/logo-Codex.webp\",\"contentUrl\":\"https:\/\/www.codexsrl.com\/wp-content\/uploads\/2024\/01\/logo-Codex.webp\",\"width\":527,\"height\":143,\"caption\":\"Codex srl\"},\"image\":{\"@id\":\"https:\/\/www.codexsrl.com\/de\/#\/schema\/logo\/image\/\"},\"sameAs\":[\"https:\/\/www.facebook.com\/codexsicurezza\",\"https:\/\/www.instagram.com\/codexsrl\/\",\"https:\/\/www.linkedin.com\/company\/codexsrl\/\"]}]}<\/script>\n<!-- \/ Yoast SEO plugin. -->","yoast_head_json":{"title":"EVA Polymat Matten, Kinderpuzzle Boden | Codex srl","description":"EVA-Polymat-Teppich als Puzzleboden f\u00fcr Kinder. Es ist leicht abwaschbar, v\u00f6llig ungiftig und hat ein hohes Sto\u00dfd\u00e4mpfungsverm\u00f6gen.","robots":{"index":"index","follow":"follow","max-snippet":"max-snippet:-1","max-image-preview":"max-image-preview:large","max-video-preview":"max-video-preview:-1"},"canonical":"https:\/\/www.codexsrl.com\/de\/produkt\/eva-matten-polymat-light\/","og_locale":"de_DE","og_type":"article","og_title":"EVA Polymat Matten, Kinderpuzzle Boden | Codex srl","og_description":"EVA-Polymat-Teppich als Puzzleboden f\u00fcr Kinder. Es ist leicht abwaschbar, v\u00f6llig ungiftig und hat ein hohes Sto\u00dfd\u00e4mpfungsverm\u00f6gen.","og_url":"https:\/\/www.codexsrl.com\/de\/produkt\/eva-matten-polymat-light\/","og_site_name":"Codex srl","article_publisher":"https:\/\/www.facebook.com\/codexsicurezza","article_modified_time":"2024-03-18T15:40:34+00:00","og_image":[{"width":900,"height":675,"url":"https:\/\/www.codexsrl.com\/wp-content\/uploads\/2016\/09\/tappeti-in-eva-per-bambini-ad-incastro_codexsrl.jpg","type":"image\/jpeg"}],"twitter_card":"summary_large_image","schema":{"@context":"https:\/\/schema.org","@graph":[{"@type":"WebPage","@id":"https:\/\/www.codexsrl.com\/de\/produkt\/eva-matten-polymat-light\/","url":"https:\/\/www.codexsrl.com\/de\/produkt\/eva-matten-polymat-light\/","name":"EVA Polymat Matten, Kinderpuzzle Boden | Codex srl","isPartOf":{"@id":"https:\/\/www.codexsrl.com\/de\/#website"},"primaryImageOfPage":{"@id":"https:\/\/www.codexsrl.com\/de\/produkt\/eva-matten-polymat-light\/#primaryimage"},"image":{"@id":"https:\/\/www.codexsrl.com\/de\/produkt\/eva-matten-polymat-light\/#primaryimage"},"thumbnailUrl":"https:\/\/www.codexsrl.com\/wp-content\/uploads\/2016\/09\/tappeti-in-eva-per-bambini-ad-incastro_codexsrl.jpg","datePublished":"2016-09-09T09:33:08+00:00","dateModified":"2024-03-18T15:40:34+00:00","description":"EVA-Polymat-Teppich als Puzzleboden f\u00fcr Kinder. Es ist leicht abwaschbar, v\u00f6llig ungiftig und hat ein hohes Sto\u00dfd\u00e4mpfungsverm\u00f6gen.","breadcrumb":{"@id":"https:\/\/www.codexsrl.com\/de\/produkt\/eva-matten-polymat-light\/#breadcrumb"},"inLanguage":"de","potentialAction":[{"@type":"ReadAction","target":["https:\/\/www.codexsrl.com\/de\/produkt\/eva-matten-polymat-light\/"]}]},{"@type":"ImageObject","inLanguage":"de","@id":"https:\/\/www.codexsrl.com\/de\/produkt\/eva-matten-polymat-light\/#primaryimage","url":"https:\/\/www.codexsrl.com\/wp-content\/uploads\/2016\/09\/tappeti-in-eva-per-bambini-ad-incastro_codexsrl.jpg","contentUrl":"https:\/\/www.codexsrl.com\/wp-content\/uploads\/2016\/09\/tappeti-in-eva-per-bambini-ad-incastro_codexsrl.jpg","width":900,"height":675,"caption":"ineinandergreifende eva-Teppiche f\u00fcr Kinder"},{"@type":"BreadcrumbList","@id":"https:\/\/www.codexsrl.com\/de\/produkt\/eva-matten-polymat-light\/#breadcrumb","itemListElement":[{"@type":"ListItem","position":1,"name":"Home","item":"https:\/\/www.codexsrl.com\/de\/"},{"@type":"ListItem","position":2,"name":"Gesamtkatalog","item":"https:\/\/www.codexsrl.com\/de\/gesamtkatalog\/"},{"@type":"ListItem","position":3,"name":"EVA-Matten (Polymat Light)"}]},{"@type":"WebSite","@id":"https:\/\/www.codexsrl.com\/de\/#website","url":"https:\/\/www.codexsrl.com\/de\/","name":"Codex srl","description":"Sch\u00fctzt und dekoriert","publisher":{"@id":"https:\/\/www.codexsrl.com\/de\/#organization"},"alternateName":"Codex Protezioni Antitrauma e Pavimentazioni","potentialAction":[{"@type":"SearchAction","target":{"@type":"EntryPoint","urlTemplate":"https:\/\/www.codexsrl.com\/de\/?s={search_term_string}"},"query-input":"required name=search_term_string"}],"inLanguage":"de"},{"@type":"Organization","@id":"https:\/\/www.codexsrl.com\/de\/#organization","name":"Codex srl","alternateName":"Codex Protezioni Antitrauma e Pavimentazioni","url":"https:\/\/www.codexsrl.com\/de\/","logo":{"@type":"ImageObject","inLanguage":"de","@id":"https:\/\/www.codexsrl.com\/de\/#\/schema\/logo\/image\/","url":"https:\/\/www.codexsrl.com\/wp-content\/uploads\/2024\/01\/logo-Codex.webp","contentUrl":"https:\/\/www.codexsrl.com\/wp-content\/uploads\/2024\/01\/logo-Codex.webp","width":527,"height":143,"caption":"Codex srl"},"image":{"@id":"https:\/\/www.codexsrl.com\/de\/#\/schema\/logo\/image\/"},"sameAs":["https:\/\/www.facebook.com\/codexsicurezza","https:\/\/www.instagram.com\/codexsrl\/","https:\/\/www.linkedin.com\/company\/codexsrl\/"]}]}},"_links":{"self":[{"href":"https:\/\/www.codexsrl.com\/de\/wp-json\/wp\/v2\/product\/10051"}],"collection":[{"href":"https:\/\/www.codexsrl.com\/de\/wp-json\/wp\/v2\/product"}],"about":[{"href":"https:\/\/www.codexsrl.com\/de\/wp-json\/wp\/v2\/types\/product"}],"wp:featuredmedia":[{"embeddable":true,"href":"https:\/\/www.codexsrl.com\/de\/wp-json\/wp\/v2\/media\/8705"}],"wp:attachment":[{"href":"https:\/\/www.codexsrl.com\/de\/wp-json\/wp\/v2\/media?parent=10051"}],"wp:term":[{"taxonomy":"product_cat","embeddable":true,"href":"https:\/\/www.codexsrl.com\/de\/wp-json\/wp\/v2\/product_cat?post=10051"},{"taxonomy":"product_tag","embeddable":true,"href":"https:\/\/www.codexsrl.com\/de\/wp-json\/wp\/v2\/product_tag?post=10051"}],"curies":[{"name":"wp","href":"https:\/\/api.w.org\/{rel}","templated":true}]}}