{"id":10053,"date":"2016-09-09T15:16:13","date_gmt":"2016-09-09T13:16:13","guid":{"rendered":"http:\/\/codexsrl.com.94-76-252-100.web-agency-padova.it\/catalogo\/unkategorisiert\/innen-und-aussentore-2\/"},"modified":"2024-03-13T12:09:14","modified_gmt":"2024-03-13T11:09:14","slug":"innen-und-aussentore-2","status":"publish","type":"product","link":"https:\/\/www.codexsrl.com\/de\/produkt\/innen-und-aussentore-2\/","title":{"rendered":"Innen- und Au\u00dfentore"},"content":{"rendered":"","protected":false},"excerpt":{"rendered":"<p>Unsere Tore sind ideal, um den Zugang von Kindern zu bestimmten Bereichen in Schulen (und anderen Umgebungen) zu beschr\u00e4nken, z. B. Treppen, Flure, G\u00e4rten usw.<\/p>\n<p>Unsere Tore aus Kunststoffrohr PVC &#8211; AAA (ungiftig, sto\u00dffest, splitterfrei) k\u00f6nnen sowohl im Innen- als auch im Au\u00dfenbereich eingesetzt werden.<br \/>\nNach Ma\u00df gefertigt, f\u00fcr die Wandmontage vorbereitet und in der Farbe individuell gestaltbar.<\/p>\n<p>Sie werden auch h\u00e4ufig als erg\u00e4nzendes Zubeh\u00f6r f\u00fcr Boxen und Giga-Boxen verwendet.<\/p>\n","protected":false},"featured_media":9015,"template":"","meta":[],"product_cat":[313,314],"product_tag":[415],"yoast_head":"<!-- This site is optimized with the Yoast SEO plugin v22.3 - https:\/\/yoast.com\/wordpress\/plugins\/seo\/ -->\n<title>Innen- und Au\u00dfentore | Codex srl<\/title>\n<meta name=\"description\" content=\"Innen- und Au\u00dfentore aus ungiftigem, sto\u00dffestem und splitterfreiem Kunststoffrohr, ideal f\u00fcr Schulen oder Privath\u00e4user.\" \/>\n<meta name=\"robots\" content=\"index, follow, max-snippet:-1, max-image-preview:large, max-video-preview:-1\" \/>\n<link rel=\"canonical\" href=\"https:\/\/www.codexsrl.com\/de\/produkt\/innen-und-aussentore-2\/\" \/>\n<meta property=\"og:locale\" content=\"de_DE\" \/>\n<meta property=\"og:type\" content=\"article\" \/>\n<meta property=\"og:title\" content=\"Innen- und Au\u00dfentore | Codex srl\" \/>\n<meta property=\"og:description\" content=\"Innen- und Au\u00dfentore aus ungiftigem, sto\u00dffestem und splitterfreiem Kunststoffrohr, ideal f\u00fcr Schulen oder Privath\u00e4user.\" \/>\n<meta property=\"og:url\" content=\"https:\/\/www.codexsrl.com\/de\/produkt\/innen-und-aussentore-2\/\" \/>\n<meta property=\"og:site_name\" content=\"Codex srl\" \/>\n<meta property=\"article:publisher\" content=\"https:\/\/www.facebook.com\/codexsicurezza\" \/>\n<meta property=\"article:modified_time\" content=\"2024-03-13T11:09:14+00:00\" \/>\n<meta property=\"og:image\" content=\"https:\/\/www.codexsrl.com\/wp-content\/uploads\/2016\/09\/cancelletto-per-bambini-esterno_codexsrl.jpg\" \/>\n\t<meta property=\"og:image:width\" content=\"900\" \/>\n\t<meta property=\"og:image:height\" content=\"675\" \/>\n\t<meta property=\"og:image:type\" content=\"image\/jpeg\" \/>\n<meta name=\"twitter:card\" content=\"summary_large_image\" \/>\n<script type=\"application\/ld+json\" class=\"yoast-schema-graph\">{\"@context\":\"https:\/\/schema.org\",\"@graph\":[{\"@type\":\"WebPage\",\"@id\":\"https:\/\/www.codexsrl.com\/de\/produkt\/innen-und-aussentore-2\/\",\"url\":\"https:\/\/www.codexsrl.com\/de\/produkt\/innen-und-aussentore-2\/\",\"name\":\"Innen- und Au\u00dfentore | Codex srl\",\"isPartOf\":{\"@id\":\"https:\/\/www.codexsrl.com\/de\/#website\"},\"primaryImageOfPage\":{\"@id\":\"https:\/\/www.codexsrl.com\/de\/produkt\/innen-und-aussentore-2\/#primaryimage\"},\"image\":{\"@id\":\"https:\/\/www.codexsrl.com\/de\/produkt\/innen-und-aussentore-2\/#primaryimage\"},\"thumbnailUrl\":\"https:\/\/www.codexsrl.com\/wp-content\/uploads\/2016\/09\/cancelletto-per-bambini-esterno_codexsrl.jpg\",\"datePublished\":\"2016-09-09T13:16:13+00:00\",\"dateModified\":\"2024-03-13T11:09:14+00:00\",\"description\":\"Innen- und Au\u00dfentore aus ungiftigem, sto\u00dffestem und splitterfreiem Kunststoffrohr, ideal f\u00fcr Schulen oder Privath\u00e4user.\",\"breadcrumb\":{\"@id\":\"https:\/\/www.codexsrl.com\/de\/produkt\/innen-und-aussentore-2\/#breadcrumb\"},\"inLanguage\":\"de\",\"potentialAction\":[{\"@type\":\"ReadAction\",\"target\":[\"https:\/\/www.codexsrl.com\/de\/produkt\/innen-und-aussentore-2\/\"]}]},{\"@type\":\"ImageObject\",\"inLanguage\":\"de\",\"@id\":\"https:\/\/www.codexsrl.com\/de\/produkt\/innen-und-aussentore-2\/#primaryimage\",\"url\":\"https:\/\/www.codexsrl.com\/wp-content\/uploads\/2016\/09\/cancelletto-per-bambini-esterno_codexsrl.jpg\",\"contentUrl\":\"https:\/\/www.codexsrl.com\/wp-content\/uploads\/2016\/09\/cancelletto-per-bambini-esterno_codexsrl.jpg\",\"width\":900,\"height\":675,\"caption\":\"Hallentore\"},{\"@type\":\"BreadcrumbList\",\"@id\":\"https:\/\/www.codexsrl.com\/de\/produkt\/innen-und-aussentore-2\/#breadcrumb\",\"itemListElement\":[{\"@type\":\"ListItem\",\"position\":1,\"name\":\"Home\",\"item\":\"https:\/\/www.codexsrl.com\/de\/\"},{\"@type\":\"ListItem\",\"position\":2,\"name\":\"Gesamtkatalog\",\"item\":\"https:\/\/www.codexsrl.com\/de\/gesamtkatalog\/\"},{\"@type\":\"ListItem\",\"position\":3,\"name\":\"Innen- und Au\u00dfentore\"}]},{\"@type\":\"WebSite\",\"@id\":\"https:\/\/www.codexsrl.com\/de\/#website\",\"url\":\"https:\/\/www.codexsrl.com\/de\/\",\"name\":\"Codex srl\",\"description\":\"Sch\u00fctzt und dekoriert\",\"publisher\":{\"@id\":\"https:\/\/www.codexsrl.com\/de\/#organization\"},\"alternateName\":\"Codex Protezioni Antitrauma e Pavimentazioni\",\"potentialAction\":[{\"@type\":\"SearchAction\",\"target\":{\"@type\":\"EntryPoint\",\"urlTemplate\":\"https:\/\/www.codexsrl.com\/de\/?s={search_term_string}\"},\"query-input\":\"required name=search_term_string\"}],\"inLanguage\":\"de\"},{\"@type\":\"Organization\",\"@id\":\"https:\/\/www.codexsrl.com\/de\/#organization\",\"name\":\"Codex srl\",\"alternateName\":\"Codex Protezioni Antitrauma e Pavimentazioni\",\"url\":\"https:\/\/www.codexsrl.com\/de\/\",\"logo\":{\"@type\":\"ImageObject\",\"inLanguage\":\"de\",\"@id\":\"https:\/\/www.codexsrl.com\/de\/#\/schema\/logo\/image\/\",\"url\":\"https:\/\/www.codexsrl.com\/wp-content\/uploads\/2024\/01\/logo-Codex.webp\",\"contentUrl\":\"https:\/\/www.codexsrl.com\/wp-content\/uploads\/2024\/01\/logo-Codex.webp\",\"width\":527,\"height\":143,\"caption\":\"Codex srl\"},\"image\":{\"@id\":\"https:\/\/www.codexsrl.com\/de\/#\/schema\/logo\/image\/\"},\"sameAs\":[\"https:\/\/www.facebook.com\/codexsicurezza\",\"https:\/\/www.instagram.com\/codexsrl\/\",\"https:\/\/www.linkedin.com\/company\/codexsrl\/\"]}]}<\/script>\n<!-- \/ Yoast SEO plugin. -->","yoast_head_json":{"title":"Innen- und Au\u00dfentore | Codex srl","description":"Innen- und Au\u00dfentore aus ungiftigem, sto\u00dffestem und splitterfreiem Kunststoffrohr, ideal f\u00fcr Schulen oder Privath\u00e4user.","robots":{"index":"index","follow":"follow","max-snippet":"max-snippet:-1","max-image-preview":"max-image-preview:large","max-video-preview":"max-video-preview:-1"},"canonical":"https:\/\/www.codexsrl.com\/de\/produkt\/innen-und-aussentore-2\/","og_locale":"de_DE","og_type":"article","og_title":"Innen- und Au\u00dfentore | Codex srl","og_description":"Innen- und Au\u00dfentore aus ungiftigem, sto\u00dffestem und splitterfreiem Kunststoffrohr, ideal f\u00fcr Schulen oder Privath\u00e4user.","og_url":"https:\/\/www.codexsrl.com\/de\/produkt\/innen-und-aussentore-2\/","og_site_name":"Codex srl","article_publisher":"https:\/\/www.facebook.com\/codexsicurezza","article_modified_time":"2024-03-13T11:09:14+00:00","og_image":[{"width":900,"height":675,"url":"https:\/\/www.codexsrl.com\/wp-content\/uploads\/2016\/09\/cancelletto-per-bambini-esterno_codexsrl.jpg","type":"image\/jpeg"}],"twitter_card":"summary_large_image","schema":{"@context":"https:\/\/schema.org","@graph":[{"@type":"WebPage","@id":"https:\/\/www.codexsrl.com\/de\/produkt\/innen-und-aussentore-2\/","url":"https:\/\/www.codexsrl.com\/de\/produkt\/innen-und-aussentore-2\/","name":"Innen- und Au\u00dfentore | Codex srl","isPartOf":{"@id":"https:\/\/www.codexsrl.com\/de\/#website"},"primaryImageOfPage":{"@id":"https:\/\/www.codexsrl.com\/de\/produkt\/innen-und-aussentore-2\/#primaryimage"},"image":{"@id":"https:\/\/www.codexsrl.com\/de\/produkt\/innen-und-aussentore-2\/#primaryimage"},"thumbnailUrl":"https:\/\/www.codexsrl.com\/wp-content\/uploads\/2016\/09\/cancelletto-per-bambini-esterno_codexsrl.jpg","datePublished":"2016-09-09T13:16:13+00:00","dateModified":"2024-03-13T11:09:14+00:00","description":"Innen- und Au\u00dfentore aus ungiftigem, sto\u00dffestem und splitterfreiem Kunststoffrohr, ideal f\u00fcr Schulen oder Privath\u00e4user.","breadcrumb":{"@id":"https:\/\/www.codexsrl.com\/de\/produkt\/innen-und-aussentore-2\/#breadcrumb"},"inLanguage":"de","potentialAction":[{"@type":"ReadAction","target":["https:\/\/www.codexsrl.com\/de\/produkt\/innen-und-aussentore-2\/"]}]},{"@type":"ImageObject","inLanguage":"de","@id":"https:\/\/www.codexsrl.com\/de\/produkt\/innen-und-aussentore-2\/#primaryimage","url":"https:\/\/www.codexsrl.com\/wp-content\/uploads\/2016\/09\/cancelletto-per-bambini-esterno_codexsrl.jpg","contentUrl":"https:\/\/www.codexsrl.com\/wp-content\/uploads\/2016\/09\/cancelletto-per-bambini-esterno_codexsrl.jpg","width":900,"height":675,"caption":"Hallentore"},{"@type":"BreadcrumbList","@id":"https:\/\/www.codexsrl.com\/de\/produkt\/innen-und-aussentore-2\/#breadcrumb","itemListElement":[{"@type":"ListItem","position":1,"name":"Home","item":"https:\/\/www.codexsrl.com\/de\/"},{"@type":"ListItem","position":2,"name":"Gesamtkatalog","item":"https:\/\/www.codexsrl.com\/de\/gesamtkatalog\/"},{"@type":"ListItem","position":3,"name":"Innen- und Au\u00dfentore"}]},{"@type":"WebSite","@id":"https:\/\/www.codexsrl.com\/de\/#website","url":"https:\/\/www.codexsrl.com\/de\/","name":"Codex srl","description":"Sch\u00fctzt und dekoriert","publisher":{"@id":"https:\/\/www.codexsrl.com\/de\/#organization"},"alternateName":"Codex Protezioni Antitrauma e Pavimentazioni","potentialAction":[{"@type":"SearchAction","target":{"@type":"EntryPoint","urlTemplate":"https:\/\/www.codexsrl.com\/de\/?s={search_term_string}"},"query-input":"required name=search_term_string"}],"inLanguage":"de"},{"@type":"Organization","@id":"https:\/\/www.codexsrl.com\/de\/#organization","name":"Codex srl","alternateName":"Codex Protezioni Antitrauma e Pavimentazioni","url":"https:\/\/www.codexsrl.com\/de\/","logo":{"@type":"ImageObject","inLanguage":"de","@id":"https:\/\/www.codexsrl.com\/de\/#\/schema\/logo\/image\/","url":"https:\/\/www.codexsrl.com\/wp-content\/uploads\/2024\/01\/logo-Codex.webp","contentUrl":"https:\/\/www.codexsrl.com\/wp-content\/uploads\/2024\/01\/logo-Codex.webp","width":527,"height":143,"caption":"Codex srl"},"image":{"@id":"https:\/\/www.codexsrl.com\/de\/#\/schema\/logo\/image\/"},"sameAs":["https:\/\/www.facebook.com\/codexsicurezza","https:\/\/www.instagram.com\/codexsrl\/","https:\/\/www.linkedin.com\/company\/codexsrl\/"]}]}},"_links":{"self":[{"href":"https:\/\/www.codexsrl.com\/de\/wp-json\/wp\/v2\/product\/10053"}],"collection":[{"href":"https:\/\/www.codexsrl.com\/de\/wp-json\/wp\/v2\/product"}],"about":[{"href":"https:\/\/www.codexsrl.com\/de\/wp-json\/wp\/v2\/types\/product"}],"wp:featuredmedia":[{"embeddable":true,"href":"https:\/\/www.codexsrl.com\/de\/wp-json\/wp\/v2\/media\/9015"}],"wp:attachment":[{"href":"https:\/\/www.codexsrl.com\/de\/wp-json\/wp\/v2\/media?parent=10053"}],"wp:term":[{"taxonomy":"product_cat","embeddable":true,"href":"https:\/\/www.codexsrl.com\/de\/wp-json\/wp\/v2\/product_cat?post=10053"},{"taxonomy":"product_tag","embeddable":true,"href":"https:\/\/www.codexsrl.com\/de\/wp-json\/wp\/v2\/product_tag?post=10053"}],"curies":[{"name":"wp","href":"https:\/\/api.w.org\/{rel}","templated":true}]}}