{"id":10057,"date":"2016-09-09T12:52:42","date_gmt":"2016-09-09T10:52:42","guid":{"rendered":"http:\/\/codexsrl.com.94-76-252-100.web-agency-padova.it\/catalogo\/unkategorisiert\/bodenbelaege-fuer-gartenlauben\/"},"modified":"2024-03-13T12:09:21","modified_gmt":"2024-03-13T11:09:21","slug":"bodenbelaege-fuer-gartenlauben","status":"publish","type":"product","link":"https:\/\/www.codexsrl.com\/de\/produkt\/bodenbelaege-fuer-gartenlauben\/","title":{"rendered":"Bodenbel\u00e4ge f\u00fcr Gartenlauben"},"content":{"rendered":"","protected":false},"excerpt":{"rendered":"<p>Quadrio ist auch ideal als Boden f\u00fcr Pavillons geeignet. Die Montage ist dank der Schwalbenschwanzverbindungen schnell und einfach. Quadrio passt sich auch unebenen Oberfl\u00e4chen und Rasenfl\u00e4chen an.<\/p>\n<p>Dank seiner Zusammensetzung, die ihn zu einem wasserdurchl\u00e4ssigen Boden macht, trocknet Quadrio auch nach starkem Regen schnell und wird nie rutschig. Sie erm\u00f6glicht es, in kurzer Zeit einen angenehmen Entspannungsbereich zu schaffen.<\/p>\n","protected":false},"featured_media":7043,"template":"","meta":[],"product_cat":[317,350,402],"product_tag":[438],"yoast_head":"<!-- This site is optimized with the Yoast SEO plugin v22.3 - https:\/\/yoast.com\/wordpress\/plugins\/seo\/ -->\n<title>Rutschfester und abtropfender Bodenbelag f\u00fcr Gartenlauben | Codex srl<\/title>\n<meta name=\"description\" content=\"Unser Quadrio ist auch ideal als Pavillonboden geeignet. Es passt sich unebenen Oberfl\u00e4chen und Rasenfl\u00e4chen an und trocknet schnell.\" \/>\n<meta name=\"robots\" content=\"index, follow, max-snippet:-1, max-image-preview:large, max-video-preview:-1\" \/>\n<link rel=\"canonical\" href=\"https:\/\/www.codexsrl.com\/de\/produkt\/bodenbelaege-fuer-gartenlauben\/\" \/>\n<meta property=\"og:locale\" content=\"de_DE\" \/>\n<meta property=\"og:type\" content=\"article\" \/>\n<meta property=\"og:title\" content=\"Rutschfester und abtropfender Bodenbelag f\u00fcr Gartenlauben | Codex srl\" \/>\n<meta property=\"og:description\" content=\"Unser Quadrio ist auch ideal als Pavillonboden geeignet. Es passt sich unebenen Oberfl\u00e4chen und Rasenfl\u00e4chen an und trocknet schnell.\" \/>\n<meta property=\"og:url\" content=\"https:\/\/www.codexsrl.com\/de\/produkt\/bodenbelaege-fuer-gartenlauben\/\" \/>\n<meta property=\"og:site_name\" content=\"Codex srl\" \/>\n<meta property=\"article:publisher\" content=\"https:\/\/www.facebook.com\/codexsicurezza\" \/>\n<meta property=\"article:modified_time\" content=\"2024-03-13T11:09:21+00:00\" \/>\n<meta property=\"og:image\" content=\"https:\/\/www.codexsrl.com\/wp-content\/uploads\/2016\/09\/gazebo_2.jpg\" \/>\n\t<meta property=\"og:image:width\" content=\"900\" \/>\n\t<meta property=\"og:image:height\" content=\"1200\" \/>\n\t<meta property=\"og:image:type\" content=\"image\/jpeg\" \/>\n<meta name=\"twitter:card\" content=\"summary_large_image\" \/>\n<script type=\"application\/ld+json\" class=\"yoast-schema-graph\">{\"@context\":\"https:\/\/schema.org\",\"@graph\":[{\"@type\":\"WebPage\",\"@id\":\"https:\/\/www.codexsrl.com\/de\/produkt\/bodenbelaege-fuer-gartenlauben\/\",\"url\":\"https:\/\/www.codexsrl.com\/de\/produkt\/bodenbelaege-fuer-gartenlauben\/\",\"name\":\"Rutschfester und abtropfender Bodenbelag f\u00fcr Gartenlauben | Codex srl\",\"isPartOf\":{\"@id\":\"https:\/\/www.codexsrl.com\/de\/#website\"},\"primaryImageOfPage\":{\"@id\":\"https:\/\/www.codexsrl.com\/de\/produkt\/bodenbelaege-fuer-gartenlauben\/#primaryimage\"},\"image\":{\"@id\":\"https:\/\/www.codexsrl.com\/de\/produkt\/bodenbelaege-fuer-gartenlauben\/#primaryimage\"},\"thumbnailUrl\":\"https:\/\/www.codexsrl.com\/wp-content\/uploads\/2016\/09\/gazebo_2.jpg\",\"datePublished\":\"2016-09-09T10:52:42+00:00\",\"dateModified\":\"2024-03-13T11:09:21+00:00\",\"description\":\"Unser Quadrio ist auch ideal als Pavillonboden geeignet. Es passt sich unebenen Oberfl\u00e4chen und Rasenfl\u00e4chen an und trocknet schnell.\",\"breadcrumb\":{\"@id\":\"https:\/\/www.codexsrl.com\/de\/produkt\/bodenbelaege-fuer-gartenlauben\/#breadcrumb\"},\"inLanguage\":\"de\",\"potentialAction\":[{\"@type\":\"ReadAction\",\"target\":[\"https:\/\/www.codexsrl.com\/de\/produkt\/bodenbelaege-fuer-gartenlauben\/\"]}]},{\"@type\":\"ImageObject\",\"inLanguage\":\"de\",\"@id\":\"https:\/\/www.codexsrl.com\/de\/produkt\/bodenbelaege-fuer-gartenlauben\/#primaryimage\",\"url\":\"https:\/\/www.codexsrl.com\/wp-content\/uploads\/2016\/09\/gazebo_2.jpg\",\"contentUrl\":\"https:\/\/www.codexsrl.com\/wp-content\/uploads\/2016\/09\/gazebo_2.jpg\",\"width\":900,\"height\":1200,\"caption\":\"Bodenbel\u00e4ge f\u00fcr Gartenlauben, Bodenbel\u00e4ge f\u00fcr Gartenlauben\"},{\"@type\":\"BreadcrumbList\",\"@id\":\"https:\/\/www.codexsrl.com\/de\/produkt\/bodenbelaege-fuer-gartenlauben\/#breadcrumb\",\"itemListElement\":[{\"@type\":\"ListItem\",\"position\":1,\"name\":\"Home\",\"item\":\"https:\/\/www.codexsrl.com\/de\/\"},{\"@type\":\"ListItem\",\"position\":2,\"name\":\"Gesamtkatalog\",\"item\":\"https:\/\/www.codexsrl.com\/de\/gesamtkatalog\/\"},{\"@type\":\"ListItem\",\"position\":3,\"name\":\"Bodenbel\u00e4ge f\u00fcr Gartenlauben\"}]},{\"@type\":\"WebSite\",\"@id\":\"https:\/\/www.codexsrl.com\/de\/#website\",\"url\":\"https:\/\/www.codexsrl.com\/de\/\",\"name\":\"Codex srl\",\"description\":\"Sch\u00fctzt und dekoriert\",\"publisher\":{\"@id\":\"https:\/\/www.codexsrl.com\/de\/#organization\"},\"alternateName\":\"Codex Protezioni Antitrauma e Pavimentazioni\",\"potentialAction\":[{\"@type\":\"SearchAction\",\"target\":{\"@type\":\"EntryPoint\",\"urlTemplate\":\"https:\/\/www.codexsrl.com\/de\/?s={search_term_string}\"},\"query-input\":\"required name=search_term_string\"}],\"inLanguage\":\"de\"},{\"@type\":\"Organization\",\"@id\":\"https:\/\/www.codexsrl.com\/de\/#organization\",\"name\":\"Codex srl\",\"alternateName\":\"Codex Protezioni Antitrauma e Pavimentazioni\",\"url\":\"https:\/\/www.codexsrl.com\/de\/\",\"logo\":{\"@type\":\"ImageObject\",\"inLanguage\":\"de\",\"@id\":\"https:\/\/www.codexsrl.com\/de\/#\/schema\/logo\/image\/\",\"url\":\"https:\/\/www.codexsrl.com\/wp-content\/uploads\/2024\/01\/logo-Codex.webp\",\"contentUrl\":\"https:\/\/www.codexsrl.com\/wp-content\/uploads\/2024\/01\/logo-Codex.webp\",\"width\":527,\"height\":143,\"caption\":\"Codex srl\"},\"image\":{\"@id\":\"https:\/\/www.codexsrl.com\/de\/#\/schema\/logo\/image\/\"},\"sameAs\":[\"https:\/\/www.facebook.com\/codexsicurezza\",\"https:\/\/www.instagram.com\/codexsrl\/\",\"https:\/\/www.linkedin.com\/company\/codexsrl\/\"]}]}<\/script>\n<!-- \/ Yoast SEO plugin. -->","yoast_head_json":{"title":"Rutschfester und abtropfender Bodenbelag f\u00fcr Gartenlauben | Codex srl","description":"Unser Quadrio ist auch ideal als Pavillonboden geeignet. Es passt sich unebenen Oberfl\u00e4chen und Rasenfl\u00e4chen an und trocknet schnell.","robots":{"index":"index","follow":"follow","max-snippet":"max-snippet:-1","max-image-preview":"max-image-preview:large","max-video-preview":"max-video-preview:-1"},"canonical":"https:\/\/www.codexsrl.com\/de\/produkt\/bodenbelaege-fuer-gartenlauben\/","og_locale":"de_DE","og_type":"article","og_title":"Rutschfester und abtropfender Bodenbelag f\u00fcr Gartenlauben | Codex srl","og_description":"Unser Quadrio ist auch ideal als Pavillonboden geeignet. Es passt sich unebenen Oberfl\u00e4chen und Rasenfl\u00e4chen an und trocknet schnell.","og_url":"https:\/\/www.codexsrl.com\/de\/produkt\/bodenbelaege-fuer-gartenlauben\/","og_site_name":"Codex srl","article_publisher":"https:\/\/www.facebook.com\/codexsicurezza","article_modified_time":"2024-03-13T11:09:21+00:00","og_image":[{"width":900,"height":1200,"url":"https:\/\/www.codexsrl.com\/wp-content\/uploads\/2016\/09\/gazebo_2.jpg","type":"image\/jpeg"}],"twitter_card":"summary_large_image","schema":{"@context":"https:\/\/schema.org","@graph":[{"@type":"WebPage","@id":"https:\/\/www.codexsrl.com\/de\/produkt\/bodenbelaege-fuer-gartenlauben\/","url":"https:\/\/www.codexsrl.com\/de\/produkt\/bodenbelaege-fuer-gartenlauben\/","name":"Rutschfester und abtropfender Bodenbelag f\u00fcr Gartenlauben | Codex srl","isPartOf":{"@id":"https:\/\/www.codexsrl.com\/de\/#website"},"primaryImageOfPage":{"@id":"https:\/\/www.codexsrl.com\/de\/produkt\/bodenbelaege-fuer-gartenlauben\/#primaryimage"},"image":{"@id":"https:\/\/www.codexsrl.com\/de\/produkt\/bodenbelaege-fuer-gartenlauben\/#primaryimage"},"thumbnailUrl":"https:\/\/www.codexsrl.com\/wp-content\/uploads\/2016\/09\/gazebo_2.jpg","datePublished":"2016-09-09T10:52:42+00:00","dateModified":"2024-03-13T11:09:21+00:00","description":"Unser Quadrio ist auch ideal als Pavillonboden geeignet. Es passt sich unebenen Oberfl\u00e4chen und Rasenfl\u00e4chen an und trocknet schnell.","breadcrumb":{"@id":"https:\/\/www.codexsrl.com\/de\/produkt\/bodenbelaege-fuer-gartenlauben\/#breadcrumb"},"inLanguage":"de","potentialAction":[{"@type":"ReadAction","target":["https:\/\/www.codexsrl.com\/de\/produkt\/bodenbelaege-fuer-gartenlauben\/"]}]},{"@type":"ImageObject","inLanguage":"de","@id":"https:\/\/www.codexsrl.com\/de\/produkt\/bodenbelaege-fuer-gartenlauben\/#primaryimage","url":"https:\/\/www.codexsrl.com\/wp-content\/uploads\/2016\/09\/gazebo_2.jpg","contentUrl":"https:\/\/www.codexsrl.com\/wp-content\/uploads\/2016\/09\/gazebo_2.jpg","width":900,"height":1200,"caption":"Bodenbel\u00e4ge f\u00fcr Gartenlauben, Bodenbel\u00e4ge f\u00fcr Gartenlauben"},{"@type":"BreadcrumbList","@id":"https:\/\/www.codexsrl.com\/de\/produkt\/bodenbelaege-fuer-gartenlauben\/#breadcrumb","itemListElement":[{"@type":"ListItem","position":1,"name":"Home","item":"https:\/\/www.codexsrl.com\/de\/"},{"@type":"ListItem","position":2,"name":"Gesamtkatalog","item":"https:\/\/www.codexsrl.com\/de\/gesamtkatalog\/"},{"@type":"ListItem","position":3,"name":"Bodenbel\u00e4ge f\u00fcr Gartenlauben"}]},{"@type":"WebSite","@id":"https:\/\/www.codexsrl.com\/de\/#website","url":"https:\/\/www.codexsrl.com\/de\/","name":"Codex srl","description":"Sch\u00fctzt und dekoriert","publisher":{"@id":"https:\/\/www.codexsrl.com\/de\/#organization"},"alternateName":"Codex Protezioni Antitrauma e Pavimentazioni","potentialAction":[{"@type":"SearchAction","target":{"@type":"EntryPoint","urlTemplate":"https:\/\/www.codexsrl.com\/de\/?s={search_term_string}"},"query-input":"required name=search_term_string"}],"inLanguage":"de"},{"@type":"Organization","@id":"https:\/\/www.codexsrl.com\/de\/#organization","name":"Codex srl","alternateName":"Codex Protezioni Antitrauma e Pavimentazioni","url":"https:\/\/www.codexsrl.com\/de\/","logo":{"@type":"ImageObject","inLanguage":"de","@id":"https:\/\/www.codexsrl.com\/de\/#\/schema\/logo\/image\/","url":"https:\/\/www.codexsrl.com\/wp-content\/uploads\/2024\/01\/logo-Codex.webp","contentUrl":"https:\/\/www.codexsrl.com\/wp-content\/uploads\/2024\/01\/logo-Codex.webp","width":527,"height":143,"caption":"Codex srl"},"image":{"@id":"https:\/\/www.codexsrl.com\/de\/#\/schema\/logo\/image\/"},"sameAs":["https:\/\/www.facebook.com\/codexsicurezza","https:\/\/www.instagram.com\/codexsrl\/","https:\/\/www.linkedin.com\/company\/codexsrl\/"]}]}},"_links":{"self":[{"href":"https:\/\/www.codexsrl.com\/de\/wp-json\/wp\/v2\/product\/10057"}],"collection":[{"href":"https:\/\/www.codexsrl.com\/de\/wp-json\/wp\/v2\/product"}],"about":[{"href":"https:\/\/www.codexsrl.com\/de\/wp-json\/wp\/v2\/types\/product"}],"wp:featuredmedia":[{"embeddable":true,"href":"https:\/\/www.codexsrl.com\/de\/wp-json\/wp\/v2\/media\/7043"}],"wp:attachment":[{"href":"https:\/\/www.codexsrl.com\/de\/wp-json\/wp\/v2\/media?parent=10057"}],"wp:term":[{"taxonomy":"product_cat","embeddable":true,"href":"https:\/\/www.codexsrl.com\/de\/wp-json\/wp\/v2\/product_cat?post=10057"},{"taxonomy":"product_tag","embeddable":true,"href":"https:\/\/www.codexsrl.com\/de\/wp-json\/wp\/v2\/product_tag?post=10057"}],"curies":[{"name":"wp","href":"https:\/\/api.w.org\/{rel}","templated":true}]}}