{"id":10062,"date":"2016-09-09T12:58:01","date_gmt":"2016-09-09T10:58:01","guid":{"rendered":"http:\/\/codexsrl.com.94-76-252-100.web-agency-padova.it\/catalogo\/unkategorisiert\/mauerschutz-fuer-schulen\/"},"modified":"2024-03-18T19:12:37","modified_gmt":"2024-03-18T18:12:37","slug":"mauerschutz-fuer-schulen","status":"publish","type":"product","link":"https:\/\/www.codexsrl.com\/de\/produkt\/mauerschutz-fuer-schulen\/","title":{"rendered":"Mauerschutz f\u00fcr Schulen"},"content":{"rendered":"","protected":false},"excerpt":{"rendered":"<p>In Umgebungen wie Schulen, insbesondere in solchen f\u00fcr Kleinkinder, ist es angebracht, <strong>die W\u00e4nde von R\u00e4umen zu sch\u00fctzen, in denen gespielt<\/strong> wird. Zu diesem Zweck schlagen wir zwei L\u00f6sungen vor:<\/p>\n<ul>\n<li><span style=\"color: #ff6600;\"><a style=\"color: #ff6600;\" href=\"https:\/\/www.codexsrl.com\/catalogo\/materiali\/polymat-protezione-antiurto-morbida\/\"><strong>Polymat 10 mm dicke Wandteppiche<\/strong><\/a><\/span><br \/>\nin der feuerhemmenden Ausf\u00fchrung Bfl-s1 und im Format 100 x 100cm, inklusive Umrandungsrahmen<br \/>\nindividuell gestaltbar in Farben und mit ausgestanzten Figuren<\/li>\n<li><span style=\"color: #ff6600;\"><a style=\"color: #ff6600;\" href=\"https:\/\/www.codexsrl.com\/catalogo\/materiali\/onda-norma-uni-en-913\/\"><strong>Onda Wandschutz 22 mm dick<\/strong><\/a><\/span><br \/>\nin flammhemmender Bfl-s1-Ausf\u00fchrung im Format 100 x 100cm oder als ganze B\u00f6gen im Format 100 x 200cm<br \/>\nindividualisierbare Farben<\/li>\n<\/ul>\n<p>Beide Produkte sind aus einem Material gefertigt, das alle Substanzen abweist und mit normalen Waschmitteln gewaschen werden kann.<\/p>\n","protected":false},"featured_media":9285,"template":"","meta":[],"product_cat":[313,314],"product_tag":[410],"yoast_head":"<!-- This site is optimized with the Yoast SEO plugin v22.3 - https:\/\/yoast.com\/wordpress\/plugins\/seo\/ -->\n<title>Schulwandschutz, Kindersicherheit | Codex srl<\/title>\n<meta name=\"description\" content=\"Schutz von Schulw\u00e4nden - In Umgebungen wie Schulen, insbesondere in Schulen f\u00fcr Kleinkinder, muss ein H\u00f6chstma\u00df an Sicherheit f\u00fcr Kinder gew\u00e4hrleistet werden.\" \/>\n<meta name=\"robots\" content=\"index, follow, max-snippet:-1, max-image-preview:large, max-video-preview:-1\" \/>\n<link rel=\"canonical\" href=\"https:\/\/www.codexsrl.com\/de\/produkt\/mauerschutz-fuer-schulen\/\" \/>\n<meta property=\"og:locale\" content=\"de_DE\" \/>\n<meta property=\"og:type\" content=\"article\" \/>\n<meta property=\"og:title\" content=\"Schulwandschutz, Kindersicherheit | Codex srl\" \/>\n<meta property=\"og:description\" content=\"Schutz von Schulw\u00e4nden - In Umgebungen wie Schulen, insbesondere in Schulen f\u00fcr Kleinkinder, muss ein H\u00f6chstma\u00df an Sicherheit f\u00fcr Kinder gew\u00e4hrleistet werden.\" \/>\n<meta property=\"og:url\" content=\"https:\/\/www.codexsrl.com\/de\/produkt\/mauerschutz-fuer-schulen\/\" \/>\n<meta property=\"og:site_name\" content=\"Codex srl\" \/>\n<meta property=\"article:publisher\" content=\"https:\/\/www.facebook.com\/codexsicurezza\" \/>\n<meta property=\"article:modified_time\" content=\"2024-03-18T18:12:37+00:00\" \/>\n<meta property=\"og:image\" content=\"https:\/\/www.codexsrl.com\/wp-content\/uploads\/2016\/09\/protezioni-murali-stanza-giochi-bambini-codex.jpg\" \/>\n\t<meta property=\"og:image:width\" content=\"675\" \/>\n\t<meta property=\"og:image:height\" content=\"900\" \/>\n\t<meta property=\"og:image:type\" content=\"image\/jpeg\" \/>\n<meta name=\"twitter:card\" content=\"summary_large_image\" \/>\n<script type=\"application\/ld+json\" class=\"yoast-schema-graph\">{\"@context\":\"https:\/\/schema.org\",\"@graph\":[{\"@type\":\"WebPage\",\"@id\":\"https:\/\/www.codexsrl.com\/de\/produkt\/mauerschutz-fuer-schulen\/\",\"url\":\"https:\/\/www.codexsrl.com\/de\/produkt\/mauerschutz-fuer-schulen\/\",\"name\":\"Schulwandschutz, Kindersicherheit | Codex srl\",\"isPartOf\":{\"@id\":\"https:\/\/www.codexsrl.com\/de\/#website\"},\"primaryImageOfPage\":{\"@id\":\"https:\/\/www.codexsrl.com\/de\/produkt\/mauerschutz-fuer-schulen\/#primaryimage\"},\"image\":{\"@id\":\"https:\/\/www.codexsrl.com\/de\/produkt\/mauerschutz-fuer-schulen\/#primaryimage\"},\"thumbnailUrl\":\"https:\/\/www.codexsrl.com\/wp-content\/uploads\/2016\/09\/protezioni-murali-stanza-giochi-bambini-codex.jpg\",\"datePublished\":\"2016-09-09T10:58:01+00:00\",\"dateModified\":\"2024-03-18T18:12:37+00:00\",\"description\":\"Schutz von Schulw\u00e4nden - In Umgebungen wie Schulen, insbesondere in Schulen f\u00fcr Kleinkinder, muss ein H\u00f6chstma\u00df an Sicherheit f\u00fcr Kinder gew\u00e4hrleistet werden.\",\"breadcrumb\":{\"@id\":\"https:\/\/www.codexsrl.com\/de\/produkt\/mauerschutz-fuer-schulen\/#breadcrumb\"},\"inLanguage\":\"de\",\"potentialAction\":[{\"@type\":\"ReadAction\",\"target\":[\"https:\/\/www.codexsrl.com\/de\/produkt\/mauerschutz-fuer-schulen\/\"]}]},{\"@type\":\"ImageObject\",\"inLanguage\":\"de\",\"@id\":\"https:\/\/www.codexsrl.com\/de\/produkt\/mauerschutz-fuer-schulen\/#primaryimage\",\"url\":\"https:\/\/www.codexsrl.com\/wp-content\/uploads\/2016\/09\/protezioni-murali-stanza-giochi-bambini-codex.jpg\",\"contentUrl\":\"https:\/\/www.codexsrl.com\/wp-content\/uploads\/2016\/09\/protezioni-murali-stanza-giochi-bambini-codex.jpg\",\"width\":675,\"height\":900,\"caption\":\"Schutz der Schulwand\"},{\"@type\":\"BreadcrumbList\",\"@id\":\"https:\/\/www.codexsrl.com\/de\/produkt\/mauerschutz-fuer-schulen\/#breadcrumb\",\"itemListElement\":[{\"@type\":\"ListItem\",\"position\":1,\"name\":\"Home\",\"item\":\"https:\/\/www.codexsrl.com\/de\/\"},{\"@type\":\"ListItem\",\"position\":2,\"name\":\"Gesamtkatalog\",\"item\":\"https:\/\/www.codexsrl.com\/de\/gesamtkatalog\/\"},{\"@type\":\"ListItem\",\"position\":3,\"name\":\"Mauerschutz f\u00fcr Schulen\"}]},{\"@type\":\"WebSite\",\"@id\":\"https:\/\/www.codexsrl.com\/de\/#website\",\"url\":\"https:\/\/www.codexsrl.com\/de\/\",\"name\":\"Codex srl\",\"description\":\"Sch\u00fctzt und dekoriert\",\"publisher\":{\"@id\":\"https:\/\/www.codexsrl.com\/de\/#organization\"},\"alternateName\":\"Codex Protezioni Antitrauma e Pavimentazioni\",\"potentialAction\":[{\"@type\":\"SearchAction\",\"target\":{\"@type\":\"EntryPoint\",\"urlTemplate\":\"https:\/\/www.codexsrl.com\/de\/?s={search_term_string}\"},\"query-input\":\"required name=search_term_string\"}],\"inLanguage\":\"de\"},{\"@type\":\"Organization\",\"@id\":\"https:\/\/www.codexsrl.com\/de\/#organization\",\"name\":\"Codex srl\",\"alternateName\":\"Codex Protezioni Antitrauma e Pavimentazioni\",\"url\":\"https:\/\/www.codexsrl.com\/de\/\",\"logo\":{\"@type\":\"ImageObject\",\"inLanguage\":\"de\",\"@id\":\"https:\/\/www.codexsrl.com\/de\/#\/schema\/logo\/image\/\",\"url\":\"https:\/\/www.codexsrl.com\/wp-content\/uploads\/2024\/01\/logo-Codex.webp\",\"contentUrl\":\"https:\/\/www.codexsrl.com\/wp-content\/uploads\/2024\/01\/logo-Codex.webp\",\"width\":527,\"height\":143,\"caption\":\"Codex srl\"},\"image\":{\"@id\":\"https:\/\/www.codexsrl.com\/de\/#\/schema\/logo\/image\/\"},\"sameAs\":[\"https:\/\/www.facebook.com\/codexsicurezza\",\"https:\/\/www.instagram.com\/codexsrl\/\",\"https:\/\/www.linkedin.com\/company\/codexsrl\/\"]}]}<\/script>\n<!-- \/ Yoast SEO plugin. -->","yoast_head_json":{"title":"Schulwandschutz, Kindersicherheit | Codex srl","description":"Schutz von Schulw\u00e4nden - In Umgebungen wie Schulen, insbesondere in Schulen f\u00fcr Kleinkinder, muss ein H\u00f6chstma\u00df an Sicherheit f\u00fcr Kinder gew\u00e4hrleistet werden.","robots":{"index":"index","follow":"follow","max-snippet":"max-snippet:-1","max-image-preview":"max-image-preview:large","max-video-preview":"max-video-preview:-1"},"canonical":"https:\/\/www.codexsrl.com\/de\/produkt\/mauerschutz-fuer-schulen\/","og_locale":"de_DE","og_type":"article","og_title":"Schulwandschutz, Kindersicherheit | Codex srl","og_description":"Schutz von Schulw\u00e4nden - In Umgebungen wie Schulen, insbesondere in Schulen f\u00fcr Kleinkinder, muss ein H\u00f6chstma\u00df an Sicherheit f\u00fcr Kinder gew\u00e4hrleistet werden.","og_url":"https:\/\/www.codexsrl.com\/de\/produkt\/mauerschutz-fuer-schulen\/","og_site_name":"Codex srl","article_publisher":"https:\/\/www.facebook.com\/codexsicurezza","article_modified_time":"2024-03-18T18:12:37+00:00","og_image":[{"width":675,"height":900,"url":"https:\/\/www.codexsrl.com\/wp-content\/uploads\/2016\/09\/protezioni-murali-stanza-giochi-bambini-codex.jpg","type":"image\/jpeg"}],"twitter_card":"summary_large_image","schema":{"@context":"https:\/\/schema.org","@graph":[{"@type":"WebPage","@id":"https:\/\/www.codexsrl.com\/de\/produkt\/mauerschutz-fuer-schulen\/","url":"https:\/\/www.codexsrl.com\/de\/produkt\/mauerschutz-fuer-schulen\/","name":"Schulwandschutz, Kindersicherheit | Codex srl","isPartOf":{"@id":"https:\/\/www.codexsrl.com\/de\/#website"},"primaryImageOfPage":{"@id":"https:\/\/www.codexsrl.com\/de\/produkt\/mauerschutz-fuer-schulen\/#primaryimage"},"image":{"@id":"https:\/\/www.codexsrl.com\/de\/produkt\/mauerschutz-fuer-schulen\/#primaryimage"},"thumbnailUrl":"https:\/\/www.codexsrl.com\/wp-content\/uploads\/2016\/09\/protezioni-murali-stanza-giochi-bambini-codex.jpg","datePublished":"2016-09-09T10:58:01+00:00","dateModified":"2024-03-18T18:12:37+00:00","description":"Schutz von Schulw\u00e4nden - In Umgebungen wie Schulen, insbesondere in Schulen f\u00fcr Kleinkinder, muss ein H\u00f6chstma\u00df an Sicherheit f\u00fcr Kinder gew\u00e4hrleistet werden.","breadcrumb":{"@id":"https:\/\/www.codexsrl.com\/de\/produkt\/mauerschutz-fuer-schulen\/#breadcrumb"},"inLanguage":"de","potentialAction":[{"@type":"ReadAction","target":["https:\/\/www.codexsrl.com\/de\/produkt\/mauerschutz-fuer-schulen\/"]}]},{"@type":"ImageObject","inLanguage":"de","@id":"https:\/\/www.codexsrl.com\/de\/produkt\/mauerschutz-fuer-schulen\/#primaryimage","url":"https:\/\/www.codexsrl.com\/wp-content\/uploads\/2016\/09\/protezioni-murali-stanza-giochi-bambini-codex.jpg","contentUrl":"https:\/\/www.codexsrl.com\/wp-content\/uploads\/2016\/09\/protezioni-murali-stanza-giochi-bambini-codex.jpg","width":675,"height":900,"caption":"Schutz der Schulwand"},{"@type":"BreadcrumbList","@id":"https:\/\/www.codexsrl.com\/de\/produkt\/mauerschutz-fuer-schulen\/#breadcrumb","itemListElement":[{"@type":"ListItem","position":1,"name":"Home","item":"https:\/\/www.codexsrl.com\/de\/"},{"@type":"ListItem","position":2,"name":"Gesamtkatalog","item":"https:\/\/www.codexsrl.com\/de\/gesamtkatalog\/"},{"@type":"ListItem","position":3,"name":"Mauerschutz f\u00fcr Schulen"}]},{"@type":"WebSite","@id":"https:\/\/www.codexsrl.com\/de\/#website","url":"https:\/\/www.codexsrl.com\/de\/","name":"Codex srl","description":"Sch\u00fctzt und dekoriert","publisher":{"@id":"https:\/\/www.codexsrl.com\/de\/#organization"},"alternateName":"Codex Protezioni Antitrauma e Pavimentazioni","potentialAction":[{"@type":"SearchAction","target":{"@type":"EntryPoint","urlTemplate":"https:\/\/www.codexsrl.com\/de\/?s={search_term_string}"},"query-input":"required name=search_term_string"}],"inLanguage":"de"},{"@type":"Organization","@id":"https:\/\/www.codexsrl.com\/de\/#organization","name":"Codex srl","alternateName":"Codex Protezioni Antitrauma e Pavimentazioni","url":"https:\/\/www.codexsrl.com\/de\/","logo":{"@type":"ImageObject","inLanguage":"de","@id":"https:\/\/www.codexsrl.com\/de\/#\/schema\/logo\/image\/","url":"https:\/\/www.codexsrl.com\/wp-content\/uploads\/2024\/01\/logo-Codex.webp","contentUrl":"https:\/\/www.codexsrl.com\/wp-content\/uploads\/2024\/01\/logo-Codex.webp","width":527,"height":143,"caption":"Codex srl"},"image":{"@id":"https:\/\/www.codexsrl.com\/de\/#\/schema\/logo\/image\/"},"sameAs":["https:\/\/www.facebook.com\/codexsicurezza","https:\/\/www.instagram.com\/codexsrl\/","https:\/\/www.linkedin.com\/company\/codexsrl\/"]}]}},"_links":{"self":[{"href":"https:\/\/www.codexsrl.com\/de\/wp-json\/wp\/v2\/product\/10062"}],"collection":[{"href":"https:\/\/www.codexsrl.com\/de\/wp-json\/wp\/v2\/product"}],"about":[{"href":"https:\/\/www.codexsrl.com\/de\/wp-json\/wp\/v2\/types\/product"}],"wp:featuredmedia":[{"embeddable":true,"href":"https:\/\/www.codexsrl.com\/de\/wp-json\/wp\/v2\/media\/9285"}],"wp:attachment":[{"href":"https:\/\/www.codexsrl.com\/de\/wp-json\/wp\/v2\/media?parent=10062"}],"wp:term":[{"taxonomy":"product_cat","embeddable":true,"href":"https:\/\/www.codexsrl.com\/de\/wp-json\/wp\/v2\/product_cat?post=10062"},{"taxonomy":"product_tag","embeddable":true,"href":"https:\/\/www.codexsrl.com\/de\/wp-json\/wp\/v2\/product_tag?post=10062"}],"curies":[{"name":"wp","href":"https:\/\/api.w.org\/{rel}","templated":true}]}}