{"id":10070,"date":"2016-09-16T12:25:44","date_gmt":"2016-09-16T10:25:44","guid":{"rendered":"http:\/\/codexsrl.com.94-76-252-100.web-agency-padova.it\/catalogo\/unkategorisiert\/dia-schutz\/"},"modified":"2024-03-18T19:20:59","modified_gmt":"2024-03-18T18:20:59","slug":"dia-schutz","status":"publish","type":"product","link":"https:\/\/www.codexsrl.com\/de\/produkt\/dia-schutz\/","title":{"rendered":"Dia-Schutz"},"content":{"rendered":"","protected":false},"excerpt":{"rendered":"<p>Weiche Rutschensch\u00fctzer, ideal f\u00fcr Kreuzfahrtschiffe oder Wasserparks. Der Schutz wird bei hervorstehenden Untergr\u00fcnden und generell bei allen Untergr\u00fcnden, die zu Beulen oder Absch\u00fcrfungen f\u00fchren k\u00f6nnen, angewendet. \u00c4u\u00dferst wetterbest\u00e4ndig!<\/p>\n","protected":false},"featured_media":9441,"template":"","meta":[],"product_cat":[317,318,381],"product_tag":[390,415,430],"yoast_head":"<!-- This site is optimized with the Yoast SEO plugin v22.3 - https:\/\/yoast.com\/wordpress\/plugins\/seo\/ -->\n<title>Gleitsch\u00fctzer, Aufprallschutz | Codex srl<\/title>\n<meta name=\"description\" content=\"In Wasserparks oder auf einfachen Spielpl\u00e4tzen sind Rutschenschutzvorrichtungen notwendig, um die Sicherheit und den Spa\u00df zu gew\u00e4hrleisten.\" \/>\n<meta name=\"robots\" content=\"index, follow, max-snippet:-1, max-image-preview:large, max-video-preview:-1\" \/>\n<link rel=\"canonical\" href=\"https:\/\/www.codexsrl.com\/de\/produkt\/dia-schutz\/\" \/>\n<meta property=\"og:locale\" content=\"de_DE\" \/>\n<meta property=\"og:type\" content=\"article\" \/>\n<meta property=\"og:title\" content=\"Gleitsch\u00fctzer, Aufprallschutz | Codex srl\" \/>\n<meta property=\"og:description\" content=\"In Wasserparks oder auf einfachen Spielpl\u00e4tzen sind Rutschenschutzvorrichtungen notwendig, um die Sicherheit und den Spa\u00df zu gew\u00e4hrleisten.\" \/>\n<meta property=\"og:url\" content=\"https:\/\/www.codexsrl.com\/de\/produkt\/dia-schutz\/\" \/>\n<meta property=\"og:site_name\" content=\"Codex srl\" \/>\n<meta property=\"article:publisher\" content=\"https:\/\/www.facebook.com\/codexsicurezza\" \/>\n<meta property=\"article:modified_time\" content=\"2024-03-18T18:20:59+00:00\" \/>\n<meta property=\"og:image\" content=\"https:\/\/www.codexsrl.com\/wp-content\/uploads\/2016\/09\/impact-protections-cruise-ships-waterparks-codex-onda-3.jpg\" \/>\n\t<meta property=\"og:image:width\" content=\"586\" \/>\n\t<meta property=\"og:image:height\" content=\"781\" \/>\n\t<meta property=\"og:image:type\" content=\"image\/jpeg\" \/>\n<meta name=\"twitter:card\" content=\"summary_large_image\" \/>\n<script type=\"application\/ld+json\" class=\"yoast-schema-graph\">{\"@context\":\"https:\/\/schema.org\",\"@graph\":[{\"@type\":\"WebPage\",\"@id\":\"https:\/\/www.codexsrl.com\/de\/produkt\/dia-schutz\/\",\"url\":\"https:\/\/www.codexsrl.com\/de\/produkt\/dia-schutz\/\",\"name\":\"Gleitsch\u00fctzer, Aufprallschutz | Codex srl\",\"isPartOf\":{\"@id\":\"https:\/\/www.codexsrl.com\/de\/#website\"},\"primaryImageOfPage\":{\"@id\":\"https:\/\/www.codexsrl.com\/de\/produkt\/dia-schutz\/#primaryimage\"},\"image\":{\"@id\":\"https:\/\/www.codexsrl.com\/de\/produkt\/dia-schutz\/#primaryimage\"},\"thumbnailUrl\":\"https:\/\/www.codexsrl.com\/wp-content\/uploads\/2016\/09\/impact-protections-cruise-ships-waterparks-codex-onda-3.jpg\",\"datePublished\":\"2016-09-16T10:25:44+00:00\",\"dateModified\":\"2024-03-18T18:20:59+00:00\",\"description\":\"In Wasserparks oder auf einfachen Spielpl\u00e4tzen sind Rutschenschutzvorrichtungen notwendig, um die Sicherheit und den Spa\u00df zu gew\u00e4hrleisten.\",\"breadcrumb\":{\"@id\":\"https:\/\/www.codexsrl.com\/de\/produkt\/dia-schutz\/#breadcrumb\"},\"inLanguage\":\"de\",\"potentialAction\":[{\"@type\":\"ReadAction\",\"target\":[\"https:\/\/www.codexsrl.com\/de\/produkt\/dia-schutz\/\"]}]},{\"@type\":\"ImageObject\",\"inLanguage\":\"de\",\"@id\":\"https:\/\/www.codexsrl.com\/de\/produkt\/dia-schutz\/#primaryimage\",\"url\":\"https:\/\/www.codexsrl.com\/wp-content\/uploads\/2016\/09\/impact-protections-cruise-ships-waterparks-codex-onda-3.jpg\",\"contentUrl\":\"https:\/\/www.codexsrl.com\/wp-content\/uploads\/2016\/09\/impact-protections-cruise-ships-waterparks-codex-onda-3.jpg\",\"width\":586,\"height\":781,\"caption\":\"Onda Sicherheitspolster f\u00fcr S\u00e4ulen und Wasserparks\"},{\"@type\":\"BreadcrumbList\",\"@id\":\"https:\/\/www.codexsrl.com\/de\/produkt\/dia-schutz\/#breadcrumb\",\"itemListElement\":[{\"@type\":\"ListItem\",\"position\":1,\"name\":\"Home\",\"item\":\"https:\/\/www.codexsrl.com\/de\/\"},{\"@type\":\"ListItem\",\"position\":2,\"name\":\"Gesamtkatalog\",\"item\":\"https:\/\/www.codexsrl.com\/de\/gesamtkatalog\/\"},{\"@type\":\"ListItem\",\"position\":3,\"name\":\"Dia-Schutz\"}]},{\"@type\":\"WebSite\",\"@id\":\"https:\/\/www.codexsrl.com\/de\/#website\",\"url\":\"https:\/\/www.codexsrl.com\/de\/\",\"name\":\"Codex srl\",\"description\":\"Sch\u00fctzt und dekoriert\",\"publisher\":{\"@id\":\"https:\/\/www.codexsrl.com\/de\/#organization\"},\"alternateName\":\"Codex Protezioni Antitrauma e Pavimentazioni\",\"potentialAction\":[{\"@type\":\"SearchAction\",\"target\":{\"@type\":\"EntryPoint\",\"urlTemplate\":\"https:\/\/www.codexsrl.com\/de\/?s={search_term_string}\"},\"query-input\":\"required name=search_term_string\"}],\"inLanguage\":\"de\"},{\"@type\":\"Organization\",\"@id\":\"https:\/\/www.codexsrl.com\/de\/#organization\",\"name\":\"Codex srl\",\"alternateName\":\"Codex Protezioni Antitrauma e Pavimentazioni\",\"url\":\"https:\/\/www.codexsrl.com\/de\/\",\"logo\":{\"@type\":\"ImageObject\",\"inLanguage\":\"de\",\"@id\":\"https:\/\/www.codexsrl.com\/de\/#\/schema\/logo\/image\/\",\"url\":\"https:\/\/www.codexsrl.com\/wp-content\/uploads\/2024\/01\/logo-Codex.webp\",\"contentUrl\":\"https:\/\/www.codexsrl.com\/wp-content\/uploads\/2024\/01\/logo-Codex.webp\",\"width\":527,\"height\":143,\"caption\":\"Codex srl\"},\"image\":{\"@id\":\"https:\/\/www.codexsrl.com\/de\/#\/schema\/logo\/image\/\"},\"sameAs\":[\"https:\/\/www.facebook.com\/codexsicurezza\",\"https:\/\/www.instagram.com\/codexsrl\/\",\"https:\/\/www.linkedin.com\/company\/codexsrl\/\"]}]}<\/script>\n<!-- \/ Yoast SEO plugin. -->","yoast_head_json":{"title":"Gleitsch\u00fctzer, Aufprallschutz | Codex srl","description":"In Wasserparks oder auf einfachen Spielpl\u00e4tzen sind Rutschenschutzvorrichtungen notwendig, um die Sicherheit und den Spa\u00df zu gew\u00e4hrleisten.","robots":{"index":"index","follow":"follow","max-snippet":"max-snippet:-1","max-image-preview":"max-image-preview:large","max-video-preview":"max-video-preview:-1"},"canonical":"https:\/\/www.codexsrl.com\/de\/produkt\/dia-schutz\/","og_locale":"de_DE","og_type":"article","og_title":"Gleitsch\u00fctzer, Aufprallschutz | Codex srl","og_description":"In Wasserparks oder auf einfachen Spielpl\u00e4tzen sind Rutschenschutzvorrichtungen notwendig, um die Sicherheit und den Spa\u00df zu gew\u00e4hrleisten.","og_url":"https:\/\/www.codexsrl.com\/de\/produkt\/dia-schutz\/","og_site_name":"Codex srl","article_publisher":"https:\/\/www.facebook.com\/codexsicurezza","article_modified_time":"2024-03-18T18:20:59+00:00","og_image":[{"width":586,"height":781,"url":"https:\/\/www.codexsrl.com\/wp-content\/uploads\/2016\/09\/impact-protections-cruise-ships-waterparks-codex-onda-3.jpg","type":"image\/jpeg"}],"twitter_card":"summary_large_image","schema":{"@context":"https:\/\/schema.org","@graph":[{"@type":"WebPage","@id":"https:\/\/www.codexsrl.com\/de\/produkt\/dia-schutz\/","url":"https:\/\/www.codexsrl.com\/de\/produkt\/dia-schutz\/","name":"Gleitsch\u00fctzer, Aufprallschutz | Codex srl","isPartOf":{"@id":"https:\/\/www.codexsrl.com\/de\/#website"},"primaryImageOfPage":{"@id":"https:\/\/www.codexsrl.com\/de\/produkt\/dia-schutz\/#primaryimage"},"image":{"@id":"https:\/\/www.codexsrl.com\/de\/produkt\/dia-schutz\/#primaryimage"},"thumbnailUrl":"https:\/\/www.codexsrl.com\/wp-content\/uploads\/2016\/09\/impact-protections-cruise-ships-waterparks-codex-onda-3.jpg","datePublished":"2016-09-16T10:25:44+00:00","dateModified":"2024-03-18T18:20:59+00:00","description":"In Wasserparks oder auf einfachen Spielpl\u00e4tzen sind Rutschenschutzvorrichtungen notwendig, um die Sicherheit und den Spa\u00df zu gew\u00e4hrleisten.","breadcrumb":{"@id":"https:\/\/www.codexsrl.com\/de\/produkt\/dia-schutz\/#breadcrumb"},"inLanguage":"de","potentialAction":[{"@type":"ReadAction","target":["https:\/\/www.codexsrl.com\/de\/produkt\/dia-schutz\/"]}]},{"@type":"ImageObject","inLanguage":"de","@id":"https:\/\/www.codexsrl.com\/de\/produkt\/dia-schutz\/#primaryimage","url":"https:\/\/www.codexsrl.com\/wp-content\/uploads\/2016\/09\/impact-protections-cruise-ships-waterparks-codex-onda-3.jpg","contentUrl":"https:\/\/www.codexsrl.com\/wp-content\/uploads\/2016\/09\/impact-protections-cruise-ships-waterparks-codex-onda-3.jpg","width":586,"height":781,"caption":"Onda Sicherheitspolster f\u00fcr S\u00e4ulen und Wasserparks"},{"@type":"BreadcrumbList","@id":"https:\/\/www.codexsrl.com\/de\/produkt\/dia-schutz\/#breadcrumb","itemListElement":[{"@type":"ListItem","position":1,"name":"Home","item":"https:\/\/www.codexsrl.com\/de\/"},{"@type":"ListItem","position":2,"name":"Gesamtkatalog","item":"https:\/\/www.codexsrl.com\/de\/gesamtkatalog\/"},{"@type":"ListItem","position":3,"name":"Dia-Schutz"}]},{"@type":"WebSite","@id":"https:\/\/www.codexsrl.com\/de\/#website","url":"https:\/\/www.codexsrl.com\/de\/","name":"Codex srl","description":"Sch\u00fctzt und dekoriert","publisher":{"@id":"https:\/\/www.codexsrl.com\/de\/#organization"},"alternateName":"Codex Protezioni Antitrauma e Pavimentazioni","potentialAction":[{"@type":"SearchAction","target":{"@type":"EntryPoint","urlTemplate":"https:\/\/www.codexsrl.com\/de\/?s={search_term_string}"},"query-input":"required name=search_term_string"}],"inLanguage":"de"},{"@type":"Organization","@id":"https:\/\/www.codexsrl.com\/de\/#organization","name":"Codex srl","alternateName":"Codex Protezioni Antitrauma e Pavimentazioni","url":"https:\/\/www.codexsrl.com\/de\/","logo":{"@type":"ImageObject","inLanguage":"de","@id":"https:\/\/www.codexsrl.com\/de\/#\/schema\/logo\/image\/","url":"https:\/\/www.codexsrl.com\/wp-content\/uploads\/2024\/01\/logo-Codex.webp","contentUrl":"https:\/\/www.codexsrl.com\/wp-content\/uploads\/2024\/01\/logo-Codex.webp","width":527,"height":143,"caption":"Codex srl"},"image":{"@id":"https:\/\/www.codexsrl.com\/de\/#\/schema\/logo\/image\/"},"sameAs":["https:\/\/www.facebook.com\/codexsicurezza","https:\/\/www.instagram.com\/codexsrl\/","https:\/\/www.linkedin.com\/company\/codexsrl\/"]}]}},"_links":{"self":[{"href":"https:\/\/www.codexsrl.com\/de\/wp-json\/wp\/v2\/product\/10070"}],"collection":[{"href":"https:\/\/www.codexsrl.com\/de\/wp-json\/wp\/v2\/product"}],"about":[{"href":"https:\/\/www.codexsrl.com\/de\/wp-json\/wp\/v2\/types\/product"}],"wp:featuredmedia":[{"embeddable":true,"href":"https:\/\/www.codexsrl.com\/de\/wp-json\/wp\/v2\/media\/9441"}],"wp:attachment":[{"href":"https:\/\/www.codexsrl.com\/de\/wp-json\/wp\/v2\/media?parent=10070"}],"wp:term":[{"taxonomy":"product_cat","embeddable":true,"href":"https:\/\/www.codexsrl.com\/de\/wp-json\/wp\/v2\/product_cat?post=10070"},{"taxonomy":"product_tag","embeddable":true,"href":"https:\/\/www.codexsrl.com\/de\/wp-json\/wp\/v2\/product_tag?post=10070"}],"curies":[{"name":"wp","href":"https:\/\/api.w.org\/{rel}","templated":true}]}}