{"id":10071,"date":"2017-05-05T08:34:05","date_gmt":"2017-05-05T06:34:05","guid":{"rendered":"http:\/\/codexsrl.com.94-76-252-100.web-agency-padova.it\/catalogo\/unkategorisiert\/welle-nach-en-9132019\/"},"modified":"2024-03-18T18:19:35","modified_gmt":"2024-03-18T17:19:35","slug":"onda-nach-en-9132019","status":"publish","type":"product","link":"https:\/\/www.codexsrl.com\/de\/produkt\/onda-nach-en-9132019\/","title":{"rendered":"Onda nach EN 913:2019"},"content":{"rendered":"","protected":false},"excerpt":{"rendered":"<p>Onda aus Polymat (EVA)<strong> <\/strong>ein Material mit einer mikrozellularen Struktur von hoher Festigkeit und Elastizit\u00e4t, wurde mit Blick auf die Notwendigkeit entwickelt, alle Arten von Anforderungen an den Schutz vor Verletzungen zu erf\u00fcllen, dank seiner gro\u00dfen Vielseitigkeit und seiner F\u00e4higkeit, sich an jede Art von Untergrund anzupassen.<\/p>\n<p>Unsere <strong>EVA-Protektoren<\/strong> sind gegen alle Substanzen abweisend, schimmelresistent und antibakteriell. Erh\u00e4ltlich in <strong>ungiftiger oder flammhemmender Ausf\u00fchrung<\/strong>.<\/p>\n<p>Besonders geeignet f\u00fcr den Innen- und Au\u00dfenbereich: Kinderg\u00e4rten, Schulen, Sportanlagen, Turnhallen, G\u00e4rten, Industrie.<\/p>\n<p><strong>Onda hat die Pr\u00fcfung des Sto\u00dfd\u00e4mpfungsverm\u00f6gens gem\u00e4\u00df UNI EN 913:2019 App. C mit einem Penetrator, der bis zu einer maximalen Fallh\u00f6he von 320 mm bei einer Geschwindigkeit von 2,50 m\/sec ausgel\u00f6st wird<\/strong>.<\/p>\n","protected":false},"featured_media":8685,"template":"","meta":[],"product_cat":[307],"product_tag":[],"yoast_head":"<!-- This site is optimized with the Yoast SEO plugin v22.3 - https:\/\/yoast.com\/wordpress\/plugins\/seo\/ -->\n<title>Onda, EVA-Protektoren gem\u00e4\u00df UNI EN 913:2019 | Codex srl<\/title>\n<meta name=\"description\" content=\"Onda - Sto\u00dffeste, flexible, schadstoffabweisende, schimmelresistente und antibakterielle EVA-Protektoren. Gem\u00e4\u00df EN 913:2019, ungiftig oder feuerhemmend.\" \/>\n<meta name=\"robots\" content=\"index, follow, max-snippet:-1, max-image-preview:large, max-video-preview:-1\" \/>\n<link rel=\"canonical\" href=\"https:\/\/www.codexsrl.com\/de\/produkt\/onda-nach-en-9132019\/\" \/>\n<meta property=\"og:locale\" content=\"de_DE\" \/>\n<meta property=\"og:type\" content=\"article\" \/>\n<meta property=\"og:title\" content=\"Onda, EVA-Protektoren gem\u00e4\u00df UNI EN 913:2019 | Codex srl\" \/>\n<meta property=\"og:description\" content=\"Onda - Sto\u00dffeste, flexible, schadstoffabweisende, schimmelresistente und antibakterielle EVA-Protektoren. Gem\u00e4\u00df EN 913:2019, ungiftig oder feuerhemmend.\" \/>\n<meta property=\"og:url\" content=\"https:\/\/www.codexsrl.com\/de\/produkt\/onda-nach-en-9132019\/\" \/>\n<meta property=\"og:site_name\" content=\"Codex srl\" \/>\n<meta property=\"article:publisher\" content=\"https:\/\/www.facebook.com\/codexsicurezza\" \/>\n<meta property=\"article:modified_time\" content=\"2024-03-18T17:19:35+00:00\" \/>\n<meta property=\"og:image\" content=\"https:\/\/www.codexsrl.com\/wp-content\/uploads\/2017\/05\/Protezioni-antitrauma-Onda-eva_codexsrl.jpg\" \/>\n\t<meta property=\"og:image:width\" content=\"900\" \/>\n\t<meta property=\"og:image:height\" content=\"675\" \/>\n\t<meta property=\"og:image:type\" content=\"image\/jpeg\" \/>\n<meta name=\"twitter:card\" content=\"summary_large_image\" \/>\n<meta name=\"twitter:label1\" content=\"Gesch\u00e4tzte Lesezeit\" \/>\n\t<meta name=\"twitter:data1\" content=\"1\u00a0Minute\" \/>\n<script type=\"application\/ld+json\" class=\"yoast-schema-graph\">{\"@context\":\"https:\/\/schema.org\",\"@graph\":[{\"@type\":\"WebPage\",\"@id\":\"https:\/\/www.codexsrl.com\/de\/produkt\/onda-nach-en-9132019\/\",\"url\":\"https:\/\/www.codexsrl.com\/de\/produkt\/onda-nach-en-9132019\/\",\"name\":\"Onda, EVA-Protektoren gem\u00e4\u00df UNI EN 913:2019 | Codex srl\",\"isPartOf\":{\"@id\":\"https:\/\/www.codexsrl.com\/de\/#website\"},\"primaryImageOfPage\":{\"@id\":\"https:\/\/www.codexsrl.com\/de\/produkt\/onda-nach-en-9132019\/#primaryimage\"},\"image\":{\"@id\":\"https:\/\/www.codexsrl.com\/de\/produkt\/onda-nach-en-9132019\/#primaryimage\"},\"thumbnailUrl\":\"https:\/\/www.codexsrl.com\/wp-content\/uploads\/2017\/05\/Protezioni-antitrauma-Onda-eva_codexsrl.jpg\",\"datePublished\":\"2017-05-05T06:34:05+00:00\",\"dateModified\":\"2024-03-18T17:19:35+00:00\",\"description\":\"Onda - Sto\u00dffeste, flexible, schadstoffabweisende, schimmelresistente und antibakterielle EVA-Protektoren. Gem\u00e4\u00df EN 913:2019, ungiftig oder feuerhemmend.\",\"breadcrumb\":{\"@id\":\"https:\/\/www.codexsrl.com\/de\/produkt\/onda-nach-en-9132019\/#breadcrumb\"},\"inLanguage\":\"de\",\"potentialAction\":[{\"@type\":\"ReadAction\",\"target\":[\"https:\/\/www.codexsrl.com\/de\/produkt\/onda-nach-en-9132019\/\"]}]},{\"@type\":\"ImageObject\",\"inLanguage\":\"de\",\"@id\":\"https:\/\/www.codexsrl.com\/de\/produkt\/onda-nach-en-9132019\/#primaryimage\",\"url\":\"https:\/\/www.codexsrl.com\/wp-content\/uploads\/2017\/05\/Protezioni-antitrauma-Onda-eva_codexsrl.jpg\",\"contentUrl\":\"https:\/\/www.codexsrl.com\/wp-content\/uploads\/2017\/05\/Protezioni-antitrauma-Onda-eva_codexsrl.jpg\",\"width\":900,\"height\":675,\"caption\":\"EVA-Protektoren\"},{\"@type\":\"BreadcrumbList\",\"@id\":\"https:\/\/www.codexsrl.com\/de\/produkt\/onda-nach-en-9132019\/#breadcrumb\",\"itemListElement\":[{\"@type\":\"ListItem\",\"position\":1,\"name\":\"Home\",\"item\":\"https:\/\/www.codexsrl.com\/de\/\"},{\"@type\":\"ListItem\",\"position\":2,\"name\":\"Gesamtkatalog\",\"item\":\"https:\/\/www.codexsrl.com\/de\/gesamtkatalog\/\"},{\"@type\":\"ListItem\",\"position\":3,\"name\":\"Onda nach EN 913:2019\"}]},{\"@type\":\"WebSite\",\"@id\":\"https:\/\/www.codexsrl.com\/de\/#website\",\"url\":\"https:\/\/www.codexsrl.com\/de\/\",\"name\":\"Codex srl\",\"description\":\"Sch\u00fctzt und dekoriert\",\"publisher\":{\"@id\":\"https:\/\/www.codexsrl.com\/de\/#organization\"},\"alternateName\":\"Codex Protezioni Antitrauma e Pavimentazioni\",\"potentialAction\":[{\"@type\":\"SearchAction\",\"target\":{\"@type\":\"EntryPoint\",\"urlTemplate\":\"https:\/\/www.codexsrl.com\/de\/?s={search_term_string}\"},\"query-input\":\"required name=search_term_string\"}],\"inLanguage\":\"de\"},{\"@type\":\"Organization\",\"@id\":\"https:\/\/www.codexsrl.com\/de\/#organization\",\"name\":\"Codex srl\",\"alternateName\":\"Codex Protezioni Antitrauma e Pavimentazioni\",\"url\":\"https:\/\/www.codexsrl.com\/de\/\",\"logo\":{\"@type\":\"ImageObject\",\"inLanguage\":\"de\",\"@id\":\"https:\/\/www.codexsrl.com\/de\/#\/schema\/logo\/image\/\",\"url\":\"https:\/\/www.codexsrl.com\/wp-content\/uploads\/2024\/01\/logo-Codex.webp\",\"contentUrl\":\"https:\/\/www.codexsrl.com\/wp-content\/uploads\/2024\/01\/logo-Codex.webp\",\"width\":527,\"height\":143,\"caption\":\"Codex srl\"},\"image\":{\"@id\":\"https:\/\/www.codexsrl.com\/de\/#\/schema\/logo\/image\/\"},\"sameAs\":[\"https:\/\/www.facebook.com\/codexsicurezza\",\"https:\/\/www.instagram.com\/codexsrl\/\",\"https:\/\/www.linkedin.com\/company\/codexsrl\/\"]}]}<\/script>\n<!-- \/ Yoast SEO plugin. -->","yoast_head_json":{"title":"Onda, EVA-Protektoren gem\u00e4\u00df UNI EN 913:2019 | Codex srl","description":"Onda - Sto\u00dffeste, flexible, schadstoffabweisende, schimmelresistente und antibakterielle EVA-Protektoren. Gem\u00e4\u00df EN 913:2019, ungiftig oder feuerhemmend.","robots":{"index":"index","follow":"follow","max-snippet":"max-snippet:-1","max-image-preview":"max-image-preview:large","max-video-preview":"max-video-preview:-1"},"canonical":"https:\/\/www.codexsrl.com\/de\/produkt\/onda-nach-en-9132019\/","og_locale":"de_DE","og_type":"article","og_title":"Onda, EVA-Protektoren gem\u00e4\u00df UNI EN 913:2019 | Codex srl","og_description":"Onda - Sto\u00dffeste, flexible, schadstoffabweisende, schimmelresistente und antibakterielle EVA-Protektoren. Gem\u00e4\u00df EN 913:2019, ungiftig oder feuerhemmend.","og_url":"https:\/\/www.codexsrl.com\/de\/produkt\/onda-nach-en-9132019\/","og_site_name":"Codex srl","article_publisher":"https:\/\/www.facebook.com\/codexsicurezza","article_modified_time":"2024-03-18T17:19:35+00:00","og_image":[{"width":900,"height":675,"url":"https:\/\/www.codexsrl.com\/wp-content\/uploads\/2017\/05\/Protezioni-antitrauma-Onda-eva_codexsrl.jpg","type":"image\/jpeg"}],"twitter_card":"summary_large_image","twitter_misc":{"Gesch\u00e4tzte Lesezeit":"1\u00a0Minute"},"schema":{"@context":"https:\/\/schema.org","@graph":[{"@type":"WebPage","@id":"https:\/\/www.codexsrl.com\/de\/produkt\/onda-nach-en-9132019\/","url":"https:\/\/www.codexsrl.com\/de\/produkt\/onda-nach-en-9132019\/","name":"Onda, EVA-Protektoren gem\u00e4\u00df UNI EN 913:2019 | Codex srl","isPartOf":{"@id":"https:\/\/www.codexsrl.com\/de\/#website"},"primaryImageOfPage":{"@id":"https:\/\/www.codexsrl.com\/de\/produkt\/onda-nach-en-9132019\/#primaryimage"},"image":{"@id":"https:\/\/www.codexsrl.com\/de\/produkt\/onda-nach-en-9132019\/#primaryimage"},"thumbnailUrl":"https:\/\/www.codexsrl.com\/wp-content\/uploads\/2017\/05\/Protezioni-antitrauma-Onda-eva_codexsrl.jpg","datePublished":"2017-05-05T06:34:05+00:00","dateModified":"2024-03-18T17:19:35+00:00","description":"Onda - Sto\u00dffeste, flexible, schadstoffabweisende, schimmelresistente und antibakterielle EVA-Protektoren. Gem\u00e4\u00df EN 913:2019, ungiftig oder feuerhemmend.","breadcrumb":{"@id":"https:\/\/www.codexsrl.com\/de\/produkt\/onda-nach-en-9132019\/#breadcrumb"},"inLanguage":"de","potentialAction":[{"@type":"ReadAction","target":["https:\/\/www.codexsrl.com\/de\/produkt\/onda-nach-en-9132019\/"]}]},{"@type":"ImageObject","inLanguage":"de","@id":"https:\/\/www.codexsrl.com\/de\/produkt\/onda-nach-en-9132019\/#primaryimage","url":"https:\/\/www.codexsrl.com\/wp-content\/uploads\/2017\/05\/Protezioni-antitrauma-Onda-eva_codexsrl.jpg","contentUrl":"https:\/\/www.codexsrl.com\/wp-content\/uploads\/2017\/05\/Protezioni-antitrauma-Onda-eva_codexsrl.jpg","width":900,"height":675,"caption":"EVA-Protektoren"},{"@type":"BreadcrumbList","@id":"https:\/\/www.codexsrl.com\/de\/produkt\/onda-nach-en-9132019\/#breadcrumb","itemListElement":[{"@type":"ListItem","position":1,"name":"Home","item":"https:\/\/www.codexsrl.com\/de\/"},{"@type":"ListItem","position":2,"name":"Gesamtkatalog","item":"https:\/\/www.codexsrl.com\/de\/gesamtkatalog\/"},{"@type":"ListItem","position":3,"name":"Onda nach EN 913:2019"}]},{"@type":"WebSite","@id":"https:\/\/www.codexsrl.com\/de\/#website","url":"https:\/\/www.codexsrl.com\/de\/","name":"Codex srl","description":"Sch\u00fctzt und dekoriert","publisher":{"@id":"https:\/\/www.codexsrl.com\/de\/#organization"},"alternateName":"Codex Protezioni Antitrauma e Pavimentazioni","potentialAction":[{"@type":"SearchAction","target":{"@type":"EntryPoint","urlTemplate":"https:\/\/www.codexsrl.com\/de\/?s={search_term_string}"},"query-input":"required name=search_term_string"}],"inLanguage":"de"},{"@type":"Organization","@id":"https:\/\/www.codexsrl.com\/de\/#organization","name":"Codex srl","alternateName":"Codex Protezioni Antitrauma e Pavimentazioni","url":"https:\/\/www.codexsrl.com\/de\/","logo":{"@type":"ImageObject","inLanguage":"de","@id":"https:\/\/www.codexsrl.com\/de\/#\/schema\/logo\/image\/","url":"https:\/\/www.codexsrl.com\/wp-content\/uploads\/2024\/01\/logo-Codex.webp","contentUrl":"https:\/\/www.codexsrl.com\/wp-content\/uploads\/2024\/01\/logo-Codex.webp","width":527,"height":143,"caption":"Codex srl"},"image":{"@id":"https:\/\/www.codexsrl.com\/de\/#\/schema\/logo\/image\/"},"sameAs":["https:\/\/www.facebook.com\/codexsicurezza","https:\/\/www.instagram.com\/codexsrl\/","https:\/\/www.linkedin.com\/company\/codexsrl\/"]}]}},"_links":{"self":[{"href":"https:\/\/www.codexsrl.com\/de\/wp-json\/wp\/v2\/product\/10071"}],"collection":[{"href":"https:\/\/www.codexsrl.com\/de\/wp-json\/wp\/v2\/product"}],"about":[{"href":"https:\/\/www.codexsrl.com\/de\/wp-json\/wp\/v2\/types\/product"}],"wp:featuredmedia":[{"embeddable":true,"href":"https:\/\/www.codexsrl.com\/de\/wp-json\/wp\/v2\/media\/8685"}],"wp:attachment":[{"href":"https:\/\/www.codexsrl.com\/de\/wp-json\/wp\/v2\/media?parent=10071"}],"wp:term":[{"taxonomy":"product_cat","embeddable":true,"href":"https:\/\/www.codexsrl.com\/de\/wp-json\/wp\/v2\/product_cat?post=10071"},{"taxonomy":"product_tag","embeddable":true,"href":"https:\/\/www.codexsrl.com\/de\/wp-json\/wp\/v2\/product_tag?post=10071"}],"curies":[{"name":"wp","href":"https:\/\/api.w.org\/{rel}","templated":true}]}}