{"id":10072,"date":"2016-09-16T12:00:11","date_gmt":"2016-09-16T10:00:11","guid":{"rendered":"http:\/\/codexsrl.com.94-76-252-100.web-agency-padova.it\/catalogo\/unkategorisiert\/schutzvorrichtungen-fuer-schiffsbolzen\/"},"modified":"2024-03-18T19:05:27","modified_gmt":"2024-03-18T18:05:27","slug":"schutzvorrichtungen-fuer-schiffsbolzen","status":"publish","type":"product","link":"https:\/\/www.codexsrl.com\/de\/produkt\/schutzvorrichtungen-fuer-schiffsbolzen\/","title":{"rendered":"Schutzvorrichtungen f\u00fcr Schiffsbolzen"},"content":{"rendered":"","protected":false},"excerpt":{"rendered":"<p>Bolzen, die sich in gro\u00dfen Mengen im Inneren von Kreuzfahrtschiffen befinden, k\u00f6nnen manchmal eine Gefahr f\u00fcr die Passagiere darstellen, insbesondere wenn sie sich in H\u00f6hen befinden, in denen die Wahrscheinlichkeit eines Aufpralls hoch ist.<\/p>\n<p>Deshalb fertigen wir je nach Bedarf ma\u00dfgeschneiderte Schiffsabdeckungen und Bolzenschutzvorrichtungen aus Polymat oder Maxionda an.<\/p>\n","protected":false},"featured_media":7509,"template":"","meta":[],"product_cat":[317,318,381],"product_tag":[443,430],"yoast_head":"<!-- This site is optimized with the Yoast SEO plugin v22.3 - https:\/\/yoast.com\/wordpress\/plugins\/seo\/ -->\n<title>Schiffsbolzensch\u00fctzer, Schiffssicherheit | Codex srl<\/title>\n<meta name=\"description\" content=\"In gro\u00dfen Schiffen k\u00f6nnen selbst Bolzen eine Gefahr darstellen, insbesondere f\u00fcr Kinder. Entdecken Sie unsere Schutzvorrichtungen f\u00fcr Schiffsschrauben &gt;&gt;\" \/>\n<meta name=\"robots\" content=\"index, follow, max-snippet:-1, max-image-preview:large, max-video-preview:-1\" \/>\n<link rel=\"canonical\" href=\"https:\/\/www.codexsrl.com\/de\/produkt\/schutzvorrichtungen-fuer-schiffsbolzen\/\" \/>\n<meta property=\"og:locale\" content=\"de_DE\" \/>\n<meta property=\"og:type\" content=\"article\" \/>\n<meta property=\"og:title\" content=\"Schiffsbolzensch\u00fctzer, Schiffssicherheit | Codex srl\" \/>\n<meta property=\"og:description\" content=\"In gro\u00dfen Schiffen k\u00f6nnen selbst Bolzen eine Gefahr darstellen, insbesondere f\u00fcr Kinder. Entdecken Sie unsere Schutzvorrichtungen f\u00fcr Schiffsschrauben &gt;&gt;\" \/>\n<meta property=\"og:url\" content=\"https:\/\/www.codexsrl.com\/de\/produkt\/schutzvorrichtungen-fuer-schiffsbolzen\/\" \/>\n<meta property=\"og:site_name\" content=\"Codex srl\" \/>\n<meta property=\"article:publisher\" content=\"https:\/\/www.facebook.com\/codexsicurezza\" \/>\n<meta property=\"article:modified_time\" content=\"2024-03-18T18:05:27+00:00\" \/>\n<meta property=\"og:image\" content=\"https:\/\/www.codexsrl.com\/wp-content\/uploads\/2016\/09\/bulloni_3_.jpg\" \/>\n\t<meta property=\"og:image:width\" content=\"900\" \/>\n\t<meta property=\"og:image:height\" content=\"1112\" \/>\n\t<meta property=\"og:image:type\" content=\"image\/jpeg\" \/>\n<meta name=\"twitter:card\" content=\"summary_large_image\" \/>\n<script type=\"application\/ld+json\" class=\"yoast-schema-graph\">{\"@context\":\"https:\/\/schema.org\",\"@graph\":[{\"@type\":\"WebPage\",\"@id\":\"https:\/\/www.codexsrl.com\/de\/produkt\/schutzvorrichtungen-fuer-schiffsbolzen\/\",\"url\":\"https:\/\/www.codexsrl.com\/de\/produkt\/schutzvorrichtungen-fuer-schiffsbolzen\/\",\"name\":\"Schiffsbolzensch\u00fctzer, Schiffssicherheit | Codex srl\",\"isPartOf\":{\"@id\":\"https:\/\/www.codexsrl.com\/de\/#website\"},\"primaryImageOfPage\":{\"@id\":\"https:\/\/www.codexsrl.com\/de\/produkt\/schutzvorrichtungen-fuer-schiffsbolzen\/#primaryimage\"},\"image\":{\"@id\":\"https:\/\/www.codexsrl.com\/de\/produkt\/schutzvorrichtungen-fuer-schiffsbolzen\/#primaryimage\"},\"thumbnailUrl\":\"https:\/\/www.codexsrl.com\/wp-content\/uploads\/2016\/09\/bulloni_3_.jpg\",\"datePublished\":\"2016-09-16T10:00:11+00:00\",\"dateModified\":\"2024-03-18T18:05:27+00:00\",\"description\":\"In gro\u00dfen Schiffen k\u00f6nnen selbst Bolzen eine Gefahr darstellen, insbesondere f\u00fcr Kinder. Entdecken Sie unsere Schutzvorrichtungen f\u00fcr Schiffsschrauben >>\",\"breadcrumb\":{\"@id\":\"https:\/\/www.codexsrl.com\/de\/produkt\/schutzvorrichtungen-fuer-schiffsbolzen\/#breadcrumb\"},\"inLanguage\":\"de\",\"potentialAction\":[{\"@type\":\"ReadAction\",\"target\":[\"https:\/\/www.codexsrl.com\/de\/produkt\/schutzvorrichtungen-fuer-schiffsbolzen\/\"]}]},{\"@type\":\"ImageObject\",\"inLanguage\":\"de\",\"@id\":\"https:\/\/www.codexsrl.com\/de\/produkt\/schutzvorrichtungen-fuer-schiffsbolzen\/#primaryimage\",\"url\":\"https:\/\/www.codexsrl.com\/wp-content\/uploads\/2016\/09\/bulloni_3_.jpg\",\"contentUrl\":\"https:\/\/www.codexsrl.com\/wp-content\/uploads\/2016\/09\/bulloni_3_.jpg\",\"width\":900,\"height\":1112,\"caption\":\"Schiffsbolzensch\u00fctzer\"},{\"@type\":\"BreadcrumbList\",\"@id\":\"https:\/\/www.codexsrl.com\/de\/produkt\/schutzvorrichtungen-fuer-schiffsbolzen\/#breadcrumb\",\"itemListElement\":[{\"@type\":\"ListItem\",\"position\":1,\"name\":\"Home\",\"item\":\"https:\/\/www.codexsrl.com\/de\/\"},{\"@type\":\"ListItem\",\"position\":2,\"name\":\"Gesamtkatalog\",\"item\":\"https:\/\/www.codexsrl.com\/de\/gesamtkatalog\/\"},{\"@type\":\"ListItem\",\"position\":3,\"name\":\"Schutzvorrichtungen f\u00fcr Schiffsbolzen\"}]},{\"@type\":\"WebSite\",\"@id\":\"https:\/\/www.codexsrl.com\/de\/#website\",\"url\":\"https:\/\/www.codexsrl.com\/de\/\",\"name\":\"Codex srl\",\"description\":\"Sch\u00fctzt und dekoriert\",\"publisher\":{\"@id\":\"https:\/\/www.codexsrl.com\/de\/#organization\"},\"alternateName\":\"Codex Protezioni Antitrauma e Pavimentazioni\",\"potentialAction\":[{\"@type\":\"SearchAction\",\"target\":{\"@type\":\"EntryPoint\",\"urlTemplate\":\"https:\/\/www.codexsrl.com\/de\/?s={search_term_string}\"},\"query-input\":\"required name=search_term_string\"}],\"inLanguage\":\"de\"},{\"@type\":\"Organization\",\"@id\":\"https:\/\/www.codexsrl.com\/de\/#organization\",\"name\":\"Codex srl\",\"alternateName\":\"Codex Protezioni Antitrauma e Pavimentazioni\",\"url\":\"https:\/\/www.codexsrl.com\/de\/\",\"logo\":{\"@type\":\"ImageObject\",\"inLanguage\":\"de\",\"@id\":\"https:\/\/www.codexsrl.com\/de\/#\/schema\/logo\/image\/\",\"url\":\"https:\/\/www.codexsrl.com\/wp-content\/uploads\/2024\/01\/logo-Codex.webp\",\"contentUrl\":\"https:\/\/www.codexsrl.com\/wp-content\/uploads\/2024\/01\/logo-Codex.webp\",\"width\":527,\"height\":143,\"caption\":\"Codex srl\"},\"image\":{\"@id\":\"https:\/\/www.codexsrl.com\/de\/#\/schema\/logo\/image\/\"},\"sameAs\":[\"https:\/\/www.facebook.com\/codexsicurezza\",\"https:\/\/www.instagram.com\/codexsrl\/\",\"https:\/\/www.linkedin.com\/company\/codexsrl\/\"]}]}<\/script>\n<!-- \/ Yoast SEO plugin. -->","yoast_head_json":{"title":"Schiffsbolzensch\u00fctzer, Schiffssicherheit | Codex srl","description":"In gro\u00dfen Schiffen k\u00f6nnen selbst Bolzen eine Gefahr darstellen, insbesondere f\u00fcr Kinder. Entdecken Sie unsere Schutzvorrichtungen f\u00fcr Schiffsschrauben >>","robots":{"index":"index","follow":"follow","max-snippet":"max-snippet:-1","max-image-preview":"max-image-preview:large","max-video-preview":"max-video-preview:-1"},"canonical":"https:\/\/www.codexsrl.com\/de\/produkt\/schutzvorrichtungen-fuer-schiffsbolzen\/","og_locale":"de_DE","og_type":"article","og_title":"Schiffsbolzensch\u00fctzer, Schiffssicherheit | Codex srl","og_description":"In gro\u00dfen Schiffen k\u00f6nnen selbst Bolzen eine Gefahr darstellen, insbesondere f\u00fcr Kinder. Entdecken Sie unsere Schutzvorrichtungen f\u00fcr Schiffsschrauben >>","og_url":"https:\/\/www.codexsrl.com\/de\/produkt\/schutzvorrichtungen-fuer-schiffsbolzen\/","og_site_name":"Codex srl","article_publisher":"https:\/\/www.facebook.com\/codexsicurezza","article_modified_time":"2024-03-18T18:05:27+00:00","og_image":[{"width":900,"height":1112,"url":"https:\/\/www.codexsrl.com\/wp-content\/uploads\/2016\/09\/bulloni_3_.jpg","type":"image\/jpeg"}],"twitter_card":"summary_large_image","schema":{"@context":"https:\/\/schema.org","@graph":[{"@type":"WebPage","@id":"https:\/\/www.codexsrl.com\/de\/produkt\/schutzvorrichtungen-fuer-schiffsbolzen\/","url":"https:\/\/www.codexsrl.com\/de\/produkt\/schutzvorrichtungen-fuer-schiffsbolzen\/","name":"Schiffsbolzensch\u00fctzer, Schiffssicherheit | Codex srl","isPartOf":{"@id":"https:\/\/www.codexsrl.com\/de\/#website"},"primaryImageOfPage":{"@id":"https:\/\/www.codexsrl.com\/de\/produkt\/schutzvorrichtungen-fuer-schiffsbolzen\/#primaryimage"},"image":{"@id":"https:\/\/www.codexsrl.com\/de\/produkt\/schutzvorrichtungen-fuer-schiffsbolzen\/#primaryimage"},"thumbnailUrl":"https:\/\/www.codexsrl.com\/wp-content\/uploads\/2016\/09\/bulloni_3_.jpg","datePublished":"2016-09-16T10:00:11+00:00","dateModified":"2024-03-18T18:05:27+00:00","description":"In gro\u00dfen Schiffen k\u00f6nnen selbst Bolzen eine Gefahr darstellen, insbesondere f\u00fcr Kinder. Entdecken Sie unsere Schutzvorrichtungen f\u00fcr Schiffsschrauben >>","breadcrumb":{"@id":"https:\/\/www.codexsrl.com\/de\/produkt\/schutzvorrichtungen-fuer-schiffsbolzen\/#breadcrumb"},"inLanguage":"de","potentialAction":[{"@type":"ReadAction","target":["https:\/\/www.codexsrl.com\/de\/produkt\/schutzvorrichtungen-fuer-schiffsbolzen\/"]}]},{"@type":"ImageObject","inLanguage":"de","@id":"https:\/\/www.codexsrl.com\/de\/produkt\/schutzvorrichtungen-fuer-schiffsbolzen\/#primaryimage","url":"https:\/\/www.codexsrl.com\/wp-content\/uploads\/2016\/09\/bulloni_3_.jpg","contentUrl":"https:\/\/www.codexsrl.com\/wp-content\/uploads\/2016\/09\/bulloni_3_.jpg","width":900,"height":1112,"caption":"Schiffsbolzensch\u00fctzer"},{"@type":"BreadcrumbList","@id":"https:\/\/www.codexsrl.com\/de\/produkt\/schutzvorrichtungen-fuer-schiffsbolzen\/#breadcrumb","itemListElement":[{"@type":"ListItem","position":1,"name":"Home","item":"https:\/\/www.codexsrl.com\/de\/"},{"@type":"ListItem","position":2,"name":"Gesamtkatalog","item":"https:\/\/www.codexsrl.com\/de\/gesamtkatalog\/"},{"@type":"ListItem","position":3,"name":"Schutzvorrichtungen f\u00fcr Schiffsbolzen"}]},{"@type":"WebSite","@id":"https:\/\/www.codexsrl.com\/de\/#website","url":"https:\/\/www.codexsrl.com\/de\/","name":"Codex srl","description":"Sch\u00fctzt und dekoriert","publisher":{"@id":"https:\/\/www.codexsrl.com\/de\/#organization"},"alternateName":"Codex Protezioni Antitrauma e Pavimentazioni","potentialAction":[{"@type":"SearchAction","target":{"@type":"EntryPoint","urlTemplate":"https:\/\/www.codexsrl.com\/de\/?s={search_term_string}"},"query-input":"required name=search_term_string"}],"inLanguage":"de"},{"@type":"Organization","@id":"https:\/\/www.codexsrl.com\/de\/#organization","name":"Codex srl","alternateName":"Codex Protezioni Antitrauma e Pavimentazioni","url":"https:\/\/www.codexsrl.com\/de\/","logo":{"@type":"ImageObject","inLanguage":"de","@id":"https:\/\/www.codexsrl.com\/de\/#\/schema\/logo\/image\/","url":"https:\/\/www.codexsrl.com\/wp-content\/uploads\/2024\/01\/logo-Codex.webp","contentUrl":"https:\/\/www.codexsrl.com\/wp-content\/uploads\/2024\/01\/logo-Codex.webp","width":527,"height":143,"caption":"Codex srl"},"image":{"@id":"https:\/\/www.codexsrl.com\/de\/#\/schema\/logo\/image\/"},"sameAs":["https:\/\/www.facebook.com\/codexsicurezza","https:\/\/www.instagram.com\/codexsrl\/","https:\/\/www.linkedin.com\/company\/codexsrl\/"]}]}},"_links":{"self":[{"href":"https:\/\/www.codexsrl.com\/de\/wp-json\/wp\/v2\/product\/10072"}],"collection":[{"href":"https:\/\/www.codexsrl.com\/de\/wp-json\/wp\/v2\/product"}],"about":[{"href":"https:\/\/www.codexsrl.com\/de\/wp-json\/wp\/v2\/types\/product"}],"wp:featuredmedia":[{"embeddable":true,"href":"https:\/\/www.codexsrl.com\/de\/wp-json\/wp\/v2\/media\/7509"}],"wp:attachment":[{"href":"https:\/\/www.codexsrl.com\/de\/wp-json\/wp\/v2\/media?parent=10072"}],"wp:term":[{"taxonomy":"product_cat","embeddable":true,"href":"https:\/\/www.codexsrl.com\/de\/wp-json\/wp\/v2\/product_cat?post=10072"},{"taxonomy":"product_tag","embeddable":true,"href":"https:\/\/www.codexsrl.com\/de\/wp-json\/wp\/v2\/product_tag?post=10072"}],"curies":[{"name":"wp","href":"https:\/\/api.w.org\/{rel}","templated":true}]}}