{"id":10083,"date":"2017-05-09T10:12:35","date_gmt":"2017-05-09T08:12:35","guid":{"rendered":"http:\/\/codexsrl.com.94-76-252-100.web-agency-padova.it\/catalogo\/unkategorisiert\/wandschutz-onda-22mm\/"},"modified":"2024-03-18T18:12:51","modified_gmt":"2024-03-18T17:12:51","slug":"wandschutz-onda-22mm","status":"publish","type":"product","link":"https:\/\/www.codexsrl.com\/de\/produkt\/wandschutz-onda-22mm\/","title":{"rendered":"Wandschutz Onda 22mm"},"content":{"rendered":"<h2 style=\"font-size: 20px;\">Schutz vor Verletzungen durch die Wand: minimale Dicke und optimale Leistung<\/h2>\n<p>Die Tafeln von <span style=\"color: #ff6600;\"><a style=\"color: #ff6600;\" href=\"https:\/\/www.codexsrl.com\/de\/katalog\/materialdatenblatter\/onda-nach-en-9132019\/\" target=\"_blank\" rel=\"noopener\">Onda <\/a><\/span>einem sto\u00dffesten Material aus Polymat (E.V.A.), sind ideal als <strong>Wandschutz<\/strong>, auch f\u00fcr gro\u00dfe W\u00e4nde, sowohl im Innen- als auch im Au\u00dfenbereich.<\/p>\n<p>Das Material ist gepr\u00fcft und zertifiziert  <strong>gem\u00e4\u00df UNI EN 913:2019 App. C<\/strong>  und erf\u00fcllt alle Anforderungen f\u00fcr die Installation in Sportumgebungen.<br \/>\nIn dieser Norm wird das Sto\u00dfd\u00e4mpfungsverm\u00f6gen des Materials durch eine Pr\u00fcfung ermittelt, bei der ein Eindringk\u00f6rper in einer bestimmten H\u00f6he ausgel\u00f6st wird. Das Ergebnis unserer Onda-Panels lautet: <strong>Fallh\u00f6he=320 mm<\/strong> und <strong>Aufprallgeschwindigkeit=2,50 m\/sec.<\/strong><\/p>\n<p>Onda Aufprallschutz und ist gleichzeitig d\u00fcnner und billiger als der <span style=\"color: #ff6600;\"><a style=\"color: #ff6600;\" href=\"https:\/\/www.codexsrl.com\/de\/katalog\/materialdatenblatter\/maxionda-nach-en-913\/\" target=\"_blank\" rel=\"noopener\">Maxionda <\/a><\/span>Der Onda ist zwar d\u00fcnner und billiger als der Maxionda, verf\u00fcgt aber dennoch \u00fcber <strong>eine hervorragende Sto\u00dfd\u00e4mpfung<\/strong>, die sogar noch h\u00f6her ist als die anderer Materialien auf dem Markt (Schaumgummi, Polyethylenschaum usw.).<\/p>\n","protected":false},"excerpt":{"rendered":"<p><strong>Onda-Wandschoner<\/strong>, ein widerstandsf\u00e4higes und flexibles Material, das dank seines speziellen Wellenprofils die Verteilung des Sto\u00dfes erm\u00f6glicht und seine Kraft sowohl vertikal als auch diagonal d\u00e4mpft.<\/p>\n<p>Die sto\u00dffesten Onda-Paneele (Standardformat 100 x 200 cm) sind 22 mm dick und eignen sich ideal f\u00fcr den Schutz von W\u00e4nden in stark frequentierten Umgebungen, wie <strong>Turnhallen, Mehrzweck-Sportanlagen, Schulen und Gesundheitsbereichen<\/strong>.<\/p>\n<p>Das Produkt kann <strong>in Paneelen oder bereits auf die richtige Gr\u00f6\u00dfe zugeschnitten<\/strong> und einbaufertig <strong>geliefert<\/strong> werden. Onda ist sowohl f\u00fcr die Verwendung in Innenr\u00e4umen (feuerhemmende Version) als auch f\u00fcr die Verwendung im Freien (ungiftige Version) geeignet.<\/p>\n<p>Onda ist gem\u00e4\u00df <strong>UNI EN 913:2019 Anhang C<\/strong> gepr\u00fcft.<\/p>\n","protected":false},"featured_media":9423,"template":"","meta":[],"product_cat":[312,445,313,315,369,372,316,368,494],"product_tag":[447,446],"yoast_head":"<!-- This site is optimized with the Yoast SEO plugin v22.3 - https:\/\/yoast.com\/wordpress\/plugins\/seo\/ -->\n<title>Onda Wandschutz, Wandverkleidungen | Codex srl<\/title>\n<meta name=\"description\" content=\"Onda-Wandschoner sind ideal als Wandverkleidung f\u00fcr Sportanlagen, Turnhallen und Schulen. Sto\u00dffeste Platten, gepr\u00fcft nach UNI EN 913:2019.\" \/>\n<meta name=\"robots\" content=\"index, follow, max-snippet:-1, max-image-preview:large, max-video-preview:-1\" \/>\n<link rel=\"canonical\" href=\"https:\/\/www.codexsrl.com\/de\/produkt\/wandschutz-onda-22mm\/\" \/>\n<meta property=\"og:locale\" content=\"de_DE\" \/>\n<meta property=\"og:type\" content=\"article\" \/>\n<meta property=\"og:title\" content=\"Onda Wandschutz, Wandverkleidungen | Codex srl\" \/>\n<meta property=\"og:description\" content=\"Onda-Wandschoner sind ideal als Wandverkleidung f\u00fcr Sportanlagen, Turnhallen und Schulen. Sto\u00dffeste Platten, gepr\u00fcft nach UNI EN 913:2019.\" \/>\n<meta property=\"og:url\" content=\"https:\/\/www.codexsrl.com\/de\/produkt\/wandschutz-onda-22mm\/\" \/>\n<meta property=\"og:site_name\" content=\"Codex srl\" \/>\n<meta property=\"article:publisher\" content=\"https:\/\/www.facebook.com\/codexsicurezza\" \/>\n<meta property=\"article:modified_time\" content=\"2024-03-18T17:12:51+00:00\" \/>\n<meta property=\"og:image\" content=\"https:\/\/www.codexsrl.com\/wp-content\/uploads\/2017\/05\/impact-protectors-wall-padding-corner-guards-onda.jpg\" \/>\n<meta name=\"twitter:card\" content=\"summary_large_image\" \/>\n<meta name=\"twitter:image\" content=\"https:\/\/www.codexsrl.com\/wp-content\/uploads\/2017\/05\/impact-protectors-wall-padding-corner-guards-onda.jpg\" \/>\n<meta name=\"twitter:label1\" content=\"Gesch\u00e4tzte Lesezeit\" \/>\n\t<meta name=\"twitter:data1\" content=\"1\u00a0Minute\" \/>\n<script type=\"application\/ld+json\" class=\"yoast-schema-graph\">{\"@context\":\"https:\/\/schema.org\",\"@graph\":[{\"@type\":\"WebPage\",\"@id\":\"https:\/\/www.codexsrl.com\/de\/produkt\/wandschutz-onda-22mm\/\",\"url\":\"https:\/\/www.codexsrl.com\/de\/produkt\/wandschutz-onda-22mm\/\",\"name\":\"Onda Wandschutz, Wandverkleidungen | Codex srl\",\"isPartOf\":{\"@id\":\"https:\/\/www.codexsrl.com\/de\/#website\"},\"primaryImageOfPage\":{\"@id\":\"https:\/\/www.codexsrl.com\/de\/produkt\/wandschutz-onda-22mm\/#primaryimage\"},\"image\":{\"@id\":\"https:\/\/www.codexsrl.com\/de\/produkt\/wandschutz-onda-22mm\/#primaryimage\"},\"thumbnailUrl\":\"https:\/\/www.codexsrl.com\/wp-content\/uploads\/2017\/05\/protezioni-murali-antitrauma-palestra-scuola-onda-codex-5.jpg\",\"datePublished\":\"2017-05-09T08:12:35+00:00\",\"dateModified\":\"2024-03-18T17:12:51+00:00\",\"description\":\"Onda-Wandschoner sind ideal als Wandverkleidung f\u00fcr Sportanlagen, Turnhallen und Schulen. Sto\u00dffeste Platten, gepr\u00fcft nach UNI EN 913:2019.\",\"breadcrumb\":{\"@id\":\"https:\/\/www.codexsrl.com\/de\/produkt\/wandschutz-onda-22mm\/#breadcrumb\"},\"inLanguage\":\"de\",\"potentialAction\":[{\"@type\":\"ReadAction\",\"target\":[\"https:\/\/www.codexsrl.com\/de\/produkt\/wandschutz-onda-22mm\/\"]}]},{\"@type\":\"ImageObject\",\"inLanguage\":\"de\",\"@id\":\"https:\/\/www.codexsrl.com\/de\/produkt\/wandschutz-onda-22mm\/#primaryimage\",\"url\":\"https:\/\/www.codexsrl.com\/wp-content\/uploads\/2017\/05\/protezioni-murali-antitrauma-palestra-scuola-onda-codex-5.jpg\",\"contentUrl\":\"https:\/\/www.codexsrl.com\/wp-content\/uploads\/2017\/05\/protezioni-murali-antitrauma-palestra-scuola-onda-codex-5.jpg\",\"width\":675,\"height\":900,\"caption\":\"Sto\u00dfsicherer Wandschutz Onda 22 mm dick\"},{\"@type\":\"BreadcrumbList\",\"@id\":\"https:\/\/www.codexsrl.com\/de\/produkt\/wandschutz-onda-22mm\/#breadcrumb\",\"itemListElement\":[{\"@type\":\"ListItem\",\"position\":1,\"name\":\"Home\",\"item\":\"https:\/\/www.codexsrl.com\/de\/\"},{\"@type\":\"ListItem\",\"position\":2,\"name\":\"Gesamtkatalog\",\"item\":\"https:\/\/www.codexsrl.com\/de\/gesamtkatalog\/\"},{\"@type\":\"ListItem\",\"position\":3,\"name\":\"Wandschutz Onda 22mm\"}]},{\"@type\":\"WebSite\",\"@id\":\"https:\/\/www.codexsrl.com\/de\/#website\",\"url\":\"https:\/\/www.codexsrl.com\/de\/\",\"name\":\"Codex srl\",\"description\":\"Sch\u00fctzt und dekoriert\",\"publisher\":{\"@id\":\"https:\/\/www.codexsrl.com\/de\/#organization\"},\"alternateName\":\"Codex Protezioni Antitrauma e Pavimentazioni\",\"potentialAction\":[{\"@type\":\"SearchAction\",\"target\":{\"@type\":\"EntryPoint\",\"urlTemplate\":\"https:\/\/www.codexsrl.com\/de\/?s={search_term_string}\"},\"query-input\":\"required name=search_term_string\"}],\"inLanguage\":\"de\"},{\"@type\":\"Organization\",\"@id\":\"https:\/\/www.codexsrl.com\/de\/#organization\",\"name\":\"Codex srl\",\"alternateName\":\"Codex Protezioni Antitrauma e Pavimentazioni\",\"url\":\"https:\/\/www.codexsrl.com\/de\/\",\"logo\":{\"@type\":\"ImageObject\",\"inLanguage\":\"de\",\"@id\":\"https:\/\/www.codexsrl.com\/de\/#\/schema\/logo\/image\/\",\"url\":\"https:\/\/www.codexsrl.com\/wp-content\/uploads\/2024\/01\/logo-Codex.webp\",\"contentUrl\":\"https:\/\/www.codexsrl.com\/wp-content\/uploads\/2024\/01\/logo-Codex.webp\",\"width\":527,\"height\":143,\"caption\":\"Codex srl\"},\"image\":{\"@id\":\"https:\/\/www.codexsrl.com\/de\/#\/schema\/logo\/image\/\"},\"sameAs\":[\"https:\/\/www.facebook.com\/codexsicurezza\",\"https:\/\/www.instagram.com\/codexsrl\/\",\"https:\/\/www.linkedin.com\/company\/codexsrl\/\"]}]}<\/script>\n<!-- \/ Yoast SEO plugin. -->","yoast_head_json":{"title":"Onda Wandschutz, Wandverkleidungen | Codex srl","description":"Onda-Wandschoner sind ideal als Wandverkleidung f\u00fcr Sportanlagen, Turnhallen und Schulen. Sto\u00dffeste Platten, gepr\u00fcft nach UNI EN 913:2019.","robots":{"index":"index","follow":"follow","max-snippet":"max-snippet:-1","max-image-preview":"max-image-preview:large","max-video-preview":"max-video-preview:-1"},"canonical":"https:\/\/www.codexsrl.com\/de\/produkt\/wandschutz-onda-22mm\/","og_locale":"de_DE","og_type":"article","og_title":"Onda Wandschutz, Wandverkleidungen | Codex srl","og_description":"Onda-Wandschoner sind ideal als Wandverkleidung f\u00fcr Sportanlagen, Turnhallen und Schulen. Sto\u00dffeste Platten, gepr\u00fcft nach UNI EN 913:2019.","og_url":"https:\/\/www.codexsrl.com\/de\/produkt\/wandschutz-onda-22mm\/","og_site_name":"Codex srl","article_publisher":"https:\/\/www.facebook.com\/codexsicurezza","article_modified_time":"2024-03-18T17:12:51+00:00","og_image":[{"url":"https:\/\/www.codexsrl.com\/wp-content\/uploads\/2017\/05\/impact-protectors-wall-padding-corner-guards-onda.jpg"}],"twitter_card":"summary_large_image","twitter_image":"https:\/\/www.codexsrl.com\/wp-content\/uploads\/2017\/05\/impact-protectors-wall-padding-corner-guards-onda.jpg","twitter_misc":{"Gesch\u00e4tzte Lesezeit":"1\u00a0Minute"},"schema":{"@context":"https:\/\/schema.org","@graph":[{"@type":"WebPage","@id":"https:\/\/www.codexsrl.com\/de\/produkt\/wandschutz-onda-22mm\/","url":"https:\/\/www.codexsrl.com\/de\/produkt\/wandschutz-onda-22mm\/","name":"Onda Wandschutz, Wandverkleidungen | Codex srl","isPartOf":{"@id":"https:\/\/www.codexsrl.com\/de\/#website"},"primaryImageOfPage":{"@id":"https:\/\/www.codexsrl.com\/de\/produkt\/wandschutz-onda-22mm\/#primaryimage"},"image":{"@id":"https:\/\/www.codexsrl.com\/de\/produkt\/wandschutz-onda-22mm\/#primaryimage"},"thumbnailUrl":"https:\/\/www.codexsrl.com\/wp-content\/uploads\/2017\/05\/protezioni-murali-antitrauma-palestra-scuola-onda-codex-5.jpg","datePublished":"2017-05-09T08:12:35+00:00","dateModified":"2024-03-18T17:12:51+00:00","description":"Onda-Wandschoner sind ideal als Wandverkleidung f\u00fcr Sportanlagen, Turnhallen und Schulen. Sto\u00dffeste Platten, gepr\u00fcft nach UNI EN 913:2019.","breadcrumb":{"@id":"https:\/\/www.codexsrl.com\/de\/produkt\/wandschutz-onda-22mm\/#breadcrumb"},"inLanguage":"de","potentialAction":[{"@type":"ReadAction","target":["https:\/\/www.codexsrl.com\/de\/produkt\/wandschutz-onda-22mm\/"]}]},{"@type":"ImageObject","inLanguage":"de","@id":"https:\/\/www.codexsrl.com\/de\/produkt\/wandschutz-onda-22mm\/#primaryimage","url":"https:\/\/www.codexsrl.com\/wp-content\/uploads\/2017\/05\/protezioni-murali-antitrauma-palestra-scuola-onda-codex-5.jpg","contentUrl":"https:\/\/www.codexsrl.com\/wp-content\/uploads\/2017\/05\/protezioni-murali-antitrauma-palestra-scuola-onda-codex-5.jpg","width":675,"height":900,"caption":"Sto\u00dfsicherer Wandschutz Onda 22 mm dick"},{"@type":"BreadcrumbList","@id":"https:\/\/www.codexsrl.com\/de\/produkt\/wandschutz-onda-22mm\/#breadcrumb","itemListElement":[{"@type":"ListItem","position":1,"name":"Home","item":"https:\/\/www.codexsrl.com\/de\/"},{"@type":"ListItem","position":2,"name":"Gesamtkatalog","item":"https:\/\/www.codexsrl.com\/de\/gesamtkatalog\/"},{"@type":"ListItem","position":3,"name":"Wandschutz Onda 22mm"}]},{"@type":"WebSite","@id":"https:\/\/www.codexsrl.com\/de\/#website","url":"https:\/\/www.codexsrl.com\/de\/","name":"Codex srl","description":"Sch\u00fctzt und dekoriert","publisher":{"@id":"https:\/\/www.codexsrl.com\/de\/#organization"},"alternateName":"Codex Protezioni Antitrauma e Pavimentazioni","potentialAction":[{"@type":"SearchAction","target":{"@type":"EntryPoint","urlTemplate":"https:\/\/www.codexsrl.com\/de\/?s={search_term_string}"},"query-input":"required name=search_term_string"}],"inLanguage":"de"},{"@type":"Organization","@id":"https:\/\/www.codexsrl.com\/de\/#organization","name":"Codex srl","alternateName":"Codex Protezioni Antitrauma e Pavimentazioni","url":"https:\/\/www.codexsrl.com\/de\/","logo":{"@type":"ImageObject","inLanguage":"de","@id":"https:\/\/www.codexsrl.com\/de\/#\/schema\/logo\/image\/","url":"https:\/\/www.codexsrl.com\/wp-content\/uploads\/2024\/01\/logo-Codex.webp","contentUrl":"https:\/\/www.codexsrl.com\/wp-content\/uploads\/2024\/01\/logo-Codex.webp","width":527,"height":143,"caption":"Codex srl"},"image":{"@id":"https:\/\/www.codexsrl.com\/de\/#\/schema\/logo\/image\/"},"sameAs":["https:\/\/www.facebook.com\/codexsicurezza","https:\/\/www.instagram.com\/codexsrl\/","https:\/\/www.linkedin.com\/company\/codexsrl\/"]}]}},"_links":{"self":[{"href":"https:\/\/www.codexsrl.com\/de\/wp-json\/wp\/v2\/product\/10083"}],"collection":[{"href":"https:\/\/www.codexsrl.com\/de\/wp-json\/wp\/v2\/product"}],"about":[{"href":"https:\/\/www.codexsrl.com\/de\/wp-json\/wp\/v2\/types\/product"}],"wp:featuredmedia":[{"embeddable":true,"href":"https:\/\/www.codexsrl.com\/de\/wp-json\/wp\/v2\/media\/9423"}],"wp:attachment":[{"href":"https:\/\/www.codexsrl.com\/de\/wp-json\/wp\/v2\/media?parent=10083"}],"wp:term":[{"taxonomy":"product_cat","embeddable":true,"href":"https:\/\/www.codexsrl.com\/de\/wp-json\/wp\/v2\/product_cat?post=10083"},{"taxonomy":"product_tag","embeddable":true,"href":"https:\/\/www.codexsrl.com\/de\/wp-json\/wp\/v2\/product_tag?post=10083"}],"curies":[{"name":"wp","href":"https:\/\/api.w.org\/{rel}","templated":true}]}}