{"id":10085,"date":"2016-09-16T12:15:09","date_gmt":"2016-09-16T10:15:09","guid":{"rendered":"http:\/\/codexsrl.com.94-76-252-100.web-agency-padova.it\/catalogo\/unkategorisiert\/saeulenschutz-fuer-schiffe\/"},"modified":"2024-03-13T12:10:40","modified_gmt":"2024-03-13T11:10:40","slug":"saeulenschutz-fuer-schiffe","status":"publish","type":"product","link":"https:\/\/www.codexsrl.com\/de\/produkt\/saeulenschutz-fuer-schiffe\/","title":{"rendered":"S\u00e4ulenschutz f\u00fcr Schiffe"},"content":{"rendered":"","protected":false},"excerpt":{"rendered":"<p>Maxionda und Onda sind die idealen Materialien f\u00fcr den <strong>S\u00e4ulenschutz auf Schiffen und Kreuzfahrten<\/strong>, da sie perfekt gegen Witterungseinfl\u00fcsse und unterschiedliche Temperaturen best\u00e4ndig sind. Ihre Flexibilit\u00e4t erm\u00f6glicht den Schutz von <strong>S\u00e4ulen und Tr\u00e4gern<\/strong>, auch von betr\u00e4chtlichen Ausma\u00dfen, aus jedem Material.<\/p>\n<p>Sie sind an jeden Untergrund anpassbar, leicht zu verlegen, wasserabweisend und garantieren eine hohe Sto\u00dfd\u00e4mpfung dank des speziellen Wellenprofils, das die St\u00f6\u00dfe auf die verschiedenen konkaven Seitenr\u00e4ume verteilt.<\/p>\n","protected":false},"featured_media":7517,"template":"","meta":[],"product_cat":[317,318],"product_tag":[375,377],"yoast_head":"<!-- This site is optimized with the Yoast SEO plugin v22.3 - https:\/\/yoast.com\/wordpress\/plugins\/seo\/ -->\n<title>Schutz von Schiffss\u00e4ulen, Kreuzfahrtsicherheit | Codex srl<\/title>\n<meta name=\"description\" content=\"Ma\u00dfgeschneiderte Schutzvorrichtungen f\u00fcr Schiffe und Kreuzfahrtschiffe, um maximale Sicherheit f\u00fcr die Passagiere zu gew\u00e4hrleisten und ein raffiniertes Design zu erhalten.\" \/>\n<meta name=\"robots\" content=\"index, follow, max-snippet:-1, max-image-preview:large, max-video-preview:-1\" \/>\n<link rel=\"canonical\" href=\"https:\/\/www.codexsrl.com\/de\/produkt\/saeulenschutz-fuer-schiffe\/\" \/>\n<meta property=\"og:locale\" content=\"de_DE\" \/>\n<meta property=\"og:type\" content=\"article\" \/>\n<meta property=\"og:title\" content=\"Schutz von Schiffss\u00e4ulen, Kreuzfahrtsicherheit | Codex srl\" \/>\n<meta property=\"og:description\" content=\"Ma\u00dfgeschneiderte Schutzvorrichtungen f\u00fcr Schiffe und Kreuzfahrtschiffe, um maximale Sicherheit f\u00fcr die Passagiere zu gew\u00e4hrleisten und ein raffiniertes Design zu erhalten.\" \/>\n<meta property=\"og:url\" content=\"https:\/\/www.codexsrl.com\/de\/produkt\/saeulenschutz-fuer-schiffe\/\" \/>\n<meta property=\"og:site_name\" content=\"Codex srl\" \/>\n<meta property=\"article:publisher\" content=\"https:\/\/www.facebook.com\/codexsicurezza\" \/>\n<meta property=\"article:modified_time\" content=\"2024-03-13T11:10:40+00:00\" \/>\n<meta property=\"og:image\" content=\"https:\/\/www.codexsrl.com\/wp-content\/uploads\/2016\/09\/pillar-padding-cruises-safety-protections-codexsrl.jpg\" \/>\n<meta name=\"twitter:card\" content=\"summary_large_image\" \/>\n<script type=\"application\/ld+json\" class=\"yoast-schema-graph\">{\"@context\":\"https:\/\/schema.org\",\"@graph\":[{\"@type\":\"WebPage\",\"@id\":\"https:\/\/www.codexsrl.com\/de\/produkt\/saeulenschutz-fuer-schiffe\/\",\"url\":\"https:\/\/www.codexsrl.com\/de\/produkt\/saeulenschutz-fuer-schiffe\/\",\"name\":\"Schutz von Schiffss\u00e4ulen, Kreuzfahrtsicherheit | Codex srl\",\"isPartOf\":{\"@id\":\"https:\/\/www.codexsrl.com\/de\/#website\"},\"primaryImageOfPage\":{\"@id\":\"https:\/\/www.codexsrl.com\/de\/produkt\/saeulenschutz-fuer-schiffe\/#primaryimage\"},\"image\":{\"@id\":\"https:\/\/www.codexsrl.com\/de\/produkt\/saeulenschutz-fuer-schiffe\/#primaryimage\"},\"thumbnailUrl\":\"https:\/\/www.codexsrl.com\/wp-content\/uploads\/2016\/09\/062.jpg\",\"datePublished\":\"2016-09-16T10:15:09+00:00\",\"dateModified\":\"2024-03-13T11:10:40+00:00\",\"description\":\"Ma\u00dfgeschneiderte Schutzvorrichtungen f\u00fcr Schiffe und Kreuzfahrtschiffe, um maximale Sicherheit f\u00fcr die Passagiere zu gew\u00e4hrleisten und ein raffiniertes Design zu erhalten.\",\"breadcrumb\":{\"@id\":\"https:\/\/www.codexsrl.com\/de\/produkt\/saeulenschutz-fuer-schiffe\/#breadcrumb\"},\"inLanguage\":\"de\",\"potentialAction\":[{\"@type\":\"ReadAction\",\"target\":[\"https:\/\/www.codexsrl.com\/de\/produkt\/saeulenschutz-fuer-schiffe\/\"]}]},{\"@type\":\"ImageObject\",\"inLanguage\":\"de\",\"@id\":\"https:\/\/www.codexsrl.com\/de\/produkt\/saeulenschutz-fuer-schiffe\/#primaryimage\",\"url\":\"https:\/\/www.codexsrl.com\/wp-content\/uploads\/2016\/09\/062.jpg\",\"contentUrl\":\"https:\/\/www.codexsrl.com\/wp-content\/uploads\/2016\/09\/062.jpg\",\"width\":900,\"height\":1200,\"caption\":\"S\u00e4ulensch\u00fctzer Schiffe, Rohr- und S\u00e4ulensch\u00fctzer\"},{\"@type\":\"BreadcrumbList\",\"@id\":\"https:\/\/www.codexsrl.com\/de\/produkt\/saeulenschutz-fuer-schiffe\/#breadcrumb\",\"itemListElement\":[{\"@type\":\"ListItem\",\"position\":1,\"name\":\"Home\",\"item\":\"https:\/\/www.codexsrl.com\/de\/\"},{\"@type\":\"ListItem\",\"position\":2,\"name\":\"Gesamtkatalog\",\"item\":\"https:\/\/www.codexsrl.com\/de\/gesamtkatalog\/\"},{\"@type\":\"ListItem\",\"position\":3,\"name\":\"S\u00e4ulenschutz f\u00fcr Schiffe\"}]},{\"@type\":\"WebSite\",\"@id\":\"https:\/\/www.codexsrl.com\/de\/#website\",\"url\":\"https:\/\/www.codexsrl.com\/de\/\",\"name\":\"Codex srl\",\"description\":\"Sch\u00fctzt und dekoriert\",\"publisher\":{\"@id\":\"https:\/\/www.codexsrl.com\/de\/#organization\"},\"alternateName\":\"Codex Protezioni Antitrauma e Pavimentazioni\",\"potentialAction\":[{\"@type\":\"SearchAction\",\"target\":{\"@type\":\"EntryPoint\",\"urlTemplate\":\"https:\/\/www.codexsrl.com\/de\/?s={search_term_string}\"},\"query-input\":\"required name=search_term_string\"}],\"inLanguage\":\"de\"},{\"@type\":\"Organization\",\"@id\":\"https:\/\/www.codexsrl.com\/de\/#organization\",\"name\":\"Codex srl\",\"alternateName\":\"Codex Protezioni Antitrauma e Pavimentazioni\",\"url\":\"https:\/\/www.codexsrl.com\/de\/\",\"logo\":{\"@type\":\"ImageObject\",\"inLanguage\":\"de\",\"@id\":\"https:\/\/www.codexsrl.com\/de\/#\/schema\/logo\/image\/\",\"url\":\"https:\/\/www.codexsrl.com\/wp-content\/uploads\/2024\/01\/logo-Codex.webp\",\"contentUrl\":\"https:\/\/www.codexsrl.com\/wp-content\/uploads\/2024\/01\/logo-Codex.webp\",\"width\":527,\"height\":143,\"caption\":\"Codex srl\"},\"image\":{\"@id\":\"https:\/\/www.codexsrl.com\/de\/#\/schema\/logo\/image\/\"},\"sameAs\":[\"https:\/\/www.facebook.com\/codexsicurezza\",\"https:\/\/www.instagram.com\/codexsrl\/\",\"https:\/\/www.linkedin.com\/company\/codexsrl\/\"]}]}<\/script>\n<!-- \/ Yoast SEO plugin. -->","yoast_head_json":{"title":"Schutz von Schiffss\u00e4ulen, Kreuzfahrtsicherheit | Codex srl","description":"Ma\u00dfgeschneiderte Schutzvorrichtungen f\u00fcr Schiffe und Kreuzfahrtschiffe, um maximale Sicherheit f\u00fcr die Passagiere zu gew\u00e4hrleisten und ein raffiniertes Design zu erhalten.","robots":{"index":"index","follow":"follow","max-snippet":"max-snippet:-1","max-image-preview":"max-image-preview:large","max-video-preview":"max-video-preview:-1"},"canonical":"https:\/\/www.codexsrl.com\/de\/produkt\/saeulenschutz-fuer-schiffe\/","og_locale":"de_DE","og_type":"article","og_title":"Schutz von Schiffss\u00e4ulen, Kreuzfahrtsicherheit | Codex srl","og_description":"Ma\u00dfgeschneiderte Schutzvorrichtungen f\u00fcr Schiffe und Kreuzfahrtschiffe, um maximale Sicherheit f\u00fcr die Passagiere zu gew\u00e4hrleisten und ein raffiniertes Design zu erhalten.","og_url":"https:\/\/www.codexsrl.com\/de\/produkt\/saeulenschutz-fuer-schiffe\/","og_site_name":"Codex srl","article_publisher":"https:\/\/www.facebook.com\/codexsicurezza","article_modified_time":"2024-03-13T11:10:40+00:00","og_image":[{"url":"https:\/\/www.codexsrl.com\/wp-content\/uploads\/2016\/09\/pillar-padding-cruises-safety-protections-codexsrl.jpg"}],"twitter_card":"summary_large_image","schema":{"@context":"https:\/\/schema.org","@graph":[{"@type":"WebPage","@id":"https:\/\/www.codexsrl.com\/de\/produkt\/saeulenschutz-fuer-schiffe\/","url":"https:\/\/www.codexsrl.com\/de\/produkt\/saeulenschutz-fuer-schiffe\/","name":"Schutz von Schiffss\u00e4ulen, Kreuzfahrtsicherheit | Codex srl","isPartOf":{"@id":"https:\/\/www.codexsrl.com\/de\/#website"},"primaryImageOfPage":{"@id":"https:\/\/www.codexsrl.com\/de\/produkt\/saeulenschutz-fuer-schiffe\/#primaryimage"},"image":{"@id":"https:\/\/www.codexsrl.com\/de\/produkt\/saeulenschutz-fuer-schiffe\/#primaryimage"},"thumbnailUrl":"https:\/\/www.codexsrl.com\/wp-content\/uploads\/2016\/09\/062.jpg","datePublished":"2016-09-16T10:15:09+00:00","dateModified":"2024-03-13T11:10:40+00:00","description":"Ma\u00dfgeschneiderte Schutzvorrichtungen f\u00fcr Schiffe und Kreuzfahrtschiffe, um maximale Sicherheit f\u00fcr die Passagiere zu gew\u00e4hrleisten und ein raffiniertes Design zu erhalten.","breadcrumb":{"@id":"https:\/\/www.codexsrl.com\/de\/produkt\/saeulenschutz-fuer-schiffe\/#breadcrumb"},"inLanguage":"de","potentialAction":[{"@type":"ReadAction","target":["https:\/\/www.codexsrl.com\/de\/produkt\/saeulenschutz-fuer-schiffe\/"]}]},{"@type":"ImageObject","inLanguage":"de","@id":"https:\/\/www.codexsrl.com\/de\/produkt\/saeulenschutz-fuer-schiffe\/#primaryimage","url":"https:\/\/www.codexsrl.com\/wp-content\/uploads\/2016\/09\/062.jpg","contentUrl":"https:\/\/www.codexsrl.com\/wp-content\/uploads\/2016\/09\/062.jpg","width":900,"height":1200,"caption":"S\u00e4ulensch\u00fctzer Schiffe, Rohr- und S\u00e4ulensch\u00fctzer"},{"@type":"BreadcrumbList","@id":"https:\/\/www.codexsrl.com\/de\/produkt\/saeulenschutz-fuer-schiffe\/#breadcrumb","itemListElement":[{"@type":"ListItem","position":1,"name":"Home","item":"https:\/\/www.codexsrl.com\/de\/"},{"@type":"ListItem","position":2,"name":"Gesamtkatalog","item":"https:\/\/www.codexsrl.com\/de\/gesamtkatalog\/"},{"@type":"ListItem","position":3,"name":"S\u00e4ulenschutz f\u00fcr Schiffe"}]},{"@type":"WebSite","@id":"https:\/\/www.codexsrl.com\/de\/#website","url":"https:\/\/www.codexsrl.com\/de\/","name":"Codex srl","description":"Sch\u00fctzt und dekoriert","publisher":{"@id":"https:\/\/www.codexsrl.com\/de\/#organization"},"alternateName":"Codex Protezioni Antitrauma e Pavimentazioni","potentialAction":[{"@type":"SearchAction","target":{"@type":"EntryPoint","urlTemplate":"https:\/\/www.codexsrl.com\/de\/?s={search_term_string}"},"query-input":"required name=search_term_string"}],"inLanguage":"de"},{"@type":"Organization","@id":"https:\/\/www.codexsrl.com\/de\/#organization","name":"Codex srl","alternateName":"Codex Protezioni Antitrauma e Pavimentazioni","url":"https:\/\/www.codexsrl.com\/de\/","logo":{"@type":"ImageObject","inLanguage":"de","@id":"https:\/\/www.codexsrl.com\/de\/#\/schema\/logo\/image\/","url":"https:\/\/www.codexsrl.com\/wp-content\/uploads\/2024\/01\/logo-Codex.webp","contentUrl":"https:\/\/www.codexsrl.com\/wp-content\/uploads\/2024\/01\/logo-Codex.webp","width":527,"height":143,"caption":"Codex srl"},"image":{"@id":"https:\/\/www.codexsrl.com\/de\/#\/schema\/logo\/image\/"},"sameAs":["https:\/\/www.facebook.com\/codexsicurezza","https:\/\/www.instagram.com\/codexsrl\/","https:\/\/www.linkedin.com\/company\/codexsrl\/"]}]}},"_links":{"self":[{"href":"https:\/\/www.codexsrl.com\/de\/wp-json\/wp\/v2\/product\/10085"}],"collection":[{"href":"https:\/\/www.codexsrl.com\/de\/wp-json\/wp\/v2\/product"}],"about":[{"href":"https:\/\/www.codexsrl.com\/de\/wp-json\/wp\/v2\/types\/product"}],"wp:featuredmedia":[{"embeddable":true,"href":"https:\/\/www.codexsrl.com\/de\/wp-json\/wp\/v2\/media\/7517"}],"wp:attachment":[{"href":"https:\/\/www.codexsrl.com\/de\/wp-json\/wp\/v2\/media?parent=10085"}],"wp:term":[{"taxonomy":"product_cat","embeddable":true,"href":"https:\/\/www.codexsrl.com\/de\/wp-json\/wp\/v2\/product_cat?post=10085"},{"taxonomy":"product_tag","embeddable":true,"href":"https:\/\/www.codexsrl.com\/de\/wp-json\/wp\/v2\/product_tag?post=10085"}],"curies":[{"name":"wp","href":"https:\/\/api.w.org\/{rel}","templated":true}]}}