{"id":10090,"date":"2017-04-06T12:22:07","date_gmt":"2017-04-06T10:22:07","guid":{"rendered":"http:\/\/codexsrl.com.94-76-252-100.web-agency-padova.it\/catalogo\/unkategorisiert\/leckageschutz-110\/"},"modified":"2024-03-18T19:28:16","modified_gmt":"2024-03-18T18:28:16","slug":"leckageschutz-110","status":"publish","type":"product","link":"https:\/\/www.codexsrl.com\/de\/produkt\/leckageschutz-110\/","title":{"rendered":"Leckageschutz 110\u00b0"},"content":{"rendered":"","protected":false},"excerpt":{"rendered":"<p>Transparenter Leckageschutz f\u00fcr T\u00fcren, die bis zu 110\u00b0 \u00f6ffnen. Der Schutz besteht aus zwei Profilen: eines wird auf der Innenseite und das andere auf der Au\u00dfenseite der T\u00fcr angebracht.<br \/>\nDank seiner transparenten Farbgebung passt dieser Fingerschutz perfekt zu jeder Art von T\u00fcr und ist ein unverzichtbarer Sicherheitsschutz f\u00fcr Umgebungen, die von Kindern stark frequentiert werden, wie Kinderg\u00e4rten und Schulen.<\/p>\n","protected":false},"featured_media":8315,"template":"","meta":[],"product_cat":[312,492,490,313,314],"product_tag":[],"yoast_head":"<!-- This site is optimized with the Yoast SEO plugin v22.3 - https:\/\/yoast.com\/wordpress\/plugins\/seo\/ -->\n<title>T\u00fcrschutz, \u00d6ffnung 110\u00b0 | Codex srl<\/title>\n<meta name=\"description\" content=\"T\u00fcrschutz, der eine winklige \u00d6ffnung von bis zu 110\u00b0 erm\u00f6glicht. Artikel bestehend aus einem Innenprofil und einem Au\u00dfenprofil, beide transparent.\" \/>\n<meta name=\"robots\" content=\"index, follow, max-snippet:-1, max-image-preview:large, max-video-preview:-1\" \/>\n<link rel=\"canonical\" href=\"https:\/\/www.codexsrl.com\/de\/produkt\/leckageschutz-110\/\" \/>\n<meta property=\"og:locale\" content=\"de_DE\" \/>\n<meta property=\"og:type\" content=\"article\" \/>\n<meta property=\"og:title\" content=\"T\u00fcrschutz, \u00d6ffnung 110\u00b0 | Codex srl\" \/>\n<meta property=\"og:description\" content=\"T\u00fcrschutz, der eine winklige \u00d6ffnung von bis zu 110\u00b0 erm\u00f6glicht. Artikel bestehend aus einem Innenprofil und einem Au\u00dfenprofil, beide transparent.\" \/>\n<meta property=\"og:url\" content=\"https:\/\/www.codexsrl.com\/de\/produkt\/leckageschutz-110\/\" \/>\n<meta property=\"og:site_name\" content=\"Codex srl\" \/>\n<meta property=\"article:publisher\" content=\"https:\/\/www.facebook.com\/codexsicurezza\" \/>\n<meta property=\"article:modified_time\" content=\"2024-03-18T18:28:16+00:00\" \/>\n<meta property=\"og:image\" content=\"https:\/\/www.codexsrl.com\/wp-content\/uploads\/2017\/04\/protezioni-salvadita-110-1.jpg\" \/>\n\t<meta property=\"og:image:width\" content=\"675\" \/>\n\t<meta property=\"og:image:height\" content=\"900\" \/>\n\t<meta property=\"og:image:type\" content=\"image\/jpeg\" \/>\n<meta name=\"twitter:card\" content=\"summary_large_image\" \/>\n<script type=\"application\/ld+json\" class=\"yoast-schema-graph\">{\"@context\":\"https:\/\/schema.org\",\"@graph\":[{\"@type\":\"WebPage\",\"@id\":\"https:\/\/www.codexsrl.com\/de\/produkt\/leckageschutz-110\/\",\"url\":\"https:\/\/www.codexsrl.com\/de\/produkt\/leckageschutz-110\/\",\"name\":\"T\u00fcrschutz, \u00d6ffnung 110\u00b0 | Codex srl\",\"isPartOf\":{\"@id\":\"https:\/\/www.codexsrl.com\/de\/#website\"},\"primaryImageOfPage\":{\"@id\":\"https:\/\/www.codexsrl.com\/de\/produkt\/leckageschutz-110\/#primaryimage\"},\"image\":{\"@id\":\"https:\/\/www.codexsrl.com\/de\/produkt\/leckageschutz-110\/#primaryimage\"},\"thumbnailUrl\":\"https:\/\/www.codexsrl.com\/wp-content\/uploads\/2017\/04\/protezioni-salvadita-110-1.jpg\",\"datePublished\":\"2017-04-06T10:22:07+00:00\",\"dateModified\":\"2024-03-18T18:28:16+00:00\",\"description\":\"T\u00fcrschutz, der eine winklige \u00d6ffnung von bis zu 110\u00b0 erm\u00f6glicht. Artikel bestehend aus einem Innenprofil und einem Au\u00dfenprofil, beide transparent.\",\"breadcrumb\":{\"@id\":\"https:\/\/www.codexsrl.com\/de\/produkt\/leckageschutz-110\/#breadcrumb\"},\"inLanguage\":\"de\",\"potentialAction\":[{\"@type\":\"ReadAction\",\"target\":[\"https:\/\/www.codexsrl.com\/de\/produkt\/leckageschutz-110\/\"]}]},{\"@type\":\"ImageObject\",\"inLanguage\":\"de\",\"@id\":\"https:\/\/www.codexsrl.com\/de\/produkt\/leckageschutz-110\/#primaryimage\",\"url\":\"https:\/\/www.codexsrl.com\/wp-content\/uploads\/2017\/04\/protezioni-salvadita-110-1.jpg\",\"contentUrl\":\"https:\/\/www.codexsrl.com\/wp-content\/uploads\/2017\/04\/protezioni-salvadita-110-1.jpg\",\"width\":675,\"height\":900,\"caption\":\"Fingerschutz 110\"},{\"@type\":\"BreadcrumbList\",\"@id\":\"https:\/\/www.codexsrl.com\/de\/produkt\/leckageschutz-110\/#breadcrumb\",\"itemListElement\":[{\"@type\":\"ListItem\",\"position\":1,\"name\":\"Home\",\"item\":\"https:\/\/www.codexsrl.com\/de\/\"},{\"@type\":\"ListItem\",\"position\":2,\"name\":\"Gesamtkatalog\",\"item\":\"https:\/\/www.codexsrl.com\/de\/gesamtkatalog\/\"},{\"@type\":\"ListItem\",\"position\":3,\"name\":\"Leckageschutz 110\u00b0\"}]},{\"@type\":\"WebSite\",\"@id\":\"https:\/\/www.codexsrl.com\/de\/#website\",\"url\":\"https:\/\/www.codexsrl.com\/de\/\",\"name\":\"Codex srl\",\"description\":\"Sch\u00fctzt und dekoriert\",\"publisher\":{\"@id\":\"https:\/\/www.codexsrl.com\/de\/#organization\"},\"alternateName\":\"Codex Protezioni Antitrauma e Pavimentazioni\",\"potentialAction\":[{\"@type\":\"SearchAction\",\"target\":{\"@type\":\"EntryPoint\",\"urlTemplate\":\"https:\/\/www.codexsrl.com\/de\/?s={search_term_string}\"},\"query-input\":\"required name=search_term_string\"}],\"inLanguage\":\"de\"},{\"@type\":\"Organization\",\"@id\":\"https:\/\/www.codexsrl.com\/de\/#organization\",\"name\":\"Codex srl\",\"alternateName\":\"Codex Protezioni Antitrauma e Pavimentazioni\",\"url\":\"https:\/\/www.codexsrl.com\/de\/\",\"logo\":{\"@type\":\"ImageObject\",\"inLanguage\":\"de\",\"@id\":\"https:\/\/www.codexsrl.com\/de\/#\/schema\/logo\/image\/\",\"url\":\"https:\/\/www.codexsrl.com\/wp-content\/uploads\/2024\/01\/logo-Codex.webp\",\"contentUrl\":\"https:\/\/www.codexsrl.com\/wp-content\/uploads\/2024\/01\/logo-Codex.webp\",\"width\":527,\"height\":143,\"caption\":\"Codex srl\"},\"image\":{\"@id\":\"https:\/\/www.codexsrl.com\/de\/#\/schema\/logo\/image\/\"},\"sameAs\":[\"https:\/\/www.facebook.com\/codexsicurezza\",\"https:\/\/www.instagram.com\/codexsrl\/\",\"https:\/\/www.linkedin.com\/company\/codexsrl\/\"]}]}<\/script>\n<!-- \/ Yoast SEO plugin. -->","yoast_head_json":{"title":"T\u00fcrschutz, \u00d6ffnung 110\u00b0 | Codex srl","description":"T\u00fcrschutz, der eine winklige \u00d6ffnung von bis zu 110\u00b0 erm\u00f6glicht. Artikel bestehend aus einem Innenprofil und einem Au\u00dfenprofil, beide transparent.","robots":{"index":"index","follow":"follow","max-snippet":"max-snippet:-1","max-image-preview":"max-image-preview:large","max-video-preview":"max-video-preview:-1"},"canonical":"https:\/\/www.codexsrl.com\/de\/produkt\/leckageschutz-110\/","og_locale":"de_DE","og_type":"article","og_title":"T\u00fcrschutz, \u00d6ffnung 110\u00b0 | Codex srl","og_description":"T\u00fcrschutz, der eine winklige \u00d6ffnung von bis zu 110\u00b0 erm\u00f6glicht. Artikel bestehend aus einem Innenprofil und einem Au\u00dfenprofil, beide transparent.","og_url":"https:\/\/www.codexsrl.com\/de\/produkt\/leckageschutz-110\/","og_site_name":"Codex srl","article_publisher":"https:\/\/www.facebook.com\/codexsicurezza","article_modified_time":"2024-03-18T18:28:16+00:00","og_image":[{"width":675,"height":900,"url":"https:\/\/www.codexsrl.com\/wp-content\/uploads\/2017\/04\/protezioni-salvadita-110-1.jpg","type":"image\/jpeg"}],"twitter_card":"summary_large_image","schema":{"@context":"https:\/\/schema.org","@graph":[{"@type":"WebPage","@id":"https:\/\/www.codexsrl.com\/de\/produkt\/leckageschutz-110\/","url":"https:\/\/www.codexsrl.com\/de\/produkt\/leckageschutz-110\/","name":"T\u00fcrschutz, \u00d6ffnung 110\u00b0 | Codex srl","isPartOf":{"@id":"https:\/\/www.codexsrl.com\/de\/#website"},"primaryImageOfPage":{"@id":"https:\/\/www.codexsrl.com\/de\/produkt\/leckageschutz-110\/#primaryimage"},"image":{"@id":"https:\/\/www.codexsrl.com\/de\/produkt\/leckageschutz-110\/#primaryimage"},"thumbnailUrl":"https:\/\/www.codexsrl.com\/wp-content\/uploads\/2017\/04\/protezioni-salvadita-110-1.jpg","datePublished":"2017-04-06T10:22:07+00:00","dateModified":"2024-03-18T18:28:16+00:00","description":"T\u00fcrschutz, der eine winklige \u00d6ffnung von bis zu 110\u00b0 erm\u00f6glicht. Artikel bestehend aus einem Innenprofil und einem Au\u00dfenprofil, beide transparent.","breadcrumb":{"@id":"https:\/\/www.codexsrl.com\/de\/produkt\/leckageschutz-110\/#breadcrumb"},"inLanguage":"de","potentialAction":[{"@type":"ReadAction","target":["https:\/\/www.codexsrl.com\/de\/produkt\/leckageschutz-110\/"]}]},{"@type":"ImageObject","inLanguage":"de","@id":"https:\/\/www.codexsrl.com\/de\/produkt\/leckageschutz-110\/#primaryimage","url":"https:\/\/www.codexsrl.com\/wp-content\/uploads\/2017\/04\/protezioni-salvadita-110-1.jpg","contentUrl":"https:\/\/www.codexsrl.com\/wp-content\/uploads\/2017\/04\/protezioni-salvadita-110-1.jpg","width":675,"height":900,"caption":"Fingerschutz 110"},{"@type":"BreadcrumbList","@id":"https:\/\/www.codexsrl.com\/de\/produkt\/leckageschutz-110\/#breadcrumb","itemListElement":[{"@type":"ListItem","position":1,"name":"Home","item":"https:\/\/www.codexsrl.com\/de\/"},{"@type":"ListItem","position":2,"name":"Gesamtkatalog","item":"https:\/\/www.codexsrl.com\/de\/gesamtkatalog\/"},{"@type":"ListItem","position":3,"name":"Leckageschutz 110\u00b0"}]},{"@type":"WebSite","@id":"https:\/\/www.codexsrl.com\/de\/#website","url":"https:\/\/www.codexsrl.com\/de\/","name":"Codex srl","description":"Sch\u00fctzt und dekoriert","publisher":{"@id":"https:\/\/www.codexsrl.com\/de\/#organization"},"alternateName":"Codex Protezioni Antitrauma e Pavimentazioni","potentialAction":[{"@type":"SearchAction","target":{"@type":"EntryPoint","urlTemplate":"https:\/\/www.codexsrl.com\/de\/?s={search_term_string}"},"query-input":"required name=search_term_string"}],"inLanguage":"de"},{"@type":"Organization","@id":"https:\/\/www.codexsrl.com\/de\/#organization","name":"Codex srl","alternateName":"Codex Protezioni Antitrauma e Pavimentazioni","url":"https:\/\/www.codexsrl.com\/de\/","logo":{"@type":"ImageObject","inLanguage":"de","@id":"https:\/\/www.codexsrl.com\/de\/#\/schema\/logo\/image\/","url":"https:\/\/www.codexsrl.com\/wp-content\/uploads\/2024\/01\/logo-Codex.webp","contentUrl":"https:\/\/www.codexsrl.com\/wp-content\/uploads\/2024\/01\/logo-Codex.webp","width":527,"height":143,"caption":"Codex srl"},"image":{"@id":"https:\/\/www.codexsrl.com\/de\/#\/schema\/logo\/image\/"},"sameAs":["https:\/\/www.facebook.com\/codexsicurezza","https:\/\/www.instagram.com\/codexsrl\/","https:\/\/www.linkedin.com\/company\/codexsrl\/"]}]}},"_links":{"self":[{"href":"https:\/\/www.codexsrl.com\/de\/wp-json\/wp\/v2\/product\/10090"}],"collection":[{"href":"https:\/\/www.codexsrl.com\/de\/wp-json\/wp\/v2\/product"}],"about":[{"href":"https:\/\/www.codexsrl.com\/de\/wp-json\/wp\/v2\/types\/product"}],"wp:featuredmedia":[{"embeddable":true,"href":"https:\/\/www.codexsrl.com\/de\/wp-json\/wp\/v2\/media\/8315"}],"wp:attachment":[{"href":"https:\/\/www.codexsrl.com\/de\/wp-json\/wp\/v2\/media?parent=10090"}],"wp:term":[{"taxonomy":"product_cat","embeddable":true,"href":"https:\/\/www.codexsrl.com\/de\/wp-json\/wp\/v2\/product_cat?post=10090"},{"taxonomy":"product_tag","embeddable":true,"href":"https:\/\/www.codexsrl.com\/de\/wp-json\/wp\/v2\/product_tag?post=10090"}],"curies":[{"name":"wp","href":"https:\/\/api.w.org\/{rel}","templated":true}]}}