{"id":10097,"date":"2017-05-19T08:50:23","date_gmt":"2017-05-19T06:50:23","guid":{"rendered":"http:\/\/codexsrl.com.94-76-252-100.web-agency-padova.it\/catalogo\/unkategorisiert\/schutz-von-industrielagern\/"},"modified":"2024-03-18T19:10:46","modified_gmt":"2024-03-18T18:10:46","slug":"schutz-von-industrielagern","status":"publish","type":"product","link":"https:\/\/www.codexsrl.com\/de\/produkt\/schutz-von-industrielagern\/","title":{"rendered":"Schutz von Industrielagern"},"content":{"rendered":"","protected":false},"excerpt":{"rendered":"<p>Codex sorgt auch f\u00fcr Sicherheit am Arbeitsplatz, indem es Schutzvorrichtungen f\u00fcr verschiedene Branchen herstellt.<br \/>\nSchutzvorrichtungen f\u00fcr Industrielager wie S\u00e4ulenverkleidungen, W\u00e4nde, Pfosten, Bolzen, Ipe-S\u00e4ulen, Treppen usw.<\/p>\n<p>Das am weitesten verbreitete Produkt in diesem Bereich ist der Maxionda, da er ein h\u00f6heres Sto\u00dfd\u00e4mpfungsverm\u00f6gen hat als der Onda.<br \/>\nIndustrielle Lagerschutzgitter sind in verschiedenen Farben und in ungiftiger oder flammhemmender Ausf\u00fchrung erh\u00e4ltlich.<\/p>\n","protected":false},"featured_media":8067,"template":"","meta":[],"product_cat":[312,320],"product_tag":[],"yoast_head":"<!-- This site is optimized with the Yoast SEO plugin v22.3 - https:\/\/yoast.com\/wordpress\/plugins\/seo\/ -->\n<title>Industrieller Lagerschutz, Arbeitssicherheit | Codex srl<\/title>\n<meta name=\"description\" content=\"Industrielle Lagerschutzvorrichtungen, um die Sicherheit am Arbeitsplatz zu gew\u00e4hrleisten. Schutzvorrichtungen f\u00fcr Kabel, Ipe-S\u00e4ulen, Feuerleitern, Balken, usw.\" \/>\n<meta name=\"robots\" content=\"index, follow, max-snippet:-1, max-image-preview:large, max-video-preview:-1\" \/>\n<link rel=\"canonical\" href=\"https:\/\/www.codexsrl.com\/de\/produkt\/schutz-von-industrielagern\/\" \/>\n<meta property=\"og:locale\" content=\"de_DE\" \/>\n<meta property=\"og:type\" content=\"article\" \/>\n<meta property=\"og:title\" content=\"Industrieller Lagerschutz, Arbeitssicherheit | Codex srl\" \/>\n<meta property=\"og:description\" content=\"Industrielle Lagerschutzvorrichtungen, um die Sicherheit am Arbeitsplatz zu gew\u00e4hrleisten. Schutzvorrichtungen f\u00fcr Kabel, Ipe-S\u00e4ulen, Feuerleitern, Balken, usw.\" \/>\n<meta property=\"og:url\" content=\"https:\/\/www.codexsrl.com\/de\/produkt\/schutz-von-industrielagern\/\" \/>\n<meta property=\"og:site_name\" content=\"Codex srl\" \/>\n<meta property=\"article:publisher\" content=\"https:\/\/www.facebook.com\/codexsicurezza\" \/>\n<meta property=\"article:modified_time\" content=\"2024-03-18T18:10:46+00:00\" \/>\n<meta property=\"og:image\" content=\"https:\/\/www.codexsrl.com\/wp-content\/uploads\/2017\/05\/protezioni-sicurezza-industrie_sicurezza-lavoro_codex-srl.jpg\" \/>\n\t<meta property=\"og:image:width\" content=\"900\" \/>\n\t<meta property=\"og:image:height\" content=\"675\" \/>\n\t<meta property=\"og:image:type\" content=\"image\/jpeg\" \/>\n<meta name=\"twitter:card\" content=\"summary_large_image\" \/>\n<script type=\"application\/ld+json\" class=\"yoast-schema-graph\">{\"@context\":\"https:\/\/schema.org\",\"@graph\":[{\"@type\":\"WebPage\",\"@id\":\"https:\/\/www.codexsrl.com\/de\/produkt\/schutz-von-industrielagern\/\",\"url\":\"https:\/\/www.codexsrl.com\/de\/produkt\/schutz-von-industrielagern\/\",\"name\":\"Industrieller Lagerschutz, Arbeitssicherheit | Codex srl\",\"isPartOf\":{\"@id\":\"https:\/\/www.codexsrl.com\/de\/#website\"},\"primaryImageOfPage\":{\"@id\":\"https:\/\/www.codexsrl.com\/de\/produkt\/schutz-von-industrielagern\/#primaryimage\"},\"image\":{\"@id\":\"https:\/\/www.codexsrl.com\/de\/produkt\/schutz-von-industrielagern\/#primaryimage\"},\"thumbnailUrl\":\"https:\/\/www.codexsrl.com\/wp-content\/uploads\/2017\/05\/protezioni-sicurezza-industrie_sicurezza-lavoro_codex-srl.jpg\",\"datePublished\":\"2017-05-19T06:50:23+00:00\",\"dateModified\":\"2024-03-18T18:10:46+00:00\",\"description\":\"Industrielle Lagerschutzvorrichtungen, um die Sicherheit am Arbeitsplatz zu gew\u00e4hrleisten. Schutzvorrichtungen f\u00fcr Kabel, Ipe-S\u00e4ulen, Feuerleitern, Balken, usw.\",\"breadcrumb\":{\"@id\":\"https:\/\/www.codexsrl.com\/de\/produkt\/schutz-von-industrielagern\/#breadcrumb\"},\"inLanguage\":\"de\",\"potentialAction\":[{\"@type\":\"ReadAction\",\"target\":[\"https:\/\/www.codexsrl.com\/de\/produkt\/schutz-von-industrielagern\/\"]}]},{\"@type\":\"ImageObject\",\"inLanguage\":\"de\",\"@id\":\"https:\/\/www.codexsrl.com\/de\/produkt\/schutz-von-industrielagern\/#primaryimage\",\"url\":\"https:\/\/www.codexsrl.com\/wp-content\/uploads\/2017\/05\/protezioni-sicurezza-industrie_sicurezza-lavoro_codex-srl.jpg\",\"contentUrl\":\"https:\/\/www.codexsrl.com\/wp-content\/uploads\/2017\/05\/protezioni-sicurezza-industrie_sicurezza-lavoro_codex-srl.jpg\",\"width\":900,\"height\":675,\"caption\":\"Schutz von Industrielagern\"},{\"@type\":\"BreadcrumbList\",\"@id\":\"https:\/\/www.codexsrl.com\/de\/produkt\/schutz-von-industrielagern\/#breadcrumb\",\"itemListElement\":[{\"@type\":\"ListItem\",\"position\":1,\"name\":\"Home\",\"item\":\"https:\/\/www.codexsrl.com\/de\/\"},{\"@type\":\"ListItem\",\"position\":2,\"name\":\"Gesamtkatalog\",\"item\":\"https:\/\/www.codexsrl.com\/de\/gesamtkatalog\/\"},{\"@type\":\"ListItem\",\"position\":3,\"name\":\"Schutz von Industrielagern\"}]},{\"@type\":\"WebSite\",\"@id\":\"https:\/\/www.codexsrl.com\/de\/#website\",\"url\":\"https:\/\/www.codexsrl.com\/de\/\",\"name\":\"Codex srl\",\"description\":\"Sch\u00fctzt und dekoriert\",\"publisher\":{\"@id\":\"https:\/\/www.codexsrl.com\/de\/#organization\"},\"alternateName\":\"Codex Protezioni Antitrauma e Pavimentazioni\",\"potentialAction\":[{\"@type\":\"SearchAction\",\"target\":{\"@type\":\"EntryPoint\",\"urlTemplate\":\"https:\/\/www.codexsrl.com\/de\/?s={search_term_string}\"},\"query-input\":\"required name=search_term_string\"}],\"inLanguage\":\"de\"},{\"@type\":\"Organization\",\"@id\":\"https:\/\/www.codexsrl.com\/de\/#organization\",\"name\":\"Codex srl\",\"alternateName\":\"Codex Protezioni Antitrauma e Pavimentazioni\",\"url\":\"https:\/\/www.codexsrl.com\/de\/\",\"logo\":{\"@type\":\"ImageObject\",\"inLanguage\":\"de\",\"@id\":\"https:\/\/www.codexsrl.com\/de\/#\/schema\/logo\/image\/\",\"url\":\"https:\/\/www.codexsrl.com\/wp-content\/uploads\/2024\/01\/logo-Codex.webp\",\"contentUrl\":\"https:\/\/www.codexsrl.com\/wp-content\/uploads\/2024\/01\/logo-Codex.webp\",\"width\":527,\"height\":143,\"caption\":\"Codex srl\"},\"image\":{\"@id\":\"https:\/\/www.codexsrl.com\/de\/#\/schema\/logo\/image\/\"},\"sameAs\":[\"https:\/\/www.facebook.com\/codexsicurezza\",\"https:\/\/www.instagram.com\/codexsrl\/\",\"https:\/\/www.linkedin.com\/company\/codexsrl\/\"]}]}<\/script>\n<!-- \/ Yoast SEO plugin. -->","yoast_head_json":{"title":"Industrieller Lagerschutz, Arbeitssicherheit | Codex srl","description":"Industrielle Lagerschutzvorrichtungen, um die Sicherheit am Arbeitsplatz zu gew\u00e4hrleisten. Schutzvorrichtungen f\u00fcr Kabel, Ipe-S\u00e4ulen, Feuerleitern, Balken, usw.","robots":{"index":"index","follow":"follow","max-snippet":"max-snippet:-1","max-image-preview":"max-image-preview:large","max-video-preview":"max-video-preview:-1"},"canonical":"https:\/\/www.codexsrl.com\/de\/produkt\/schutz-von-industrielagern\/","og_locale":"de_DE","og_type":"article","og_title":"Industrieller Lagerschutz, Arbeitssicherheit | Codex srl","og_description":"Industrielle Lagerschutzvorrichtungen, um die Sicherheit am Arbeitsplatz zu gew\u00e4hrleisten. Schutzvorrichtungen f\u00fcr Kabel, Ipe-S\u00e4ulen, Feuerleitern, Balken, usw.","og_url":"https:\/\/www.codexsrl.com\/de\/produkt\/schutz-von-industrielagern\/","og_site_name":"Codex srl","article_publisher":"https:\/\/www.facebook.com\/codexsicurezza","article_modified_time":"2024-03-18T18:10:46+00:00","og_image":[{"width":900,"height":675,"url":"https:\/\/www.codexsrl.com\/wp-content\/uploads\/2017\/05\/protezioni-sicurezza-industrie_sicurezza-lavoro_codex-srl.jpg","type":"image\/jpeg"}],"twitter_card":"summary_large_image","schema":{"@context":"https:\/\/schema.org","@graph":[{"@type":"WebPage","@id":"https:\/\/www.codexsrl.com\/de\/produkt\/schutz-von-industrielagern\/","url":"https:\/\/www.codexsrl.com\/de\/produkt\/schutz-von-industrielagern\/","name":"Industrieller Lagerschutz, Arbeitssicherheit | Codex srl","isPartOf":{"@id":"https:\/\/www.codexsrl.com\/de\/#website"},"primaryImageOfPage":{"@id":"https:\/\/www.codexsrl.com\/de\/produkt\/schutz-von-industrielagern\/#primaryimage"},"image":{"@id":"https:\/\/www.codexsrl.com\/de\/produkt\/schutz-von-industrielagern\/#primaryimage"},"thumbnailUrl":"https:\/\/www.codexsrl.com\/wp-content\/uploads\/2017\/05\/protezioni-sicurezza-industrie_sicurezza-lavoro_codex-srl.jpg","datePublished":"2017-05-19T06:50:23+00:00","dateModified":"2024-03-18T18:10:46+00:00","description":"Industrielle Lagerschutzvorrichtungen, um die Sicherheit am Arbeitsplatz zu gew\u00e4hrleisten. Schutzvorrichtungen f\u00fcr Kabel, Ipe-S\u00e4ulen, Feuerleitern, Balken, usw.","breadcrumb":{"@id":"https:\/\/www.codexsrl.com\/de\/produkt\/schutz-von-industrielagern\/#breadcrumb"},"inLanguage":"de","potentialAction":[{"@type":"ReadAction","target":["https:\/\/www.codexsrl.com\/de\/produkt\/schutz-von-industrielagern\/"]}]},{"@type":"ImageObject","inLanguage":"de","@id":"https:\/\/www.codexsrl.com\/de\/produkt\/schutz-von-industrielagern\/#primaryimage","url":"https:\/\/www.codexsrl.com\/wp-content\/uploads\/2017\/05\/protezioni-sicurezza-industrie_sicurezza-lavoro_codex-srl.jpg","contentUrl":"https:\/\/www.codexsrl.com\/wp-content\/uploads\/2017\/05\/protezioni-sicurezza-industrie_sicurezza-lavoro_codex-srl.jpg","width":900,"height":675,"caption":"Schutz von Industrielagern"},{"@type":"BreadcrumbList","@id":"https:\/\/www.codexsrl.com\/de\/produkt\/schutz-von-industrielagern\/#breadcrumb","itemListElement":[{"@type":"ListItem","position":1,"name":"Home","item":"https:\/\/www.codexsrl.com\/de\/"},{"@type":"ListItem","position":2,"name":"Gesamtkatalog","item":"https:\/\/www.codexsrl.com\/de\/gesamtkatalog\/"},{"@type":"ListItem","position":3,"name":"Schutz von Industrielagern"}]},{"@type":"WebSite","@id":"https:\/\/www.codexsrl.com\/de\/#website","url":"https:\/\/www.codexsrl.com\/de\/","name":"Codex srl","description":"Sch\u00fctzt und dekoriert","publisher":{"@id":"https:\/\/www.codexsrl.com\/de\/#organization"},"alternateName":"Codex Protezioni Antitrauma e Pavimentazioni","potentialAction":[{"@type":"SearchAction","target":{"@type":"EntryPoint","urlTemplate":"https:\/\/www.codexsrl.com\/de\/?s={search_term_string}"},"query-input":"required name=search_term_string"}],"inLanguage":"de"},{"@type":"Organization","@id":"https:\/\/www.codexsrl.com\/de\/#organization","name":"Codex srl","alternateName":"Codex Protezioni Antitrauma e Pavimentazioni","url":"https:\/\/www.codexsrl.com\/de\/","logo":{"@type":"ImageObject","inLanguage":"de","@id":"https:\/\/www.codexsrl.com\/de\/#\/schema\/logo\/image\/","url":"https:\/\/www.codexsrl.com\/wp-content\/uploads\/2024\/01\/logo-Codex.webp","contentUrl":"https:\/\/www.codexsrl.com\/wp-content\/uploads\/2024\/01\/logo-Codex.webp","width":527,"height":143,"caption":"Codex srl"},"image":{"@id":"https:\/\/www.codexsrl.com\/de\/#\/schema\/logo\/image\/"},"sameAs":["https:\/\/www.facebook.com\/codexsicurezza","https:\/\/www.instagram.com\/codexsrl\/","https:\/\/www.linkedin.com\/company\/codexsrl\/"]}]}},"_links":{"self":[{"href":"https:\/\/www.codexsrl.com\/de\/wp-json\/wp\/v2\/product\/10097"}],"collection":[{"href":"https:\/\/www.codexsrl.com\/de\/wp-json\/wp\/v2\/product"}],"about":[{"href":"https:\/\/www.codexsrl.com\/de\/wp-json\/wp\/v2\/types\/product"}],"wp:featuredmedia":[{"embeddable":true,"href":"https:\/\/www.codexsrl.com\/de\/wp-json\/wp\/v2\/media\/8067"}],"wp:attachment":[{"href":"https:\/\/www.codexsrl.com\/de\/wp-json\/wp\/v2\/media?parent=10097"}],"wp:term":[{"taxonomy":"product_cat","embeddable":true,"href":"https:\/\/www.codexsrl.com\/de\/wp-json\/wp\/v2\/product_cat?post=10097"},{"taxonomy":"product_tag","embeddable":true,"href":"https:\/\/www.codexsrl.com\/de\/wp-json\/wp\/v2\/product_tag?post=10097"}],"curies":[{"name":"wp","href":"https:\/\/api.w.org\/{rel}","templated":true}]}}