{"id":10104,"date":"2017-05-24T10:07:49","date_gmt":"2017-05-24T08:07:49","guid":{"rendered":"http:\/\/codexsrl.com.94-76-252-100.web-agency-padova.it\/catalogo\/unkategorisiert\/schutz-der-leiter\/"},"modified":"2024-05-17T16:25:19","modified_gmt":"2024-05-17T14:25:19","slug":"schutz-der-leiter","status":"publish","type":"product","link":"https:\/\/www.codexsrl.com\/de\/produkt\/schutz-der-leiter\/","title":{"rendered":"Prallschutz f\u00fcr Treppen"},"content":{"rendered":"","protected":false},"excerpt":{"rendered":"<p>Prallschutz f\u00fcr Treppen (f\u00fcr Kanten und Stufen) sind Sicherheitsartikel, die dazu dienen, Verletzungen in h\u00e4uslichen, schulischen, gewerblichen, industriellen und medizinischen Umgebungen zu verhindern. Diese Produkte sind besonders n\u00fctzlich an Orten, an denen sich Kinder, \u00e4ltere Menschen oder Menschen mit eingeschr\u00e4nkter Mobilit\u00e4t aufhalten und wo die Gefahr von St\u00fcrzen und St\u00f6\u00dfen h\u00f6her ist.<\/p>\n<p>Um die Kanten der Stufen zu beseitigen, bringen wir normalerweise eine Prallschutz aus <strong>Polymat (Flachmaterial)<\/strong> oder <strong>Onda<\/strong> auf dem vertikalen Teil der Stufe an. Um einen besseren Halt des Prallschutzes zu gew\u00e4hrleisten und die rutschhemmende Wirkung zu gew\u00e4hrleisten, bringen wir am Ende der Trittstufe unser <a href=\"https:\/\/www.codexsrl.com\/de\/produkt\/antirutschstreifen-safety-walk\/\">Safety Walk-Band<\/a> an.<\/p>\n<p>&nbsp;<\/p>\n","protected":false},"featured_media":10891,"template":"","meta":[],"product_cat":[313,314,320,319],"product_tag":[],"yoast_head":"<!-- This site is optimized with the Yoast SEO plugin v22.3 - https:\/\/yoast.com\/wordpress\/plugins\/seo\/ -->\n<title>Prallschutz f\u00fcr Treppen, Kantenschutz f\u00fcr Trittstufe | Codex srl<\/title>\n<meta name=\"description\" content=\"Prallschutz f\u00fcr Treppen Wir sch\u00fctzen Profile und Kanten, die eine Gefahr darstellen k\u00f6nnen, mit unseren weichen Kantenschutzen.\" \/>\n<meta name=\"robots\" content=\"index, follow, max-snippet:-1, max-image-preview:large, max-video-preview:-1\" \/>\n<link rel=\"canonical\" href=\"https:\/\/www.codexsrl.com\/de\/produkt\/schutz-der-leiter\/\" \/>\n<meta property=\"og:locale\" content=\"de_DE\" \/>\n<meta property=\"og:type\" content=\"article\" \/>\n<meta property=\"og:title\" content=\"Prallschutz f\u00fcr Treppen, Kantenschutz f\u00fcr Trittstufe | Codex srl\" \/>\n<meta property=\"og:description\" content=\"Prallschutz f\u00fcr Treppen Wir sch\u00fctzen Profile und Kanten, die eine Gefahr darstellen k\u00f6nnen, mit unseren weichen Kantenschutzen.\" \/>\n<meta property=\"og:url\" content=\"https:\/\/www.codexsrl.com\/de\/produkt\/schutz-der-leiter\/\" \/>\n<meta property=\"og:site_name\" content=\"Codex srl\" \/>\n<meta property=\"article:publisher\" content=\"https:\/\/www.facebook.com\/codexsicurezza\" \/>\n<meta property=\"article:modified_time\" content=\"2024-05-17T14:25:19+00:00\" \/>\n<meta property=\"og:image\" content=\"https:\/\/www.codexsrl.com\/wp-content\/uploads\/2017\/05\/protezione-spigoli-scalini-scale-codex.webp\" \/>\n\t<meta property=\"og:image:width\" content=\"675\" \/>\n\t<meta property=\"og:image:height\" content=\"900\" \/>\n\t<meta property=\"og:image:type\" content=\"image\/webp\" \/>\n<meta name=\"twitter:card\" content=\"summary_large_image\" \/>\n<meta name=\"twitter:label1\" content=\"Gesch\u00e4tzte Lesezeit\" \/>\n\t<meta name=\"twitter:data1\" content=\"1\u00a0Minute\" \/>\n<script type=\"application\/ld+json\" class=\"yoast-schema-graph\">{\"@context\":\"https:\/\/schema.org\",\"@graph\":[{\"@type\":\"WebPage\",\"@id\":\"https:\/\/www.codexsrl.com\/de\/produkt\/schutz-der-leiter\/\",\"url\":\"https:\/\/www.codexsrl.com\/de\/produkt\/schutz-der-leiter\/\",\"name\":\"Prallschutz f\u00fcr Treppen, Kantenschutz f\u00fcr Trittstufe | Codex srl\",\"isPartOf\":{\"@id\":\"https:\/\/www.codexsrl.com\/de\/#website\"},\"primaryImageOfPage\":{\"@id\":\"https:\/\/www.codexsrl.com\/de\/produkt\/schutz-der-leiter\/#primaryimage\"},\"image\":{\"@id\":\"https:\/\/www.codexsrl.com\/de\/produkt\/schutz-der-leiter\/#primaryimage\"},\"thumbnailUrl\":\"https:\/\/www.codexsrl.com\/wp-content\/uploads\/2017\/05\/protezione-spigoli-scalini-scale-codex.webp\",\"datePublished\":\"2017-05-24T08:07:49+00:00\",\"dateModified\":\"2024-05-17T14:25:19+00:00\",\"description\":\"Prallschutz f\u00fcr Treppen Wir sch\u00fctzen Profile und Kanten, die eine Gefahr darstellen k\u00f6nnen, mit unseren weichen Kantenschutzen.\",\"breadcrumb\":{\"@id\":\"https:\/\/www.codexsrl.com\/de\/produkt\/schutz-der-leiter\/#breadcrumb\"},\"inLanguage\":\"de\",\"potentialAction\":[{\"@type\":\"ReadAction\",\"target\":[\"https:\/\/www.codexsrl.com\/de\/produkt\/schutz-der-leiter\/\"]}]},{\"@type\":\"ImageObject\",\"inLanguage\":\"de\",\"@id\":\"https:\/\/www.codexsrl.com\/de\/produkt\/schutz-der-leiter\/#primaryimage\",\"url\":\"https:\/\/www.codexsrl.com\/wp-content\/uploads\/2017\/05\/protezione-spigoli-scalini-scale-codex.webp\",\"contentUrl\":\"https:\/\/www.codexsrl.com\/wp-content\/uploads\/2017\/05\/protezione-spigoli-scalini-scale-codex.webp\",\"width\":675,\"height\":900,\"caption\":\"protezioni antiurto scale\"},{\"@type\":\"BreadcrumbList\",\"@id\":\"https:\/\/www.codexsrl.com\/de\/produkt\/schutz-der-leiter\/#breadcrumb\",\"itemListElement\":[{\"@type\":\"ListItem\",\"position\":1,\"name\":\"Home\",\"item\":\"https:\/\/www.codexsrl.com\/de\/\"},{\"@type\":\"ListItem\",\"position\":2,\"name\":\"Gesamtkatalog\",\"item\":\"https:\/\/www.codexsrl.com\/de\/gesamtkatalog\/\"},{\"@type\":\"ListItem\",\"position\":3,\"name\":\"Prallschutz f\u00fcr Treppen\"}]},{\"@type\":\"WebSite\",\"@id\":\"https:\/\/www.codexsrl.com\/de\/#website\",\"url\":\"https:\/\/www.codexsrl.com\/de\/\",\"name\":\"Codex srl\",\"description\":\"Sch\u00fctzt und dekoriert\",\"publisher\":{\"@id\":\"https:\/\/www.codexsrl.com\/de\/#organization\"},\"alternateName\":\"Codex Protezioni Antitrauma e Pavimentazioni\",\"potentialAction\":[{\"@type\":\"SearchAction\",\"target\":{\"@type\":\"EntryPoint\",\"urlTemplate\":\"https:\/\/www.codexsrl.com\/de\/?s={search_term_string}\"},\"query-input\":\"required name=search_term_string\"}],\"inLanguage\":\"de\"},{\"@type\":\"Organization\",\"@id\":\"https:\/\/www.codexsrl.com\/de\/#organization\",\"name\":\"Codex srl\",\"alternateName\":\"Codex Protezioni Antitrauma e Pavimentazioni\",\"url\":\"https:\/\/www.codexsrl.com\/de\/\",\"logo\":{\"@type\":\"ImageObject\",\"inLanguage\":\"de\",\"@id\":\"https:\/\/www.codexsrl.com\/de\/#\/schema\/logo\/image\/\",\"url\":\"https:\/\/www.codexsrl.com\/wp-content\/uploads\/2024\/01\/logo-Codex.webp\",\"contentUrl\":\"https:\/\/www.codexsrl.com\/wp-content\/uploads\/2024\/01\/logo-Codex.webp\",\"width\":527,\"height\":143,\"caption\":\"Codex srl\"},\"image\":{\"@id\":\"https:\/\/www.codexsrl.com\/de\/#\/schema\/logo\/image\/\"},\"sameAs\":[\"https:\/\/www.facebook.com\/codexsicurezza\",\"https:\/\/www.instagram.com\/codexsrl\/\",\"https:\/\/www.linkedin.com\/company\/codexsrl\/\"]}]}<\/script>\n<!-- \/ Yoast SEO plugin. -->","yoast_head_json":{"title":"Prallschutz f\u00fcr Treppen, Kantenschutz f\u00fcr Trittstufe | Codex srl","description":"Prallschutz f\u00fcr Treppen Wir sch\u00fctzen Profile und Kanten, die eine Gefahr darstellen k\u00f6nnen, mit unseren weichen Kantenschutzen.","robots":{"index":"index","follow":"follow","max-snippet":"max-snippet:-1","max-image-preview":"max-image-preview:large","max-video-preview":"max-video-preview:-1"},"canonical":"https:\/\/www.codexsrl.com\/de\/produkt\/schutz-der-leiter\/","og_locale":"de_DE","og_type":"article","og_title":"Prallschutz f\u00fcr Treppen, Kantenschutz f\u00fcr Trittstufe | Codex srl","og_description":"Prallschutz f\u00fcr Treppen Wir sch\u00fctzen Profile und Kanten, die eine Gefahr darstellen k\u00f6nnen, mit unseren weichen Kantenschutzen.","og_url":"https:\/\/www.codexsrl.com\/de\/produkt\/schutz-der-leiter\/","og_site_name":"Codex srl","article_publisher":"https:\/\/www.facebook.com\/codexsicurezza","article_modified_time":"2024-05-17T14:25:19+00:00","og_image":[{"width":675,"height":900,"url":"https:\/\/www.codexsrl.com\/wp-content\/uploads\/2017\/05\/protezione-spigoli-scalini-scale-codex.webp","type":"image\/webp"}],"twitter_card":"summary_large_image","twitter_misc":{"Gesch\u00e4tzte Lesezeit":"1\u00a0Minute"},"schema":{"@context":"https:\/\/schema.org","@graph":[{"@type":"WebPage","@id":"https:\/\/www.codexsrl.com\/de\/produkt\/schutz-der-leiter\/","url":"https:\/\/www.codexsrl.com\/de\/produkt\/schutz-der-leiter\/","name":"Prallschutz f\u00fcr Treppen, Kantenschutz f\u00fcr Trittstufe | Codex srl","isPartOf":{"@id":"https:\/\/www.codexsrl.com\/de\/#website"},"primaryImageOfPage":{"@id":"https:\/\/www.codexsrl.com\/de\/produkt\/schutz-der-leiter\/#primaryimage"},"image":{"@id":"https:\/\/www.codexsrl.com\/de\/produkt\/schutz-der-leiter\/#primaryimage"},"thumbnailUrl":"https:\/\/www.codexsrl.com\/wp-content\/uploads\/2017\/05\/protezione-spigoli-scalini-scale-codex.webp","datePublished":"2017-05-24T08:07:49+00:00","dateModified":"2024-05-17T14:25:19+00:00","description":"Prallschutz f\u00fcr Treppen Wir sch\u00fctzen Profile und Kanten, die eine Gefahr darstellen k\u00f6nnen, mit unseren weichen Kantenschutzen.","breadcrumb":{"@id":"https:\/\/www.codexsrl.com\/de\/produkt\/schutz-der-leiter\/#breadcrumb"},"inLanguage":"de","potentialAction":[{"@type":"ReadAction","target":["https:\/\/www.codexsrl.com\/de\/produkt\/schutz-der-leiter\/"]}]},{"@type":"ImageObject","inLanguage":"de","@id":"https:\/\/www.codexsrl.com\/de\/produkt\/schutz-der-leiter\/#primaryimage","url":"https:\/\/www.codexsrl.com\/wp-content\/uploads\/2017\/05\/protezione-spigoli-scalini-scale-codex.webp","contentUrl":"https:\/\/www.codexsrl.com\/wp-content\/uploads\/2017\/05\/protezione-spigoli-scalini-scale-codex.webp","width":675,"height":900,"caption":"protezioni antiurto scale"},{"@type":"BreadcrumbList","@id":"https:\/\/www.codexsrl.com\/de\/produkt\/schutz-der-leiter\/#breadcrumb","itemListElement":[{"@type":"ListItem","position":1,"name":"Home","item":"https:\/\/www.codexsrl.com\/de\/"},{"@type":"ListItem","position":2,"name":"Gesamtkatalog","item":"https:\/\/www.codexsrl.com\/de\/gesamtkatalog\/"},{"@type":"ListItem","position":3,"name":"Prallschutz f\u00fcr Treppen"}]},{"@type":"WebSite","@id":"https:\/\/www.codexsrl.com\/de\/#website","url":"https:\/\/www.codexsrl.com\/de\/","name":"Codex srl","description":"Sch\u00fctzt und dekoriert","publisher":{"@id":"https:\/\/www.codexsrl.com\/de\/#organization"},"alternateName":"Codex Protezioni Antitrauma e Pavimentazioni","potentialAction":[{"@type":"SearchAction","target":{"@type":"EntryPoint","urlTemplate":"https:\/\/www.codexsrl.com\/de\/?s={search_term_string}"},"query-input":"required name=search_term_string"}],"inLanguage":"de"},{"@type":"Organization","@id":"https:\/\/www.codexsrl.com\/de\/#organization","name":"Codex srl","alternateName":"Codex Protezioni Antitrauma e Pavimentazioni","url":"https:\/\/www.codexsrl.com\/de\/","logo":{"@type":"ImageObject","inLanguage":"de","@id":"https:\/\/www.codexsrl.com\/de\/#\/schema\/logo\/image\/","url":"https:\/\/www.codexsrl.com\/wp-content\/uploads\/2024\/01\/logo-Codex.webp","contentUrl":"https:\/\/www.codexsrl.com\/wp-content\/uploads\/2024\/01\/logo-Codex.webp","width":527,"height":143,"caption":"Codex srl"},"image":{"@id":"https:\/\/www.codexsrl.com\/de\/#\/schema\/logo\/image\/"},"sameAs":["https:\/\/www.facebook.com\/codexsicurezza","https:\/\/www.instagram.com\/codexsrl\/","https:\/\/www.linkedin.com\/company\/codexsrl\/"]}]}},"_links":{"self":[{"href":"https:\/\/www.codexsrl.com\/de\/wp-json\/wp\/v2\/product\/10104"}],"collection":[{"href":"https:\/\/www.codexsrl.com\/de\/wp-json\/wp\/v2\/product"}],"about":[{"href":"https:\/\/www.codexsrl.com\/de\/wp-json\/wp\/v2\/types\/product"}],"wp:featuredmedia":[{"embeddable":true,"href":"https:\/\/www.codexsrl.com\/de\/wp-json\/wp\/v2\/media\/10891"}],"wp:attachment":[{"href":"https:\/\/www.codexsrl.com\/de\/wp-json\/wp\/v2\/media?parent=10104"}],"wp:term":[{"taxonomy":"product_cat","embeddable":true,"href":"https:\/\/www.codexsrl.com\/de\/wp-json\/wp\/v2\/product_cat?post=10104"},{"taxonomy":"product_tag","embeddable":true,"href":"https:\/\/www.codexsrl.com\/de\/wp-json\/wp\/v2\/product_tag?post=10104"}],"curies":[{"name":"wp","href":"https:\/\/api.w.org\/{rel}","templated":true}]}}