{"id":10130,"date":"2017-09-20T11:23:38","date_gmt":"2017-09-20T09:23:38","guid":{"rendered":"http:\/\/codexsrl.com.94-76-252-100.web-agency-padova.it\/catalogo\/unkategorisiert\/wandmatte-schutz-22mm\/"},"modified":"2024-05-23T17:02:21","modified_gmt":"2024-05-23T15:02:21","slug":"wallmat-22mm-wandprallschutz","status":"publish","type":"product","link":"https:\/\/www.codexsrl.com\/de\/produkt\/wallmat-22mm-wandprallschutz\/","title":{"rendered":"Wall Mat 22mm Wandprallschutz"},"content":{"rendered":"<h2>Flache Alternative zum Wandprallschutz Onda und Maxionda<\/h2>\n<p>Wall Mat Prallschutzpaneele sind die ideale L\u00f6sung f\u00fcr alle, die Innenw\u00e4nde oder S\u00e4ulen abdecken m\u00fcssen, aber ein flaches Design dem wellenf\u00f6rmigen Design von Onda und Maxionda vorziehen. Wall Mat eignet sich besonders f\u00fcr Umgebungen, in denen Hygiene wichtig ist, da es leicht zu reinigen ist und keine konkaven Stellen aufweist, in denen sich Schmutz ansammeln kann. Dies ist zum Beispiel der Fall in <strong>Gesundheitseinrichtungen, Krankenh\u00e4usern und Aufnahmer\u00e4umen f\u00fcr behinderte Menschen in Pflegeheimen<\/strong>.<\/p>\n<p>Die Wandprallschutz werden in Platten mit den <strong>Ma\u00dfen 130 x 200 cm<\/strong> geliefert und lassen sich mit unserem schnellh\u00e4rtenden Polycoll-Kleber einfach an der Wand anbringen. Besonders geeignet f\u00fcr die Anwendung auch auf gro\u00dfen W\u00e4nden. Dank der feuerfesten Eigenschaft kann es im Innenbereich installiert werden.<\/p>\n<p>Wenn die Wand unregelm\u00e4\u00dfig ist und es Vorspr\u00fcnge, Ecken und Halbs\u00e4ulen gibt, die aus der Wand herausragen, empfehlen wir die Installation der Schutzvorrichtungen <strong>Onda und Maxionda, die viel flexibler sind<\/strong> und sogar vor Ort mit einem einfachen Fr\u00e4ser geformt werden k\u00f6nnen.<\/p>\n<p>Das Material <strong>ist gem\u00e4\u00df der Norm UNI EN 913:2009 App gepr\u00fcft und zertifiziert<\/strong> und erf\u00fcllt alle Anforderungen f\u00fcr die Installation in Sportumgebungen.<br \/>\nDiese Verordnung <strong>bestimmt die Sto\u00dfd\u00e4mpfungsf\u00e4higkeit des Materials<\/strong> durch einen Test, bei dem ein Gewicht von oben losgelassen wird. Das Ergebnis unserer Wall Mat Wandprallschutz ist: Fallh\u00f6he = 200 mm und Aufprallgeschwindigkeit = 1,80 m\/Sek.<\/p>\n","protected":false},"excerpt":{"rendered":"<p>Wall Mat ist eine Wandprallschutz aus Polyethylenschaum mit hoher Sto\u00dfd\u00e4mpfungsf\u00e4higkeit, die auf der Sichtseite mit kratzfestem und abwaschbarem PVC beschichtet ist.<br \/>\nEs eignet sich besonders f\u00fcr Wandprallschutz in Krankenh\u00e4usern und Gesundheitseinrichtungen, Turnhallen, Sportanlagen, Pflichtschulen und gro\u00dfen W\u00e4nden im Allgemeinen.<\/p>\n<p>Es l\u00e4sst sich einfach mit dem entsprechenden <strong>Polycoll-Kleber oder mit Klettverschluss<\/strong> (f\u00fcr abnehmbaren Wandschutz) auf jeder Oberfl\u00e4che anbringen.<br \/>\nEs l\u00e4sst sich problemlos mit Onda kombinieren, wenn neben dem Wandschutz auch die Abdeckung von S\u00e4ulen, Masten oder anderen gef\u00e4hrlichen Vorspr\u00fcngen erforderlich ist.<\/p>\n<p>Die feuerfeste Eigenschaft erm\u00f6glicht die Anwendung <strong>in Innenr\u00e4umen<\/strong>.<\/p>\n","protected":false},"featured_media":9449,"template":"","meta":[],"product_cat":[312,445,316],"product_tag":[],"yoast_head":"<!-- This site is optimized with the Yoast SEO plugin v22.3 - https:\/\/yoast.com\/wordpress\/plugins\/seo\/ -->\n<title>Wall Mat, Wandprallschutz f\u00fcr Turnhallen, Krankenh\u00e4user | Codex srl<\/title>\n<meta name=\"description\" content=\"Wall Mat ist eine Wandprallschutz f\u00fcr Turnhallen, Krankenh\u00e4user, Sportanlagen, Schulen. Es kann als S\u00e4ulenschutz oder Wandschutz verwendet werden.\" \/>\n<meta name=\"robots\" content=\"index, follow, max-snippet:-1, max-image-preview:large, max-video-preview:-1\" \/>\n<link rel=\"canonical\" href=\"https:\/\/www.codexsrl.com\/de\/produkt\/wallmat-22mm-wandprallschutz\/\" \/>\n<meta property=\"og:locale\" content=\"de_DE\" \/>\n<meta property=\"og:type\" content=\"article\" \/>\n<meta property=\"og:title\" content=\"Wall Mat, Wandprallschutz f\u00fcr Turnhallen, Krankenh\u00e4user | Codex srl\" \/>\n<meta property=\"og:description\" content=\"Wall Mat ist eine Wandprallschutz f\u00fcr Turnhallen, Krankenh\u00e4user, Sportanlagen, Schulen. Es kann als S\u00e4ulenschutz oder Wandschutz verwendet werden.\" \/>\n<meta property=\"og:url\" content=\"https:\/\/www.codexsrl.com\/de\/produkt\/wallmat-22mm-wandprallschutz\/\" \/>\n<meta property=\"og:site_name\" content=\"Codex srl\" \/>\n<meta property=\"article:publisher\" content=\"https:\/\/www.facebook.com\/codexsicurezza\" \/>\n<meta property=\"article:modified_time\" content=\"2024-05-23T15:02:21+00:00\" \/>\n<meta property=\"og:image\" content=\"https:\/\/www.codexsrl.com\/wp-content\/uploads\/2017\/09\/protezioni-antiurto-pareti-lisce-wallmat-codex.jpg\" \/>\n\t<meta property=\"og:image:width\" content=\"675\" \/>\n\t<meta property=\"og:image:height\" content=\"900\" \/>\n\t<meta property=\"og:image:type\" content=\"image\/jpeg\" \/>\n<meta name=\"twitter:card\" content=\"summary_large_image\" \/>\n<meta name=\"twitter:label1\" content=\"Gesch\u00e4tzte Lesezeit\" \/>\n\t<meta name=\"twitter:data1\" content=\"2\u00a0Minuten\" \/>\n<script type=\"application\/ld+json\" class=\"yoast-schema-graph\">{\"@context\":\"https:\/\/schema.org\",\"@graph\":[{\"@type\":\"WebPage\",\"@id\":\"https:\/\/www.codexsrl.com\/de\/produkt\/wallmat-22mm-wandprallschutz\/\",\"url\":\"https:\/\/www.codexsrl.com\/de\/produkt\/wallmat-22mm-wandprallschutz\/\",\"name\":\"Wall Mat, Wandprallschutz f\u00fcr Turnhallen, Krankenh\u00e4user | Codex srl\",\"isPartOf\":{\"@id\":\"https:\/\/www.codexsrl.com\/de\/#website\"},\"primaryImageOfPage\":{\"@id\":\"https:\/\/www.codexsrl.com\/de\/produkt\/wallmat-22mm-wandprallschutz\/#primaryimage\"},\"image\":{\"@id\":\"https:\/\/www.codexsrl.com\/de\/produkt\/wallmat-22mm-wandprallschutz\/#primaryimage\"},\"thumbnailUrl\":\"https:\/\/www.codexsrl.com\/wp-content\/uploads\/2017\/09\/protezioni-antiurto-pareti-lisce-wallmat-codex.jpg\",\"datePublished\":\"2017-09-20T09:23:38+00:00\",\"dateModified\":\"2024-05-23T15:02:21+00:00\",\"description\":\"Wall Mat ist eine Wandprallschutz f\u00fcr Turnhallen, Krankenh\u00e4user, Sportanlagen, Schulen. Es kann als S\u00e4ulenschutz oder Wandschutz verwendet werden.\",\"breadcrumb\":{\"@id\":\"https:\/\/www.codexsrl.com\/de\/produkt\/wallmat-22mm-wandprallschutz\/#breadcrumb\"},\"inLanguage\":\"de\",\"potentialAction\":[{\"@type\":\"ReadAction\",\"target\":[\"https:\/\/www.codexsrl.com\/de\/produkt\/wallmat-22mm-wandprallschutz\/\"]}]},{\"@type\":\"ImageObject\",\"inLanguage\":\"de\",\"@id\":\"https:\/\/www.codexsrl.com\/de\/produkt\/wallmat-22mm-wandprallschutz\/#primaryimage\",\"url\":\"https:\/\/www.codexsrl.com\/wp-content\/uploads\/2017\/09\/protezioni-antiurto-pareti-lisce-wallmat-codex.jpg\",\"contentUrl\":\"https:\/\/www.codexsrl.com\/wp-content\/uploads\/2017\/09\/protezioni-antiurto-pareti-lisce-wallmat-codex.jpg\",\"width\":675,\"height\":900,\"caption\":\"wall pad, Wandprallschutz\"},{\"@type\":\"BreadcrumbList\",\"@id\":\"https:\/\/www.codexsrl.com\/de\/produkt\/wallmat-22mm-wandprallschutz\/#breadcrumb\",\"itemListElement\":[{\"@type\":\"ListItem\",\"position\":1,\"name\":\"Home\",\"item\":\"https:\/\/www.codexsrl.com\/de\/\"},{\"@type\":\"ListItem\",\"position\":2,\"name\":\"Gesamtkatalog\",\"item\":\"https:\/\/www.codexsrl.com\/de\/gesamtkatalog\/\"},{\"@type\":\"ListItem\",\"position\":3,\"name\":\"Wall Mat 22mm Wandprallschutz\"}]},{\"@type\":\"WebSite\",\"@id\":\"https:\/\/www.codexsrl.com\/de\/#website\",\"url\":\"https:\/\/www.codexsrl.com\/de\/\",\"name\":\"Codex srl\",\"description\":\"Sch\u00fctzt und dekoriert\",\"publisher\":{\"@id\":\"https:\/\/www.codexsrl.com\/de\/#organization\"},\"alternateName\":\"Codex Protezioni Antitrauma e Pavimentazioni\",\"potentialAction\":[{\"@type\":\"SearchAction\",\"target\":{\"@type\":\"EntryPoint\",\"urlTemplate\":\"https:\/\/www.codexsrl.com\/de\/?s={search_term_string}\"},\"query-input\":\"required name=search_term_string\"}],\"inLanguage\":\"de\"},{\"@type\":\"Organization\",\"@id\":\"https:\/\/www.codexsrl.com\/de\/#organization\",\"name\":\"Codex srl\",\"alternateName\":\"Codex Protezioni Antitrauma e Pavimentazioni\",\"url\":\"https:\/\/www.codexsrl.com\/de\/\",\"logo\":{\"@type\":\"ImageObject\",\"inLanguage\":\"de\",\"@id\":\"https:\/\/www.codexsrl.com\/de\/#\/schema\/logo\/image\/\",\"url\":\"https:\/\/www.codexsrl.com\/wp-content\/uploads\/2024\/01\/logo-Codex.webp\",\"contentUrl\":\"https:\/\/www.codexsrl.com\/wp-content\/uploads\/2024\/01\/logo-Codex.webp\",\"width\":527,\"height\":143,\"caption\":\"Codex srl\"},\"image\":{\"@id\":\"https:\/\/www.codexsrl.com\/de\/#\/schema\/logo\/image\/\"},\"sameAs\":[\"https:\/\/www.facebook.com\/codexsicurezza\",\"https:\/\/www.instagram.com\/codexsrl\/\",\"https:\/\/www.linkedin.com\/company\/codexsrl\/\"]}]}<\/script>\n<!-- \/ Yoast SEO plugin. -->","yoast_head_json":{"title":"Wall Mat, Wandprallschutz f\u00fcr Turnhallen, Krankenh\u00e4user | Codex srl","description":"Wall Mat ist eine Wandprallschutz f\u00fcr Turnhallen, Krankenh\u00e4user, Sportanlagen, Schulen. Es kann als S\u00e4ulenschutz oder Wandschutz verwendet werden.","robots":{"index":"index","follow":"follow","max-snippet":"max-snippet:-1","max-image-preview":"max-image-preview:large","max-video-preview":"max-video-preview:-1"},"canonical":"https:\/\/www.codexsrl.com\/de\/produkt\/wallmat-22mm-wandprallschutz\/","og_locale":"de_DE","og_type":"article","og_title":"Wall Mat, Wandprallschutz f\u00fcr Turnhallen, Krankenh\u00e4user | Codex srl","og_description":"Wall Mat ist eine Wandprallschutz f\u00fcr Turnhallen, Krankenh\u00e4user, Sportanlagen, Schulen. Es kann als S\u00e4ulenschutz oder Wandschutz verwendet werden.","og_url":"https:\/\/www.codexsrl.com\/de\/produkt\/wallmat-22mm-wandprallschutz\/","og_site_name":"Codex srl","article_publisher":"https:\/\/www.facebook.com\/codexsicurezza","article_modified_time":"2024-05-23T15:02:21+00:00","og_image":[{"width":675,"height":900,"url":"https:\/\/www.codexsrl.com\/wp-content\/uploads\/2017\/09\/protezioni-antiurto-pareti-lisce-wallmat-codex.jpg","type":"image\/jpeg"}],"twitter_card":"summary_large_image","twitter_misc":{"Gesch\u00e4tzte Lesezeit":"2\u00a0Minuten"},"schema":{"@context":"https:\/\/schema.org","@graph":[{"@type":"WebPage","@id":"https:\/\/www.codexsrl.com\/de\/produkt\/wallmat-22mm-wandprallschutz\/","url":"https:\/\/www.codexsrl.com\/de\/produkt\/wallmat-22mm-wandprallschutz\/","name":"Wall Mat, Wandprallschutz f\u00fcr Turnhallen, Krankenh\u00e4user | Codex srl","isPartOf":{"@id":"https:\/\/www.codexsrl.com\/de\/#website"},"primaryImageOfPage":{"@id":"https:\/\/www.codexsrl.com\/de\/produkt\/wallmat-22mm-wandprallschutz\/#primaryimage"},"image":{"@id":"https:\/\/www.codexsrl.com\/de\/produkt\/wallmat-22mm-wandprallschutz\/#primaryimage"},"thumbnailUrl":"https:\/\/www.codexsrl.com\/wp-content\/uploads\/2017\/09\/protezioni-antiurto-pareti-lisce-wallmat-codex.jpg","datePublished":"2017-09-20T09:23:38+00:00","dateModified":"2024-05-23T15:02:21+00:00","description":"Wall Mat ist eine Wandprallschutz f\u00fcr Turnhallen, Krankenh\u00e4user, Sportanlagen, Schulen. Es kann als S\u00e4ulenschutz oder Wandschutz verwendet werden.","breadcrumb":{"@id":"https:\/\/www.codexsrl.com\/de\/produkt\/wallmat-22mm-wandprallschutz\/#breadcrumb"},"inLanguage":"de","potentialAction":[{"@type":"ReadAction","target":["https:\/\/www.codexsrl.com\/de\/produkt\/wallmat-22mm-wandprallschutz\/"]}]},{"@type":"ImageObject","inLanguage":"de","@id":"https:\/\/www.codexsrl.com\/de\/produkt\/wallmat-22mm-wandprallschutz\/#primaryimage","url":"https:\/\/www.codexsrl.com\/wp-content\/uploads\/2017\/09\/protezioni-antiurto-pareti-lisce-wallmat-codex.jpg","contentUrl":"https:\/\/www.codexsrl.com\/wp-content\/uploads\/2017\/09\/protezioni-antiurto-pareti-lisce-wallmat-codex.jpg","width":675,"height":900,"caption":"wall pad, Wandprallschutz"},{"@type":"BreadcrumbList","@id":"https:\/\/www.codexsrl.com\/de\/produkt\/wallmat-22mm-wandprallschutz\/#breadcrumb","itemListElement":[{"@type":"ListItem","position":1,"name":"Home","item":"https:\/\/www.codexsrl.com\/de\/"},{"@type":"ListItem","position":2,"name":"Gesamtkatalog","item":"https:\/\/www.codexsrl.com\/de\/gesamtkatalog\/"},{"@type":"ListItem","position":3,"name":"Wall Mat 22mm Wandprallschutz"}]},{"@type":"WebSite","@id":"https:\/\/www.codexsrl.com\/de\/#website","url":"https:\/\/www.codexsrl.com\/de\/","name":"Codex srl","description":"Sch\u00fctzt und dekoriert","publisher":{"@id":"https:\/\/www.codexsrl.com\/de\/#organization"},"alternateName":"Codex Protezioni Antitrauma e Pavimentazioni","potentialAction":[{"@type":"SearchAction","target":{"@type":"EntryPoint","urlTemplate":"https:\/\/www.codexsrl.com\/de\/?s={search_term_string}"},"query-input":"required name=search_term_string"}],"inLanguage":"de"},{"@type":"Organization","@id":"https:\/\/www.codexsrl.com\/de\/#organization","name":"Codex srl","alternateName":"Codex Protezioni Antitrauma e Pavimentazioni","url":"https:\/\/www.codexsrl.com\/de\/","logo":{"@type":"ImageObject","inLanguage":"de","@id":"https:\/\/www.codexsrl.com\/de\/#\/schema\/logo\/image\/","url":"https:\/\/www.codexsrl.com\/wp-content\/uploads\/2024\/01\/logo-Codex.webp","contentUrl":"https:\/\/www.codexsrl.com\/wp-content\/uploads\/2024\/01\/logo-Codex.webp","width":527,"height":143,"caption":"Codex srl"},"image":{"@id":"https:\/\/www.codexsrl.com\/de\/#\/schema\/logo\/image\/"},"sameAs":["https:\/\/www.facebook.com\/codexsicurezza","https:\/\/www.instagram.com\/codexsrl\/","https:\/\/www.linkedin.com\/company\/codexsrl\/"]}]}},"_links":{"self":[{"href":"https:\/\/www.codexsrl.com\/de\/wp-json\/wp\/v2\/product\/10130"}],"collection":[{"href":"https:\/\/www.codexsrl.com\/de\/wp-json\/wp\/v2\/product"}],"about":[{"href":"https:\/\/www.codexsrl.com\/de\/wp-json\/wp\/v2\/types\/product"}],"wp:featuredmedia":[{"embeddable":true,"href":"https:\/\/www.codexsrl.com\/de\/wp-json\/wp\/v2\/media\/9449"}],"wp:attachment":[{"href":"https:\/\/www.codexsrl.com\/de\/wp-json\/wp\/v2\/media?parent=10130"}],"wp:term":[{"taxonomy":"product_cat","embeddable":true,"href":"https:\/\/www.codexsrl.com\/de\/wp-json\/wp\/v2\/product_cat?post=10130"},{"taxonomy":"product_tag","embeddable":true,"href":"https:\/\/www.codexsrl.com\/de\/wp-json\/wp\/v2\/product_tag?post=10130"}],"curies":[{"name":"wp","href":"https:\/\/api.w.org\/{rel}","templated":true}]}}