{"id":9806,"date":"2016-06-03T18:11:47","date_gmt":"2016-06-03T16:11:47","guid":{"rendered":"http:\/\/codexsrl.com.94-76-252-100.web-agency-padova.it\/catalogo\/unkategorisiert\/maxionda-nach-en-913\/"},"modified":"2024-05-23T17:54:50","modified_gmt":"2024-05-23T15:54:50","slug":"maxionda-prallschutz","status":"publish","type":"product","link":"https:\/\/www.codexsrl.com\/de\/produkt\/maxionda-prallschutz\/","title":{"rendered":"Maxionda 28 mm"},"content":{"rendered":"","protected":false},"excerpt":{"rendered":"<div class=\"std\">\n<h3>Prallschutz mit hoher Sto\u00dfd\u00e4mpfungskapazit\u00e4t<\/h3>\n<p>Maxionda ist unser Wand-, Kanten- und S\u00e4ulenschutz aus EVA-Gummi, der sich durch ein spezielles Wellendesign auszeichnet und eine sehr hohe F\u00e4higkeit zur Abfederung heftiger St\u00f6\u00dfe auch in besonders dynamischen Bereichen wie Sportanlagen, Fu\u00dfballpl\u00e4tzen usw. gew\u00e4hrleistet.<\/p>\n<p>Dank seiner Flexibilit\u00e4t passt es sich dem zu sch\u00fctzenden Untergrund an. Maxionda ist die ideale L\u00f6sung f\u00fcr die Sicherung von W\u00e4nden, S\u00e4ulen, Pfeilern und anderen gef\u00e4hrlichen Elementen.<\/p>\n<p>Der Maxionda Prallschutz ist sowohl f\u00fcr die Montage im Innen- als auch im Au\u00dfenbereich geeignet.<\/p>\n<p><strong>Maxionda hat den Sto\u00dfd\u00e4mpfungstest gem\u00e4\u00df der Norm UNI EN 913:2009 App. C bestanden, hergestellt mit einem freigegebenen Gewicht bis zu einer maximalen Fallh\u00f6he von 450 mm und einer Geschwindigkeit von 2,97 m\/Sek.<\/strong><\/p>\n<\/div>\n","protected":false},"featured_media":8707,"template":"","meta":[],"product_cat":[307],"product_tag":[],"yoast_head":"<!-- This site is optimized with the Yoast SEO plugin v22.3 - https:\/\/yoast.com\/wordpress\/plugins\/seo\/ -->\n<title>Maxionda 28mm Prallschutz, Wand- und S\u00e4ulenschutz | Codex srl<\/title>\n<meta name=\"description\" content=\"Maxionda ist unser EVA-Aufprallschutz, getestet nach EN 913. Aufprallschutz f\u00fcr W\u00e4nde, Mauern, S\u00e4ulen usw.\" \/>\n<meta name=\"robots\" content=\"index, follow, max-snippet:-1, max-image-preview:large, max-video-preview:-1\" \/>\n<link rel=\"canonical\" href=\"https:\/\/www.codexsrl.com\/de\/produkt\/maxionda-prallschutz\/\" \/>\n<meta property=\"og:locale\" content=\"de_DE\" \/>\n<meta property=\"og:type\" content=\"article\" \/>\n<meta property=\"og:title\" content=\"Maxionda 28mm Prallschutz, Wand- und S\u00e4ulenschutz | Codex srl\" \/>\n<meta property=\"og:description\" content=\"Maxionda ist unser EVA-Aufprallschutz, getestet nach EN 913. Aufprallschutz f\u00fcr W\u00e4nde, Mauern, S\u00e4ulen usw.\" \/>\n<meta property=\"og:url\" content=\"https:\/\/www.codexsrl.com\/de\/produkt\/maxionda-prallschutz\/\" \/>\n<meta property=\"og:site_name\" content=\"Codex srl\" \/>\n<meta property=\"article:publisher\" content=\"https:\/\/www.facebook.com\/codexsicurezza\" \/>\n<meta property=\"article:modified_time\" content=\"2024-05-23T15:54:50+00:00\" \/>\n<meta property=\"og:image\" content=\"https:\/\/www.codexsrl.com\/wp-content\/uploads\/2016\/06\/protezioni-antitrauma-eva-gomma-pareti-colonne_codexsrl.jpg\" \/>\n\t<meta property=\"og:image:width\" content=\"500\" \/>\n\t<meta property=\"og:image:height\" content=\"500\" \/>\n\t<meta property=\"og:image:type\" content=\"image\/jpeg\" \/>\n<meta name=\"twitter:card\" content=\"summary_large_image\" \/>\n<meta name=\"twitter:label1\" content=\"Gesch\u00e4tzte Lesezeit\" \/>\n\t<meta name=\"twitter:data1\" content=\"1\u00a0Minute\" \/>\n<script type=\"application\/ld+json\" class=\"yoast-schema-graph\">{\"@context\":\"https:\/\/schema.org\",\"@graph\":[{\"@type\":\"WebPage\",\"@id\":\"https:\/\/www.codexsrl.com\/de\/produkt\/maxionda-prallschutz\/\",\"url\":\"https:\/\/www.codexsrl.com\/de\/produkt\/maxionda-prallschutz\/\",\"name\":\"Maxionda 28mm Prallschutz, Wand- und S\u00e4ulenschutz | Codex srl\",\"isPartOf\":{\"@id\":\"https:\/\/www.codexsrl.com\/de\/#website\"},\"primaryImageOfPage\":{\"@id\":\"https:\/\/www.codexsrl.com\/de\/produkt\/maxionda-prallschutz\/#primaryimage\"},\"image\":{\"@id\":\"https:\/\/www.codexsrl.com\/de\/produkt\/maxionda-prallschutz\/#primaryimage\"},\"thumbnailUrl\":\"https:\/\/www.codexsrl.com\/wp-content\/uploads\/2016\/06\/protezioni-antitrauma-eva-gomma-pareti-colonne_codexsrl.jpg\",\"datePublished\":\"2016-06-03T16:11:47+00:00\",\"dateModified\":\"2024-05-23T15:54:50+00:00\",\"description\":\"Maxionda ist unser EVA-Aufprallschutz, getestet nach EN 913. Aufprallschutz f\u00fcr W\u00e4nde, Mauern, S\u00e4ulen usw.\",\"breadcrumb\":{\"@id\":\"https:\/\/www.codexsrl.com\/de\/produkt\/maxionda-prallschutz\/#breadcrumb\"},\"inLanguage\":\"de\",\"potentialAction\":[{\"@type\":\"ReadAction\",\"target\":[\"https:\/\/www.codexsrl.com\/de\/produkt\/maxionda-prallschutz\/\"]}]},{\"@type\":\"ImageObject\",\"inLanguage\":\"de\",\"@id\":\"https:\/\/www.codexsrl.com\/de\/produkt\/maxionda-prallschutz\/#primaryimage\",\"url\":\"https:\/\/www.codexsrl.com\/wp-content\/uploads\/2016\/06\/protezioni-antitrauma-eva-gomma-pareti-colonne_codexsrl.jpg\",\"contentUrl\":\"https:\/\/www.codexsrl.com\/wp-content\/uploads\/2016\/06\/protezioni-antitrauma-eva-gomma-pareti-colonne_codexsrl.jpg\",\"width\":500,\"height\":500,\"caption\":\"Anti-Trauma-Schutz, eva-Gummiprotektoren, maxionda\"},{\"@type\":\"BreadcrumbList\",\"@id\":\"https:\/\/www.codexsrl.com\/de\/produkt\/maxionda-prallschutz\/#breadcrumb\",\"itemListElement\":[{\"@type\":\"ListItem\",\"position\":1,\"name\":\"Home\",\"item\":\"https:\/\/www.codexsrl.com\/de\/\"},{\"@type\":\"ListItem\",\"position\":2,\"name\":\"Gesamtkatalog\",\"item\":\"https:\/\/www.codexsrl.com\/de\/gesamtkatalog\/\"},{\"@type\":\"ListItem\",\"position\":3,\"name\":\"Maxionda 28 mm\"}]},{\"@type\":\"WebSite\",\"@id\":\"https:\/\/www.codexsrl.com\/de\/#website\",\"url\":\"https:\/\/www.codexsrl.com\/de\/\",\"name\":\"Codex srl\",\"description\":\"Sch\u00fctzt und dekoriert\",\"publisher\":{\"@id\":\"https:\/\/www.codexsrl.com\/de\/#organization\"},\"alternateName\":\"Codex Protezioni Antitrauma e Pavimentazioni\",\"potentialAction\":[{\"@type\":\"SearchAction\",\"target\":{\"@type\":\"EntryPoint\",\"urlTemplate\":\"https:\/\/www.codexsrl.com\/de\/?s={search_term_string}\"},\"query-input\":\"required name=search_term_string\"}],\"inLanguage\":\"de\"},{\"@type\":\"Organization\",\"@id\":\"https:\/\/www.codexsrl.com\/de\/#organization\",\"name\":\"Codex srl\",\"alternateName\":\"Codex Protezioni Antitrauma e Pavimentazioni\",\"url\":\"https:\/\/www.codexsrl.com\/de\/\",\"logo\":{\"@type\":\"ImageObject\",\"inLanguage\":\"de\",\"@id\":\"https:\/\/www.codexsrl.com\/de\/#\/schema\/logo\/image\/\",\"url\":\"https:\/\/www.codexsrl.com\/wp-content\/uploads\/2024\/01\/logo-Codex.webp\",\"contentUrl\":\"https:\/\/www.codexsrl.com\/wp-content\/uploads\/2024\/01\/logo-Codex.webp\",\"width\":527,\"height\":143,\"caption\":\"Codex srl\"},\"image\":{\"@id\":\"https:\/\/www.codexsrl.com\/de\/#\/schema\/logo\/image\/\"},\"sameAs\":[\"https:\/\/www.facebook.com\/codexsicurezza\",\"https:\/\/www.instagram.com\/codexsrl\/\",\"https:\/\/www.linkedin.com\/company\/codexsrl\/\"]}]}<\/script>\n<!-- \/ Yoast SEO plugin. -->","yoast_head_json":{"title":"Maxionda 28mm Prallschutz, Wand- und S\u00e4ulenschutz | Codex srl","description":"Maxionda ist unser EVA-Aufprallschutz, getestet nach EN 913. Aufprallschutz f\u00fcr W\u00e4nde, Mauern, S\u00e4ulen usw.","robots":{"index":"index","follow":"follow","max-snippet":"max-snippet:-1","max-image-preview":"max-image-preview:large","max-video-preview":"max-video-preview:-1"},"canonical":"https:\/\/www.codexsrl.com\/de\/produkt\/maxionda-prallschutz\/","og_locale":"de_DE","og_type":"article","og_title":"Maxionda 28mm Prallschutz, Wand- und S\u00e4ulenschutz | Codex srl","og_description":"Maxionda ist unser EVA-Aufprallschutz, getestet nach EN 913. Aufprallschutz f\u00fcr W\u00e4nde, Mauern, S\u00e4ulen usw.","og_url":"https:\/\/www.codexsrl.com\/de\/produkt\/maxionda-prallschutz\/","og_site_name":"Codex srl","article_publisher":"https:\/\/www.facebook.com\/codexsicurezza","article_modified_time":"2024-05-23T15:54:50+00:00","og_image":[{"width":500,"height":500,"url":"https:\/\/www.codexsrl.com\/wp-content\/uploads\/2016\/06\/protezioni-antitrauma-eva-gomma-pareti-colonne_codexsrl.jpg","type":"image\/jpeg"}],"twitter_card":"summary_large_image","twitter_misc":{"Gesch\u00e4tzte Lesezeit":"1\u00a0Minute"},"schema":{"@context":"https:\/\/schema.org","@graph":[{"@type":"WebPage","@id":"https:\/\/www.codexsrl.com\/de\/produkt\/maxionda-prallschutz\/","url":"https:\/\/www.codexsrl.com\/de\/produkt\/maxionda-prallschutz\/","name":"Maxionda 28mm Prallschutz, Wand- und S\u00e4ulenschutz | Codex srl","isPartOf":{"@id":"https:\/\/www.codexsrl.com\/de\/#website"},"primaryImageOfPage":{"@id":"https:\/\/www.codexsrl.com\/de\/produkt\/maxionda-prallschutz\/#primaryimage"},"image":{"@id":"https:\/\/www.codexsrl.com\/de\/produkt\/maxionda-prallschutz\/#primaryimage"},"thumbnailUrl":"https:\/\/www.codexsrl.com\/wp-content\/uploads\/2016\/06\/protezioni-antitrauma-eva-gomma-pareti-colonne_codexsrl.jpg","datePublished":"2016-06-03T16:11:47+00:00","dateModified":"2024-05-23T15:54:50+00:00","description":"Maxionda ist unser EVA-Aufprallschutz, getestet nach EN 913. Aufprallschutz f\u00fcr W\u00e4nde, Mauern, S\u00e4ulen usw.","breadcrumb":{"@id":"https:\/\/www.codexsrl.com\/de\/produkt\/maxionda-prallschutz\/#breadcrumb"},"inLanguage":"de","potentialAction":[{"@type":"ReadAction","target":["https:\/\/www.codexsrl.com\/de\/produkt\/maxionda-prallschutz\/"]}]},{"@type":"ImageObject","inLanguage":"de","@id":"https:\/\/www.codexsrl.com\/de\/produkt\/maxionda-prallschutz\/#primaryimage","url":"https:\/\/www.codexsrl.com\/wp-content\/uploads\/2016\/06\/protezioni-antitrauma-eva-gomma-pareti-colonne_codexsrl.jpg","contentUrl":"https:\/\/www.codexsrl.com\/wp-content\/uploads\/2016\/06\/protezioni-antitrauma-eva-gomma-pareti-colonne_codexsrl.jpg","width":500,"height":500,"caption":"Anti-Trauma-Schutz, eva-Gummiprotektoren, maxionda"},{"@type":"BreadcrumbList","@id":"https:\/\/www.codexsrl.com\/de\/produkt\/maxionda-prallschutz\/#breadcrumb","itemListElement":[{"@type":"ListItem","position":1,"name":"Home","item":"https:\/\/www.codexsrl.com\/de\/"},{"@type":"ListItem","position":2,"name":"Gesamtkatalog","item":"https:\/\/www.codexsrl.com\/de\/gesamtkatalog\/"},{"@type":"ListItem","position":3,"name":"Maxionda 28 mm"}]},{"@type":"WebSite","@id":"https:\/\/www.codexsrl.com\/de\/#website","url":"https:\/\/www.codexsrl.com\/de\/","name":"Codex srl","description":"Sch\u00fctzt und dekoriert","publisher":{"@id":"https:\/\/www.codexsrl.com\/de\/#organization"},"alternateName":"Codex Protezioni Antitrauma e Pavimentazioni","potentialAction":[{"@type":"SearchAction","target":{"@type":"EntryPoint","urlTemplate":"https:\/\/www.codexsrl.com\/de\/?s={search_term_string}"},"query-input":"required name=search_term_string"}],"inLanguage":"de"},{"@type":"Organization","@id":"https:\/\/www.codexsrl.com\/de\/#organization","name":"Codex srl","alternateName":"Codex Protezioni Antitrauma e Pavimentazioni","url":"https:\/\/www.codexsrl.com\/de\/","logo":{"@type":"ImageObject","inLanguage":"de","@id":"https:\/\/www.codexsrl.com\/de\/#\/schema\/logo\/image\/","url":"https:\/\/www.codexsrl.com\/wp-content\/uploads\/2024\/01\/logo-Codex.webp","contentUrl":"https:\/\/www.codexsrl.com\/wp-content\/uploads\/2024\/01\/logo-Codex.webp","width":527,"height":143,"caption":"Codex srl"},"image":{"@id":"https:\/\/www.codexsrl.com\/de\/#\/schema\/logo\/image\/"},"sameAs":["https:\/\/www.facebook.com\/codexsicurezza","https:\/\/www.instagram.com\/codexsrl\/","https:\/\/www.linkedin.com\/company\/codexsrl\/"]}]}},"_links":{"self":[{"href":"https:\/\/www.codexsrl.com\/de\/wp-json\/wp\/v2\/product\/9806"}],"collection":[{"href":"https:\/\/www.codexsrl.com\/de\/wp-json\/wp\/v2\/product"}],"about":[{"href":"https:\/\/www.codexsrl.com\/de\/wp-json\/wp\/v2\/types\/product"}],"wp:featuredmedia":[{"embeddable":true,"href":"https:\/\/www.codexsrl.com\/de\/wp-json\/wp\/v2\/media\/8707"}],"wp:attachment":[{"href":"https:\/\/www.codexsrl.com\/de\/wp-json\/wp\/v2\/media?parent=9806"}],"wp:term":[{"taxonomy":"product_cat","embeddable":true,"href":"https:\/\/www.codexsrl.com\/de\/wp-json\/wp\/v2\/product_cat?post=9806"},{"taxonomy":"product_tag","embeddable":true,"href":"https:\/\/www.codexsrl.com\/de\/wp-json\/wp\/v2\/product_tag?post=9806"}],"curies":[{"name":"wp","href":"https:\/\/api.w.org\/{rel}","templated":true}]}}