{"id":9810,"date":"2016-06-03T18:28:57","date_gmt":"2016-06-03T16:28:57","guid":{"rendered":"http:\/\/codexsrl.com.94-76-252-100.web-agency-padova.it\/catalogo\/unkategorisiert\/polyshock-sbr-gummigranulat-als-anti-trauma-bodenbelag\/"},"modified":"2024-03-18T16:48:32","modified_gmt":"2024-03-18T15:48:32","slug":"polyshock-sbr-gummigranulat-als-anti-trauma-bodenbelag","status":"publish","type":"product","link":"https:\/\/www.codexsrl.com\/de\/produkt\/polyshock-sbr-gummigranulat-als-anti-trauma-bodenbelag\/","title":{"rendered":"Polyshock SBR-Gummigranulat als Anti-Trauma-Bodenbelag"},"content":{"rendered":"","protected":false},"excerpt":{"rendered":"<div class=\"std\">\n<p><strong>Polyshock<\/strong> ist ein Anti-Trauma-Boden f\u00fcr den Au\u00dfenbereich, der aus selbstsichernden, selbstverlegenden Platten mit Schwalbenschwanzverbindungen besteht.<\/p>\n<p>Ideal f\u00fcr die Pflasterung von mehr oder weniger gro\u00dfen <strong>Au\u00dfenfl\u00e4chen<\/strong>, auf denen ein Fallschutz erforderlich ist, wie z. B. in <strong>Schulen und auf Spielpl\u00e4tzen<\/strong> mit Spiel- oder Sportger\u00e4ten (Rutschen, Schaukeln, Burgen usw.)<span style=\"color: #ff6600;\"><span style=\"color: #000000;\">.<\/span><\/span><\/p>\n<p>Die Installation ist einfach und unkompliziert, da keine Klebstoffe oder Betonuntergr\u00fcnde erforderlich sind. Die einzige Voraussetzung ist, dass der Unterboden gut geebnet und verdichtet ist (auch wenn es sich um Gras oder Kies handelt).<\/p>\n<p>Die Dicke des Bodenbelags, die <strong>zwischen 30 und 50 mm<\/strong> liegt, h\u00e4ngt von der m\u00f6glichen Fallh\u00f6he (HIC) ab. Produkt gepr\u00fcft nach <strong>EN 1177:2018 + AC:2019<\/strong>.<\/p>\n<p>&nbsp;<\/p>\n<\/div>\n","protected":false},"featured_media":8719,"template":"","meta":[],"product_cat":[307],"product_tag":[],"yoast_head":"<!-- This site is optimized with the Yoast SEO plugin v22.3 - https:\/\/yoast.com\/wordpress\/plugins\/seo\/ -->\n<title>Polyshock SBR-Kautschuk-Bodenbelag f\u00fcr den Au\u00dfenbereich mit Anti-Trauma-Effekt | Codex srl<\/title>\n<meta name=\"description\" content=\"Polyshock - Anti-Trauma-Bodenbelag f\u00fcr den Au\u00dfenbereich aus SBR-Gummigranulat. Ideal f\u00fcr Spielpl\u00e4tze und G\u00e4rten. Dicken von 30 bis 50 mm (zertifiziert EN 1177:2018).\" \/>\n<meta name=\"robots\" content=\"index, follow, max-snippet:-1, max-image-preview:large, max-video-preview:-1\" \/>\n<link rel=\"canonical\" href=\"https:\/\/www.codexsrl.com\/de\/produkt\/polyshock-sbr-gummigranulat-als-anti-trauma-bodenbelag\/\" \/>\n<meta property=\"og:locale\" content=\"de_DE\" \/>\n<meta property=\"og:type\" content=\"article\" \/>\n<meta property=\"og:title\" content=\"Polyshock SBR-Kautschuk-Bodenbelag f\u00fcr den Au\u00dfenbereich mit Anti-Trauma-Effekt | Codex srl\" \/>\n<meta property=\"og:description\" content=\"Polyshock - Anti-Trauma-Bodenbelag f\u00fcr den Au\u00dfenbereich aus SBR-Gummigranulat. Ideal f\u00fcr Spielpl\u00e4tze und G\u00e4rten. Dicken von 30 bis 50 mm (zertifiziert EN 1177:2018).\" \/>\n<meta property=\"og:url\" content=\"https:\/\/www.codexsrl.com\/de\/produkt\/polyshock-sbr-gummigranulat-als-anti-trauma-bodenbelag\/\" \/>\n<meta property=\"og:site_name\" content=\"Codex srl\" \/>\n<meta property=\"article:publisher\" content=\"https:\/\/www.facebook.com\/codexsicurezza\" \/>\n<meta property=\"article:modified_time\" content=\"2024-03-18T15:48:32+00:00\" \/>\n<meta property=\"og:image\" content=\"https:\/\/www.codexsrl.com\/wp-content\/uploads\/2016\/06\/Pavimentazione-antitrauma-per-parchi-giochi_codexsrl.jpg\" \/>\n\t<meta property=\"og:image:width\" content=\"500\" \/>\n\t<meta property=\"og:image:height\" content=\"500\" \/>\n\t<meta property=\"og:image:type\" content=\"image\/jpeg\" \/>\n<meta name=\"twitter:card\" content=\"summary_large_image\" \/>\n<script type=\"application\/ld+json\" class=\"yoast-schema-graph\">{\"@context\":\"https:\/\/schema.org\",\"@graph\":[{\"@type\":\"WebPage\",\"@id\":\"https:\/\/www.codexsrl.com\/de\/produkt\/polyshock-sbr-gummigranulat-als-anti-trauma-bodenbelag\/\",\"url\":\"https:\/\/www.codexsrl.com\/de\/produkt\/polyshock-sbr-gummigranulat-als-anti-trauma-bodenbelag\/\",\"name\":\"Polyshock SBR-Kautschuk-Bodenbelag f\u00fcr den Au\u00dfenbereich mit Anti-Trauma-Effekt | Codex srl\",\"isPartOf\":{\"@id\":\"https:\/\/www.codexsrl.com\/de\/#website\"},\"primaryImageOfPage\":{\"@id\":\"https:\/\/www.codexsrl.com\/de\/produkt\/polyshock-sbr-gummigranulat-als-anti-trauma-bodenbelag\/#primaryimage\"},\"image\":{\"@id\":\"https:\/\/www.codexsrl.com\/de\/produkt\/polyshock-sbr-gummigranulat-als-anti-trauma-bodenbelag\/#primaryimage\"},\"thumbnailUrl\":\"https:\/\/www.codexsrl.com\/wp-content\/uploads\/2016\/06\/Pavimentazione-antitrauma-per-parchi-giochi_codexsrl.jpg\",\"datePublished\":\"2016-06-03T16:28:57+00:00\",\"dateModified\":\"2024-03-18T15:48:32+00:00\",\"description\":\"Polyshock - Anti-Trauma-Bodenbelag f\u00fcr den Au\u00dfenbereich aus SBR-Gummigranulat. Ideal f\u00fcr Spielpl\u00e4tze und G\u00e4rten. Dicken von 30 bis 50 mm (zertifiziert EN 1177:2018).\",\"breadcrumb\":{\"@id\":\"https:\/\/www.codexsrl.com\/de\/produkt\/polyshock-sbr-gummigranulat-als-anti-trauma-bodenbelag\/#breadcrumb\"},\"inLanguage\":\"de\",\"potentialAction\":[{\"@type\":\"ReadAction\",\"target\":[\"https:\/\/www.codexsrl.com\/de\/produkt\/polyshock-sbr-gummigranulat-als-anti-trauma-bodenbelag\/\"]}]},{\"@type\":\"ImageObject\",\"inLanguage\":\"de\",\"@id\":\"https:\/\/www.codexsrl.com\/de\/produkt\/polyshock-sbr-gummigranulat-als-anti-trauma-bodenbelag\/#primaryimage\",\"url\":\"https:\/\/www.codexsrl.com\/wp-content\/uploads\/2016\/06\/Pavimentazione-antitrauma-per-parchi-giochi_codexsrl.jpg\",\"contentUrl\":\"https:\/\/www.codexsrl.com\/wp-content\/uploads\/2016\/06\/Pavimentazione-antitrauma-per-parchi-giochi_codexsrl.jpg\",\"width\":500,\"height\":500,\"caption\":\"externer sto\u00dfd\u00e4mpfender boden, sto\u00dfd\u00e4mpfender boden sbr, gummigranulat polyshock boden\"},{\"@type\":\"BreadcrumbList\",\"@id\":\"https:\/\/www.codexsrl.com\/de\/produkt\/polyshock-sbr-gummigranulat-als-anti-trauma-bodenbelag\/#breadcrumb\",\"itemListElement\":[{\"@type\":\"ListItem\",\"position\":1,\"name\":\"Home\",\"item\":\"https:\/\/www.codexsrl.com\/de\/\"},{\"@type\":\"ListItem\",\"position\":2,\"name\":\"Gesamtkatalog\",\"item\":\"https:\/\/www.codexsrl.com\/de\/gesamtkatalog\/\"},{\"@type\":\"ListItem\",\"position\":3,\"name\":\"Polyshock SBR-Gummigranulat als Anti-Trauma-Bodenbelag\"}]},{\"@type\":\"WebSite\",\"@id\":\"https:\/\/www.codexsrl.com\/de\/#website\",\"url\":\"https:\/\/www.codexsrl.com\/de\/\",\"name\":\"Codex srl\",\"description\":\"Sch\u00fctzt und dekoriert\",\"publisher\":{\"@id\":\"https:\/\/www.codexsrl.com\/de\/#organization\"},\"alternateName\":\"Codex Protezioni Antitrauma e Pavimentazioni\",\"potentialAction\":[{\"@type\":\"SearchAction\",\"target\":{\"@type\":\"EntryPoint\",\"urlTemplate\":\"https:\/\/www.codexsrl.com\/de\/?s={search_term_string}\"},\"query-input\":\"required name=search_term_string\"}],\"inLanguage\":\"de\"},{\"@type\":\"Organization\",\"@id\":\"https:\/\/www.codexsrl.com\/de\/#organization\",\"name\":\"Codex srl\",\"alternateName\":\"Codex Protezioni Antitrauma e Pavimentazioni\",\"url\":\"https:\/\/www.codexsrl.com\/de\/\",\"logo\":{\"@type\":\"ImageObject\",\"inLanguage\":\"de\",\"@id\":\"https:\/\/www.codexsrl.com\/de\/#\/schema\/logo\/image\/\",\"url\":\"https:\/\/www.codexsrl.com\/wp-content\/uploads\/2024\/01\/logo-Codex.webp\",\"contentUrl\":\"https:\/\/www.codexsrl.com\/wp-content\/uploads\/2024\/01\/logo-Codex.webp\",\"width\":527,\"height\":143,\"caption\":\"Codex srl\"},\"image\":{\"@id\":\"https:\/\/www.codexsrl.com\/de\/#\/schema\/logo\/image\/\"},\"sameAs\":[\"https:\/\/www.facebook.com\/codexsicurezza\",\"https:\/\/www.instagram.com\/codexsrl\/\",\"https:\/\/www.linkedin.com\/company\/codexsrl\/\"]}]}<\/script>\n<!-- \/ Yoast SEO plugin. -->","yoast_head_json":{"title":"Polyshock SBR-Kautschuk-Bodenbelag f\u00fcr den Au\u00dfenbereich mit Anti-Trauma-Effekt | Codex srl","description":"Polyshock - Anti-Trauma-Bodenbelag f\u00fcr den Au\u00dfenbereich aus SBR-Gummigranulat. Ideal f\u00fcr Spielpl\u00e4tze und G\u00e4rten. Dicken von 30 bis 50 mm (zertifiziert EN 1177:2018).","robots":{"index":"index","follow":"follow","max-snippet":"max-snippet:-1","max-image-preview":"max-image-preview:large","max-video-preview":"max-video-preview:-1"},"canonical":"https:\/\/www.codexsrl.com\/de\/produkt\/polyshock-sbr-gummigranulat-als-anti-trauma-bodenbelag\/","og_locale":"de_DE","og_type":"article","og_title":"Polyshock SBR-Kautschuk-Bodenbelag f\u00fcr den Au\u00dfenbereich mit Anti-Trauma-Effekt | Codex srl","og_description":"Polyshock - Anti-Trauma-Bodenbelag f\u00fcr den Au\u00dfenbereich aus SBR-Gummigranulat. Ideal f\u00fcr Spielpl\u00e4tze und G\u00e4rten. Dicken von 30 bis 50 mm (zertifiziert EN 1177:2018).","og_url":"https:\/\/www.codexsrl.com\/de\/produkt\/polyshock-sbr-gummigranulat-als-anti-trauma-bodenbelag\/","og_site_name":"Codex srl","article_publisher":"https:\/\/www.facebook.com\/codexsicurezza","article_modified_time":"2024-03-18T15:48:32+00:00","og_image":[{"width":500,"height":500,"url":"https:\/\/www.codexsrl.com\/wp-content\/uploads\/2016\/06\/Pavimentazione-antitrauma-per-parchi-giochi_codexsrl.jpg","type":"image\/jpeg"}],"twitter_card":"summary_large_image","schema":{"@context":"https:\/\/schema.org","@graph":[{"@type":"WebPage","@id":"https:\/\/www.codexsrl.com\/de\/produkt\/polyshock-sbr-gummigranulat-als-anti-trauma-bodenbelag\/","url":"https:\/\/www.codexsrl.com\/de\/produkt\/polyshock-sbr-gummigranulat-als-anti-trauma-bodenbelag\/","name":"Polyshock SBR-Kautschuk-Bodenbelag f\u00fcr den Au\u00dfenbereich mit Anti-Trauma-Effekt | Codex srl","isPartOf":{"@id":"https:\/\/www.codexsrl.com\/de\/#website"},"primaryImageOfPage":{"@id":"https:\/\/www.codexsrl.com\/de\/produkt\/polyshock-sbr-gummigranulat-als-anti-trauma-bodenbelag\/#primaryimage"},"image":{"@id":"https:\/\/www.codexsrl.com\/de\/produkt\/polyshock-sbr-gummigranulat-als-anti-trauma-bodenbelag\/#primaryimage"},"thumbnailUrl":"https:\/\/www.codexsrl.com\/wp-content\/uploads\/2016\/06\/Pavimentazione-antitrauma-per-parchi-giochi_codexsrl.jpg","datePublished":"2016-06-03T16:28:57+00:00","dateModified":"2024-03-18T15:48:32+00:00","description":"Polyshock - Anti-Trauma-Bodenbelag f\u00fcr den Au\u00dfenbereich aus SBR-Gummigranulat. Ideal f\u00fcr Spielpl\u00e4tze und G\u00e4rten. Dicken von 30 bis 50 mm (zertifiziert EN 1177:2018).","breadcrumb":{"@id":"https:\/\/www.codexsrl.com\/de\/produkt\/polyshock-sbr-gummigranulat-als-anti-trauma-bodenbelag\/#breadcrumb"},"inLanguage":"de","potentialAction":[{"@type":"ReadAction","target":["https:\/\/www.codexsrl.com\/de\/produkt\/polyshock-sbr-gummigranulat-als-anti-trauma-bodenbelag\/"]}]},{"@type":"ImageObject","inLanguage":"de","@id":"https:\/\/www.codexsrl.com\/de\/produkt\/polyshock-sbr-gummigranulat-als-anti-trauma-bodenbelag\/#primaryimage","url":"https:\/\/www.codexsrl.com\/wp-content\/uploads\/2016\/06\/Pavimentazione-antitrauma-per-parchi-giochi_codexsrl.jpg","contentUrl":"https:\/\/www.codexsrl.com\/wp-content\/uploads\/2016\/06\/Pavimentazione-antitrauma-per-parchi-giochi_codexsrl.jpg","width":500,"height":500,"caption":"externer sto\u00dfd\u00e4mpfender boden, sto\u00dfd\u00e4mpfender boden sbr, gummigranulat polyshock boden"},{"@type":"BreadcrumbList","@id":"https:\/\/www.codexsrl.com\/de\/produkt\/polyshock-sbr-gummigranulat-als-anti-trauma-bodenbelag\/#breadcrumb","itemListElement":[{"@type":"ListItem","position":1,"name":"Home","item":"https:\/\/www.codexsrl.com\/de\/"},{"@type":"ListItem","position":2,"name":"Gesamtkatalog","item":"https:\/\/www.codexsrl.com\/de\/gesamtkatalog\/"},{"@type":"ListItem","position":3,"name":"Polyshock SBR-Gummigranulat als Anti-Trauma-Bodenbelag"}]},{"@type":"WebSite","@id":"https:\/\/www.codexsrl.com\/de\/#website","url":"https:\/\/www.codexsrl.com\/de\/","name":"Codex srl","description":"Sch\u00fctzt und dekoriert","publisher":{"@id":"https:\/\/www.codexsrl.com\/de\/#organization"},"alternateName":"Codex Protezioni Antitrauma e Pavimentazioni","potentialAction":[{"@type":"SearchAction","target":{"@type":"EntryPoint","urlTemplate":"https:\/\/www.codexsrl.com\/de\/?s={search_term_string}"},"query-input":"required name=search_term_string"}],"inLanguage":"de"},{"@type":"Organization","@id":"https:\/\/www.codexsrl.com\/de\/#organization","name":"Codex srl","alternateName":"Codex Protezioni Antitrauma e Pavimentazioni","url":"https:\/\/www.codexsrl.com\/de\/","logo":{"@type":"ImageObject","inLanguage":"de","@id":"https:\/\/www.codexsrl.com\/de\/#\/schema\/logo\/image\/","url":"https:\/\/www.codexsrl.com\/wp-content\/uploads\/2024\/01\/logo-Codex.webp","contentUrl":"https:\/\/www.codexsrl.com\/wp-content\/uploads\/2024\/01\/logo-Codex.webp","width":527,"height":143,"caption":"Codex srl"},"image":{"@id":"https:\/\/www.codexsrl.com\/de\/#\/schema\/logo\/image\/"},"sameAs":["https:\/\/www.facebook.com\/codexsicurezza","https:\/\/www.instagram.com\/codexsrl\/","https:\/\/www.linkedin.com\/company\/codexsrl\/"]}]}},"_links":{"self":[{"href":"https:\/\/www.codexsrl.com\/de\/wp-json\/wp\/v2\/product\/9810"}],"collection":[{"href":"https:\/\/www.codexsrl.com\/de\/wp-json\/wp\/v2\/product"}],"about":[{"href":"https:\/\/www.codexsrl.com\/de\/wp-json\/wp\/v2\/types\/product"}],"wp:featuredmedia":[{"embeddable":true,"href":"https:\/\/www.codexsrl.com\/de\/wp-json\/wp\/v2\/media\/8719"}],"wp:attachment":[{"href":"https:\/\/www.codexsrl.com\/de\/wp-json\/wp\/v2\/media?parent=9810"}],"wp:term":[{"taxonomy":"product_cat","embeddable":true,"href":"https:\/\/www.codexsrl.com\/de\/wp-json\/wp\/v2\/product_cat?post=9810"},{"taxonomy":"product_tag","embeddable":true,"href":"https:\/\/www.codexsrl.com\/de\/wp-json\/wp\/v2\/product_tag?post=9810"}],"curies":[{"name":"wp","href":"https:\/\/api.w.org\/{rel}","templated":true}]}}