{"id":9813,"date":"2016-06-03T11:26:53","date_gmt":"2016-06-03T09:26:53","guid":{"rendered":"http:\/\/codexsrl.com.94-76-252-100.web-agency-padova.it\/catalogo\/unkategorisiert\/schlauchschuetzer\/"},"modified":"2024-03-18T19:18:32","modified_gmt":"2024-03-18T18:18:32","slug":"schlauchschuetzer","status":"publish","type":"product","link":"https:\/\/www.codexsrl.com\/de\/produkt\/schlauchschuetzer\/","title":{"rendered":"Schlauchsch\u00fctzer"},"content":{"rendered":"","protected":false},"excerpt":{"rendered":"<h4><strong>Feuerwehrschl\u00e4uche, Defibrillatoren<\/strong><\/h4>\n<p>Heutzutage gibt es in allen Umgebungen<strong> Feuerl\u00f6schk\u00e4sten (Feuerwehrschl\u00e4uche)<\/strong> oder <strong>Erste-Hilfe-K\u00e4sten (und Defibrillatoren)<\/strong>. Die Kanten der Metallboxen k\u00f6nnen jedoch eine Gefahr f\u00fcr die Benutzer darstellen und m\u00fcssen daher gesichert werden.<\/p>\n<p>In diesem Fall bietet Codex eine ma\u00dfgeschneiderte <strong>Blende<\/strong> aus dem 22 mm dicken <strong>Produkt<\/strong> <strong><span style=\"color: #ff6600;\"> <a style=\"color: #ff6600;\" href=\"https:\/\/www.codexsrl.com\/catalogo\/materiali\/onda-norma-uni-en-913\/\" target=\"_blank\" rel=\"noopener\">Onda<\/a><\/span><\/strong> an. Onda hat dank seiner Dicke und der Komponenten, aus denen es besteht, die richtigen Eigenschaften, um St\u00f6\u00dfe abzufedern und sich an jede Kante und Oberfl\u00e4che anzupassen. Schnelle und einfache Installation. Zertifiziertes Produkt, erh\u00e4ltlich in ungiftiger (f\u00fcr den Au\u00dfenbereich) oder flammhemmender (f\u00fcr den Innenbereich) Ausf\u00fchrung.<\/p>\n","protected":false},"featured_media":9439,"template":"","meta":[],"product_cat":[312,490,313,314,315,316,320,317,318,319],"product_tag":[321],"yoast_head":"<!-- This site is optimized with the Yoast SEO plugin v22.3 - https:\/\/yoast.com\/wordpress\/plugins\/seo\/ -->\n<title>Aufprallschutz f\u00fcr Schlauchaufroller und Hydrantenk\u00e4sten | Codex srl<\/title>\n<meta name=\"description\" content=\"Aufprallschutz f\u00fcr Feuerwehrschlauchk\u00e4sten und Defibrillatoren. In allen R\u00e4umen befinden sich Metallspulen, die gef\u00e4hrlich sein k\u00f6nnen.\" \/>\n<meta name=\"robots\" content=\"index, follow, max-snippet:-1, max-image-preview:large, max-video-preview:-1\" \/>\n<link rel=\"canonical\" href=\"https:\/\/www.codexsrl.com\/de\/produkt\/schlauchschuetzer\/\" \/>\n<meta property=\"og:locale\" content=\"de_DE\" \/>\n<meta property=\"og:type\" content=\"article\" \/>\n<meta property=\"og:title\" content=\"Aufprallschutz f\u00fcr Schlauchaufroller und Hydrantenk\u00e4sten | Codex srl\" \/>\n<meta property=\"og:description\" content=\"Aufprallschutz f\u00fcr Feuerwehrschlauchk\u00e4sten und Defibrillatoren. In allen R\u00e4umen befinden sich Metallspulen, die gef\u00e4hrlich sein k\u00f6nnen.\" \/>\n<meta property=\"og:url\" content=\"https:\/\/www.codexsrl.com\/de\/produkt\/schlauchschuetzer\/\" \/>\n<meta property=\"og:site_name\" content=\"Codex srl\" \/>\n<meta property=\"article:publisher\" content=\"https:\/\/www.facebook.com\/codexsicurezza\" \/>\n<meta property=\"article:modified_time\" content=\"2024-03-18T18:18:32+00:00\" \/>\n<meta property=\"og:image\" content=\"https:\/\/www.codexsrl.com\/wp-content\/uploads\/2016\/06\/IMG_20220712_100436.jpg\" \/>\n\t<meta property=\"og:image:width\" content=\"675\" \/>\n\t<meta property=\"og:image:height\" content=\"900\" \/>\n\t<meta property=\"og:image:type\" content=\"image\/jpeg\" \/>\n<meta name=\"twitter:card\" content=\"summary_large_image\" \/>\n<script type=\"application\/ld+json\" class=\"yoast-schema-graph\">{\"@context\":\"https:\/\/schema.org\",\"@graph\":[{\"@type\":\"WebPage\",\"@id\":\"https:\/\/www.codexsrl.com\/de\/produkt\/schlauchschuetzer\/\",\"url\":\"https:\/\/www.codexsrl.com\/de\/produkt\/schlauchschuetzer\/\",\"name\":\"Aufprallschutz f\u00fcr Schlauchaufroller und Hydrantenk\u00e4sten | Codex srl\",\"isPartOf\":{\"@id\":\"https:\/\/www.codexsrl.com\/de\/#website\"},\"primaryImageOfPage\":{\"@id\":\"https:\/\/www.codexsrl.com\/de\/produkt\/schlauchschuetzer\/#primaryimage\"},\"image\":{\"@id\":\"https:\/\/www.codexsrl.com\/de\/produkt\/schlauchschuetzer\/#primaryimage\"},\"thumbnailUrl\":\"https:\/\/www.codexsrl.com\/wp-content\/uploads\/2016\/06\/IMG_20220712_100436.jpg\",\"datePublished\":\"2016-06-03T09:26:53+00:00\",\"dateModified\":\"2024-03-18T18:18:32+00:00\",\"description\":\"Aufprallschutz f\u00fcr Feuerwehrschlauchk\u00e4sten und Defibrillatoren. In allen R\u00e4umen befinden sich Metallspulen, die gef\u00e4hrlich sein k\u00f6nnen.\",\"breadcrumb\":{\"@id\":\"https:\/\/www.codexsrl.com\/de\/produkt\/schlauchschuetzer\/#breadcrumb\"},\"inLanguage\":\"de\",\"potentialAction\":[{\"@type\":\"ReadAction\",\"target\":[\"https:\/\/www.codexsrl.com\/de\/produkt\/schlauchschuetzer\/\"]}]},{\"@type\":\"ImageObject\",\"inLanguage\":\"de\",\"@id\":\"https:\/\/www.codexsrl.com\/de\/produkt\/schlauchschuetzer\/#primaryimage\",\"url\":\"https:\/\/www.codexsrl.com\/wp-content\/uploads\/2016\/06\/IMG_20220712_100436.jpg\",\"contentUrl\":\"https:\/\/www.codexsrl.com\/wp-content\/uploads\/2016\/06\/IMG_20220712_100436.jpg\",\"width\":675,\"height\":900,\"caption\":\"Sto\u00dff\u00e4nger f\u00fcr Schlauchaufrollerk\u00e4sten\"},{\"@type\":\"BreadcrumbList\",\"@id\":\"https:\/\/www.codexsrl.com\/de\/produkt\/schlauchschuetzer\/#breadcrumb\",\"itemListElement\":[{\"@type\":\"ListItem\",\"position\":1,\"name\":\"Home\",\"item\":\"https:\/\/www.codexsrl.com\/de\/\"},{\"@type\":\"ListItem\",\"position\":2,\"name\":\"Gesamtkatalog\",\"item\":\"https:\/\/www.codexsrl.com\/de\/gesamtkatalog\/\"},{\"@type\":\"ListItem\",\"position\":3,\"name\":\"Schlauchsch\u00fctzer\"}]},{\"@type\":\"WebSite\",\"@id\":\"https:\/\/www.codexsrl.com\/de\/#website\",\"url\":\"https:\/\/www.codexsrl.com\/de\/\",\"name\":\"Codex srl\",\"description\":\"Sch\u00fctzt und dekoriert\",\"publisher\":{\"@id\":\"https:\/\/www.codexsrl.com\/de\/#organization\"},\"alternateName\":\"Codex Protezioni Antitrauma e Pavimentazioni\",\"potentialAction\":[{\"@type\":\"SearchAction\",\"target\":{\"@type\":\"EntryPoint\",\"urlTemplate\":\"https:\/\/www.codexsrl.com\/de\/?s={search_term_string}\"},\"query-input\":\"required name=search_term_string\"}],\"inLanguage\":\"de\"},{\"@type\":\"Organization\",\"@id\":\"https:\/\/www.codexsrl.com\/de\/#organization\",\"name\":\"Codex srl\",\"alternateName\":\"Codex Protezioni Antitrauma e Pavimentazioni\",\"url\":\"https:\/\/www.codexsrl.com\/de\/\",\"logo\":{\"@type\":\"ImageObject\",\"inLanguage\":\"de\",\"@id\":\"https:\/\/www.codexsrl.com\/de\/#\/schema\/logo\/image\/\",\"url\":\"https:\/\/www.codexsrl.com\/wp-content\/uploads\/2024\/01\/logo-Codex.webp\",\"contentUrl\":\"https:\/\/www.codexsrl.com\/wp-content\/uploads\/2024\/01\/logo-Codex.webp\",\"width\":527,\"height\":143,\"caption\":\"Codex srl\"},\"image\":{\"@id\":\"https:\/\/www.codexsrl.com\/de\/#\/schema\/logo\/image\/\"},\"sameAs\":[\"https:\/\/www.facebook.com\/codexsicurezza\",\"https:\/\/www.instagram.com\/codexsrl\/\",\"https:\/\/www.linkedin.com\/company\/codexsrl\/\"]}]}<\/script>\n<!-- \/ Yoast SEO plugin. -->","yoast_head_json":{"title":"Aufprallschutz f\u00fcr Schlauchaufroller und Hydrantenk\u00e4sten | Codex srl","description":"Aufprallschutz f\u00fcr Feuerwehrschlauchk\u00e4sten und Defibrillatoren. In allen R\u00e4umen befinden sich Metallspulen, die gef\u00e4hrlich sein k\u00f6nnen.","robots":{"index":"index","follow":"follow","max-snippet":"max-snippet:-1","max-image-preview":"max-image-preview:large","max-video-preview":"max-video-preview:-1"},"canonical":"https:\/\/www.codexsrl.com\/de\/produkt\/schlauchschuetzer\/","og_locale":"de_DE","og_type":"article","og_title":"Aufprallschutz f\u00fcr Schlauchaufroller und Hydrantenk\u00e4sten | Codex srl","og_description":"Aufprallschutz f\u00fcr Feuerwehrschlauchk\u00e4sten und Defibrillatoren. In allen R\u00e4umen befinden sich Metallspulen, die gef\u00e4hrlich sein k\u00f6nnen.","og_url":"https:\/\/www.codexsrl.com\/de\/produkt\/schlauchschuetzer\/","og_site_name":"Codex srl","article_publisher":"https:\/\/www.facebook.com\/codexsicurezza","article_modified_time":"2024-03-18T18:18:32+00:00","og_image":[{"width":675,"height":900,"url":"https:\/\/www.codexsrl.com\/wp-content\/uploads\/2016\/06\/IMG_20220712_100436.jpg","type":"image\/jpeg"}],"twitter_card":"summary_large_image","schema":{"@context":"https:\/\/schema.org","@graph":[{"@type":"WebPage","@id":"https:\/\/www.codexsrl.com\/de\/produkt\/schlauchschuetzer\/","url":"https:\/\/www.codexsrl.com\/de\/produkt\/schlauchschuetzer\/","name":"Aufprallschutz f\u00fcr Schlauchaufroller und Hydrantenk\u00e4sten | Codex srl","isPartOf":{"@id":"https:\/\/www.codexsrl.com\/de\/#website"},"primaryImageOfPage":{"@id":"https:\/\/www.codexsrl.com\/de\/produkt\/schlauchschuetzer\/#primaryimage"},"image":{"@id":"https:\/\/www.codexsrl.com\/de\/produkt\/schlauchschuetzer\/#primaryimage"},"thumbnailUrl":"https:\/\/www.codexsrl.com\/wp-content\/uploads\/2016\/06\/IMG_20220712_100436.jpg","datePublished":"2016-06-03T09:26:53+00:00","dateModified":"2024-03-18T18:18:32+00:00","description":"Aufprallschutz f\u00fcr Feuerwehrschlauchk\u00e4sten und Defibrillatoren. In allen R\u00e4umen befinden sich Metallspulen, die gef\u00e4hrlich sein k\u00f6nnen.","breadcrumb":{"@id":"https:\/\/www.codexsrl.com\/de\/produkt\/schlauchschuetzer\/#breadcrumb"},"inLanguage":"de","potentialAction":[{"@type":"ReadAction","target":["https:\/\/www.codexsrl.com\/de\/produkt\/schlauchschuetzer\/"]}]},{"@type":"ImageObject","inLanguage":"de","@id":"https:\/\/www.codexsrl.com\/de\/produkt\/schlauchschuetzer\/#primaryimage","url":"https:\/\/www.codexsrl.com\/wp-content\/uploads\/2016\/06\/IMG_20220712_100436.jpg","contentUrl":"https:\/\/www.codexsrl.com\/wp-content\/uploads\/2016\/06\/IMG_20220712_100436.jpg","width":675,"height":900,"caption":"Sto\u00dff\u00e4nger f\u00fcr Schlauchaufrollerk\u00e4sten"},{"@type":"BreadcrumbList","@id":"https:\/\/www.codexsrl.com\/de\/produkt\/schlauchschuetzer\/#breadcrumb","itemListElement":[{"@type":"ListItem","position":1,"name":"Home","item":"https:\/\/www.codexsrl.com\/de\/"},{"@type":"ListItem","position":2,"name":"Gesamtkatalog","item":"https:\/\/www.codexsrl.com\/de\/gesamtkatalog\/"},{"@type":"ListItem","position":3,"name":"Schlauchsch\u00fctzer"}]},{"@type":"WebSite","@id":"https:\/\/www.codexsrl.com\/de\/#website","url":"https:\/\/www.codexsrl.com\/de\/","name":"Codex srl","description":"Sch\u00fctzt und dekoriert","publisher":{"@id":"https:\/\/www.codexsrl.com\/de\/#organization"},"alternateName":"Codex Protezioni Antitrauma e Pavimentazioni","potentialAction":[{"@type":"SearchAction","target":{"@type":"EntryPoint","urlTemplate":"https:\/\/www.codexsrl.com\/de\/?s={search_term_string}"},"query-input":"required name=search_term_string"}],"inLanguage":"de"},{"@type":"Organization","@id":"https:\/\/www.codexsrl.com\/de\/#organization","name":"Codex srl","alternateName":"Codex Protezioni Antitrauma e Pavimentazioni","url":"https:\/\/www.codexsrl.com\/de\/","logo":{"@type":"ImageObject","inLanguage":"de","@id":"https:\/\/www.codexsrl.com\/de\/#\/schema\/logo\/image\/","url":"https:\/\/www.codexsrl.com\/wp-content\/uploads\/2024\/01\/logo-Codex.webp","contentUrl":"https:\/\/www.codexsrl.com\/wp-content\/uploads\/2024\/01\/logo-Codex.webp","width":527,"height":143,"caption":"Codex srl"},"image":{"@id":"https:\/\/www.codexsrl.com\/de\/#\/schema\/logo\/image\/"},"sameAs":["https:\/\/www.facebook.com\/codexsicurezza","https:\/\/www.instagram.com\/codexsrl\/","https:\/\/www.linkedin.com\/company\/codexsrl\/"]}]}},"_links":{"self":[{"href":"https:\/\/www.codexsrl.com\/de\/wp-json\/wp\/v2\/product\/9813"}],"collection":[{"href":"https:\/\/www.codexsrl.com\/de\/wp-json\/wp\/v2\/product"}],"about":[{"href":"https:\/\/www.codexsrl.com\/de\/wp-json\/wp\/v2\/types\/product"}],"wp:featuredmedia":[{"embeddable":true,"href":"https:\/\/www.codexsrl.com\/de\/wp-json\/wp\/v2\/media\/9439"}],"wp:attachment":[{"href":"https:\/\/www.codexsrl.com\/de\/wp-json\/wp\/v2\/media?parent=9813"}],"wp:term":[{"taxonomy":"product_cat","embeddable":true,"href":"https:\/\/www.codexsrl.com\/de\/wp-json\/wp\/v2\/product_cat?post=9813"},{"taxonomy":"product_tag","embeddable":true,"href":"https:\/\/www.codexsrl.com\/de\/wp-json\/wp\/v2\/product_tag?post=9813"}],"curies":[{"name":"wp","href":"https:\/\/api.w.org\/{rel}","templated":true}]}}