{"id":9815,"date":"2016-06-03T18:16:00","date_gmt":"2016-06-03T16:16:00","guid":{"rendered":"http:\/\/codexsrl.com.94-76-252-100.web-agency-padova.it\/catalogo\/unkategorisiert\/wandmatte-wandschutz\/"},"modified":"2024-03-18T16:51:01","modified_gmt":"2024-03-18T15:51:01","slug":"wandmatte-wandschutz","status":"publish","type":"product","link":"https:\/\/www.codexsrl.com\/de\/produkt\/wandmatte-wandschutz\/","title":{"rendered":"Wandmatte Wandschutz"},"content":{"rendered":"","protected":false},"excerpt":{"rendered":"<div class=\"std\">\n<p>Wall Mat ist ein sto\u00dfd\u00e4mpfender Schutz aus vernetztem Polyethylenschaum, der auf der Sichtseite mit kratzfestem und abwaschbarem PVC beschichtet ist.<\/p>\n<p>Das Material verf\u00fcgt \u00fcber ein ausgezeichnetes Sto\u00dfd\u00e4mpfungsverm\u00f6gen und eignet sich besonders f\u00fcr Wandverkleidungen von Sportanlagen, Pflichtschulen und gro\u00dfen W\u00e4nden im Allgemeinen.<br \/>\nDurch die <strong>feuerhemmende Eigenschaft (Kl. 1)<\/strong> ist Wall Mat f\u00fcr die Verlegung in Innenr\u00e4umen geeignet.<\/p>\n<p>Dar\u00fcber hinaus l\u00e4sst es sich leicht kombinieren mit <span style=\"color: #ff6600;\"><a style=\"color: #ff6600;\" href=\"https:\/\/www.codexsrl.com\/catalogo\/materiali\/onda-norma-uni-en-913\/\">Onda <\/a><\/span>kombiniert werden, wenn neben W\u00e4nden auch S\u00e4ulen, Masten oder andere Gefahrenquellen abgedeckt werden m\u00fcssen, die eine gr\u00f6\u00dfere Flexibilit\u00e4t des Materials erfordern.<\/p>\n<p><strong>Gepr\u00fcft nach EN 913, Anhang C.<\/strong><strong><br \/>\n<\/strong>Die Originalzertifikate werden der Produktlieferung auf Wunsch beigef\u00fcgt.<\/p>\n<\/div>\n","protected":false},"featured_media":8853,"template":"","meta":[],"product_cat":[307],"product_tag":[],"yoast_head":"<!-- This site is optimized with the Yoast SEO plugin v22.3 - https:\/\/yoast.com\/wordpress\/plugins\/seo\/ -->\n<title>Wandmatte, Wandschutz aus Polyethylen | Codex srl<\/title>\n<meta name=\"description\" content=\"Wall Mat ist ein flexibler, witterungsbest\u00e4ndiger Wandschutz f\u00fcr den Au\u00dfenbereich, der sich leicht auf jeder Oberfl\u00e4che anbringen l\u00e4sst.\" \/>\n<meta name=\"robots\" content=\"index, follow, max-snippet:-1, max-image-preview:large, max-video-preview:-1\" \/>\n<link rel=\"canonical\" href=\"https:\/\/www.codexsrl.com\/de\/produkt\/wandmatte-wandschutz\/\" \/>\n<meta property=\"og:locale\" content=\"de_DE\" \/>\n<meta property=\"og:type\" content=\"article\" \/>\n<meta property=\"og:title\" content=\"Wandmatte, Wandschutz aus Polyethylen | Codex srl\" \/>\n<meta property=\"og:description\" content=\"Wall Mat ist ein flexibler, witterungsbest\u00e4ndiger Wandschutz f\u00fcr den Au\u00dfenbereich, der sich leicht auf jeder Oberfl\u00e4che anbringen l\u00e4sst.\" \/>\n<meta property=\"og:url\" content=\"https:\/\/www.codexsrl.com\/de\/produkt\/wandmatte-wandschutz\/\" \/>\n<meta property=\"og:site_name\" content=\"Codex srl\" \/>\n<meta property=\"article:publisher\" content=\"https:\/\/www.facebook.com\/codexsicurezza\" \/>\n<meta property=\"article:modified_time\" content=\"2024-03-18T15:51:01+00:00\" \/>\n<meta property=\"og:image\" content=\"https:\/\/www.codexsrl.com\/wp-content\/uploads\/2016\/06\/wallmat-protezione-murale.jpg\" \/>\n\t<meta property=\"og:image:width\" content=\"500\" \/>\n\t<meta property=\"og:image:height\" content=\"500\" \/>\n\t<meta property=\"og:image:type\" content=\"image\/jpeg\" \/>\n<meta name=\"twitter:card\" content=\"summary_large_image\" \/>\n<script type=\"application\/ld+json\" class=\"yoast-schema-graph\">{\"@context\":\"https:\/\/schema.org\",\"@graph\":[{\"@type\":\"WebPage\",\"@id\":\"https:\/\/www.codexsrl.com\/de\/produkt\/wandmatte-wandschutz\/\",\"url\":\"https:\/\/www.codexsrl.com\/de\/produkt\/wandmatte-wandschutz\/\",\"name\":\"Wandmatte, Wandschutz aus Polyethylen | Codex srl\",\"isPartOf\":{\"@id\":\"https:\/\/www.codexsrl.com\/de\/#website\"},\"primaryImageOfPage\":{\"@id\":\"https:\/\/www.codexsrl.com\/de\/produkt\/wandmatte-wandschutz\/#primaryimage\"},\"image\":{\"@id\":\"https:\/\/www.codexsrl.com\/de\/produkt\/wandmatte-wandschutz\/#primaryimage\"},\"thumbnailUrl\":\"https:\/\/www.codexsrl.com\/wp-content\/uploads\/2016\/06\/wallmat-protezione-murale.jpg\",\"datePublished\":\"2016-06-03T16:16:00+00:00\",\"dateModified\":\"2024-03-18T15:51:01+00:00\",\"description\":\"Wall Mat ist ein flexibler, witterungsbest\u00e4ndiger Wandschutz f\u00fcr den Au\u00dfenbereich, der sich leicht auf jeder Oberfl\u00e4che anbringen l\u00e4sst.\",\"breadcrumb\":{\"@id\":\"https:\/\/www.codexsrl.com\/de\/produkt\/wandmatte-wandschutz\/#breadcrumb\"},\"inLanguage\":\"de\",\"potentialAction\":[{\"@type\":\"ReadAction\",\"target\":[\"https:\/\/www.codexsrl.com\/de\/produkt\/wandmatte-wandschutz\/\"]}]},{\"@type\":\"ImageObject\",\"inLanguage\":\"de\",\"@id\":\"https:\/\/www.codexsrl.com\/de\/produkt\/wandmatte-wandschutz\/#primaryimage\",\"url\":\"https:\/\/www.codexsrl.com\/wp-content\/uploads\/2016\/06\/wallmat-protezione-murale.jpg\",\"contentUrl\":\"https:\/\/www.codexsrl.com\/wp-content\/uploads\/2016\/06\/wallmat-protezione-murale.jpg\",\"width\":500,\"height\":500,\"caption\":\"Wandschutz\"},{\"@type\":\"BreadcrumbList\",\"@id\":\"https:\/\/www.codexsrl.com\/de\/produkt\/wandmatte-wandschutz\/#breadcrumb\",\"itemListElement\":[{\"@type\":\"ListItem\",\"position\":1,\"name\":\"Home\",\"item\":\"https:\/\/www.codexsrl.com\/de\/\"},{\"@type\":\"ListItem\",\"position\":2,\"name\":\"Gesamtkatalog\",\"item\":\"https:\/\/www.codexsrl.com\/de\/gesamtkatalog\/\"},{\"@type\":\"ListItem\",\"position\":3,\"name\":\"Wandmatte Wandschutz\"}]},{\"@type\":\"WebSite\",\"@id\":\"https:\/\/www.codexsrl.com\/de\/#website\",\"url\":\"https:\/\/www.codexsrl.com\/de\/\",\"name\":\"Codex srl\",\"description\":\"Sch\u00fctzt und dekoriert\",\"publisher\":{\"@id\":\"https:\/\/www.codexsrl.com\/de\/#organization\"},\"alternateName\":\"Codex Protezioni Antitrauma e Pavimentazioni\",\"potentialAction\":[{\"@type\":\"SearchAction\",\"target\":{\"@type\":\"EntryPoint\",\"urlTemplate\":\"https:\/\/www.codexsrl.com\/de\/?s={search_term_string}\"},\"query-input\":\"required name=search_term_string\"}],\"inLanguage\":\"de\"},{\"@type\":\"Organization\",\"@id\":\"https:\/\/www.codexsrl.com\/de\/#organization\",\"name\":\"Codex srl\",\"alternateName\":\"Codex Protezioni Antitrauma e Pavimentazioni\",\"url\":\"https:\/\/www.codexsrl.com\/de\/\",\"logo\":{\"@type\":\"ImageObject\",\"inLanguage\":\"de\",\"@id\":\"https:\/\/www.codexsrl.com\/de\/#\/schema\/logo\/image\/\",\"url\":\"https:\/\/www.codexsrl.com\/wp-content\/uploads\/2024\/01\/logo-Codex.webp\",\"contentUrl\":\"https:\/\/www.codexsrl.com\/wp-content\/uploads\/2024\/01\/logo-Codex.webp\",\"width\":527,\"height\":143,\"caption\":\"Codex srl\"},\"image\":{\"@id\":\"https:\/\/www.codexsrl.com\/de\/#\/schema\/logo\/image\/\"},\"sameAs\":[\"https:\/\/www.facebook.com\/codexsicurezza\",\"https:\/\/www.instagram.com\/codexsrl\/\",\"https:\/\/www.linkedin.com\/company\/codexsrl\/\"]}]}<\/script>\n<!-- \/ Yoast SEO plugin. -->","yoast_head_json":{"title":"Wandmatte, Wandschutz aus Polyethylen | Codex srl","description":"Wall Mat ist ein flexibler, witterungsbest\u00e4ndiger Wandschutz f\u00fcr den Au\u00dfenbereich, der sich leicht auf jeder Oberfl\u00e4che anbringen l\u00e4sst.","robots":{"index":"index","follow":"follow","max-snippet":"max-snippet:-1","max-image-preview":"max-image-preview:large","max-video-preview":"max-video-preview:-1"},"canonical":"https:\/\/www.codexsrl.com\/de\/produkt\/wandmatte-wandschutz\/","og_locale":"de_DE","og_type":"article","og_title":"Wandmatte, Wandschutz aus Polyethylen | Codex srl","og_description":"Wall Mat ist ein flexibler, witterungsbest\u00e4ndiger Wandschutz f\u00fcr den Au\u00dfenbereich, der sich leicht auf jeder Oberfl\u00e4che anbringen l\u00e4sst.","og_url":"https:\/\/www.codexsrl.com\/de\/produkt\/wandmatte-wandschutz\/","og_site_name":"Codex srl","article_publisher":"https:\/\/www.facebook.com\/codexsicurezza","article_modified_time":"2024-03-18T15:51:01+00:00","og_image":[{"width":500,"height":500,"url":"https:\/\/www.codexsrl.com\/wp-content\/uploads\/2016\/06\/wallmat-protezione-murale.jpg","type":"image\/jpeg"}],"twitter_card":"summary_large_image","schema":{"@context":"https:\/\/schema.org","@graph":[{"@type":"WebPage","@id":"https:\/\/www.codexsrl.com\/de\/produkt\/wandmatte-wandschutz\/","url":"https:\/\/www.codexsrl.com\/de\/produkt\/wandmatte-wandschutz\/","name":"Wandmatte, Wandschutz aus Polyethylen | Codex srl","isPartOf":{"@id":"https:\/\/www.codexsrl.com\/de\/#website"},"primaryImageOfPage":{"@id":"https:\/\/www.codexsrl.com\/de\/produkt\/wandmatte-wandschutz\/#primaryimage"},"image":{"@id":"https:\/\/www.codexsrl.com\/de\/produkt\/wandmatte-wandschutz\/#primaryimage"},"thumbnailUrl":"https:\/\/www.codexsrl.com\/wp-content\/uploads\/2016\/06\/wallmat-protezione-murale.jpg","datePublished":"2016-06-03T16:16:00+00:00","dateModified":"2024-03-18T15:51:01+00:00","description":"Wall Mat ist ein flexibler, witterungsbest\u00e4ndiger Wandschutz f\u00fcr den Au\u00dfenbereich, der sich leicht auf jeder Oberfl\u00e4che anbringen l\u00e4sst.","breadcrumb":{"@id":"https:\/\/www.codexsrl.com\/de\/produkt\/wandmatte-wandschutz\/#breadcrumb"},"inLanguage":"de","potentialAction":[{"@type":"ReadAction","target":["https:\/\/www.codexsrl.com\/de\/produkt\/wandmatte-wandschutz\/"]}]},{"@type":"ImageObject","inLanguage":"de","@id":"https:\/\/www.codexsrl.com\/de\/produkt\/wandmatte-wandschutz\/#primaryimage","url":"https:\/\/www.codexsrl.com\/wp-content\/uploads\/2016\/06\/wallmat-protezione-murale.jpg","contentUrl":"https:\/\/www.codexsrl.com\/wp-content\/uploads\/2016\/06\/wallmat-protezione-murale.jpg","width":500,"height":500,"caption":"Wandschutz"},{"@type":"BreadcrumbList","@id":"https:\/\/www.codexsrl.com\/de\/produkt\/wandmatte-wandschutz\/#breadcrumb","itemListElement":[{"@type":"ListItem","position":1,"name":"Home","item":"https:\/\/www.codexsrl.com\/de\/"},{"@type":"ListItem","position":2,"name":"Gesamtkatalog","item":"https:\/\/www.codexsrl.com\/de\/gesamtkatalog\/"},{"@type":"ListItem","position":3,"name":"Wandmatte Wandschutz"}]},{"@type":"WebSite","@id":"https:\/\/www.codexsrl.com\/de\/#website","url":"https:\/\/www.codexsrl.com\/de\/","name":"Codex srl","description":"Sch\u00fctzt und dekoriert","publisher":{"@id":"https:\/\/www.codexsrl.com\/de\/#organization"},"alternateName":"Codex Protezioni Antitrauma e Pavimentazioni","potentialAction":[{"@type":"SearchAction","target":{"@type":"EntryPoint","urlTemplate":"https:\/\/www.codexsrl.com\/de\/?s={search_term_string}"},"query-input":"required name=search_term_string"}],"inLanguage":"de"},{"@type":"Organization","@id":"https:\/\/www.codexsrl.com\/de\/#organization","name":"Codex srl","alternateName":"Codex Protezioni Antitrauma e Pavimentazioni","url":"https:\/\/www.codexsrl.com\/de\/","logo":{"@type":"ImageObject","inLanguage":"de","@id":"https:\/\/www.codexsrl.com\/de\/#\/schema\/logo\/image\/","url":"https:\/\/www.codexsrl.com\/wp-content\/uploads\/2024\/01\/logo-Codex.webp","contentUrl":"https:\/\/www.codexsrl.com\/wp-content\/uploads\/2024\/01\/logo-Codex.webp","width":527,"height":143,"caption":"Codex srl"},"image":{"@id":"https:\/\/www.codexsrl.com\/de\/#\/schema\/logo\/image\/"},"sameAs":["https:\/\/www.facebook.com\/codexsicurezza","https:\/\/www.instagram.com\/codexsrl\/","https:\/\/www.linkedin.com\/company\/codexsrl\/"]}]}},"_links":{"self":[{"href":"https:\/\/www.codexsrl.com\/de\/wp-json\/wp\/v2\/product\/9815"}],"collection":[{"href":"https:\/\/www.codexsrl.com\/de\/wp-json\/wp\/v2\/product"}],"about":[{"href":"https:\/\/www.codexsrl.com\/de\/wp-json\/wp\/v2\/types\/product"}],"wp:featuredmedia":[{"embeddable":true,"href":"https:\/\/www.codexsrl.com\/de\/wp-json\/wp\/v2\/media\/8853"}],"wp:attachment":[{"href":"https:\/\/www.codexsrl.com\/de\/wp-json\/wp\/v2\/media?parent=9815"}],"wp:term":[{"taxonomy":"product_cat","embeddable":true,"href":"https:\/\/www.codexsrl.com\/de\/wp-json\/wp\/v2\/product_cat?post=9815"},{"taxonomy":"product_tag","embeddable":true,"href":"https:\/\/www.codexsrl.com\/de\/wp-json\/wp\/v2\/product_tag?post=9815"}],"curies":[{"name":"wp","href":"https:\/\/api.w.org\/{rel}","templated":true}]}}