{"id":9821,"date":"2016-06-03T18:33:09","date_gmt":"2016-06-03T16:33:09","guid":{"rendered":"http:\/\/codexsrl.com.94-76-252-100.web-agency-padova.it\/catalogo\/unkategorisiert\/aaa-roehre\/"},"modified":"2024-03-13T12:01:33","modified_gmt":"2024-03-13T11:01:33","slug":"aaa-roehre","status":"publish","type":"product","link":"https:\/\/www.codexsrl.com\/de\/produkt\/aaa-roehre\/","title":{"rendered":"AAA-R\u00f6hre"},"content":{"rendered":"","protected":false},"excerpt":{"rendered":"<p>Rohre f\u00fcr die Herstellung aller Produkte: <strong>Polytermo Line<\/strong>, <strong>Gates<\/strong>, <strong>Box<\/strong>, <strong>Gigabox, Safety Tab Line<\/strong>.<\/p>\n<p>Es handelt sich um feuerhemmende Kunststoffschl\u00e4uche der Klasse 1 aus ungiftigem, sto\u00dffestem und splitterfreiem PVC.<\/p>\n<p>Sie erwies sich als am besten geeignet f\u00fcr diesen Zweck, denn:<\/p>\n<p><strong>Brandverhalten<\/strong>: Urspr\u00fcnglich bereits selbstverl\u00f6schend Klasse 0, mit anderen Produkten vermischt ergibt sich ein Brandverhalten <strong>der Klasse 1<\/strong>.<\/p>\n<p><strong>Ungiftigkeit<\/strong>: v\u00f6llig ungiftig, frei von Schwermetallen und Phthalaten, wird f\u00fcr Trinkwasserleitungen und f\u00fcr die Verpackung und Lagerung von Lebensmitteln verwendet.<\/p>\n<p><strong>Sto\u00dfd\u00e4mpfend<\/strong>: Das richtige Verh\u00e4ltnis von sto\u00dfd\u00e4mpfenden Komponenten hat unseren Schlauch elastisch und sto\u00dfd\u00e4mpfend gemacht, aber vor allem <strong>sto\u00dfd\u00e4mpfend<\/strong> (siehe Bilder oben), so dass selbst bei sehr heftigen St\u00f6\u00dfen der Schlauch ovulieren, aber nicht brechen kann, was zu Splittern und weiteren Gefahren f\u00fchrt.<br \/>\n<strong>Originalzertifikate werden auf Anfrage der Produktlieferung beigef\u00fcgt<\/strong><\/p>\n","protected":false},"featured_media":7947,"template":"","meta":[],"product_cat":[307],"product_tag":[],"yoast_head":"<!-- This site is optimized with the Yoast SEO plugin v22.3 - https:\/\/yoast.com\/wordpress\/plugins\/seo\/ -->\n<title>AAA-R\u00f6hre | Codex srl<\/title>\n<meta name=\"robots\" content=\"index, follow, max-snippet:-1, max-image-preview:large, max-video-preview:-1\" \/>\n<link rel=\"canonical\" href=\"https:\/\/www.codexsrl.com\/de\/produkt\/aaa-roehre\/\" \/>\n<meta property=\"og:locale\" content=\"de_DE\" \/>\n<meta property=\"og:type\" content=\"article\" \/>\n<meta property=\"og:title\" content=\"AAA-R\u00f6hre | Codex srl\" \/>\n<meta property=\"og:description\" content=\"Rohre f\u00fcr die Herstellung aller Produkte: Polytermo Line, Gates, Box, Gigabox, Safety Tab Line. Es handelt sich um feuerhemmende Kunststoffschl\u00e4uche der Klasse 1 aus ungiftigem, sto\u00dffestem und splitterfreiem PVC. Sie erwies sich als am besten geeignet f\u00fcr diesen Zweck, denn: Brandverhalten: Urspr\u00fcnglich bereits selbstverl\u00f6schend Klasse 0, mit anderen Produkten vermischt ergibt sich ein Brandverhalten der Klasse 1. Ungiftigkeit: v\u00f6llig ungiftig, frei von Schwermetallen und Phthalaten, wird f\u00fcr Trinkwasserleitungen und f\u00fcr die Verpackung und Lagerung von Lebensmitteln verwendet. Sto\u00dfd\u00e4mpfend: Das richtige Verh\u00e4ltnis von sto\u00dfd\u00e4mpfenden Komponenten hat unseren Schlauch elastisch und sto\u00dfd\u00e4mpfend gemacht, aber vor allem sto\u00dfd\u00e4mpfend (siehe Bilder oben), so dass selbst bei sehr heftigen St\u00f6\u00dfen der Schlauch ovulieren, aber nicht brechen kann, was zu Splittern und weiteren Gefahren f\u00fchrt. Originalzertifikate werden auf Anfrage der Produktlieferung beigef\u00fcgt\" \/>\n<meta property=\"og:url\" content=\"https:\/\/www.codexsrl.com\/de\/produkt\/aaa-roehre\/\" \/>\n<meta property=\"og:site_name\" content=\"Codex srl\" \/>\n<meta property=\"article:publisher\" content=\"https:\/\/www.facebook.com\/codexsicurezza\" \/>\n<meta property=\"article:modified_time\" content=\"2024-03-13T11:01:33+00:00\" \/>\n<meta property=\"og:image\" content=\"https:\/\/www.codexsrl.com\/wp-content\/uploads\/2016\/06\/Tubo-AAA-codex.jpg\" \/>\n\t<meta property=\"og:image:width\" content=\"900\" \/>\n\t<meta property=\"og:image:height\" content=\"900\" \/>\n\t<meta property=\"og:image:type\" content=\"image\/jpeg\" \/>\n<meta name=\"twitter:card\" content=\"summary_large_image\" \/>\n<script type=\"application\/ld+json\" class=\"yoast-schema-graph\">{\"@context\":\"https:\/\/schema.org\",\"@graph\":[{\"@type\":\"WebPage\",\"@id\":\"https:\/\/www.codexsrl.com\/de\/produkt\/aaa-roehre\/\",\"url\":\"https:\/\/www.codexsrl.com\/de\/produkt\/aaa-roehre\/\",\"name\":\"AAA-R\u00f6hre | Codex srl\",\"isPartOf\":{\"@id\":\"https:\/\/www.codexsrl.com\/de\/#website\"},\"primaryImageOfPage\":{\"@id\":\"https:\/\/www.codexsrl.com\/de\/produkt\/aaa-roehre\/#primaryimage\"},\"image\":{\"@id\":\"https:\/\/www.codexsrl.com\/de\/produkt\/aaa-roehre\/#primaryimage\"},\"thumbnailUrl\":\"https:\/\/www.codexsrl.com\/wp-content\/uploads\/2016\/06\/Tubo-AAA-codex.jpg\",\"datePublished\":\"2016-06-03T16:33:09+00:00\",\"dateModified\":\"2024-03-13T11:01:33+00:00\",\"breadcrumb\":{\"@id\":\"https:\/\/www.codexsrl.com\/de\/produkt\/aaa-roehre\/#breadcrumb\"},\"inLanguage\":\"de\",\"potentialAction\":[{\"@type\":\"ReadAction\",\"target\":[\"https:\/\/www.codexsrl.com\/de\/produkt\/aaa-roehre\/\"]}]},{\"@type\":\"ImageObject\",\"inLanguage\":\"de\",\"@id\":\"https:\/\/www.codexsrl.com\/de\/produkt\/aaa-roehre\/#primaryimage\",\"url\":\"https:\/\/www.codexsrl.com\/wp-content\/uploads\/2016\/06\/Tubo-AAA-codex.jpg\",\"contentUrl\":\"https:\/\/www.codexsrl.com\/wp-content\/uploads\/2016\/06\/Tubo-AAA-codex.jpg\",\"width\":900,\"height\":900,\"caption\":\"AAA-R\u00f6hre\"},{\"@type\":\"BreadcrumbList\",\"@id\":\"https:\/\/www.codexsrl.com\/de\/produkt\/aaa-roehre\/#breadcrumb\",\"itemListElement\":[{\"@type\":\"ListItem\",\"position\":1,\"name\":\"Home\",\"item\":\"https:\/\/www.codexsrl.com\/de\/\"},{\"@type\":\"ListItem\",\"position\":2,\"name\":\"Gesamtkatalog\",\"item\":\"https:\/\/www.codexsrl.com\/de\/gesamtkatalog\/\"},{\"@type\":\"ListItem\",\"position\":3,\"name\":\"AAA-R\u00f6hre\"}]},{\"@type\":\"WebSite\",\"@id\":\"https:\/\/www.codexsrl.com\/de\/#website\",\"url\":\"https:\/\/www.codexsrl.com\/de\/\",\"name\":\"Codex srl\",\"description\":\"Sch\u00fctzt und dekoriert\",\"publisher\":{\"@id\":\"https:\/\/www.codexsrl.com\/de\/#organization\"},\"alternateName\":\"Codex Protezioni Antitrauma e Pavimentazioni\",\"potentialAction\":[{\"@type\":\"SearchAction\",\"target\":{\"@type\":\"EntryPoint\",\"urlTemplate\":\"https:\/\/www.codexsrl.com\/de\/?s={search_term_string}\"},\"query-input\":\"required name=search_term_string\"}],\"inLanguage\":\"de\"},{\"@type\":\"Organization\",\"@id\":\"https:\/\/www.codexsrl.com\/de\/#organization\",\"name\":\"Codex srl\",\"alternateName\":\"Codex Protezioni Antitrauma e Pavimentazioni\",\"url\":\"https:\/\/www.codexsrl.com\/de\/\",\"logo\":{\"@type\":\"ImageObject\",\"inLanguage\":\"de\",\"@id\":\"https:\/\/www.codexsrl.com\/de\/#\/schema\/logo\/image\/\",\"url\":\"https:\/\/www.codexsrl.com\/wp-content\/uploads\/2024\/01\/logo-Codex.webp\",\"contentUrl\":\"https:\/\/www.codexsrl.com\/wp-content\/uploads\/2024\/01\/logo-Codex.webp\",\"width\":527,\"height\":143,\"caption\":\"Codex srl\"},\"image\":{\"@id\":\"https:\/\/www.codexsrl.com\/de\/#\/schema\/logo\/image\/\"},\"sameAs\":[\"https:\/\/www.facebook.com\/codexsicurezza\",\"https:\/\/www.instagram.com\/codexsrl\/\",\"https:\/\/www.linkedin.com\/company\/codexsrl\/\"]}]}<\/script>\n<!-- \/ Yoast SEO plugin. -->","yoast_head_json":{"title":"AAA-R\u00f6hre | Codex srl","robots":{"index":"index","follow":"follow","max-snippet":"max-snippet:-1","max-image-preview":"max-image-preview:large","max-video-preview":"max-video-preview:-1"},"canonical":"https:\/\/www.codexsrl.com\/de\/produkt\/aaa-roehre\/","og_locale":"de_DE","og_type":"article","og_title":"AAA-R\u00f6hre | Codex srl","og_description":"Rohre f\u00fcr die Herstellung aller Produkte: Polytermo Line, Gates, Box, Gigabox, Safety Tab Line. Es handelt sich um feuerhemmende Kunststoffschl\u00e4uche der Klasse 1 aus ungiftigem, sto\u00dffestem und splitterfreiem PVC. Sie erwies sich als am besten geeignet f\u00fcr diesen Zweck, denn: Brandverhalten: Urspr\u00fcnglich bereits selbstverl\u00f6schend Klasse 0, mit anderen Produkten vermischt ergibt sich ein Brandverhalten der Klasse 1. Ungiftigkeit: v\u00f6llig ungiftig, frei von Schwermetallen und Phthalaten, wird f\u00fcr Trinkwasserleitungen und f\u00fcr die Verpackung und Lagerung von Lebensmitteln verwendet. Sto\u00dfd\u00e4mpfend: Das richtige Verh\u00e4ltnis von sto\u00dfd\u00e4mpfenden Komponenten hat unseren Schlauch elastisch und sto\u00dfd\u00e4mpfend gemacht, aber vor allem sto\u00dfd\u00e4mpfend (siehe Bilder oben), so dass selbst bei sehr heftigen St\u00f6\u00dfen der Schlauch ovulieren, aber nicht brechen kann, was zu Splittern und weiteren Gefahren f\u00fchrt. Originalzertifikate werden auf Anfrage der Produktlieferung beigef\u00fcgt","og_url":"https:\/\/www.codexsrl.com\/de\/produkt\/aaa-roehre\/","og_site_name":"Codex srl","article_publisher":"https:\/\/www.facebook.com\/codexsicurezza","article_modified_time":"2024-03-13T11:01:33+00:00","og_image":[{"width":900,"height":900,"url":"https:\/\/www.codexsrl.com\/wp-content\/uploads\/2016\/06\/Tubo-AAA-codex.jpg","type":"image\/jpeg"}],"twitter_card":"summary_large_image","schema":{"@context":"https:\/\/schema.org","@graph":[{"@type":"WebPage","@id":"https:\/\/www.codexsrl.com\/de\/produkt\/aaa-roehre\/","url":"https:\/\/www.codexsrl.com\/de\/produkt\/aaa-roehre\/","name":"AAA-R\u00f6hre | Codex srl","isPartOf":{"@id":"https:\/\/www.codexsrl.com\/de\/#website"},"primaryImageOfPage":{"@id":"https:\/\/www.codexsrl.com\/de\/produkt\/aaa-roehre\/#primaryimage"},"image":{"@id":"https:\/\/www.codexsrl.com\/de\/produkt\/aaa-roehre\/#primaryimage"},"thumbnailUrl":"https:\/\/www.codexsrl.com\/wp-content\/uploads\/2016\/06\/Tubo-AAA-codex.jpg","datePublished":"2016-06-03T16:33:09+00:00","dateModified":"2024-03-13T11:01:33+00:00","breadcrumb":{"@id":"https:\/\/www.codexsrl.com\/de\/produkt\/aaa-roehre\/#breadcrumb"},"inLanguage":"de","potentialAction":[{"@type":"ReadAction","target":["https:\/\/www.codexsrl.com\/de\/produkt\/aaa-roehre\/"]}]},{"@type":"ImageObject","inLanguage":"de","@id":"https:\/\/www.codexsrl.com\/de\/produkt\/aaa-roehre\/#primaryimage","url":"https:\/\/www.codexsrl.com\/wp-content\/uploads\/2016\/06\/Tubo-AAA-codex.jpg","contentUrl":"https:\/\/www.codexsrl.com\/wp-content\/uploads\/2016\/06\/Tubo-AAA-codex.jpg","width":900,"height":900,"caption":"AAA-R\u00f6hre"},{"@type":"BreadcrumbList","@id":"https:\/\/www.codexsrl.com\/de\/produkt\/aaa-roehre\/#breadcrumb","itemListElement":[{"@type":"ListItem","position":1,"name":"Home","item":"https:\/\/www.codexsrl.com\/de\/"},{"@type":"ListItem","position":2,"name":"Gesamtkatalog","item":"https:\/\/www.codexsrl.com\/de\/gesamtkatalog\/"},{"@type":"ListItem","position":3,"name":"AAA-R\u00f6hre"}]},{"@type":"WebSite","@id":"https:\/\/www.codexsrl.com\/de\/#website","url":"https:\/\/www.codexsrl.com\/de\/","name":"Codex srl","description":"Sch\u00fctzt und dekoriert","publisher":{"@id":"https:\/\/www.codexsrl.com\/de\/#organization"},"alternateName":"Codex Protezioni Antitrauma e Pavimentazioni","potentialAction":[{"@type":"SearchAction","target":{"@type":"EntryPoint","urlTemplate":"https:\/\/www.codexsrl.com\/de\/?s={search_term_string}"},"query-input":"required name=search_term_string"}],"inLanguage":"de"},{"@type":"Organization","@id":"https:\/\/www.codexsrl.com\/de\/#organization","name":"Codex srl","alternateName":"Codex Protezioni Antitrauma e Pavimentazioni","url":"https:\/\/www.codexsrl.com\/de\/","logo":{"@type":"ImageObject","inLanguage":"de","@id":"https:\/\/www.codexsrl.com\/de\/#\/schema\/logo\/image\/","url":"https:\/\/www.codexsrl.com\/wp-content\/uploads\/2024\/01\/logo-Codex.webp","contentUrl":"https:\/\/www.codexsrl.com\/wp-content\/uploads\/2024\/01\/logo-Codex.webp","width":527,"height":143,"caption":"Codex srl"},"image":{"@id":"https:\/\/www.codexsrl.com\/de\/#\/schema\/logo\/image\/"},"sameAs":["https:\/\/www.facebook.com\/codexsicurezza","https:\/\/www.instagram.com\/codexsrl\/","https:\/\/www.linkedin.com\/company\/codexsrl\/"]}]}},"_links":{"self":[{"href":"https:\/\/www.codexsrl.com\/de\/wp-json\/wp\/v2\/product\/9821"}],"collection":[{"href":"https:\/\/www.codexsrl.com\/de\/wp-json\/wp\/v2\/product"}],"about":[{"href":"https:\/\/www.codexsrl.com\/de\/wp-json\/wp\/v2\/types\/product"}],"wp:featuredmedia":[{"embeddable":true,"href":"https:\/\/www.codexsrl.com\/de\/wp-json\/wp\/v2\/media\/7947"}],"wp:attachment":[{"href":"https:\/\/www.codexsrl.com\/de\/wp-json\/wp\/v2\/media?parent=9821"}],"wp:term":[{"taxonomy":"product_cat","embeddable":true,"href":"https:\/\/www.codexsrl.com\/de\/wp-json\/wp\/v2\/product_cat?post=9821"},{"taxonomy":"product_tag","embeddable":true,"href":"https:\/\/www.codexsrl.com\/de\/wp-json\/wp\/v2\/product_tag?post=9821"}],"curies":[{"name":"wp","href":"https:\/\/api.w.org\/{rel}","templated":true}]}}