{"id":9917,"date":"2016-06-03T18:27:17","date_gmt":"2016-06-03T16:27:17","guid":{"rendered":"http:\/\/codexsrl.com.94-76-252-100.web-agency-padova.it\/catalogo\/unkategorisiert\/quadrio-sbr-gummigranulat-bodenbelag\/"},"modified":"2024-03-13T12:01:21","modified_gmt":"2024-03-13T11:01:21","slug":"quadrio-sbr-gummigranulat-bodenbelag","status":"publish","type":"product","link":"https:\/\/www.codexsrl.com\/de\/produkt\/quadrio-sbr-gummigranulat-bodenbelag\/","title":{"rendered":"Quadrio SBR-Gummigranulat-Bodenbelag"},"content":{"rendered":"","protected":false},"excerpt":{"rendered":"<p>Quadrio ist die Antwort auf die Notwendigkeit, gro\u00dfe Au\u00dfenfl\u00e4chen wie <strong>private G\u00e4rten, Spielpl\u00e4tze, Schul- und Kindergartenvorpl\u00e4tze sowie \u00f6ffentliche Fl\u00e4chen<\/strong>, die manchmal in schlechtem Zustand sind oder aus Asphalt- oder Betonfl\u00e4chen bestehen, <strong>zu sichern und zu gestalten <\/strong>. Auch in Fitnessstudios mit Kraft- und Crossfit-R\u00e4umen und St\u00e4llen weit verbreitet.<\/p>\n<p>Quadrio ist ein modularer, selbstverriegelnder Bodenbelag, der aus ineinander greifenden, schwalbenschwanzf\u00f6rmigen Platten besteht. Dank der speziellen Puzzleform der Platten ist die Installation schnell und einfach, ohne Verwendung von Klebstoffen.<\/p>\n<p><strong>Bodenbelag aus recyceltem Gummigranulat (S.B.R.)<\/strong>, der witterungsbest\u00e4ndig ist und bei Regen oder W\u00e4sche schnell abl\u00e4uft. Es hat eine Dicke von 20 mm und ist in f\u00fcnf Standardfarben erh\u00e4ltlich: ziegelrot, gr\u00fcn, hellblau, grau und schwarz.<\/p>\n","protected":false},"featured_media":8711,"template":"","meta":[],"product_cat":[307],"product_tag":[],"yoast_head":"<!-- This site is optimized with the Yoast SEO plugin v22.3 - https:\/\/yoast.com\/wordpress\/plugins\/seo\/ -->\n<title>Quadrio, Bodenbelag aus Gummigranulat f\u00fcr den Au\u00dfenbereich | Codex srl<\/title>\n<meta name=\"description\" content=\"Quadrio ist ein Bodenbelag aus SBR-Gummigranulat f\u00fcr den Au\u00dfenbereich, der aus selbstsichernden, selbstverlegenden und vollst\u00e4ndig entw\u00e4ssernden Platten besteht.\" \/>\n<meta name=\"robots\" content=\"index, follow, max-snippet:-1, max-image-preview:large, max-video-preview:-1\" \/>\n<link rel=\"canonical\" href=\"https:\/\/www.codexsrl.com\/de\/produkt\/quadrio-sbr-gummigranulat-bodenbelag\/\" \/>\n<meta property=\"og:locale\" content=\"de_DE\" \/>\n<meta property=\"og:type\" content=\"article\" \/>\n<meta property=\"og:title\" content=\"Quadrio, Bodenbelag aus Gummigranulat f\u00fcr den Au\u00dfenbereich | Codex srl\" \/>\n<meta property=\"og:description\" content=\"Quadrio ist ein Bodenbelag aus SBR-Gummigranulat f\u00fcr den Au\u00dfenbereich, der aus selbstsichernden, selbstverlegenden und vollst\u00e4ndig entw\u00e4ssernden Platten besteht.\" \/>\n<meta property=\"og:url\" content=\"https:\/\/www.codexsrl.com\/de\/produkt\/quadrio-sbr-gummigranulat-bodenbelag\/\" \/>\n<meta property=\"og:site_name\" content=\"Codex srl\" \/>\n<meta property=\"article:publisher\" content=\"https:\/\/www.facebook.com\/codexsicurezza\" \/>\n<meta property=\"article:modified_time\" content=\"2024-03-13T11:01:21+00:00\" \/>\n<meta property=\"og:image\" content=\"https:\/\/www.codexsrl.com\/wp-content\/uploads\/2016\/06\/pavimentazione-antitrauma-gomma-sbr_codexsrl.jpg\" \/>\n\t<meta property=\"og:image:width\" content=\"500\" \/>\n\t<meta property=\"og:image:height\" content=\"500\" \/>\n\t<meta property=\"og:image:type\" content=\"image\/jpeg\" \/>\n<meta name=\"twitter:card\" content=\"summary_large_image\" \/>\n<script type=\"application\/ld+json\" class=\"yoast-schema-graph\">{\"@context\":\"https:\/\/schema.org\",\"@graph\":[{\"@type\":\"WebPage\",\"@id\":\"https:\/\/www.codexsrl.com\/de\/produkt\/quadrio-sbr-gummigranulat-bodenbelag\/\",\"url\":\"https:\/\/www.codexsrl.com\/de\/produkt\/quadrio-sbr-gummigranulat-bodenbelag\/\",\"name\":\"Quadrio, Bodenbelag aus Gummigranulat f\u00fcr den Au\u00dfenbereich | Codex srl\",\"isPartOf\":{\"@id\":\"https:\/\/www.codexsrl.com\/de\/#website\"},\"primaryImageOfPage\":{\"@id\":\"https:\/\/www.codexsrl.com\/de\/produkt\/quadrio-sbr-gummigranulat-bodenbelag\/#primaryimage\"},\"image\":{\"@id\":\"https:\/\/www.codexsrl.com\/de\/produkt\/quadrio-sbr-gummigranulat-bodenbelag\/#primaryimage\"},\"thumbnailUrl\":\"https:\/\/www.codexsrl.com\/wp-content\/uploads\/2016\/06\/pavimentazione-antitrauma-gomma-sbr_codexsrl.jpg\",\"datePublished\":\"2016-06-03T16:27:17+00:00\",\"dateModified\":\"2024-03-13T11:01:21+00:00\",\"description\":\"Quadrio ist ein Bodenbelag aus SBR-Gummigranulat f\u00fcr den Au\u00dfenbereich, der aus selbstsichernden, selbstverlegenden und vollst\u00e4ndig entw\u00e4ssernden Platten besteht.\",\"breadcrumb\":{\"@id\":\"https:\/\/www.codexsrl.com\/de\/produkt\/quadrio-sbr-gummigranulat-bodenbelag\/#breadcrumb\"},\"inLanguage\":\"de\",\"potentialAction\":[{\"@type\":\"ReadAction\",\"target\":[\"https:\/\/www.codexsrl.com\/de\/produkt\/quadrio-sbr-gummigranulat-bodenbelag\/\"]}]},{\"@type\":\"ImageObject\",\"inLanguage\":\"de\",\"@id\":\"https:\/\/www.codexsrl.com\/de\/produkt\/quadrio-sbr-gummigranulat-bodenbelag\/#primaryimage\",\"url\":\"https:\/\/www.codexsrl.com\/wp-content\/uploads\/2016\/06\/pavimentazione-antitrauma-gomma-sbr_codexsrl.jpg\",\"contentUrl\":\"https:\/\/www.codexsrl.com\/wp-content\/uploads\/2016\/06\/pavimentazione-antitrauma-gomma-sbr_codexsrl.jpg\",\"width\":500,\"height\":500,\"caption\":\"Bodenbel\u00e4ge aus Gummigranulat, Bodenbel\u00e4ge aus Gummigranulat\"},{\"@type\":\"BreadcrumbList\",\"@id\":\"https:\/\/www.codexsrl.com\/de\/produkt\/quadrio-sbr-gummigranulat-bodenbelag\/#breadcrumb\",\"itemListElement\":[{\"@type\":\"ListItem\",\"position\":1,\"name\":\"Home\",\"item\":\"https:\/\/www.codexsrl.com\/de\/\"},{\"@type\":\"ListItem\",\"position\":2,\"name\":\"Gesamtkatalog\",\"item\":\"https:\/\/www.codexsrl.com\/de\/gesamtkatalog\/\"},{\"@type\":\"ListItem\",\"position\":3,\"name\":\"Quadrio SBR-Gummigranulat-Bodenbelag\"}]},{\"@type\":\"WebSite\",\"@id\":\"https:\/\/www.codexsrl.com\/de\/#website\",\"url\":\"https:\/\/www.codexsrl.com\/de\/\",\"name\":\"Codex srl\",\"description\":\"Sch\u00fctzt und dekoriert\",\"publisher\":{\"@id\":\"https:\/\/www.codexsrl.com\/de\/#organization\"},\"alternateName\":\"Codex Protezioni Antitrauma e Pavimentazioni\",\"potentialAction\":[{\"@type\":\"SearchAction\",\"target\":{\"@type\":\"EntryPoint\",\"urlTemplate\":\"https:\/\/www.codexsrl.com\/de\/?s={search_term_string}\"},\"query-input\":\"required name=search_term_string\"}],\"inLanguage\":\"de\"},{\"@type\":\"Organization\",\"@id\":\"https:\/\/www.codexsrl.com\/de\/#organization\",\"name\":\"Codex srl\",\"alternateName\":\"Codex Protezioni Antitrauma e Pavimentazioni\",\"url\":\"https:\/\/www.codexsrl.com\/de\/\",\"logo\":{\"@type\":\"ImageObject\",\"inLanguage\":\"de\",\"@id\":\"https:\/\/www.codexsrl.com\/de\/#\/schema\/logo\/image\/\",\"url\":\"https:\/\/www.codexsrl.com\/wp-content\/uploads\/2024\/01\/logo-Codex.webp\",\"contentUrl\":\"https:\/\/www.codexsrl.com\/wp-content\/uploads\/2024\/01\/logo-Codex.webp\",\"width\":527,\"height\":143,\"caption\":\"Codex srl\"},\"image\":{\"@id\":\"https:\/\/www.codexsrl.com\/de\/#\/schema\/logo\/image\/\"},\"sameAs\":[\"https:\/\/www.facebook.com\/codexsicurezza\",\"https:\/\/www.instagram.com\/codexsrl\/\",\"https:\/\/www.linkedin.com\/company\/codexsrl\/\"]}]}<\/script>\n<!-- \/ Yoast SEO plugin. -->","yoast_head_json":{"title":"Quadrio, Bodenbelag aus Gummigranulat f\u00fcr den Au\u00dfenbereich | Codex srl","description":"Quadrio ist ein Bodenbelag aus SBR-Gummigranulat f\u00fcr den Au\u00dfenbereich, der aus selbstsichernden, selbstverlegenden und vollst\u00e4ndig entw\u00e4ssernden Platten besteht.","robots":{"index":"index","follow":"follow","max-snippet":"max-snippet:-1","max-image-preview":"max-image-preview:large","max-video-preview":"max-video-preview:-1"},"canonical":"https:\/\/www.codexsrl.com\/de\/produkt\/quadrio-sbr-gummigranulat-bodenbelag\/","og_locale":"de_DE","og_type":"article","og_title":"Quadrio, Bodenbelag aus Gummigranulat f\u00fcr den Au\u00dfenbereich | Codex srl","og_description":"Quadrio ist ein Bodenbelag aus SBR-Gummigranulat f\u00fcr den Au\u00dfenbereich, der aus selbstsichernden, selbstverlegenden und vollst\u00e4ndig entw\u00e4ssernden Platten besteht.","og_url":"https:\/\/www.codexsrl.com\/de\/produkt\/quadrio-sbr-gummigranulat-bodenbelag\/","og_site_name":"Codex srl","article_publisher":"https:\/\/www.facebook.com\/codexsicurezza","article_modified_time":"2024-03-13T11:01:21+00:00","og_image":[{"width":500,"height":500,"url":"https:\/\/www.codexsrl.com\/wp-content\/uploads\/2016\/06\/pavimentazione-antitrauma-gomma-sbr_codexsrl.jpg","type":"image\/jpeg"}],"twitter_card":"summary_large_image","schema":{"@context":"https:\/\/schema.org","@graph":[{"@type":"WebPage","@id":"https:\/\/www.codexsrl.com\/de\/produkt\/quadrio-sbr-gummigranulat-bodenbelag\/","url":"https:\/\/www.codexsrl.com\/de\/produkt\/quadrio-sbr-gummigranulat-bodenbelag\/","name":"Quadrio, Bodenbelag aus Gummigranulat f\u00fcr den Au\u00dfenbereich | Codex srl","isPartOf":{"@id":"https:\/\/www.codexsrl.com\/de\/#website"},"primaryImageOfPage":{"@id":"https:\/\/www.codexsrl.com\/de\/produkt\/quadrio-sbr-gummigranulat-bodenbelag\/#primaryimage"},"image":{"@id":"https:\/\/www.codexsrl.com\/de\/produkt\/quadrio-sbr-gummigranulat-bodenbelag\/#primaryimage"},"thumbnailUrl":"https:\/\/www.codexsrl.com\/wp-content\/uploads\/2016\/06\/pavimentazione-antitrauma-gomma-sbr_codexsrl.jpg","datePublished":"2016-06-03T16:27:17+00:00","dateModified":"2024-03-13T11:01:21+00:00","description":"Quadrio ist ein Bodenbelag aus SBR-Gummigranulat f\u00fcr den Au\u00dfenbereich, der aus selbstsichernden, selbstverlegenden und vollst\u00e4ndig entw\u00e4ssernden Platten besteht.","breadcrumb":{"@id":"https:\/\/www.codexsrl.com\/de\/produkt\/quadrio-sbr-gummigranulat-bodenbelag\/#breadcrumb"},"inLanguage":"de","potentialAction":[{"@type":"ReadAction","target":["https:\/\/www.codexsrl.com\/de\/produkt\/quadrio-sbr-gummigranulat-bodenbelag\/"]}]},{"@type":"ImageObject","inLanguage":"de","@id":"https:\/\/www.codexsrl.com\/de\/produkt\/quadrio-sbr-gummigranulat-bodenbelag\/#primaryimage","url":"https:\/\/www.codexsrl.com\/wp-content\/uploads\/2016\/06\/pavimentazione-antitrauma-gomma-sbr_codexsrl.jpg","contentUrl":"https:\/\/www.codexsrl.com\/wp-content\/uploads\/2016\/06\/pavimentazione-antitrauma-gomma-sbr_codexsrl.jpg","width":500,"height":500,"caption":"Bodenbel\u00e4ge aus Gummigranulat, Bodenbel\u00e4ge aus Gummigranulat"},{"@type":"BreadcrumbList","@id":"https:\/\/www.codexsrl.com\/de\/produkt\/quadrio-sbr-gummigranulat-bodenbelag\/#breadcrumb","itemListElement":[{"@type":"ListItem","position":1,"name":"Home","item":"https:\/\/www.codexsrl.com\/de\/"},{"@type":"ListItem","position":2,"name":"Gesamtkatalog","item":"https:\/\/www.codexsrl.com\/de\/gesamtkatalog\/"},{"@type":"ListItem","position":3,"name":"Quadrio SBR-Gummigranulat-Bodenbelag"}]},{"@type":"WebSite","@id":"https:\/\/www.codexsrl.com\/de\/#website","url":"https:\/\/www.codexsrl.com\/de\/","name":"Codex srl","description":"Sch\u00fctzt und dekoriert","publisher":{"@id":"https:\/\/www.codexsrl.com\/de\/#organization"},"alternateName":"Codex Protezioni Antitrauma e Pavimentazioni","potentialAction":[{"@type":"SearchAction","target":{"@type":"EntryPoint","urlTemplate":"https:\/\/www.codexsrl.com\/de\/?s={search_term_string}"},"query-input":"required name=search_term_string"}],"inLanguage":"de"},{"@type":"Organization","@id":"https:\/\/www.codexsrl.com\/de\/#organization","name":"Codex srl","alternateName":"Codex Protezioni Antitrauma e Pavimentazioni","url":"https:\/\/www.codexsrl.com\/de\/","logo":{"@type":"ImageObject","inLanguage":"de","@id":"https:\/\/www.codexsrl.com\/de\/#\/schema\/logo\/image\/","url":"https:\/\/www.codexsrl.com\/wp-content\/uploads\/2024\/01\/logo-Codex.webp","contentUrl":"https:\/\/www.codexsrl.com\/wp-content\/uploads\/2024\/01\/logo-Codex.webp","width":527,"height":143,"caption":"Codex srl"},"image":{"@id":"https:\/\/www.codexsrl.com\/de\/#\/schema\/logo\/image\/"},"sameAs":["https:\/\/www.facebook.com\/codexsicurezza","https:\/\/www.instagram.com\/codexsrl\/","https:\/\/www.linkedin.com\/company\/codexsrl\/"]}]}},"_links":{"self":[{"href":"https:\/\/www.codexsrl.com\/de\/wp-json\/wp\/v2\/product\/9917"}],"collection":[{"href":"https:\/\/www.codexsrl.com\/de\/wp-json\/wp\/v2\/product"}],"about":[{"href":"https:\/\/www.codexsrl.com\/de\/wp-json\/wp\/v2\/types\/product"}],"wp:featuredmedia":[{"embeddable":true,"href":"https:\/\/www.codexsrl.com\/de\/wp-json\/wp\/v2\/media\/8711"}],"wp:attachment":[{"href":"https:\/\/www.codexsrl.com\/de\/wp-json\/wp\/v2\/media?parent=9917"}],"wp:term":[{"taxonomy":"product_cat","embeddable":true,"href":"https:\/\/www.codexsrl.com\/de\/wp-json\/wp\/v2\/product_cat?post=9917"},{"taxonomy":"product_tag","embeddable":true,"href":"https:\/\/www.codexsrl.com\/de\/wp-json\/wp\/v2\/product_tag?post=9917"}],"curies":[{"name":"wp","href":"https:\/\/api.w.org\/{rel}","templated":true}]}}