{"id":9933,"date":"2016-06-03T18:53:39","date_gmt":"2016-06-03T16:53:39","guid":{"rendered":"http:\/\/codexsrl.com.94-76-252-100.web-agency-padova.it\/catalogo\/unkategorisiert\/hot-dog-corner-wachen\/"},"modified":"2024-03-18T16:02:08","modified_gmt":"2024-03-18T15:02:08","slug":"hot-dog-corner-wachen","status":"publish","type":"product","link":"https:\/\/www.codexsrl.com\/de\/produkt\/hot-dog-corner-wachen\/","title":{"rendered":"Hot Dog Corner Wachen"},"content":{"rendered":"","protected":false},"excerpt":{"rendered":"<div class=\"std\">\n<h3><strong>Ideale Kantenschoner f\u00fcr den Schutz von Kindern<\/strong><\/h3>\n<p>Die abgerundete, \u00e4sthetisch ansprechende Oberfl\u00e4che und die unauff\u00e4llige Standfl\u00e4che (nur 3 cm) machen Hot Dog-Eckensch\u00fctzer zu einer echten Alternative zu herk\u00f6mmlichen <span style=\"color: #ff6600;\"><a style=\"color: #ff6600;\" href=\"https:\/\/www.codexsrl.com\/catalogo\/protezioni-antitrauma\/paraspigoli-morbidi-tradizionali\/\" target=\"_blank\" rel=\"noopener\">L-f\u00f6rmigen Ecken<\/a><\/span>. Dieses Produkt soll <strong>Personen<\/strong> (insbesondere Kinder) vor unbeabsichtigten St\u00f6\u00dfen gegen gef\u00e4hrliche Kanten und Vorspr\u00fcnge <strong>sch\u00fctzen<\/strong>.<\/p>\n<p>Unsere <strong>weichen Kantensch\u00fctzer<\/strong> sind wirksam als: Blechschutz, Kantenschutz, Profilschutz, Kantenschutz, Regalschutz, Glastischschutz. Besonders geeignet <strong>f\u00fcr den Innen- und Au\u00dfenbereich<\/strong>: Wohnungen, Sportanlagen, Turnhallen, G\u00e4rten, Industrie, Schulen und Unterk\u00fcnfte.<\/p>\n<p>Die Weichheit des Materials verleiht den Ecksch\u00fctzern eine<strong>hervorragende Sto\u00dfd\u00e4mpfung <\/strong>. Au\u00dferdem sind sie abweisend gegen\u00fcber allen Substanzen, schimmelresistent und antibakteriell.<\/p>\n<p>Hot Dog-Eckensch\u00fctzer sind in <strong>ungiftiger oder flammhemmender Ausf\u00fchrung<\/strong> erh\u00e4ltlich,<strong> entweder<\/strong> mit<strong> V- oder U-f\u00f6rmigem Innenprofil<\/strong>.<\/p>\n<h5><a href=\"https:\/\/www.codex-shop.com\/prodotto\/paraspigoli-hot-dog-v\/\" target=\"_blank\" rel=\"noopener\"><strong><span style=\"color: #ff6600;\">Online kaufen \u00bb<\/span><\/strong><\/a><\/h5>\n<\/div>\n","protected":false},"featured_media":7881,"template":"","meta":[],"product_cat":[312,488],"product_tag":[],"yoast_head":"<!-- This site is optimized with the Yoast SEO plugin v22.3 - https:\/\/yoast.com\/wordpress\/plugins\/seo\/ -->\n<title>Weiche Ecken und Sto\u00dfstangen f\u00fcr Hot Dogs | Codex srl<\/title>\n<meta name=\"description\" content=\"Kindereckenschoner ideal zum Schutz von Kanten, Blechen, Profilen, Glasb\u00f6den und Tischen. Der ma\u00dfgeschneiderte interne V- oder U-Schnitt.\" \/>\n<meta name=\"robots\" content=\"index, follow, max-snippet:-1, max-image-preview:large, max-video-preview:-1\" \/>\n<link rel=\"canonical\" href=\"https:\/\/www.codexsrl.com\/de\/produkt\/hot-dog-corner-wachen\/\" \/>\n<meta property=\"og:locale\" content=\"de_DE\" \/>\n<meta property=\"og:type\" content=\"article\" \/>\n<meta property=\"og:title\" content=\"Weiche Ecken und Sto\u00dfstangen f\u00fcr Hot Dogs | Codex srl\" \/>\n<meta property=\"og:description\" content=\"Kindereckenschoner ideal zum Schutz von Kanten, Blechen, Profilen, Glasb\u00f6den und Tischen. Der ma\u00dfgeschneiderte interne V- oder U-Schnitt.\" \/>\n<meta property=\"og:url\" content=\"https:\/\/www.codexsrl.com\/de\/produkt\/hot-dog-corner-wachen\/\" \/>\n<meta property=\"og:site_name\" content=\"Codex srl\" \/>\n<meta property=\"article:publisher\" content=\"https:\/\/www.facebook.com\/codexsicurezza\" \/>\n<meta property=\"article:modified_time\" content=\"2024-03-18T15:02:08+00:00\" \/>\n<meta property=\"og:image\" content=\"https:\/\/www.codexsrl.com\/wp-content\/uploads\/2016\/06\/paraspigoli-angolari.jpg\" \/>\n\t<meta property=\"og:image:width\" content=\"900\" \/>\n\t<meta property=\"og:image:height\" content=\"675\" \/>\n\t<meta property=\"og:image:type\" content=\"image\/jpeg\" \/>\n<meta name=\"twitter:card\" content=\"summary_large_image\" \/>\n<script type=\"application\/ld+json\" class=\"yoast-schema-graph\">{\"@context\":\"https:\/\/schema.org\",\"@graph\":[{\"@type\":\"WebPage\",\"@id\":\"https:\/\/www.codexsrl.com\/de\/produkt\/hot-dog-corner-wachen\/\",\"url\":\"https:\/\/www.codexsrl.com\/de\/produkt\/hot-dog-corner-wachen\/\",\"name\":\"Weiche Ecken und Sto\u00dfstangen f\u00fcr Hot Dogs | Codex srl\",\"isPartOf\":{\"@id\":\"https:\/\/www.codexsrl.com\/de\/#website\"},\"primaryImageOfPage\":{\"@id\":\"https:\/\/www.codexsrl.com\/de\/produkt\/hot-dog-corner-wachen\/#primaryimage\"},\"image\":{\"@id\":\"https:\/\/www.codexsrl.com\/de\/produkt\/hot-dog-corner-wachen\/#primaryimage\"},\"thumbnailUrl\":\"https:\/\/www.codexsrl.com\/wp-content\/uploads\/2016\/06\/paraspigoli-angolari.jpg\",\"datePublished\":\"2016-06-03T16:53:39+00:00\",\"dateModified\":\"2024-03-18T15:02:08+00:00\",\"description\":\"Kindereckenschoner ideal zum Schutz von Kanten, Blechen, Profilen, Glasb\u00f6den und Tischen. Der ma\u00dfgeschneiderte interne V- oder U-Schnitt.\",\"breadcrumb\":{\"@id\":\"https:\/\/www.codexsrl.com\/de\/produkt\/hot-dog-corner-wachen\/#breadcrumb\"},\"inLanguage\":\"de\",\"potentialAction\":[{\"@type\":\"ReadAction\",\"target\":[\"https:\/\/www.codexsrl.com\/de\/produkt\/hot-dog-corner-wachen\/\"]}]},{\"@type\":\"ImageObject\",\"inLanguage\":\"de\",\"@id\":\"https:\/\/www.codexsrl.com\/de\/produkt\/hot-dog-corner-wachen\/#primaryimage\",\"url\":\"https:\/\/www.codexsrl.com\/wp-content\/uploads\/2016\/06\/paraspigoli-angolari.jpg\",\"contentUrl\":\"https:\/\/www.codexsrl.com\/wp-content\/uploads\/2016\/06\/paraspigoli-angolari.jpg\",\"width\":900,\"height\":675,\"caption\":\"Kinder-Eckenschoner aus Gummi (EVA), ungiftig oder feuerfest.\"},{\"@type\":\"BreadcrumbList\",\"@id\":\"https:\/\/www.codexsrl.com\/de\/produkt\/hot-dog-corner-wachen\/#breadcrumb\",\"itemListElement\":[{\"@type\":\"ListItem\",\"position\":1,\"name\":\"Home\",\"item\":\"https:\/\/www.codexsrl.com\/de\/\"},{\"@type\":\"ListItem\",\"position\":2,\"name\":\"Gesamtkatalog\",\"item\":\"https:\/\/www.codexsrl.com\/de\/gesamtkatalog\/\"},{\"@type\":\"ListItem\",\"position\":3,\"name\":\"Hot Dog Corner Wachen\"}]},{\"@type\":\"WebSite\",\"@id\":\"https:\/\/www.codexsrl.com\/de\/#website\",\"url\":\"https:\/\/www.codexsrl.com\/de\/\",\"name\":\"Codex srl\",\"description\":\"Sch\u00fctzt und dekoriert\",\"publisher\":{\"@id\":\"https:\/\/www.codexsrl.com\/de\/#organization\"},\"alternateName\":\"Codex Protezioni Antitrauma e Pavimentazioni\",\"potentialAction\":[{\"@type\":\"SearchAction\",\"target\":{\"@type\":\"EntryPoint\",\"urlTemplate\":\"https:\/\/www.codexsrl.com\/de\/?s={search_term_string}\"},\"query-input\":\"required name=search_term_string\"}],\"inLanguage\":\"de\"},{\"@type\":\"Organization\",\"@id\":\"https:\/\/www.codexsrl.com\/de\/#organization\",\"name\":\"Codex srl\",\"alternateName\":\"Codex Protezioni Antitrauma e Pavimentazioni\",\"url\":\"https:\/\/www.codexsrl.com\/de\/\",\"logo\":{\"@type\":\"ImageObject\",\"inLanguage\":\"de\",\"@id\":\"https:\/\/www.codexsrl.com\/de\/#\/schema\/logo\/image\/\",\"url\":\"https:\/\/www.codexsrl.com\/wp-content\/uploads\/2024\/01\/logo-Codex.webp\",\"contentUrl\":\"https:\/\/www.codexsrl.com\/wp-content\/uploads\/2024\/01\/logo-Codex.webp\",\"width\":527,\"height\":143,\"caption\":\"Codex srl\"},\"image\":{\"@id\":\"https:\/\/www.codexsrl.com\/de\/#\/schema\/logo\/image\/\"},\"sameAs\":[\"https:\/\/www.facebook.com\/codexsicurezza\",\"https:\/\/www.instagram.com\/codexsrl\/\",\"https:\/\/www.linkedin.com\/company\/codexsrl\/\"]}]}<\/script>\n<!-- \/ Yoast SEO plugin. -->","yoast_head_json":{"title":"Weiche Ecken und Sto\u00dfstangen f\u00fcr Hot Dogs | Codex srl","description":"Kindereckenschoner ideal zum Schutz von Kanten, Blechen, Profilen, Glasb\u00f6den und Tischen. Der ma\u00dfgeschneiderte interne V- oder U-Schnitt.","robots":{"index":"index","follow":"follow","max-snippet":"max-snippet:-1","max-image-preview":"max-image-preview:large","max-video-preview":"max-video-preview:-1"},"canonical":"https:\/\/www.codexsrl.com\/de\/produkt\/hot-dog-corner-wachen\/","og_locale":"de_DE","og_type":"article","og_title":"Weiche Ecken und Sto\u00dfstangen f\u00fcr Hot Dogs | Codex srl","og_description":"Kindereckenschoner ideal zum Schutz von Kanten, Blechen, Profilen, Glasb\u00f6den und Tischen. Der ma\u00dfgeschneiderte interne V- oder U-Schnitt.","og_url":"https:\/\/www.codexsrl.com\/de\/produkt\/hot-dog-corner-wachen\/","og_site_name":"Codex srl","article_publisher":"https:\/\/www.facebook.com\/codexsicurezza","article_modified_time":"2024-03-18T15:02:08+00:00","og_image":[{"width":900,"height":675,"url":"https:\/\/www.codexsrl.com\/wp-content\/uploads\/2016\/06\/paraspigoli-angolari.jpg","type":"image\/jpeg"}],"twitter_card":"summary_large_image","schema":{"@context":"https:\/\/schema.org","@graph":[{"@type":"WebPage","@id":"https:\/\/www.codexsrl.com\/de\/produkt\/hot-dog-corner-wachen\/","url":"https:\/\/www.codexsrl.com\/de\/produkt\/hot-dog-corner-wachen\/","name":"Weiche Ecken und Sto\u00dfstangen f\u00fcr Hot Dogs | Codex srl","isPartOf":{"@id":"https:\/\/www.codexsrl.com\/de\/#website"},"primaryImageOfPage":{"@id":"https:\/\/www.codexsrl.com\/de\/produkt\/hot-dog-corner-wachen\/#primaryimage"},"image":{"@id":"https:\/\/www.codexsrl.com\/de\/produkt\/hot-dog-corner-wachen\/#primaryimage"},"thumbnailUrl":"https:\/\/www.codexsrl.com\/wp-content\/uploads\/2016\/06\/paraspigoli-angolari.jpg","datePublished":"2016-06-03T16:53:39+00:00","dateModified":"2024-03-18T15:02:08+00:00","description":"Kindereckenschoner ideal zum Schutz von Kanten, Blechen, Profilen, Glasb\u00f6den und Tischen. Der ma\u00dfgeschneiderte interne V- oder U-Schnitt.","breadcrumb":{"@id":"https:\/\/www.codexsrl.com\/de\/produkt\/hot-dog-corner-wachen\/#breadcrumb"},"inLanguage":"de","potentialAction":[{"@type":"ReadAction","target":["https:\/\/www.codexsrl.com\/de\/produkt\/hot-dog-corner-wachen\/"]}]},{"@type":"ImageObject","inLanguage":"de","@id":"https:\/\/www.codexsrl.com\/de\/produkt\/hot-dog-corner-wachen\/#primaryimage","url":"https:\/\/www.codexsrl.com\/wp-content\/uploads\/2016\/06\/paraspigoli-angolari.jpg","contentUrl":"https:\/\/www.codexsrl.com\/wp-content\/uploads\/2016\/06\/paraspigoli-angolari.jpg","width":900,"height":675,"caption":"Kinder-Eckenschoner aus Gummi (EVA), ungiftig oder feuerfest."},{"@type":"BreadcrumbList","@id":"https:\/\/www.codexsrl.com\/de\/produkt\/hot-dog-corner-wachen\/#breadcrumb","itemListElement":[{"@type":"ListItem","position":1,"name":"Home","item":"https:\/\/www.codexsrl.com\/de\/"},{"@type":"ListItem","position":2,"name":"Gesamtkatalog","item":"https:\/\/www.codexsrl.com\/de\/gesamtkatalog\/"},{"@type":"ListItem","position":3,"name":"Hot Dog Corner Wachen"}]},{"@type":"WebSite","@id":"https:\/\/www.codexsrl.com\/de\/#website","url":"https:\/\/www.codexsrl.com\/de\/","name":"Codex srl","description":"Sch\u00fctzt und dekoriert","publisher":{"@id":"https:\/\/www.codexsrl.com\/de\/#organization"},"alternateName":"Codex Protezioni Antitrauma e Pavimentazioni","potentialAction":[{"@type":"SearchAction","target":{"@type":"EntryPoint","urlTemplate":"https:\/\/www.codexsrl.com\/de\/?s={search_term_string}"},"query-input":"required name=search_term_string"}],"inLanguage":"de"},{"@type":"Organization","@id":"https:\/\/www.codexsrl.com\/de\/#organization","name":"Codex srl","alternateName":"Codex Protezioni Antitrauma e Pavimentazioni","url":"https:\/\/www.codexsrl.com\/de\/","logo":{"@type":"ImageObject","inLanguage":"de","@id":"https:\/\/www.codexsrl.com\/de\/#\/schema\/logo\/image\/","url":"https:\/\/www.codexsrl.com\/wp-content\/uploads\/2024\/01\/logo-Codex.webp","contentUrl":"https:\/\/www.codexsrl.com\/wp-content\/uploads\/2024\/01\/logo-Codex.webp","width":527,"height":143,"caption":"Codex srl"},"image":{"@id":"https:\/\/www.codexsrl.com\/de\/#\/schema\/logo\/image\/"},"sameAs":["https:\/\/www.facebook.com\/codexsicurezza","https:\/\/www.instagram.com\/codexsrl\/","https:\/\/www.linkedin.com\/company\/codexsrl\/"]}]}},"_links":{"self":[{"href":"https:\/\/www.codexsrl.com\/de\/wp-json\/wp\/v2\/product\/9933"}],"collection":[{"href":"https:\/\/www.codexsrl.com\/de\/wp-json\/wp\/v2\/product"}],"about":[{"href":"https:\/\/www.codexsrl.com\/de\/wp-json\/wp\/v2\/types\/product"}],"wp:featuredmedia":[{"embeddable":true,"href":"https:\/\/www.codexsrl.com\/de\/wp-json\/wp\/v2\/media\/7881"}],"wp:attachment":[{"href":"https:\/\/www.codexsrl.com\/de\/wp-json\/wp\/v2\/media?parent=9933"}],"wp:term":[{"taxonomy":"product_cat","embeddable":true,"href":"https:\/\/www.codexsrl.com\/de\/wp-json\/wp\/v2\/product_cat?post=9933"},{"taxonomy":"product_tag","embeddable":true,"href":"https:\/\/www.codexsrl.com\/de\/wp-json\/wp\/v2\/product_tag?post=9933"}],"curies":[{"name":"wp","href":"https:\/\/api.w.org\/{rel}","templated":true}]}}