{"id":9938,"date":"2016-06-03T19:01:00","date_gmt":"2016-06-03T17:01:00","guid":{"rendered":"http:\/\/codexsrl.com.94-76-252-100.web-agency-padova.it\/catalogo\/unkategorisiert\/polyshock-anti-trauma-bodenbelag\/"},"modified":"2024-03-18T16:11:21","modified_gmt":"2024-03-18T15:11:21","slug":"polyshock-anti-trauma-bodenbelag","status":"publish","type":"product","link":"https:\/\/www.codexsrl.com\/de\/produkt\/polyshock-anti-trauma-bodenbelag\/","title":{"rendered":"Polyshock &#8211; Anti-Trauma-Bodenbelag"},"content":{"rendered":"<h2>Anti-Trauma-Bodenbelag f\u00fcr den Au\u00dfeneinsatz<\/h2>\n<p>Polyshock ist ein <strong>Anti-Trauma-Bodenbelag<\/strong> aus S.B.R.-Gummigranulat (100% recycelt). Die spezielle por\u00f6se Mischung erm\u00f6glicht die Transpiration, und die Platte ist selbst nach starkem Regen <strong>vollst\u00e4ndig entw\u00e4ssert<\/strong>.<\/p>\n<p>Die innovative <strong>Schwalbenschwanzverbindung<\/strong> (patentiertes Modell) garantiert maximale Dichtheit zwischen den Fugen und eine einfache und reibungslose Verlegung auf allen Arten von Untergr\u00fcnden, auch auf unebenen (z. B. Gras- oder Sandfl\u00e4chen).<\/p>\n<p>Polyshock, gem\u00e4\u00df den Normen <strong>UNI EN 1177:2018 + AC:2019<\/strong>, ist in verschiedenen St\u00e4rken erh\u00e4ltlich, um die HIC (kritische Fallh\u00f6he) zu erf\u00fcllen, die f\u00fcr Sicherheitsbereiche auf Spielpl\u00e4tzen und Au\u00dfenanlagen erforderlich ist.<\/p>\n<div class=\"fusion-table table-1\">\n<table width=\"50%\">\n<thead>\n<tr>\n<th style=\"text-align: center;\"><strong>Dicke<\/strong><\/th>\n<th style=\"text-align: center;\"><strong>Fallh\u00f6he<\/strong><\/th>\n<\/tr>\n<\/thead>\n<tbody>\n<tr>\n<td style=\"text-align: center;\">30 mm<\/td>\n<td style=\"text-align: center;\">1,14 m<\/td>\n<\/tr>\n<tr>\n<td style=\"text-align: center;\">40 mm<\/td>\n<td style=\"text-align: center;\">1,40 m<\/td>\n<\/tr>\n<tr>\n<td style=\"text-align: center;\">50 mm<\/td>\n<td style=\"text-align: center;\">1,51 m<\/td>\n<\/tr>\n<\/tbody>\n<\/table>\n<p>&nbsp;<\/p>\n<p>Bei gr\u00f6\u00dferen Fallh\u00f6hen wird der verletzungsfreie Bodenbelag mit einer geraden Kante hergestellt, die mit Kunststoffstiften versehen ist, die eine Verriegelung der Platten untereinander erm\u00f6glichen.  <strong>Maximale Fallh\u00f6he = 3 m<\/strong><\/p>\n<p>In F\u00e4llen, in denen keine Sto\u00dfd\u00e4mpfungseigenschaften erforderlich sind (Privatgarten, Gehweg, Vorplatz usw.), empfehlen wir den Kauf des <span style=\"color: #ff6600;\"><a style=\"color: #ff6600;\" href=\"https:\/\/www.codexsrl.com\/de\/katalog\/produkte\/outdoor-sicherheitsbodenbelag\/quadrio-bodenbelag-fuer-den-aussenbereich\/\" target=\"_blank\" rel=\"noopener\">Quadrio-Gummibodenbelag<\/a><\/span>20 mm dick.<\/p>\n<\/div>\n","protected":false},"excerpt":{"rendered":"<p>Polyshock ist ein Anti-Trauma-Bodenbelag aus SBR-Gummi, der elastisch, rutschfest und selbstsichernd ist und ein hohes Sto\u00dfd\u00e4mpfungsverm\u00f6gen hat. Die Installation ist schnell und einfach, da kein Klebstoff und keine Vorbereitung erforderlich sind.<\/p>\n<p>Dieser Bodenbelag ist auch die ideale L\u00f6sung f\u00fcr gro\u00dfe R\u00e4ume, in denen Sicherheit im Falle eines Sturzes erforderlich ist, wie z. B. in einer Schule oder auf einem <strong>Spielplatz mit Spielen im Freien<\/strong> (Schaukeln, Rutschen, Burgen usw.).<\/p>\n<p>Die Dicke h\u00e4ngt von der Fallh\u00f6he ab und schwankt zwischen 30 und 50 mm. Polyshock ist ein patentiertes und gepr\u00fcftes Modell nach <strong>EN 1177:2018 + AC:2019<\/strong>.<\/p>\n","protected":false},"featured_media":9043,"template":"","meta":[],"product_cat":[348,313,314,349,317,350],"product_tag":[351],"yoast_head":"<!-- This site is optimized with the Yoast SEO plugin v22.3 - https:\/\/yoast.com\/wordpress\/plugins\/seo\/ -->\n<title>Verletzungsfreier Bodenbelag Polyshock, Spielpl\u00e4tze | Codex srl<\/title>\n<meta name=\"description\" content=\"Polyshock sind Platten f\u00fcr verletzungsfreie, elastische, rutschfeste, selbstsichernde und stark sto\u00dfd\u00e4mpfende Bodenbel\u00e4ge.\" \/>\n<meta name=\"robots\" content=\"index, follow, max-snippet:-1, max-image-preview:large, max-video-preview:-1\" \/>\n<link rel=\"canonical\" href=\"https:\/\/www.codexsrl.com\/de\/produkt\/polyshock-anti-trauma-bodenbelag\/\" \/>\n<meta property=\"og:locale\" content=\"de_DE\" \/>\n<meta property=\"og:type\" content=\"article\" \/>\n<meta property=\"og:title\" content=\"Verletzungsfreier Bodenbelag Polyshock, Spielpl\u00e4tze | Codex srl\" \/>\n<meta property=\"og:description\" content=\"Polyshock sind Platten f\u00fcr verletzungsfreie, elastische, rutschfeste, selbstsichernde und stark sto\u00dfd\u00e4mpfende Bodenbel\u00e4ge.\" \/>\n<meta property=\"og:url\" content=\"https:\/\/www.codexsrl.com\/de\/produkt\/polyshock-anti-trauma-bodenbelag\/\" \/>\n<meta property=\"og:site_name\" content=\"Codex srl\" \/>\n<meta property=\"article:publisher\" content=\"https:\/\/www.facebook.com\/codexsicurezza\" \/>\n<meta property=\"article:modified_time\" content=\"2024-03-18T15:11:21+00:00\" \/>\n<meta property=\"og:image\" content=\"https:\/\/www.codexsrl.com\/wp-content\/uploads\/2016\/06\/pavimentazione-antitrauma-altalena-parco-giochi.jpg\" \/>\n\t<meta property=\"og:image:width\" content=\"900\" \/>\n\t<meta property=\"og:image:height\" content=\"675\" \/>\n\t<meta property=\"og:image:type\" content=\"image\/jpeg\" \/>\n<meta name=\"twitter:card\" content=\"summary_large_image\" \/>\n<meta name=\"twitter:label1\" content=\"Gesch\u00e4tzte Lesezeit\" \/>\n\t<meta name=\"twitter:data1\" content=\"1\u00a0Minute\" \/>\n<script type=\"application\/ld+json\" class=\"yoast-schema-graph\">{\"@context\":\"https:\/\/schema.org\",\"@graph\":[{\"@type\":\"WebPage\",\"@id\":\"https:\/\/www.codexsrl.com\/de\/produkt\/polyshock-anti-trauma-bodenbelag\/\",\"url\":\"https:\/\/www.codexsrl.com\/de\/produkt\/polyshock-anti-trauma-bodenbelag\/\",\"name\":\"Verletzungsfreier Bodenbelag Polyshock, Spielpl\u00e4tze | Codex srl\",\"isPartOf\":{\"@id\":\"https:\/\/www.codexsrl.com\/de\/#website\"},\"primaryImageOfPage\":{\"@id\":\"https:\/\/www.codexsrl.com\/de\/produkt\/polyshock-anti-trauma-bodenbelag\/#primaryimage\"},\"image\":{\"@id\":\"https:\/\/www.codexsrl.com\/de\/produkt\/polyshock-anti-trauma-bodenbelag\/#primaryimage\"},\"thumbnailUrl\":\"https:\/\/www.codexsrl.com\/wp-content\/uploads\/2016\/06\/pavimentazione-antitrauma-altalena-parco-giochi.jpg\",\"datePublished\":\"2016-06-03T17:01:00+00:00\",\"dateModified\":\"2024-03-18T15:11:21+00:00\",\"description\":\"Polyshock sind Platten f\u00fcr verletzungsfreie, elastische, rutschfeste, selbstsichernde und stark sto\u00dfd\u00e4mpfende Bodenbel\u00e4ge.\",\"breadcrumb\":{\"@id\":\"https:\/\/www.codexsrl.com\/de\/produkt\/polyshock-anti-trauma-bodenbelag\/#breadcrumb\"},\"inLanguage\":\"de\",\"potentialAction\":[{\"@type\":\"ReadAction\",\"target\":[\"https:\/\/www.codexsrl.com\/de\/produkt\/polyshock-anti-trauma-bodenbelag\/\"]}]},{\"@type\":\"ImageObject\",\"inLanguage\":\"de\",\"@id\":\"https:\/\/www.codexsrl.com\/de\/produkt\/polyshock-anti-trauma-bodenbelag\/#primaryimage\",\"url\":\"https:\/\/www.codexsrl.com\/wp-content\/uploads\/2016\/06\/pavimentazione-antitrauma-altalena-parco-giochi.jpg\",\"contentUrl\":\"https:\/\/www.codexsrl.com\/wp-content\/uploads\/2016\/06\/pavimentazione-antitrauma-altalena-parco-giochi.jpg\",\"width\":900,\"height\":675,\"caption\":\"Sto\u00dfsicheres Pflaster f\u00fcr Spielplatz\"},{\"@type\":\"BreadcrumbList\",\"@id\":\"https:\/\/www.codexsrl.com\/de\/produkt\/polyshock-anti-trauma-bodenbelag\/#breadcrumb\",\"itemListElement\":[{\"@type\":\"ListItem\",\"position\":1,\"name\":\"Home\",\"item\":\"https:\/\/www.codexsrl.com\/de\/\"},{\"@type\":\"ListItem\",\"position\":2,\"name\":\"Gesamtkatalog\",\"item\":\"https:\/\/www.codexsrl.com\/de\/gesamtkatalog\/\"},{\"@type\":\"ListItem\",\"position\":3,\"name\":\"Polyshock &#8211; Anti-Trauma-Bodenbelag\"}]},{\"@type\":\"WebSite\",\"@id\":\"https:\/\/www.codexsrl.com\/de\/#website\",\"url\":\"https:\/\/www.codexsrl.com\/de\/\",\"name\":\"Codex srl\",\"description\":\"Sch\u00fctzt und dekoriert\",\"publisher\":{\"@id\":\"https:\/\/www.codexsrl.com\/de\/#organization\"},\"alternateName\":\"Codex Protezioni Antitrauma e Pavimentazioni\",\"potentialAction\":[{\"@type\":\"SearchAction\",\"target\":{\"@type\":\"EntryPoint\",\"urlTemplate\":\"https:\/\/www.codexsrl.com\/de\/?s={search_term_string}\"},\"query-input\":\"required name=search_term_string\"}],\"inLanguage\":\"de\"},{\"@type\":\"Organization\",\"@id\":\"https:\/\/www.codexsrl.com\/de\/#organization\",\"name\":\"Codex srl\",\"alternateName\":\"Codex Protezioni Antitrauma e Pavimentazioni\",\"url\":\"https:\/\/www.codexsrl.com\/de\/\",\"logo\":{\"@type\":\"ImageObject\",\"inLanguage\":\"de\",\"@id\":\"https:\/\/www.codexsrl.com\/de\/#\/schema\/logo\/image\/\",\"url\":\"https:\/\/www.codexsrl.com\/wp-content\/uploads\/2024\/01\/logo-Codex.webp\",\"contentUrl\":\"https:\/\/www.codexsrl.com\/wp-content\/uploads\/2024\/01\/logo-Codex.webp\",\"width\":527,\"height\":143,\"caption\":\"Codex srl\"},\"image\":{\"@id\":\"https:\/\/www.codexsrl.com\/de\/#\/schema\/logo\/image\/\"},\"sameAs\":[\"https:\/\/www.facebook.com\/codexsicurezza\",\"https:\/\/www.instagram.com\/codexsrl\/\",\"https:\/\/www.linkedin.com\/company\/codexsrl\/\"]}]}<\/script>\n<!-- \/ Yoast SEO plugin. -->","yoast_head_json":{"title":"Verletzungsfreier Bodenbelag Polyshock, Spielpl\u00e4tze | Codex srl","description":"Polyshock sind Platten f\u00fcr verletzungsfreie, elastische, rutschfeste, selbstsichernde und stark sto\u00dfd\u00e4mpfende Bodenbel\u00e4ge.","robots":{"index":"index","follow":"follow","max-snippet":"max-snippet:-1","max-image-preview":"max-image-preview:large","max-video-preview":"max-video-preview:-1"},"canonical":"https:\/\/www.codexsrl.com\/de\/produkt\/polyshock-anti-trauma-bodenbelag\/","og_locale":"de_DE","og_type":"article","og_title":"Verletzungsfreier Bodenbelag Polyshock, Spielpl\u00e4tze | Codex srl","og_description":"Polyshock sind Platten f\u00fcr verletzungsfreie, elastische, rutschfeste, selbstsichernde und stark sto\u00dfd\u00e4mpfende Bodenbel\u00e4ge.","og_url":"https:\/\/www.codexsrl.com\/de\/produkt\/polyshock-anti-trauma-bodenbelag\/","og_site_name":"Codex srl","article_publisher":"https:\/\/www.facebook.com\/codexsicurezza","article_modified_time":"2024-03-18T15:11:21+00:00","og_image":[{"width":900,"height":675,"url":"https:\/\/www.codexsrl.com\/wp-content\/uploads\/2016\/06\/pavimentazione-antitrauma-altalena-parco-giochi.jpg","type":"image\/jpeg"}],"twitter_card":"summary_large_image","twitter_misc":{"Gesch\u00e4tzte Lesezeit":"1\u00a0Minute"},"schema":{"@context":"https:\/\/schema.org","@graph":[{"@type":"WebPage","@id":"https:\/\/www.codexsrl.com\/de\/produkt\/polyshock-anti-trauma-bodenbelag\/","url":"https:\/\/www.codexsrl.com\/de\/produkt\/polyshock-anti-trauma-bodenbelag\/","name":"Verletzungsfreier Bodenbelag Polyshock, Spielpl\u00e4tze | Codex srl","isPartOf":{"@id":"https:\/\/www.codexsrl.com\/de\/#website"},"primaryImageOfPage":{"@id":"https:\/\/www.codexsrl.com\/de\/produkt\/polyshock-anti-trauma-bodenbelag\/#primaryimage"},"image":{"@id":"https:\/\/www.codexsrl.com\/de\/produkt\/polyshock-anti-trauma-bodenbelag\/#primaryimage"},"thumbnailUrl":"https:\/\/www.codexsrl.com\/wp-content\/uploads\/2016\/06\/pavimentazione-antitrauma-altalena-parco-giochi.jpg","datePublished":"2016-06-03T17:01:00+00:00","dateModified":"2024-03-18T15:11:21+00:00","description":"Polyshock sind Platten f\u00fcr verletzungsfreie, elastische, rutschfeste, selbstsichernde und stark sto\u00dfd\u00e4mpfende Bodenbel\u00e4ge.","breadcrumb":{"@id":"https:\/\/www.codexsrl.com\/de\/produkt\/polyshock-anti-trauma-bodenbelag\/#breadcrumb"},"inLanguage":"de","potentialAction":[{"@type":"ReadAction","target":["https:\/\/www.codexsrl.com\/de\/produkt\/polyshock-anti-trauma-bodenbelag\/"]}]},{"@type":"ImageObject","inLanguage":"de","@id":"https:\/\/www.codexsrl.com\/de\/produkt\/polyshock-anti-trauma-bodenbelag\/#primaryimage","url":"https:\/\/www.codexsrl.com\/wp-content\/uploads\/2016\/06\/pavimentazione-antitrauma-altalena-parco-giochi.jpg","contentUrl":"https:\/\/www.codexsrl.com\/wp-content\/uploads\/2016\/06\/pavimentazione-antitrauma-altalena-parco-giochi.jpg","width":900,"height":675,"caption":"Sto\u00dfsicheres Pflaster f\u00fcr Spielplatz"},{"@type":"BreadcrumbList","@id":"https:\/\/www.codexsrl.com\/de\/produkt\/polyshock-anti-trauma-bodenbelag\/#breadcrumb","itemListElement":[{"@type":"ListItem","position":1,"name":"Home","item":"https:\/\/www.codexsrl.com\/de\/"},{"@type":"ListItem","position":2,"name":"Gesamtkatalog","item":"https:\/\/www.codexsrl.com\/de\/gesamtkatalog\/"},{"@type":"ListItem","position":3,"name":"Polyshock &#8211; Anti-Trauma-Bodenbelag"}]},{"@type":"WebSite","@id":"https:\/\/www.codexsrl.com\/de\/#website","url":"https:\/\/www.codexsrl.com\/de\/","name":"Codex srl","description":"Sch\u00fctzt und dekoriert","publisher":{"@id":"https:\/\/www.codexsrl.com\/de\/#organization"},"alternateName":"Codex Protezioni Antitrauma e Pavimentazioni","potentialAction":[{"@type":"SearchAction","target":{"@type":"EntryPoint","urlTemplate":"https:\/\/www.codexsrl.com\/de\/?s={search_term_string}"},"query-input":"required name=search_term_string"}],"inLanguage":"de"},{"@type":"Organization","@id":"https:\/\/www.codexsrl.com\/de\/#organization","name":"Codex srl","alternateName":"Codex Protezioni Antitrauma e Pavimentazioni","url":"https:\/\/www.codexsrl.com\/de\/","logo":{"@type":"ImageObject","inLanguage":"de","@id":"https:\/\/www.codexsrl.com\/de\/#\/schema\/logo\/image\/","url":"https:\/\/www.codexsrl.com\/wp-content\/uploads\/2024\/01\/logo-Codex.webp","contentUrl":"https:\/\/www.codexsrl.com\/wp-content\/uploads\/2024\/01\/logo-Codex.webp","width":527,"height":143,"caption":"Codex srl"},"image":{"@id":"https:\/\/www.codexsrl.com\/de\/#\/schema\/logo\/image\/"},"sameAs":["https:\/\/www.facebook.com\/codexsicurezza","https:\/\/www.instagram.com\/codexsrl\/","https:\/\/www.linkedin.com\/company\/codexsrl\/"]}]}},"_links":{"self":[{"href":"https:\/\/www.codexsrl.com\/de\/wp-json\/wp\/v2\/product\/9938"}],"collection":[{"href":"https:\/\/www.codexsrl.com\/de\/wp-json\/wp\/v2\/product"}],"about":[{"href":"https:\/\/www.codexsrl.com\/de\/wp-json\/wp\/v2\/types\/product"}],"wp:featuredmedia":[{"embeddable":true,"href":"https:\/\/www.codexsrl.com\/de\/wp-json\/wp\/v2\/media\/9043"}],"wp:attachment":[{"href":"https:\/\/www.codexsrl.com\/de\/wp-json\/wp\/v2\/media?parent=9938"}],"wp:term":[{"taxonomy":"product_cat","embeddable":true,"href":"https:\/\/www.codexsrl.com\/de\/wp-json\/wp\/v2\/product_cat?post=9938"},{"taxonomy":"product_tag","embeddable":true,"href":"https:\/\/www.codexsrl.com\/de\/wp-json\/wp\/v2\/product_tag?post=9938"}],"curies":[{"name":"wp","href":"https:\/\/api.w.org\/{rel}","templated":true}]}}