{"id":9946,"date":"2016-07-05T11:47:07","date_gmt":"2016-07-05T09:47:07","guid":{"rendered":"http:\/\/codexsrl.com.94-76-252-100.web-agency-padova.it\/catalogo\/unkategorisiert\/happytermo-kuehlerabdeckung\/"},"modified":"2024-03-13T12:01:43","modified_gmt":"2024-03-13T11:01:43","slug":"happytermo-kuehlerabdeckung","status":"publish","type":"product","link":"https:\/\/www.codexsrl.com\/de\/produkt\/happytermo-kuehlerabdeckung\/","title":{"rendered":"Happytermo K\u00fchlerabdeckung"},"content":{"rendered":"<h2 style=\"font-size: 20px;\">Abdeckungen f\u00fcr Schulen und Kinderg\u00e4rten<\/h2>\n<p>Happytermo <strong>Heizk\u00f6rperverkleidungen<\/strong> sind Sicherheitsverkleidungen f\u00fcr Heizk\u00f6rper, die auf dem <span style=\"color: #ff6600;\"><br \/>\n  <a style=\"color: #ff6600;\" href=\"https:\/\/www.codexsrl.com\/de\/katalog\/produkte\/prallschutzmatten\/eurotermo-kuehlerabdeckung\/\">Eurotermo<\/a><br \/>\n<\/span> aber mit dem Zusatz von niedlichen kleinen Formen aus ungiftigem E.V.A. Ideal, um die Sicherheit in Kinderg\u00e4rten zu gew\u00e4hrleisten und eine kinderfreundliche Umgebung zu schaffen.<\/p>\n<p>Unsere Heizk\u00f6rperverkleidungen werden nach Ma\u00df gefertigt, wobei wir gemeinsam mit dem Kunden die beste L\u00f6sung erarbeiten. Sie sind aus <strong>ungiftigem, feuerfestem, sto\u00dffestem und splitterfreiem Kunststoffrohr der Klasse 1<\/strong> hergestellt.<br \/>\nIm Gegensatz zu anderen handels\u00fcblichen K\u00fchlerabdeckungen halten unsere Kunststoffrohre auch dem Hammertest stand: Sie verformen sich, brechen aber nicht.<\/p>\n","protected":false},"excerpt":{"rendered":"<div class=\"std\">\n<p>Das Modell Happytermo ist ein <strong>Sicherheitsschutz f\u00fcr Heizk\u00f6rper<\/strong> aus ungiftigem, sto\u00dffestem Kunststoffrohr mit Eurotermo-Basis, der durch farbige Polymat-Formen erg\u00e4nzt wird, so dass er nach Belieben gestaltet werden kann.<\/p>\n<p>Der Bildschirmschutz eignet sich besonders f\u00fcr den Einsatz in Schulen.<\/p>\n<p>Unsere Heizk\u00f6rperverkleidungen werden nach Ma\u00df gefertigt und bereits montiert geliefert. Sie k\u00f6nnen mit Hilfe von Halterungen, die nur von Erwachsenen ge\u00f6ffnet werden k\u00f6nnen, einfach an der Wand befestigt werden. Erh\u00e4ltlich in verschiedenen Modellen.<br \/>\nDas Produkt wurde konform hergestellt:<br \/>\n&#8211; nach der Norm UNI 10809:1999 3.3 Unl\u00f6sbarkeit &#8211; 3.2 Skalierbarkeit &#8211; 3.4 Handlauf-Unl\u00f6sbarkeit, 4. Mechanische Leistung<br \/>\n&#8211; nach UNI 9177 Brandverhaltensklasse<\/p>\n<\/div>\n","protected":false},"featured_media":8573,"template":"","meta":[],"product_cat":[356],"product_tag":[357],"yoast_head":"<!-- This site is optimized with the Yoast SEO plugin v22.3 - https:\/\/yoast.com\/wordpress\/plugins\/seo\/ -->\n<title>Happytermo Bildschirmschutz f\u00fcr Schulen und Kinderg\u00e4rten | Codex srl<\/title>\n<meta name=\"description\" content=\"Sichtschutz f\u00fcr Schulen und Kinderg\u00e4rten, patentiert und aus zertifizierten Materialien hergestellt. Ma\u00dfgeschneiderte K\u00fchlerabdeckungen aus ungiftigem, schlagfestem Kunststoffrohr.\" \/>\n<meta name=\"robots\" content=\"index, follow, max-snippet:-1, max-image-preview:large, max-video-preview:-1\" \/>\n<link rel=\"canonical\" href=\"https:\/\/www.codexsrl.com\/de\/produkt\/happytermo-kuehlerabdeckung\/\" \/>\n<meta property=\"og:locale\" content=\"de_DE\" \/>\n<meta property=\"og:type\" content=\"article\" \/>\n<meta property=\"og:title\" content=\"Happytermo Bildschirmschutz f\u00fcr Schulen und Kinderg\u00e4rten | Codex srl\" \/>\n<meta property=\"og:description\" content=\"Sichtschutz f\u00fcr Schulen und Kinderg\u00e4rten, patentiert und aus zertifizierten Materialien hergestellt. Ma\u00dfgeschneiderte K\u00fchlerabdeckungen aus ungiftigem, schlagfestem Kunststoffrohr.\" \/>\n<meta property=\"og:url\" content=\"https:\/\/www.codexsrl.com\/de\/produkt\/happytermo-kuehlerabdeckung\/\" \/>\n<meta property=\"og:site_name\" content=\"Codex srl\" \/>\n<meta property=\"article:publisher\" content=\"https:\/\/www.facebook.com\/codexsicurezza\" \/>\n<meta property=\"article:modified_time\" content=\"2024-03-13T11:01:43+00:00\" \/>\n<meta property=\"og:image\" content=\"https:\/\/www.codexsrl.com\/wp-content\/uploads\/2016\/07\/copritermo-happytermo_codexsrl.jpg\" \/>\n\t<meta property=\"og:image:width\" content=\"675\" \/>\n\t<meta property=\"og:image:height\" content=\"899\" \/>\n\t<meta property=\"og:image:type\" content=\"image\/jpeg\" \/>\n<meta name=\"twitter:card\" content=\"summary_large_image\" \/>\n<meta name=\"twitter:label1\" content=\"Gesch\u00e4tzte Lesezeit\" \/>\n\t<meta name=\"twitter:data1\" content=\"1\u00a0Minute\" \/>\n<script type=\"application\/ld+json\" class=\"yoast-schema-graph\">{\"@context\":\"https:\/\/schema.org\",\"@graph\":[{\"@type\":\"WebPage\",\"@id\":\"https:\/\/www.codexsrl.com\/de\/produkt\/happytermo-kuehlerabdeckung\/\",\"url\":\"https:\/\/www.codexsrl.com\/de\/produkt\/happytermo-kuehlerabdeckung\/\",\"name\":\"Happytermo Bildschirmschutz f\u00fcr Schulen und Kinderg\u00e4rten | Codex srl\",\"isPartOf\":{\"@id\":\"https:\/\/www.codexsrl.com\/de\/#website\"},\"primaryImageOfPage\":{\"@id\":\"https:\/\/www.codexsrl.com\/de\/produkt\/happytermo-kuehlerabdeckung\/#primaryimage\"},\"image\":{\"@id\":\"https:\/\/www.codexsrl.com\/de\/produkt\/happytermo-kuehlerabdeckung\/#primaryimage\"},\"thumbnailUrl\":\"https:\/\/www.codexsrl.com\/wp-content\/uploads\/2016\/07\/copritermo-happytermo_codexsrl.jpg\",\"datePublished\":\"2016-07-05T09:47:07+00:00\",\"dateModified\":\"2024-03-13T11:01:43+00:00\",\"description\":\"Sichtschutz f\u00fcr Schulen und Kinderg\u00e4rten, patentiert und aus zertifizierten Materialien hergestellt. Ma\u00dfgeschneiderte K\u00fchlerabdeckungen aus ungiftigem, schlagfestem Kunststoffrohr.\",\"breadcrumb\":{\"@id\":\"https:\/\/www.codexsrl.com\/de\/produkt\/happytermo-kuehlerabdeckung\/#breadcrumb\"},\"inLanguage\":\"de\",\"potentialAction\":[{\"@type\":\"ReadAction\",\"target\":[\"https:\/\/www.codexsrl.com\/de\/produkt\/happytermo-kuehlerabdeckung\/\"]}]},{\"@type\":\"ImageObject\",\"inLanguage\":\"de\",\"@id\":\"https:\/\/www.codexsrl.com\/de\/produkt\/happytermo-kuehlerabdeckung\/#primaryimage\",\"url\":\"https:\/\/www.codexsrl.com\/wp-content\/uploads\/2016\/07\/copritermo-happytermo_codexsrl.jpg\",\"contentUrl\":\"https:\/\/www.codexsrl.com\/wp-content\/uploads\/2016\/07\/copritermo-happytermo_codexsrl.jpg\",\"width\":675,\"height\":899,\"caption\":\"K\u00fchlerabdeckungen, K\u00fchlerabdeckungen\"},{\"@type\":\"BreadcrumbList\",\"@id\":\"https:\/\/www.codexsrl.com\/de\/produkt\/happytermo-kuehlerabdeckung\/#breadcrumb\",\"itemListElement\":[{\"@type\":\"ListItem\",\"position\":1,\"name\":\"Home\",\"item\":\"https:\/\/www.codexsrl.com\/de\/\"},{\"@type\":\"ListItem\",\"position\":2,\"name\":\"Gesamtkatalog\",\"item\":\"https:\/\/www.codexsrl.com\/de\/gesamtkatalog\/\"},{\"@type\":\"ListItem\",\"position\":3,\"name\":\"Happytermo K\u00fchlerabdeckung\"}]},{\"@type\":\"WebSite\",\"@id\":\"https:\/\/www.codexsrl.com\/de\/#website\",\"url\":\"https:\/\/www.codexsrl.com\/de\/\",\"name\":\"Codex srl\",\"description\":\"Sch\u00fctzt und dekoriert\",\"publisher\":{\"@id\":\"https:\/\/www.codexsrl.com\/de\/#organization\"},\"alternateName\":\"Codex Protezioni Antitrauma e Pavimentazioni\",\"potentialAction\":[{\"@type\":\"SearchAction\",\"target\":{\"@type\":\"EntryPoint\",\"urlTemplate\":\"https:\/\/www.codexsrl.com\/de\/?s={search_term_string}\"},\"query-input\":\"required name=search_term_string\"}],\"inLanguage\":\"de\"},{\"@type\":\"Organization\",\"@id\":\"https:\/\/www.codexsrl.com\/de\/#organization\",\"name\":\"Codex srl\",\"alternateName\":\"Codex Protezioni Antitrauma e Pavimentazioni\",\"url\":\"https:\/\/www.codexsrl.com\/de\/\",\"logo\":{\"@type\":\"ImageObject\",\"inLanguage\":\"de\",\"@id\":\"https:\/\/www.codexsrl.com\/de\/#\/schema\/logo\/image\/\",\"url\":\"https:\/\/www.codexsrl.com\/wp-content\/uploads\/2024\/01\/logo-Codex.webp\",\"contentUrl\":\"https:\/\/www.codexsrl.com\/wp-content\/uploads\/2024\/01\/logo-Codex.webp\",\"width\":527,\"height\":143,\"caption\":\"Codex srl\"},\"image\":{\"@id\":\"https:\/\/www.codexsrl.com\/de\/#\/schema\/logo\/image\/\"},\"sameAs\":[\"https:\/\/www.facebook.com\/codexsicurezza\",\"https:\/\/www.instagram.com\/codexsrl\/\",\"https:\/\/www.linkedin.com\/company\/codexsrl\/\"]}]}<\/script>\n<!-- \/ Yoast SEO plugin. -->","yoast_head_json":{"title":"Happytermo Bildschirmschutz f\u00fcr Schulen und Kinderg\u00e4rten | Codex srl","description":"Sichtschutz f\u00fcr Schulen und Kinderg\u00e4rten, patentiert und aus zertifizierten Materialien hergestellt. Ma\u00dfgeschneiderte K\u00fchlerabdeckungen aus ungiftigem, schlagfestem Kunststoffrohr.","robots":{"index":"index","follow":"follow","max-snippet":"max-snippet:-1","max-image-preview":"max-image-preview:large","max-video-preview":"max-video-preview:-1"},"canonical":"https:\/\/www.codexsrl.com\/de\/produkt\/happytermo-kuehlerabdeckung\/","og_locale":"de_DE","og_type":"article","og_title":"Happytermo Bildschirmschutz f\u00fcr Schulen und Kinderg\u00e4rten | Codex srl","og_description":"Sichtschutz f\u00fcr Schulen und Kinderg\u00e4rten, patentiert und aus zertifizierten Materialien hergestellt. Ma\u00dfgeschneiderte K\u00fchlerabdeckungen aus ungiftigem, schlagfestem Kunststoffrohr.","og_url":"https:\/\/www.codexsrl.com\/de\/produkt\/happytermo-kuehlerabdeckung\/","og_site_name":"Codex srl","article_publisher":"https:\/\/www.facebook.com\/codexsicurezza","article_modified_time":"2024-03-13T11:01:43+00:00","og_image":[{"width":675,"height":899,"url":"https:\/\/www.codexsrl.com\/wp-content\/uploads\/2016\/07\/copritermo-happytermo_codexsrl.jpg","type":"image\/jpeg"}],"twitter_card":"summary_large_image","twitter_misc":{"Gesch\u00e4tzte Lesezeit":"1\u00a0Minute"},"schema":{"@context":"https:\/\/schema.org","@graph":[{"@type":"WebPage","@id":"https:\/\/www.codexsrl.com\/de\/produkt\/happytermo-kuehlerabdeckung\/","url":"https:\/\/www.codexsrl.com\/de\/produkt\/happytermo-kuehlerabdeckung\/","name":"Happytermo Bildschirmschutz f\u00fcr Schulen und Kinderg\u00e4rten | Codex srl","isPartOf":{"@id":"https:\/\/www.codexsrl.com\/de\/#website"},"primaryImageOfPage":{"@id":"https:\/\/www.codexsrl.com\/de\/produkt\/happytermo-kuehlerabdeckung\/#primaryimage"},"image":{"@id":"https:\/\/www.codexsrl.com\/de\/produkt\/happytermo-kuehlerabdeckung\/#primaryimage"},"thumbnailUrl":"https:\/\/www.codexsrl.com\/wp-content\/uploads\/2016\/07\/copritermo-happytermo_codexsrl.jpg","datePublished":"2016-07-05T09:47:07+00:00","dateModified":"2024-03-13T11:01:43+00:00","description":"Sichtschutz f\u00fcr Schulen und Kinderg\u00e4rten, patentiert und aus zertifizierten Materialien hergestellt. Ma\u00dfgeschneiderte K\u00fchlerabdeckungen aus ungiftigem, schlagfestem Kunststoffrohr.","breadcrumb":{"@id":"https:\/\/www.codexsrl.com\/de\/produkt\/happytermo-kuehlerabdeckung\/#breadcrumb"},"inLanguage":"de","potentialAction":[{"@type":"ReadAction","target":["https:\/\/www.codexsrl.com\/de\/produkt\/happytermo-kuehlerabdeckung\/"]}]},{"@type":"ImageObject","inLanguage":"de","@id":"https:\/\/www.codexsrl.com\/de\/produkt\/happytermo-kuehlerabdeckung\/#primaryimage","url":"https:\/\/www.codexsrl.com\/wp-content\/uploads\/2016\/07\/copritermo-happytermo_codexsrl.jpg","contentUrl":"https:\/\/www.codexsrl.com\/wp-content\/uploads\/2016\/07\/copritermo-happytermo_codexsrl.jpg","width":675,"height":899,"caption":"K\u00fchlerabdeckungen, K\u00fchlerabdeckungen"},{"@type":"BreadcrumbList","@id":"https:\/\/www.codexsrl.com\/de\/produkt\/happytermo-kuehlerabdeckung\/#breadcrumb","itemListElement":[{"@type":"ListItem","position":1,"name":"Home","item":"https:\/\/www.codexsrl.com\/de\/"},{"@type":"ListItem","position":2,"name":"Gesamtkatalog","item":"https:\/\/www.codexsrl.com\/de\/gesamtkatalog\/"},{"@type":"ListItem","position":3,"name":"Happytermo K\u00fchlerabdeckung"}]},{"@type":"WebSite","@id":"https:\/\/www.codexsrl.com\/de\/#website","url":"https:\/\/www.codexsrl.com\/de\/","name":"Codex srl","description":"Sch\u00fctzt und dekoriert","publisher":{"@id":"https:\/\/www.codexsrl.com\/de\/#organization"},"alternateName":"Codex Protezioni Antitrauma e Pavimentazioni","potentialAction":[{"@type":"SearchAction","target":{"@type":"EntryPoint","urlTemplate":"https:\/\/www.codexsrl.com\/de\/?s={search_term_string}"},"query-input":"required name=search_term_string"}],"inLanguage":"de"},{"@type":"Organization","@id":"https:\/\/www.codexsrl.com\/de\/#organization","name":"Codex srl","alternateName":"Codex Protezioni Antitrauma e Pavimentazioni","url":"https:\/\/www.codexsrl.com\/de\/","logo":{"@type":"ImageObject","inLanguage":"de","@id":"https:\/\/www.codexsrl.com\/de\/#\/schema\/logo\/image\/","url":"https:\/\/www.codexsrl.com\/wp-content\/uploads\/2024\/01\/logo-Codex.webp","contentUrl":"https:\/\/www.codexsrl.com\/wp-content\/uploads\/2024\/01\/logo-Codex.webp","width":527,"height":143,"caption":"Codex srl"},"image":{"@id":"https:\/\/www.codexsrl.com\/de\/#\/schema\/logo\/image\/"},"sameAs":["https:\/\/www.facebook.com\/codexsicurezza","https:\/\/www.instagram.com\/codexsrl\/","https:\/\/www.linkedin.com\/company\/codexsrl\/"]}]}},"_links":{"self":[{"href":"https:\/\/www.codexsrl.com\/de\/wp-json\/wp\/v2\/product\/9946"}],"collection":[{"href":"https:\/\/www.codexsrl.com\/de\/wp-json\/wp\/v2\/product"}],"about":[{"href":"https:\/\/www.codexsrl.com\/de\/wp-json\/wp\/v2\/types\/product"}],"wp:featuredmedia":[{"embeddable":true,"href":"https:\/\/www.codexsrl.com\/de\/wp-json\/wp\/v2\/media\/8573"}],"wp:attachment":[{"href":"https:\/\/www.codexsrl.com\/de\/wp-json\/wp\/v2\/media?parent=9946"}],"wp:term":[{"taxonomy":"product_cat","embeddable":true,"href":"https:\/\/www.codexsrl.com\/de\/wp-json\/wp\/v2\/product_cat?post=9946"},{"taxonomy":"product_tag","embeddable":true,"href":"https:\/\/www.codexsrl.com\/de\/wp-json\/wp\/v2\/product_tag?post=9946"}],"curies":[{"name":"wp","href":"https:\/\/api.w.org\/{rel}","templated":true}]}}