{"id":9949,"date":"2016-07-05T17:33:03","date_gmt":"2016-07-05T15:33:03","guid":{"rendered":"http:\/\/codexsrl.com.94-76-252-100.web-agency-padova.it\/catalogo\/unkategorisiert\/blitzbarriere\/"},"modified":"2024-03-18T19:35:04","modified_gmt":"2024-03-18T18:35:04","slug":"blitzbarriere","status":"publish","type":"product","link":"https:\/\/www.codexsrl.com\/de\/produkt\/blitzbarriere\/","title":{"rendered":"Blitzbarriere"},"content":{"rendered":"","protected":false},"excerpt":{"rendered":"<p>Barriere, die als Tr\u00e4ger f\u00fcr Werbetafeln oder PVC-Werbefolien verwendet werden kann. Die Modularit\u00e4t der Elemente, auch in unterschiedlichen L\u00e4ngen und H\u00f6hen, erlaubt es, sie in k\u00fcrzester Zeit zu verbinden und zusammenzulegen.<br \/>\nStandard-Modull\u00e4ngen 2\/3 m. Leichte, haltbare, leicht faltbare und transportable Barriere. Hergestellt aus feuerhemmendem, ungiftigem und sto\u00dffestem PVC-Schlauch der Klasse 1.<br \/>\nPatentiertes Modell.<\/p>\n","protected":false},"featured_media":10907,"template":"","meta":[],"product_cat":[484,362,363],"product_tag":[361],"yoast_head":"<!-- This site is optimized with the Yoast SEO plugin v22.3 - https:\/\/yoast.com\/wordpress\/plugins\/seo\/ -->\n<title>Blitzlicht, sto\u00dffeste Kunststoffbarriere | Codex Srl<\/title>\n<meta name=\"robots\" content=\"index, follow, max-snippet:-1, max-image-preview:large, max-video-preview:-1\" \/>\n<link rel=\"canonical\" href=\"https:\/\/www.codexsrl.com\/de\/produkt\/blitzbarriere\/\" \/>\n<meta property=\"og:locale\" content=\"de_DE\" \/>\n<meta property=\"og:type\" content=\"article\" \/>\n<meta property=\"og:title\" content=\"Blitzlicht, sto\u00dffeste Kunststoffbarriere | Codex Srl\" \/>\n<meta property=\"og:description\" content=\"Barriere, die als Tr\u00e4ger f\u00fcr Werbetafeln oder PVC-Werbefolien verwendet werden kann. Die Modularit\u00e4t der Elemente, auch in unterschiedlichen L\u00e4ngen und H\u00f6hen, erlaubt es, sie in k\u00fcrzester Zeit zu verbinden und zusammenzulegen. Standard-Modull\u00e4ngen 2\/3 m. Leichte, haltbare, leicht faltbare und transportable Barriere. Hergestellt aus feuerhemmendem, ungiftigem und sto\u00dffestem PVC-Schlauch der Klasse 1. Patentiertes Modell.\" \/>\n<meta property=\"og:url\" content=\"https:\/\/www.codexsrl.com\/de\/produkt\/blitzbarriere\/\" \/>\n<meta property=\"og:site_name\" content=\"Codex srl\" \/>\n<meta property=\"article:publisher\" content=\"https:\/\/www.facebook.com\/codexsicurezza\" \/>\n<meta property=\"article:modified_time\" content=\"2024-03-18T18:35:04+00:00\" \/>\n<meta property=\"og:image\" content=\"https:\/\/www.codexsrl.com\/wp-content\/uploads\/2016\/07\/transenna-zavorrabile-flash_codex-srl.jpg\" \/>\n\t<meta property=\"og:image:width\" content=\"900\" \/>\n\t<meta property=\"og:image:height\" content=\"900\" \/>\n\t<meta property=\"og:image:type\" content=\"image\/jpeg\" \/>\n<meta name=\"twitter:card\" content=\"summary_large_image\" \/>\n<script type=\"application\/ld+json\" class=\"yoast-schema-graph\">{\"@context\":\"https:\/\/schema.org\",\"@graph\":[{\"@type\":\"WebPage\",\"@id\":\"https:\/\/www.codexsrl.com\/de\/produkt\/blitzbarriere\/\",\"url\":\"https:\/\/www.codexsrl.com\/de\/produkt\/blitzbarriere\/\",\"name\":\"Blitzlicht, sto\u00dffeste Kunststoffbarriere | Codex Srl\",\"isPartOf\":{\"@id\":\"https:\/\/www.codexsrl.com\/de\/#website\"},\"primaryImageOfPage\":{\"@id\":\"https:\/\/www.codexsrl.com\/de\/produkt\/blitzbarriere\/#primaryimage\"},\"image\":{\"@id\":\"https:\/\/www.codexsrl.com\/de\/produkt\/blitzbarriere\/#primaryimage\"},\"thumbnailUrl\":\"https:\/\/www.codexsrl.com\/wp-content\/uploads\/2016\/07\/transenna-barriera-divisoria-sport-eventi_codex.webp\",\"datePublished\":\"2016-07-05T15:33:03+00:00\",\"dateModified\":\"2024-03-18T18:35:04+00:00\",\"breadcrumb\":{\"@id\":\"https:\/\/www.codexsrl.com\/de\/produkt\/blitzbarriere\/#breadcrumb\"},\"inLanguage\":\"de\",\"potentialAction\":[{\"@type\":\"ReadAction\",\"target\":[\"https:\/\/www.codexsrl.com\/de\/produkt\/blitzbarriere\/\"]}]},{\"@type\":\"ImageObject\",\"inLanguage\":\"de\",\"@id\":\"https:\/\/www.codexsrl.com\/de\/produkt\/blitzbarriere\/#primaryimage\",\"url\":\"https:\/\/www.codexsrl.com\/wp-content\/uploads\/2016\/07\/transenna-barriera-divisoria-sport-eventi_codex.webp\",\"contentUrl\":\"https:\/\/www.codexsrl.com\/wp-content\/uploads\/2016\/07\/transenna-barriera-divisoria-sport-eventi_codex.webp\",\"width\":900,\"height\":675},{\"@type\":\"BreadcrumbList\",\"@id\":\"https:\/\/www.codexsrl.com\/de\/produkt\/blitzbarriere\/#breadcrumb\",\"itemListElement\":[{\"@type\":\"ListItem\",\"position\":1,\"name\":\"Home\",\"item\":\"https:\/\/www.codexsrl.com\/de\/\"},{\"@type\":\"ListItem\",\"position\":2,\"name\":\"Gesamtkatalog\",\"item\":\"https:\/\/www.codexsrl.com\/de\/gesamtkatalog\/\"},{\"@type\":\"ListItem\",\"position\":3,\"name\":\"Blitzbarriere\"}]},{\"@type\":\"WebSite\",\"@id\":\"https:\/\/www.codexsrl.com\/de\/#website\",\"url\":\"https:\/\/www.codexsrl.com\/de\/\",\"name\":\"Codex srl\",\"description\":\"Sch\u00fctzt und dekoriert\",\"publisher\":{\"@id\":\"https:\/\/www.codexsrl.com\/de\/#organization\"},\"alternateName\":\"Codex Protezioni Antitrauma e Pavimentazioni\",\"potentialAction\":[{\"@type\":\"SearchAction\",\"target\":{\"@type\":\"EntryPoint\",\"urlTemplate\":\"https:\/\/www.codexsrl.com\/de\/?s={search_term_string}\"},\"query-input\":\"required name=search_term_string\"}],\"inLanguage\":\"de\"},{\"@type\":\"Organization\",\"@id\":\"https:\/\/www.codexsrl.com\/de\/#organization\",\"name\":\"Codex srl\",\"alternateName\":\"Codex Protezioni Antitrauma e Pavimentazioni\",\"url\":\"https:\/\/www.codexsrl.com\/de\/\",\"logo\":{\"@type\":\"ImageObject\",\"inLanguage\":\"de\",\"@id\":\"https:\/\/www.codexsrl.com\/de\/#\/schema\/logo\/image\/\",\"url\":\"https:\/\/www.codexsrl.com\/wp-content\/uploads\/2024\/01\/logo-Codex.webp\",\"contentUrl\":\"https:\/\/www.codexsrl.com\/wp-content\/uploads\/2024\/01\/logo-Codex.webp\",\"width\":527,\"height\":143,\"caption\":\"Codex srl\"},\"image\":{\"@id\":\"https:\/\/www.codexsrl.com\/de\/#\/schema\/logo\/image\/\"},\"sameAs\":[\"https:\/\/www.facebook.com\/codexsicurezza\",\"https:\/\/www.instagram.com\/codexsrl\/\",\"https:\/\/www.linkedin.com\/company\/codexsrl\/\"]}]}<\/script>\n<!-- \/ Yoast SEO plugin. -->","yoast_head_json":{"title":"Blitzlicht, sto\u00dffeste Kunststoffbarriere | Codex Srl","robots":{"index":"index","follow":"follow","max-snippet":"max-snippet:-1","max-image-preview":"max-image-preview:large","max-video-preview":"max-video-preview:-1"},"canonical":"https:\/\/www.codexsrl.com\/de\/produkt\/blitzbarriere\/","og_locale":"de_DE","og_type":"article","og_title":"Blitzlicht, sto\u00dffeste Kunststoffbarriere | Codex Srl","og_description":"Barriere, die als Tr\u00e4ger f\u00fcr Werbetafeln oder PVC-Werbefolien verwendet werden kann. Die Modularit\u00e4t der Elemente, auch in unterschiedlichen L\u00e4ngen und H\u00f6hen, erlaubt es, sie in k\u00fcrzester Zeit zu verbinden und zusammenzulegen. Standard-Modull\u00e4ngen 2\/3 m. Leichte, haltbare, leicht faltbare und transportable Barriere. Hergestellt aus feuerhemmendem, ungiftigem und sto\u00dffestem PVC-Schlauch der Klasse 1. Patentiertes Modell.","og_url":"https:\/\/www.codexsrl.com\/de\/produkt\/blitzbarriere\/","og_site_name":"Codex srl","article_publisher":"https:\/\/www.facebook.com\/codexsicurezza","article_modified_time":"2024-03-18T18:35:04+00:00","og_image":[{"width":900,"height":900,"url":"https:\/\/www.codexsrl.com\/wp-content\/uploads\/2016\/07\/transenna-zavorrabile-flash_codex-srl.jpg","type":"image\/jpeg"}],"twitter_card":"summary_large_image","schema":{"@context":"https:\/\/schema.org","@graph":[{"@type":"WebPage","@id":"https:\/\/www.codexsrl.com\/de\/produkt\/blitzbarriere\/","url":"https:\/\/www.codexsrl.com\/de\/produkt\/blitzbarriere\/","name":"Blitzlicht, sto\u00dffeste Kunststoffbarriere | Codex Srl","isPartOf":{"@id":"https:\/\/www.codexsrl.com\/de\/#website"},"primaryImageOfPage":{"@id":"https:\/\/www.codexsrl.com\/de\/produkt\/blitzbarriere\/#primaryimage"},"image":{"@id":"https:\/\/www.codexsrl.com\/de\/produkt\/blitzbarriere\/#primaryimage"},"thumbnailUrl":"https:\/\/www.codexsrl.com\/wp-content\/uploads\/2016\/07\/transenna-barriera-divisoria-sport-eventi_codex.webp","datePublished":"2016-07-05T15:33:03+00:00","dateModified":"2024-03-18T18:35:04+00:00","breadcrumb":{"@id":"https:\/\/www.codexsrl.com\/de\/produkt\/blitzbarriere\/#breadcrumb"},"inLanguage":"de","potentialAction":[{"@type":"ReadAction","target":["https:\/\/www.codexsrl.com\/de\/produkt\/blitzbarriere\/"]}]},{"@type":"ImageObject","inLanguage":"de","@id":"https:\/\/www.codexsrl.com\/de\/produkt\/blitzbarriere\/#primaryimage","url":"https:\/\/www.codexsrl.com\/wp-content\/uploads\/2016\/07\/transenna-barriera-divisoria-sport-eventi_codex.webp","contentUrl":"https:\/\/www.codexsrl.com\/wp-content\/uploads\/2016\/07\/transenna-barriera-divisoria-sport-eventi_codex.webp","width":900,"height":675},{"@type":"BreadcrumbList","@id":"https:\/\/www.codexsrl.com\/de\/produkt\/blitzbarriere\/#breadcrumb","itemListElement":[{"@type":"ListItem","position":1,"name":"Home","item":"https:\/\/www.codexsrl.com\/de\/"},{"@type":"ListItem","position":2,"name":"Gesamtkatalog","item":"https:\/\/www.codexsrl.com\/de\/gesamtkatalog\/"},{"@type":"ListItem","position":3,"name":"Blitzbarriere"}]},{"@type":"WebSite","@id":"https:\/\/www.codexsrl.com\/de\/#website","url":"https:\/\/www.codexsrl.com\/de\/","name":"Codex srl","description":"Sch\u00fctzt und dekoriert","publisher":{"@id":"https:\/\/www.codexsrl.com\/de\/#organization"},"alternateName":"Codex Protezioni Antitrauma e Pavimentazioni","potentialAction":[{"@type":"SearchAction","target":{"@type":"EntryPoint","urlTemplate":"https:\/\/www.codexsrl.com\/de\/?s={search_term_string}"},"query-input":"required name=search_term_string"}],"inLanguage":"de"},{"@type":"Organization","@id":"https:\/\/www.codexsrl.com\/de\/#organization","name":"Codex srl","alternateName":"Codex Protezioni Antitrauma e Pavimentazioni","url":"https:\/\/www.codexsrl.com\/de\/","logo":{"@type":"ImageObject","inLanguage":"de","@id":"https:\/\/www.codexsrl.com\/de\/#\/schema\/logo\/image\/","url":"https:\/\/www.codexsrl.com\/wp-content\/uploads\/2024\/01\/logo-Codex.webp","contentUrl":"https:\/\/www.codexsrl.com\/wp-content\/uploads\/2024\/01\/logo-Codex.webp","width":527,"height":143,"caption":"Codex srl"},"image":{"@id":"https:\/\/www.codexsrl.com\/de\/#\/schema\/logo\/image\/"},"sameAs":["https:\/\/www.facebook.com\/codexsicurezza","https:\/\/www.instagram.com\/codexsrl\/","https:\/\/www.linkedin.com\/company\/codexsrl\/"]}]}},"_links":{"self":[{"href":"https:\/\/www.codexsrl.com\/de\/wp-json\/wp\/v2\/product\/9949"}],"collection":[{"href":"https:\/\/www.codexsrl.com\/de\/wp-json\/wp\/v2\/product"}],"about":[{"href":"https:\/\/www.codexsrl.com\/de\/wp-json\/wp\/v2\/types\/product"}],"wp:featuredmedia":[{"embeddable":true,"href":"https:\/\/www.codexsrl.com\/de\/wp-json\/wp\/v2\/media\/10907"}],"wp:attachment":[{"href":"https:\/\/www.codexsrl.com\/de\/wp-json\/wp\/v2\/media?parent=9949"}],"wp:term":[{"taxonomy":"product_cat","embeddable":true,"href":"https:\/\/www.codexsrl.com\/de\/wp-json\/wp\/v2\/product_cat?post=9949"},{"taxonomy":"product_tag","embeddable":true,"href":"https:\/\/www.codexsrl.com\/de\/wp-json\/wp\/v2\/product_tag?post=9949"}],"curies":[{"name":"wp","href":"https:\/\/api.w.org\/{rel}","templated":true}]}}