{"id":9950,"date":"2016-07-05T11:39:09","date_gmt":"2016-07-05T09:39:09","guid":{"rendered":"http:\/\/codexsrl.com.94-76-252-100.web-agency-padova.it\/catalogo\/unkategorisiert\/eurotermo-kuehlerabdeckung\/"},"modified":"2024-03-18T15:58:57","modified_gmt":"2024-03-18T14:58:57","slug":"eurotermo-kuehlerabdeckung","status":"publish","type":"product","link":"https:\/\/www.codexsrl.com\/de\/produkt\/eurotermo-kuehlerabdeckung\/","title":{"rendered":"Eurotermo K\u00fchlerabdeckung"},"content":{"rendered":"<h2 style=\"font-size: 20px;\">Ma\u00dfgeschneiderte K\u00fchlerabdeckung, das Original!<\/h2>\n<p>Codex hat immer auf die Probleme und Vorschl\u00e4ge der Lehrer im Bereich der Sicherheit geachtet, sich von ihnen inspirieren lassen, um die L\u00f6sung des Problems zu studieren und auszuarbeiten und <strong>originelle Produkte<\/strong> zu entwickeln <strong>, die es auf dem Markt<\/strong> noch nicht gab.<\/p>\n<p>Dies ist der Fall bei der <strong>Eurotermo-Heizk\u00f6rperverkleidung<\/strong>, einer <strong>1998 patentierten<\/strong> Sicherheitsverkleidung f\u00fcr Heizk\u00f6rper, die f\u00fcr die Sicherheit in Kinderkrippen, Kinderg\u00e4rten, Spielpl\u00e4tzen und Sportanlagen entwickelt wurde.<\/p>\n<p>Im Vergleich zu den in den vergangenen Jahren untersuchten Modellen (<span style=\"color: #ff6600;\"><a style=\"color: #ff6600;\" href=\"https:\/\/www.codexsrl.com\/de\/katalog\/produkte\/prallschutzmatten\/polytermo-light-heizkoerperabdeckung\/\" target=\"_blank\" rel=\"noopener\">Polytermo Light<\/a><\/span>, <span style=\"color: #ff6600;\"><a style=\"color: #ff6600;\" href=\"https:\/\/www.codexsrl.com\/?post_type=product&#038;p=1662\" target=\"_blank\" rel=\"noopener\">Polytermo Basic<\/a><\/span>) wurden die weichen Abstandshalter eliminiert und durch einen weiteren Abstandshalter ersetzt, der verhindern soll, dass sich die vertikalen Elemente, die dazu neigen, sich bei einer L\u00e4nge von mehr als 70 cm zu biegen, verbreitern.<\/p>\n<p>Die neue, von uns entworfene und patentierte L\u00f6sung war ein starrer, perforierter Abstandshalter namens <strong>&#8218;Stopper<\/strong> &#8218; mit einem Durchmesser von 50 mm, der eingesetzt wird, wenn die H\u00f6he der vertikalen Rohre 80 cm \u00fcbersteigt, wodurch ein robusteres Modell entsteht.<\/p>\n<p>Unsere K\u00fchlerabdeckungen werden aus <strong>ungiftigem, schwer entflammbarem, sto\u00df- und splitterfestem Kunststoffrohr der Klasse 1<\/strong> hergestellt.<br \/>\nIm Gegensatz zu anderen Bildschirmabdeckungen auf dem Markt \u00fcbersteht unsere rohrf\u00f6rmige Abdeckung auch den Hammertest: Sie verformt sich, bricht aber nicht.<\/p>\n","protected":false},"excerpt":{"rendered":"<p>Eurotermo ist eine <strong>Sicherheits-Heizk\u00f6rperabdeckung<\/strong>, die aus <span style=\"color: #ff6600;\"><a style=\"color: #ff6600;\" href=\"https:\/\/www.codexsrl.com\/catalogo\/materiali\/tubo-aaa\/\">ungiftigem, sto\u00dffestem und splitterfreiem Kunststoffrohr<\/a> <span style=\"color: #000000;\">,<\/span><\/span> besonders geeignet f\u00fcr Kinderg\u00e4rten, Grundschulen und Sporthallen.<\/p>\n<p>Die Eurotermo-Heizk\u00f6rperabdeckung ist die ideale L\u00f6sung, um Heizk\u00f6rper zu sichern und unangenehme Verletzungen durch versehentliche St\u00f6\u00dfe zu vermeiden.<\/p>\n<p>Unsere Heizk\u00f6rperverkleidungen werden komplett nach Ma\u00df gefertigt, wobei die Struktur im Falle von Nischen, \u00fcberstehenden Rohren oder Wandbesonderheiten angepasst wird. Die<strong> Eurotermo-Heizk\u00f6rperverkleidungen <\/strong>werden bereits montiert geliefert und k\u00f6nnen mit Hilfe von doppelten Sicherheitsb\u00fcgeln, die nur von Erwachsenen ge\u00f6ffnet werden k\u00f6nnen, einfach an der Wand befestigt werden.<\/p>\n<p>Sie zeichnet sich durch eine <strong>rundumlaufende Struktur<\/strong> ohne <strong>Kanten<\/strong> aus und ist frei von Vorspr\u00fcngen und Metallelementen, damit die Hand kontinuierlich durch alle Teile gleiten kann. Die Komponenten werden unter hohem Druck zusammengef\u00fcgt, um eine dichte Verbindung zu gew\u00e4hrleisten und das manuelle \u00d6ffnen der Komponenten sowie das Einnisten von Staub, Insekten oder Bakterien zu vermeiden.<\/p>\n<p>Das Produkt wurde konform hergestellt:<br \/>\n&#8211; nach der Norm <strong>UNI 10809:1999<\/strong> 3.3 Unl\u00f6sbarkeit &#8211; 3.2 Skalierbarkeit &#8211; 3.4 Handlauf-Unl\u00f6sbarkeit, 4. Mechanische Leistung<br \/>\n&#8211; nach <strong>UNI 9177<\/strong> Brandverhaltensklasse<\/p>\n","protected":false},"featured_media":9355,"template":"","meta":[],"product_cat":[356,313,314],"product_tag":[357],"yoast_head":"<!-- This site is optimized with the Yoast SEO plugin v22.3 - https:\/\/yoast.com\/wordpress\/plugins\/seo\/ -->\n<title>Eurotermo K\u00fchlerabdeckung, K\u00fchlerschutz | Codex srl<\/title>\n<meta name=\"description\" content=\"Eurotermo ist eine ma\u00dfgefertigte Heizk\u00f6rperverkleidung aus ungiftigem, schlagfestem Kunststoffrohr, die f\u00fcr Sicherheit in Schulen und Kinderg\u00e4rten sorgt. Das Original!\" \/>\n<meta name=\"robots\" content=\"index, follow, max-snippet:-1, max-image-preview:large, max-video-preview:-1\" \/>\n<link rel=\"canonical\" href=\"https:\/\/www.codexsrl.com\/de\/produkt\/eurotermo-kuehlerabdeckung\/\" \/>\n<meta property=\"og:locale\" content=\"de_DE\" \/>\n<meta property=\"og:type\" content=\"article\" \/>\n<meta property=\"og:title\" content=\"Eurotermo K\u00fchlerabdeckung, K\u00fchlerschutz | Codex srl\" \/>\n<meta property=\"og:description\" content=\"Eurotermo ist eine ma\u00dfgefertigte Heizk\u00f6rperverkleidung aus ungiftigem, schlagfestem Kunststoffrohr, die f\u00fcr Sicherheit in Schulen und Kinderg\u00e4rten sorgt. Das Original!\" \/>\n<meta property=\"og:url\" content=\"https:\/\/www.codexsrl.com\/de\/produkt\/eurotermo-kuehlerabdeckung\/\" \/>\n<meta property=\"og:site_name\" content=\"Codex srl\" \/>\n<meta property=\"article:publisher\" content=\"https:\/\/www.facebook.com\/codexsicurezza\" \/>\n<meta property=\"article:modified_time\" content=\"2024-03-18T14:58:57+00:00\" \/>\n<meta property=\"og:image\" content=\"https:\/\/www.codexsrl.com\/wp-content\/uploads\/2016\/07\/copritermosifone-eurotermo-copri-radiatore-scuola-asilo-codexsrl.jpg\" \/>\n<meta name=\"twitter:card\" content=\"summary_large_image\" \/>\n<meta name=\"twitter:label1\" content=\"Gesch\u00e4tzte Lesezeit\" \/>\n\t<meta name=\"twitter:data1\" content=\"1\u00a0Minute\" \/>\n<script type=\"application\/ld+json\" class=\"yoast-schema-graph\">{\"@context\":\"https:\/\/schema.org\",\"@graph\":[{\"@type\":\"WebPage\",\"@id\":\"https:\/\/www.codexsrl.com\/de\/produkt\/eurotermo-kuehlerabdeckung\/\",\"url\":\"https:\/\/www.codexsrl.com\/de\/produkt\/eurotermo-kuehlerabdeckung\/\",\"name\":\"Eurotermo K\u00fchlerabdeckung, K\u00fchlerschutz | Codex srl\",\"isPartOf\":{\"@id\":\"https:\/\/www.codexsrl.com\/de\/#website\"},\"primaryImageOfPage\":{\"@id\":\"https:\/\/www.codexsrl.com\/de\/produkt\/eurotermo-kuehlerabdeckung\/#primaryimage\"},\"image\":{\"@id\":\"https:\/\/www.codexsrl.com\/de\/produkt\/eurotermo-kuehlerabdeckung\/#primaryimage\"},\"thumbnailUrl\":\"https:\/\/www.codexsrl.com\/wp-content\/uploads\/2018\/10\/IMG_20210902_094901.jpg\",\"datePublished\":\"2016-07-05T09:39:09+00:00\",\"dateModified\":\"2024-03-18T14:58:57+00:00\",\"description\":\"Eurotermo ist eine ma\u00dfgefertigte Heizk\u00f6rperverkleidung aus ungiftigem, schlagfestem Kunststoffrohr, die f\u00fcr Sicherheit in Schulen und Kinderg\u00e4rten sorgt. Das Original!\",\"breadcrumb\":{\"@id\":\"https:\/\/www.codexsrl.com\/de\/produkt\/eurotermo-kuehlerabdeckung\/#breadcrumb\"},\"inLanguage\":\"de\",\"potentialAction\":[{\"@type\":\"ReadAction\",\"target\":[\"https:\/\/www.codexsrl.com\/de\/produkt\/eurotermo-kuehlerabdeckung\/\"]}]},{\"@type\":\"ImageObject\",\"inLanguage\":\"de\",\"@id\":\"https:\/\/www.codexsrl.com\/de\/produkt\/eurotermo-kuehlerabdeckung\/#primaryimage\",\"url\":\"https:\/\/www.codexsrl.com\/wp-content\/uploads\/2018\/10\/IMG_20210902_094901.jpg\",\"contentUrl\":\"https:\/\/www.codexsrl.com\/wp-content\/uploads\/2018\/10\/IMG_20210902_094901.jpg\",\"width\":675,\"height\":900,\"caption\":\"copritermosifone\"},{\"@type\":\"BreadcrumbList\",\"@id\":\"https:\/\/www.codexsrl.com\/de\/produkt\/eurotermo-kuehlerabdeckung\/#breadcrumb\",\"itemListElement\":[{\"@type\":\"ListItem\",\"position\":1,\"name\":\"Home\",\"item\":\"https:\/\/www.codexsrl.com\/de\/\"},{\"@type\":\"ListItem\",\"position\":2,\"name\":\"Gesamtkatalog\",\"item\":\"https:\/\/www.codexsrl.com\/de\/gesamtkatalog\/\"},{\"@type\":\"ListItem\",\"position\":3,\"name\":\"Eurotermo K\u00fchlerabdeckung\"}]},{\"@type\":\"WebSite\",\"@id\":\"https:\/\/www.codexsrl.com\/de\/#website\",\"url\":\"https:\/\/www.codexsrl.com\/de\/\",\"name\":\"Codex srl\",\"description\":\"Sch\u00fctzt und dekoriert\",\"publisher\":{\"@id\":\"https:\/\/www.codexsrl.com\/de\/#organization\"},\"alternateName\":\"Codex Protezioni Antitrauma e Pavimentazioni\",\"potentialAction\":[{\"@type\":\"SearchAction\",\"target\":{\"@type\":\"EntryPoint\",\"urlTemplate\":\"https:\/\/www.codexsrl.com\/de\/?s={search_term_string}\"},\"query-input\":\"required name=search_term_string\"}],\"inLanguage\":\"de\"},{\"@type\":\"Organization\",\"@id\":\"https:\/\/www.codexsrl.com\/de\/#organization\",\"name\":\"Codex srl\",\"alternateName\":\"Codex Protezioni Antitrauma e Pavimentazioni\",\"url\":\"https:\/\/www.codexsrl.com\/de\/\",\"logo\":{\"@type\":\"ImageObject\",\"inLanguage\":\"de\",\"@id\":\"https:\/\/www.codexsrl.com\/de\/#\/schema\/logo\/image\/\",\"url\":\"https:\/\/www.codexsrl.com\/wp-content\/uploads\/2024\/01\/logo-Codex.webp\",\"contentUrl\":\"https:\/\/www.codexsrl.com\/wp-content\/uploads\/2024\/01\/logo-Codex.webp\",\"width\":527,\"height\":143,\"caption\":\"Codex srl\"},\"image\":{\"@id\":\"https:\/\/www.codexsrl.com\/de\/#\/schema\/logo\/image\/\"},\"sameAs\":[\"https:\/\/www.facebook.com\/codexsicurezza\",\"https:\/\/www.instagram.com\/codexsrl\/\",\"https:\/\/www.linkedin.com\/company\/codexsrl\/\"]}]}<\/script>\n<!-- \/ Yoast SEO plugin. -->","yoast_head_json":{"title":"Eurotermo K\u00fchlerabdeckung, K\u00fchlerschutz | Codex srl","description":"Eurotermo ist eine ma\u00dfgefertigte Heizk\u00f6rperverkleidung aus ungiftigem, schlagfestem Kunststoffrohr, die f\u00fcr Sicherheit in Schulen und Kinderg\u00e4rten sorgt. Das Original!","robots":{"index":"index","follow":"follow","max-snippet":"max-snippet:-1","max-image-preview":"max-image-preview:large","max-video-preview":"max-video-preview:-1"},"canonical":"https:\/\/www.codexsrl.com\/de\/produkt\/eurotermo-kuehlerabdeckung\/","og_locale":"de_DE","og_type":"article","og_title":"Eurotermo K\u00fchlerabdeckung, K\u00fchlerschutz | Codex srl","og_description":"Eurotermo ist eine ma\u00dfgefertigte Heizk\u00f6rperverkleidung aus ungiftigem, schlagfestem Kunststoffrohr, die f\u00fcr Sicherheit in Schulen und Kinderg\u00e4rten sorgt. Das Original!","og_url":"https:\/\/www.codexsrl.com\/de\/produkt\/eurotermo-kuehlerabdeckung\/","og_site_name":"Codex srl","article_publisher":"https:\/\/www.facebook.com\/codexsicurezza","article_modified_time":"2024-03-18T14:58:57+00:00","og_image":[{"url":"https:\/\/www.codexsrl.com\/wp-content\/uploads\/2016\/07\/copritermosifone-eurotermo-copri-radiatore-scuola-asilo-codexsrl.jpg"}],"twitter_card":"summary_large_image","twitter_misc":{"Gesch\u00e4tzte Lesezeit":"1\u00a0Minute"},"schema":{"@context":"https:\/\/schema.org","@graph":[{"@type":"WebPage","@id":"https:\/\/www.codexsrl.com\/de\/produkt\/eurotermo-kuehlerabdeckung\/","url":"https:\/\/www.codexsrl.com\/de\/produkt\/eurotermo-kuehlerabdeckung\/","name":"Eurotermo K\u00fchlerabdeckung, K\u00fchlerschutz | Codex srl","isPartOf":{"@id":"https:\/\/www.codexsrl.com\/de\/#website"},"primaryImageOfPage":{"@id":"https:\/\/www.codexsrl.com\/de\/produkt\/eurotermo-kuehlerabdeckung\/#primaryimage"},"image":{"@id":"https:\/\/www.codexsrl.com\/de\/produkt\/eurotermo-kuehlerabdeckung\/#primaryimage"},"thumbnailUrl":"https:\/\/www.codexsrl.com\/wp-content\/uploads\/2018\/10\/IMG_20210902_094901.jpg","datePublished":"2016-07-05T09:39:09+00:00","dateModified":"2024-03-18T14:58:57+00:00","description":"Eurotermo ist eine ma\u00dfgefertigte Heizk\u00f6rperverkleidung aus ungiftigem, schlagfestem Kunststoffrohr, die f\u00fcr Sicherheit in Schulen und Kinderg\u00e4rten sorgt. Das Original!","breadcrumb":{"@id":"https:\/\/www.codexsrl.com\/de\/produkt\/eurotermo-kuehlerabdeckung\/#breadcrumb"},"inLanguage":"de","potentialAction":[{"@type":"ReadAction","target":["https:\/\/www.codexsrl.com\/de\/produkt\/eurotermo-kuehlerabdeckung\/"]}]},{"@type":"ImageObject","inLanguage":"de","@id":"https:\/\/www.codexsrl.com\/de\/produkt\/eurotermo-kuehlerabdeckung\/#primaryimage","url":"https:\/\/www.codexsrl.com\/wp-content\/uploads\/2018\/10\/IMG_20210902_094901.jpg","contentUrl":"https:\/\/www.codexsrl.com\/wp-content\/uploads\/2018\/10\/IMG_20210902_094901.jpg","width":675,"height":900,"caption":"copritermosifone"},{"@type":"BreadcrumbList","@id":"https:\/\/www.codexsrl.com\/de\/produkt\/eurotermo-kuehlerabdeckung\/#breadcrumb","itemListElement":[{"@type":"ListItem","position":1,"name":"Home","item":"https:\/\/www.codexsrl.com\/de\/"},{"@type":"ListItem","position":2,"name":"Gesamtkatalog","item":"https:\/\/www.codexsrl.com\/de\/gesamtkatalog\/"},{"@type":"ListItem","position":3,"name":"Eurotermo K\u00fchlerabdeckung"}]},{"@type":"WebSite","@id":"https:\/\/www.codexsrl.com\/de\/#website","url":"https:\/\/www.codexsrl.com\/de\/","name":"Codex srl","description":"Sch\u00fctzt und dekoriert","publisher":{"@id":"https:\/\/www.codexsrl.com\/de\/#organization"},"alternateName":"Codex Protezioni Antitrauma e Pavimentazioni","potentialAction":[{"@type":"SearchAction","target":{"@type":"EntryPoint","urlTemplate":"https:\/\/www.codexsrl.com\/de\/?s={search_term_string}"},"query-input":"required name=search_term_string"}],"inLanguage":"de"},{"@type":"Organization","@id":"https:\/\/www.codexsrl.com\/de\/#organization","name":"Codex srl","alternateName":"Codex Protezioni Antitrauma e Pavimentazioni","url":"https:\/\/www.codexsrl.com\/de\/","logo":{"@type":"ImageObject","inLanguage":"de","@id":"https:\/\/www.codexsrl.com\/de\/#\/schema\/logo\/image\/","url":"https:\/\/www.codexsrl.com\/wp-content\/uploads\/2024\/01\/logo-Codex.webp","contentUrl":"https:\/\/www.codexsrl.com\/wp-content\/uploads\/2024\/01\/logo-Codex.webp","width":527,"height":143,"caption":"Codex srl"},"image":{"@id":"https:\/\/www.codexsrl.com\/de\/#\/schema\/logo\/image\/"},"sameAs":["https:\/\/www.facebook.com\/codexsicurezza","https:\/\/www.instagram.com\/codexsrl\/","https:\/\/www.linkedin.com\/company\/codexsrl\/"]}]}},"_links":{"self":[{"href":"https:\/\/www.codexsrl.com\/de\/wp-json\/wp\/v2\/product\/9950"}],"collection":[{"href":"https:\/\/www.codexsrl.com\/de\/wp-json\/wp\/v2\/product"}],"about":[{"href":"https:\/\/www.codexsrl.com\/de\/wp-json\/wp\/v2\/types\/product"}],"wp:featuredmedia":[{"embeddable":true,"href":"https:\/\/www.codexsrl.com\/de\/wp-json\/wp\/v2\/media\/9355"}],"wp:attachment":[{"href":"https:\/\/www.codexsrl.com\/de\/wp-json\/wp\/v2\/media?parent=9950"}],"wp:term":[{"taxonomy":"product_cat","embeddable":true,"href":"https:\/\/www.codexsrl.com\/de\/wp-json\/wp\/v2\/product_cat?post=9950"},{"taxonomy":"product_tag","embeddable":true,"href":"https:\/\/www.codexsrl.com\/de\/wp-json\/wp\/v2\/product_tag?post=9950"}],"curies":[{"name":"wp","href":"https:\/\/api.w.org\/{rel}","templated":true}]}}