{"id":9954,"date":"2016-07-05T12:16:51","date_gmt":"2016-07-05T10:16:51","guid":{"rendered":"http:\/\/codexsrl.com.94-76-252-100.web-agency-padova.it\/catalogo\/unkategorisiert\/traditionelle-weiche-eckenschuetzer\/"},"modified":"2024-03-18T16:05:00","modified_gmt":"2024-03-18T15:05:00","slug":"traditionelle-weiche-eckenschuetzer","status":"publish","type":"product","link":"https:\/\/www.codexsrl.com\/de\/produkt\/traditionelle-weiche-eckenschuetzer\/","title":{"rendered":"Traditionelle weiche Eckensch\u00fctzer"},"content":{"rendered":"","protected":false},"excerpt":{"rendered":"<p><strong>Polymat\u00ae Light (EVA) <\/strong> <strong>weiche <\/strong> <strong>Eckensch\u00fctzer<\/strong> sind dazu bestimmt, <strong>Kinder und Erwachsene vor St\u00f6\u00dfen<\/strong> gegen die Kanten von Oberfl\u00e4chen wie Schr\u00e4nken, Mauers\u00e4ulen, Tischen, Regalen usw. zu <strong>sch\u00fctzen<\/strong>. Sie sind sicher, ungiftig und lassen sich an den zu sch\u00fctzenden Untergrund anpassen.<\/p>\n<p>Erh\u00e4ltlich in verschiedenen Profilgr\u00f6\u00dfen (Standardprofil 4+4cm) und L\u00e4ngen von 100, 150 und 200 cm.<br \/>\nUnsere weichen Ecksch\u00fctzer k\u00f6nnen je nach Kundenwunsch mit einem <strong>U- oder L-Profil oder mit ma\u00dfgeschneiderten Profilen <\/strong>versehen werden.<\/p>\n<p>Sie werden h\u00e4ufig in Schulen aller Stufen, Kinderg\u00e4rten, im Gesundheitswesen und an Arbeitspl\u00e4tzen eingesetzt. Die hohe Festigkeit des Materials und seine <strong>v\u00f6llige<\/strong> <strong>Ungiftigkeit<\/strong> machen es zu einem idealen Material f\u00fcr Umgebungen, die stark von Kindern frequentiert werden.<\/p>\n<p>Polymat Light-Ecken sind mit dem streichbaren Kleber einfach zu installieren <span style=\"color: #ff6600;\"><a style=\"color: #ff6600;\" href=\"https:\/\/www.codexsrl.com\/catalogo\/materiali\/colla-polycoll\/\" target=\"_blank\" rel=\"noopener\">Polycoll<\/a><\/span> oder doppelseitigem Klebstoff.<\/p>\n<h5><a title=\"Polymat Light weiche Eckschoner\" href=\"https:\/\/www.codex-shop.com\/prodotto\/angolari-morbidi-l-polymat\/\" target=\"_blank\" rel=\"noopener\"><strong><span style=\"color: #ff6600;\">Online kaufen \u00bb<\/span><\/strong><\/a><\/h5>\n","protected":false},"featured_media":8237,"template":"","meta":[],"product_cat":[312,488],"product_tag":[],"yoast_head":"<!-- This site is optimized with the Yoast SEO plugin v22.3 - https:\/\/yoast.com\/wordpress\/plugins\/seo\/ -->\n<title>Weiche Polymat-Eckenschoner, L- und U-Ecken | Codex srl<\/title>\n<meta name=\"description\" content=\"Der weiche Eckschutz Polymat Light mit L- und U-f\u00f6rmigem Querschnitt ist dazu bestimmt, Kinder und Erwachsene vor St\u00f6\u00dfen gegen die Kanten von Oberfl\u00e4chen zu sch\u00fctzen.\" \/>\n<meta name=\"robots\" content=\"index, follow, max-snippet:-1, max-image-preview:large, max-video-preview:-1\" \/>\n<link rel=\"canonical\" href=\"https:\/\/www.codexsrl.com\/de\/produkt\/traditionelle-weiche-eckenschuetzer\/\" \/>\n<meta property=\"og:locale\" content=\"de_DE\" \/>\n<meta property=\"og:type\" content=\"article\" \/>\n<meta property=\"og:title\" content=\"Weiche Polymat-Eckenschoner, L- und U-Ecken | Codex srl\" \/>\n<meta property=\"og:description\" content=\"Der weiche Eckschutz Polymat Light mit L- und U-f\u00f6rmigem Querschnitt ist dazu bestimmt, Kinder und Erwachsene vor St\u00f6\u00dfen gegen die Kanten von Oberfl\u00e4chen zu sch\u00fctzen.\" \/>\n<meta property=\"og:url\" content=\"https:\/\/www.codexsrl.com\/de\/produkt\/traditionelle-weiche-eckenschuetzer\/\" \/>\n<meta property=\"og:site_name\" content=\"Codex srl\" \/>\n<meta property=\"article:publisher\" content=\"https:\/\/www.facebook.com\/codexsicurezza\" \/>\n<meta property=\"article:modified_time\" content=\"2024-03-18T15:05:00+00:00\" \/>\n<meta property=\"og:image\" content=\"https:\/\/www.codexsrl.com\/wp-content\/uploads\/2016\/07\/angolari-morbidi-v_codex-srl.jpg\" \/>\n\t<meta property=\"og:image:width\" content=\"900\" \/>\n\t<meta property=\"og:image:height\" content=\"900\" \/>\n\t<meta property=\"og:image:type\" content=\"image\/jpeg\" \/>\n<meta name=\"twitter:card\" content=\"summary_large_image\" \/>\n<script type=\"application\/ld+json\" class=\"yoast-schema-graph\">{\"@context\":\"https:\/\/schema.org\",\"@graph\":[{\"@type\":\"WebPage\",\"@id\":\"https:\/\/www.codexsrl.com\/de\/produkt\/traditionelle-weiche-eckenschuetzer\/\",\"url\":\"https:\/\/www.codexsrl.com\/de\/produkt\/traditionelle-weiche-eckenschuetzer\/\",\"name\":\"Weiche Polymat-Eckenschoner, L- und U-Ecken | Codex srl\",\"isPartOf\":{\"@id\":\"https:\/\/www.codexsrl.com\/de\/#website\"},\"primaryImageOfPage\":{\"@id\":\"https:\/\/www.codexsrl.com\/de\/produkt\/traditionelle-weiche-eckenschuetzer\/#primaryimage\"},\"image\":{\"@id\":\"https:\/\/www.codexsrl.com\/de\/produkt\/traditionelle-weiche-eckenschuetzer\/#primaryimage\"},\"thumbnailUrl\":\"https:\/\/www.codexsrl.com\/wp-content\/uploads\/2016\/07\/angolari-morbidi-v_codex-srl.jpg\",\"datePublished\":\"2016-07-05T10:16:51+00:00\",\"dateModified\":\"2024-03-18T15:05:00+00:00\",\"description\":\"Der weiche Eckschutz Polymat Light mit L- und U-f\u00f6rmigem Querschnitt ist dazu bestimmt, Kinder und Erwachsene vor St\u00f6\u00dfen gegen die Kanten von Oberfl\u00e4chen zu sch\u00fctzen.\",\"breadcrumb\":{\"@id\":\"https:\/\/www.codexsrl.com\/de\/produkt\/traditionelle-weiche-eckenschuetzer\/#breadcrumb\"},\"inLanguage\":\"de\",\"potentialAction\":[{\"@type\":\"ReadAction\",\"target\":[\"https:\/\/www.codexsrl.com\/de\/produkt\/traditionelle-weiche-eckenschuetzer\/\"]}]},{\"@type\":\"ImageObject\",\"inLanguage\":\"de\",\"@id\":\"https:\/\/www.codexsrl.com\/de\/produkt\/traditionelle-weiche-eckenschuetzer\/#primaryimage\",\"url\":\"https:\/\/www.codexsrl.com\/wp-content\/uploads\/2016\/07\/angolari-morbidi-v_codex-srl.jpg\",\"contentUrl\":\"https:\/\/www.codexsrl.com\/wp-content\/uploads\/2016\/07\/angolari-morbidi-v_codex-srl.jpg\",\"width\":900,\"height\":900,\"caption\":\"Weiche Gummi\/EVA-Eckenschoner. L- und U-Profile.\"},{\"@type\":\"BreadcrumbList\",\"@id\":\"https:\/\/www.codexsrl.com\/de\/produkt\/traditionelle-weiche-eckenschuetzer\/#breadcrumb\",\"itemListElement\":[{\"@type\":\"ListItem\",\"position\":1,\"name\":\"Home\",\"item\":\"https:\/\/www.codexsrl.com\/de\/\"},{\"@type\":\"ListItem\",\"position\":2,\"name\":\"Gesamtkatalog\",\"item\":\"https:\/\/www.codexsrl.com\/de\/gesamtkatalog\/\"},{\"@type\":\"ListItem\",\"position\":3,\"name\":\"Traditionelle weiche Eckensch\u00fctzer\"}]},{\"@type\":\"WebSite\",\"@id\":\"https:\/\/www.codexsrl.com\/de\/#website\",\"url\":\"https:\/\/www.codexsrl.com\/de\/\",\"name\":\"Codex srl\",\"description\":\"Sch\u00fctzt und dekoriert\",\"publisher\":{\"@id\":\"https:\/\/www.codexsrl.com\/de\/#organization\"},\"alternateName\":\"Codex Protezioni Antitrauma e Pavimentazioni\",\"potentialAction\":[{\"@type\":\"SearchAction\",\"target\":{\"@type\":\"EntryPoint\",\"urlTemplate\":\"https:\/\/www.codexsrl.com\/de\/?s={search_term_string}\"},\"query-input\":\"required name=search_term_string\"}],\"inLanguage\":\"de\"},{\"@type\":\"Organization\",\"@id\":\"https:\/\/www.codexsrl.com\/de\/#organization\",\"name\":\"Codex srl\",\"alternateName\":\"Codex Protezioni Antitrauma e Pavimentazioni\",\"url\":\"https:\/\/www.codexsrl.com\/de\/\",\"logo\":{\"@type\":\"ImageObject\",\"inLanguage\":\"de\",\"@id\":\"https:\/\/www.codexsrl.com\/de\/#\/schema\/logo\/image\/\",\"url\":\"https:\/\/www.codexsrl.com\/wp-content\/uploads\/2024\/01\/logo-Codex.webp\",\"contentUrl\":\"https:\/\/www.codexsrl.com\/wp-content\/uploads\/2024\/01\/logo-Codex.webp\",\"width\":527,\"height\":143,\"caption\":\"Codex srl\"},\"image\":{\"@id\":\"https:\/\/www.codexsrl.com\/de\/#\/schema\/logo\/image\/\"},\"sameAs\":[\"https:\/\/www.facebook.com\/codexsicurezza\",\"https:\/\/www.instagram.com\/codexsrl\/\",\"https:\/\/www.linkedin.com\/company\/codexsrl\/\"]}]}<\/script>\n<!-- \/ Yoast SEO plugin. -->","yoast_head_json":{"title":"Weiche Polymat-Eckenschoner, L- und U-Ecken | Codex srl","description":"Der weiche Eckschutz Polymat Light mit L- und U-f\u00f6rmigem Querschnitt ist dazu bestimmt, Kinder und Erwachsene vor St\u00f6\u00dfen gegen die Kanten von Oberfl\u00e4chen zu sch\u00fctzen.","robots":{"index":"index","follow":"follow","max-snippet":"max-snippet:-1","max-image-preview":"max-image-preview:large","max-video-preview":"max-video-preview:-1"},"canonical":"https:\/\/www.codexsrl.com\/de\/produkt\/traditionelle-weiche-eckenschuetzer\/","og_locale":"de_DE","og_type":"article","og_title":"Weiche Polymat-Eckenschoner, L- und U-Ecken | Codex srl","og_description":"Der weiche Eckschutz Polymat Light mit L- und U-f\u00f6rmigem Querschnitt ist dazu bestimmt, Kinder und Erwachsene vor St\u00f6\u00dfen gegen die Kanten von Oberfl\u00e4chen zu sch\u00fctzen.","og_url":"https:\/\/www.codexsrl.com\/de\/produkt\/traditionelle-weiche-eckenschuetzer\/","og_site_name":"Codex srl","article_publisher":"https:\/\/www.facebook.com\/codexsicurezza","article_modified_time":"2024-03-18T15:05:00+00:00","og_image":[{"width":900,"height":900,"url":"https:\/\/www.codexsrl.com\/wp-content\/uploads\/2016\/07\/angolari-morbidi-v_codex-srl.jpg","type":"image\/jpeg"}],"twitter_card":"summary_large_image","schema":{"@context":"https:\/\/schema.org","@graph":[{"@type":"WebPage","@id":"https:\/\/www.codexsrl.com\/de\/produkt\/traditionelle-weiche-eckenschuetzer\/","url":"https:\/\/www.codexsrl.com\/de\/produkt\/traditionelle-weiche-eckenschuetzer\/","name":"Weiche Polymat-Eckenschoner, L- und U-Ecken | Codex srl","isPartOf":{"@id":"https:\/\/www.codexsrl.com\/de\/#website"},"primaryImageOfPage":{"@id":"https:\/\/www.codexsrl.com\/de\/produkt\/traditionelle-weiche-eckenschuetzer\/#primaryimage"},"image":{"@id":"https:\/\/www.codexsrl.com\/de\/produkt\/traditionelle-weiche-eckenschuetzer\/#primaryimage"},"thumbnailUrl":"https:\/\/www.codexsrl.com\/wp-content\/uploads\/2016\/07\/angolari-morbidi-v_codex-srl.jpg","datePublished":"2016-07-05T10:16:51+00:00","dateModified":"2024-03-18T15:05:00+00:00","description":"Der weiche Eckschutz Polymat Light mit L- und U-f\u00f6rmigem Querschnitt ist dazu bestimmt, Kinder und Erwachsene vor St\u00f6\u00dfen gegen die Kanten von Oberfl\u00e4chen zu sch\u00fctzen.","breadcrumb":{"@id":"https:\/\/www.codexsrl.com\/de\/produkt\/traditionelle-weiche-eckenschuetzer\/#breadcrumb"},"inLanguage":"de","potentialAction":[{"@type":"ReadAction","target":["https:\/\/www.codexsrl.com\/de\/produkt\/traditionelle-weiche-eckenschuetzer\/"]}]},{"@type":"ImageObject","inLanguage":"de","@id":"https:\/\/www.codexsrl.com\/de\/produkt\/traditionelle-weiche-eckenschuetzer\/#primaryimage","url":"https:\/\/www.codexsrl.com\/wp-content\/uploads\/2016\/07\/angolari-morbidi-v_codex-srl.jpg","contentUrl":"https:\/\/www.codexsrl.com\/wp-content\/uploads\/2016\/07\/angolari-morbidi-v_codex-srl.jpg","width":900,"height":900,"caption":"Weiche Gummi\/EVA-Eckenschoner. L- und U-Profile."},{"@type":"BreadcrumbList","@id":"https:\/\/www.codexsrl.com\/de\/produkt\/traditionelle-weiche-eckenschuetzer\/#breadcrumb","itemListElement":[{"@type":"ListItem","position":1,"name":"Home","item":"https:\/\/www.codexsrl.com\/de\/"},{"@type":"ListItem","position":2,"name":"Gesamtkatalog","item":"https:\/\/www.codexsrl.com\/de\/gesamtkatalog\/"},{"@type":"ListItem","position":3,"name":"Traditionelle weiche Eckensch\u00fctzer"}]},{"@type":"WebSite","@id":"https:\/\/www.codexsrl.com\/de\/#website","url":"https:\/\/www.codexsrl.com\/de\/","name":"Codex srl","description":"Sch\u00fctzt und dekoriert","publisher":{"@id":"https:\/\/www.codexsrl.com\/de\/#organization"},"alternateName":"Codex Protezioni Antitrauma e Pavimentazioni","potentialAction":[{"@type":"SearchAction","target":{"@type":"EntryPoint","urlTemplate":"https:\/\/www.codexsrl.com\/de\/?s={search_term_string}"},"query-input":"required name=search_term_string"}],"inLanguage":"de"},{"@type":"Organization","@id":"https:\/\/www.codexsrl.com\/de\/#organization","name":"Codex srl","alternateName":"Codex Protezioni Antitrauma e Pavimentazioni","url":"https:\/\/www.codexsrl.com\/de\/","logo":{"@type":"ImageObject","inLanguage":"de","@id":"https:\/\/www.codexsrl.com\/de\/#\/schema\/logo\/image\/","url":"https:\/\/www.codexsrl.com\/wp-content\/uploads\/2024\/01\/logo-Codex.webp","contentUrl":"https:\/\/www.codexsrl.com\/wp-content\/uploads\/2024\/01\/logo-Codex.webp","width":527,"height":143,"caption":"Codex srl"},"image":{"@id":"https:\/\/www.codexsrl.com\/de\/#\/schema\/logo\/image\/"},"sameAs":["https:\/\/www.facebook.com\/codexsicurezza","https:\/\/www.instagram.com\/codexsrl\/","https:\/\/www.linkedin.com\/company\/codexsrl\/"]}]}},"_links":{"self":[{"href":"https:\/\/www.codexsrl.com\/de\/wp-json\/wp\/v2\/product\/9954"}],"collection":[{"href":"https:\/\/www.codexsrl.com\/de\/wp-json\/wp\/v2\/product"}],"about":[{"href":"https:\/\/www.codexsrl.com\/de\/wp-json\/wp\/v2\/types\/product"}],"wp:featuredmedia":[{"embeddable":true,"href":"https:\/\/www.codexsrl.com\/de\/wp-json\/wp\/v2\/media\/8237"}],"wp:attachment":[{"href":"https:\/\/www.codexsrl.com\/de\/wp-json\/wp\/v2\/media?parent=9954"}],"wp:term":[{"taxonomy":"product_cat","embeddable":true,"href":"https:\/\/www.codexsrl.com\/de\/wp-json\/wp\/v2\/product_cat?post=9954"},{"taxonomy":"product_tag","embeddable":true,"href":"https:\/\/www.codexsrl.com\/de\/wp-json\/wp\/v2\/product_tag?post=9954"}],"curies":[{"name":"wp","href":"https:\/\/api.w.org\/{rel}","templated":true}]}}