{"id":9955,"date":"2016-07-06T16:14:24","date_gmt":"2016-07-06T14:14:24","guid":{"rendered":"http:\/\/codexsrl.com.94-76-252-100.web-agency-padova.it\/catalogo\/unkategorisiert\/innen-und-aussentore\/"},"modified":"2024-03-18T15:47:19","modified_gmt":"2024-03-18T14:47:19","slug":"innen-und-aussentore","status":"publish","type":"product","link":"https:\/\/www.codexsrl.com\/de\/produkt\/innen-und-aussentore\/","title":{"rendered":"Innen- und Au\u00dfentore"},"content":{"rendered":"<h4><strong>Ma\u00dfgeschneiderte Kindertore<\/strong><\/h4>\n<p><strong>Kinderschutzgitter<\/strong> aus <span style=\"color: #ff6600;\"><br \/>\n  <a style=\"color: #ff6600;\" href=\"https:\/\/www.codexsrl.com\/de\/katalog\/materialdatenblatter\/aaa-roehre\/\" target=\"_blank\" rel=\"noopener\">AAA-Kunststoffrohr<\/a><br \/>\n<\/span> (ungiftig, sto\u00dffest, splitterfrei), auf Wunsch mit weichen E.V.A.-Sto\u00dfd\u00e4mpfern f\u00fcr erh\u00f6hten Aufprallschutz.<\/p>\n<p>Im Gegensatz zu anderen handels\u00fcblichen Kunststoffschl\u00e4uchen \u00fcbersteht unser AAA-Schlauch auch den Hammertest: Einmal getroffen, verformt er sich, bricht aber nicht.<\/p>\n<p>Unsere Kindertore k\u00f6nnen <strong>sowohl im Innen- als auch im Au\u00dfenbereich<\/strong> installiert werden, sowohl im \u00f6ffentlichen Bereich (Kinderg\u00e4rten, Grundschulen, Spielpl\u00e4tze) als auch im privaten Bereich.<\/p>\n<p>Sie werden nach den Bed\u00fcrfnissen des Kunden ma\u00dfgeschneidert und einbaufertig geliefert. Eine breite Palette von Farben ist verf\u00fcgbar.<br \/>\nDie Tore wurden gem\u00e4\u00df UNI 10809:1999 (Punkt 3.3) auf die<strong>Unzug\u00e4nglichkeit von Gel\u00e4ndern<\/strong> gepr\u00fcft.<\/p>\n","protected":false},"excerpt":{"rendered":"<p>Sicherheitsgitter sind ideal <strong>, um den Zugang von Kindern zu bestimmten Bereichen zu beschr\u00e4nken<\/strong> (Treppen, Flure, Schlafbereiche, G\u00e4rten usw.).<br \/>\nSpeziell f\u00fcr den Einsatz in der Schule und zu Hause entwickelt. Sie k\u00f6nnen auch als erg\u00e4nzendes Zubeh\u00f6r f\u00fcr <span style=\"color: #ff6600;\"><a style=\"color: #ff6600;\" href=\"https:\/\/www.codexsrl.com\/catalogo\/protezioni-antitrauma\/box-per-bambini-recinzioni\/\" target=\"_blank\" rel=\"noopener\">K\u00e4sten und Z\u00e4une<\/a><\/span>.<\/p>\n<p>Unsere Sicherheitsgitter werden nach Ma\u00df gefertigt <strong>und bereits montiert geliefert<\/strong>. Sie k\u00f6nnen mit Hilfe von Halterungen, die nur von Erwachsenen ge\u00f6ffnet werden k\u00f6nnen, einfach an der Wand befestigt werden.<\/p>\n<p>Das Produkt wurde konform hergestellt:<br \/>\n&#8211; nach der Norm <strong>UNI 10809:1999<\/strong> 3.3 Unl\u00f6sbarkeit &#8211; 3.2 Skalierbarkeit &#8211; 3.4 Handlauf-Unl\u00f6sbarkeit, 4. Mechanische Leistung<br \/>\n&#8211; nach <strong>UNI 9177<\/strong> Brandverhaltensklasse<\/p>\n","protected":false},"featured_media":9431,"template":"","meta":[],"product_cat":[356,484],"product_tag":[],"yoast_head":"<!-- This site is optimized with the Yoast SEO plugin v22.3 - https:\/\/yoast.com\/wordpress\/plugins\/seo\/ -->\n<title>Sicherheitsschleusen f\u00fcr den Innen- und Au\u00dfenbereich | Codex srl<\/title>\n<meta name=\"description\" content=\"Kindersicherheitsgitter aus ungiftigen, sto\u00dffesten Kunststoffrohren mit Sto\u00dfd\u00e4mpfern f\u00fcr zus\u00e4tzlichen Aufprallschutz.\" \/>\n<meta name=\"robots\" content=\"index, follow, max-snippet:-1, max-image-preview:large, max-video-preview:-1\" \/>\n<link rel=\"canonical\" href=\"https:\/\/www.codexsrl.com\/de\/produkt\/innen-und-aussentore\/\" \/>\n<meta property=\"og:locale\" content=\"de_DE\" \/>\n<meta property=\"og:type\" content=\"article\" \/>\n<meta property=\"og:title\" content=\"Sicherheitsschleusen f\u00fcr den Innen- und Au\u00dfenbereich | Codex srl\" \/>\n<meta property=\"og:description\" content=\"Kindersicherheitsgitter aus ungiftigen, sto\u00dffesten Kunststoffrohren mit Sto\u00dfd\u00e4mpfern f\u00fcr zus\u00e4tzlichen Aufprallschutz.\" \/>\n<meta property=\"og:url\" content=\"https:\/\/www.codexsrl.com\/de\/produkt\/innen-und-aussentore\/\" \/>\n<meta property=\"og:site_name\" content=\"Codex srl\" \/>\n<meta property=\"article:publisher\" content=\"https:\/\/www.facebook.com\/codexsicurezza\" \/>\n<meta property=\"article:modified_time\" content=\"2024-03-18T14:47:19+00:00\" \/>\n<meta property=\"og:image\" content=\"https:\/\/www.codexsrl.com\/wp-content\/uploads\/2016\/07\/IMG_20220830_114854.jpg\" \/>\n\t<meta property=\"og:image:width\" content=\"675\" \/>\n\t<meta property=\"og:image:height\" content=\"900\" \/>\n\t<meta property=\"og:image:type\" content=\"image\/jpeg\" \/>\n<meta name=\"twitter:card\" content=\"summary_large_image\" \/>\n<meta name=\"twitter:label1\" content=\"Gesch\u00e4tzte Lesezeit\" \/>\n\t<meta name=\"twitter:data1\" content=\"1\u00a0Minute\" \/>\n<script type=\"application\/ld+json\" class=\"yoast-schema-graph\">{\"@context\":\"https:\/\/schema.org\",\"@graph\":[{\"@type\":\"WebPage\",\"@id\":\"https:\/\/www.codexsrl.com\/de\/produkt\/innen-und-aussentore\/\",\"url\":\"https:\/\/www.codexsrl.com\/de\/produkt\/innen-und-aussentore\/\",\"name\":\"Sicherheitsschleusen f\u00fcr den Innen- und Au\u00dfenbereich | Codex srl\",\"isPartOf\":{\"@id\":\"https:\/\/www.codexsrl.com\/de\/#website\"},\"primaryImageOfPage\":{\"@id\":\"https:\/\/www.codexsrl.com\/de\/produkt\/innen-und-aussentore\/#primaryimage\"},\"image\":{\"@id\":\"https:\/\/www.codexsrl.com\/de\/produkt\/innen-und-aussentore\/#primaryimage\"},\"thumbnailUrl\":\"https:\/\/www.codexsrl.com\/wp-content\/uploads\/2016\/07\/IMG_20220830_114854.jpg\",\"datePublished\":\"2016-07-06T14:14:24+00:00\",\"dateModified\":\"2024-03-18T14:47:19+00:00\",\"description\":\"Kindersicherheitsgitter aus ungiftigen, sto\u00dffesten Kunststoffrohren mit Sto\u00dfd\u00e4mpfern f\u00fcr zus\u00e4tzlichen Aufprallschutz.\",\"breadcrumb\":{\"@id\":\"https:\/\/www.codexsrl.com\/de\/produkt\/innen-und-aussentore\/#breadcrumb\"},\"inLanguage\":\"de\",\"potentialAction\":[{\"@type\":\"ReadAction\",\"target\":[\"https:\/\/www.codexsrl.com\/de\/produkt\/innen-und-aussentore\/\"]}]},{\"@type\":\"ImageObject\",\"inLanguage\":\"de\",\"@id\":\"https:\/\/www.codexsrl.com\/de\/produkt\/innen-und-aussentore\/#primaryimage\",\"url\":\"https:\/\/www.codexsrl.com\/wp-content\/uploads\/2016\/07\/IMG_20220830_114854.jpg\",\"contentUrl\":\"https:\/\/www.codexsrl.com\/wp-content\/uploads\/2016\/07\/IMG_20220830_114854.jpg\",\"width\":675,\"height\":900,\"caption\":\"cancelletti di sicurezza\"},{\"@type\":\"BreadcrumbList\",\"@id\":\"https:\/\/www.codexsrl.com\/de\/produkt\/innen-und-aussentore\/#breadcrumb\",\"itemListElement\":[{\"@type\":\"ListItem\",\"position\":1,\"name\":\"Home\",\"item\":\"https:\/\/www.codexsrl.com\/de\/\"},{\"@type\":\"ListItem\",\"position\":2,\"name\":\"Gesamtkatalog\",\"item\":\"https:\/\/www.codexsrl.com\/de\/gesamtkatalog\/\"},{\"@type\":\"ListItem\",\"position\":3,\"name\":\"Innen- und Au\u00dfentore\"}]},{\"@type\":\"WebSite\",\"@id\":\"https:\/\/www.codexsrl.com\/de\/#website\",\"url\":\"https:\/\/www.codexsrl.com\/de\/\",\"name\":\"Codex srl\",\"description\":\"Sch\u00fctzt und dekoriert\",\"publisher\":{\"@id\":\"https:\/\/www.codexsrl.com\/de\/#organization\"},\"alternateName\":\"Codex Protezioni Antitrauma e Pavimentazioni\",\"potentialAction\":[{\"@type\":\"SearchAction\",\"target\":{\"@type\":\"EntryPoint\",\"urlTemplate\":\"https:\/\/www.codexsrl.com\/de\/?s={search_term_string}\"},\"query-input\":\"required name=search_term_string\"}],\"inLanguage\":\"de\"},{\"@type\":\"Organization\",\"@id\":\"https:\/\/www.codexsrl.com\/de\/#organization\",\"name\":\"Codex srl\",\"alternateName\":\"Codex Protezioni Antitrauma e Pavimentazioni\",\"url\":\"https:\/\/www.codexsrl.com\/de\/\",\"logo\":{\"@type\":\"ImageObject\",\"inLanguage\":\"de\",\"@id\":\"https:\/\/www.codexsrl.com\/de\/#\/schema\/logo\/image\/\",\"url\":\"https:\/\/www.codexsrl.com\/wp-content\/uploads\/2024\/01\/logo-Codex.webp\",\"contentUrl\":\"https:\/\/www.codexsrl.com\/wp-content\/uploads\/2024\/01\/logo-Codex.webp\",\"width\":527,\"height\":143,\"caption\":\"Codex srl\"},\"image\":{\"@id\":\"https:\/\/www.codexsrl.com\/de\/#\/schema\/logo\/image\/\"},\"sameAs\":[\"https:\/\/www.facebook.com\/codexsicurezza\",\"https:\/\/www.instagram.com\/codexsrl\/\",\"https:\/\/www.linkedin.com\/company\/codexsrl\/\"]}]}<\/script>\n<!-- \/ Yoast SEO plugin. -->","yoast_head_json":{"title":"Sicherheitsschleusen f\u00fcr den Innen- und Au\u00dfenbereich | Codex srl","description":"Kindersicherheitsgitter aus ungiftigen, sto\u00dffesten Kunststoffrohren mit Sto\u00dfd\u00e4mpfern f\u00fcr zus\u00e4tzlichen Aufprallschutz.","robots":{"index":"index","follow":"follow","max-snippet":"max-snippet:-1","max-image-preview":"max-image-preview:large","max-video-preview":"max-video-preview:-1"},"canonical":"https:\/\/www.codexsrl.com\/de\/produkt\/innen-und-aussentore\/","og_locale":"de_DE","og_type":"article","og_title":"Sicherheitsschleusen f\u00fcr den Innen- und Au\u00dfenbereich | Codex srl","og_description":"Kindersicherheitsgitter aus ungiftigen, sto\u00dffesten Kunststoffrohren mit Sto\u00dfd\u00e4mpfern f\u00fcr zus\u00e4tzlichen Aufprallschutz.","og_url":"https:\/\/www.codexsrl.com\/de\/produkt\/innen-und-aussentore\/","og_site_name":"Codex srl","article_publisher":"https:\/\/www.facebook.com\/codexsicurezza","article_modified_time":"2024-03-18T14:47:19+00:00","og_image":[{"width":675,"height":900,"url":"https:\/\/www.codexsrl.com\/wp-content\/uploads\/2016\/07\/IMG_20220830_114854.jpg","type":"image\/jpeg"}],"twitter_card":"summary_large_image","twitter_misc":{"Gesch\u00e4tzte Lesezeit":"1\u00a0Minute"},"schema":{"@context":"https:\/\/schema.org","@graph":[{"@type":"WebPage","@id":"https:\/\/www.codexsrl.com\/de\/produkt\/innen-und-aussentore\/","url":"https:\/\/www.codexsrl.com\/de\/produkt\/innen-und-aussentore\/","name":"Sicherheitsschleusen f\u00fcr den Innen- und Au\u00dfenbereich | Codex srl","isPartOf":{"@id":"https:\/\/www.codexsrl.com\/de\/#website"},"primaryImageOfPage":{"@id":"https:\/\/www.codexsrl.com\/de\/produkt\/innen-und-aussentore\/#primaryimage"},"image":{"@id":"https:\/\/www.codexsrl.com\/de\/produkt\/innen-und-aussentore\/#primaryimage"},"thumbnailUrl":"https:\/\/www.codexsrl.com\/wp-content\/uploads\/2016\/07\/IMG_20220830_114854.jpg","datePublished":"2016-07-06T14:14:24+00:00","dateModified":"2024-03-18T14:47:19+00:00","description":"Kindersicherheitsgitter aus ungiftigen, sto\u00dffesten Kunststoffrohren mit Sto\u00dfd\u00e4mpfern f\u00fcr zus\u00e4tzlichen Aufprallschutz.","breadcrumb":{"@id":"https:\/\/www.codexsrl.com\/de\/produkt\/innen-und-aussentore\/#breadcrumb"},"inLanguage":"de","potentialAction":[{"@type":"ReadAction","target":["https:\/\/www.codexsrl.com\/de\/produkt\/innen-und-aussentore\/"]}]},{"@type":"ImageObject","inLanguage":"de","@id":"https:\/\/www.codexsrl.com\/de\/produkt\/innen-und-aussentore\/#primaryimage","url":"https:\/\/www.codexsrl.com\/wp-content\/uploads\/2016\/07\/IMG_20220830_114854.jpg","contentUrl":"https:\/\/www.codexsrl.com\/wp-content\/uploads\/2016\/07\/IMG_20220830_114854.jpg","width":675,"height":900,"caption":"cancelletti di sicurezza"},{"@type":"BreadcrumbList","@id":"https:\/\/www.codexsrl.com\/de\/produkt\/innen-und-aussentore\/#breadcrumb","itemListElement":[{"@type":"ListItem","position":1,"name":"Home","item":"https:\/\/www.codexsrl.com\/de\/"},{"@type":"ListItem","position":2,"name":"Gesamtkatalog","item":"https:\/\/www.codexsrl.com\/de\/gesamtkatalog\/"},{"@type":"ListItem","position":3,"name":"Innen- und Au\u00dfentore"}]},{"@type":"WebSite","@id":"https:\/\/www.codexsrl.com\/de\/#website","url":"https:\/\/www.codexsrl.com\/de\/","name":"Codex srl","description":"Sch\u00fctzt und dekoriert","publisher":{"@id":"https:\/\/www.codexsrl.com\/de\/#organization"},"alternateName":"Codex Protezioni Antitrauma e Pavimentazioni","potentialAction":[{"@type":"SearchAction","target":{"@type":"EntryPoint","urlTemplate":"https:\/\/www.codexsrl.com\/de\/?s={search_term_string}"},"query-input":"required name=search_term_string"}],"inLanguage":"de"},{"@type":"Organization","@id":"https:\/\/www.codexsrl.com\/de\/#organization","name":"Codex srl","alternateName":"Codex Protezioni Antitrauma e Pavimentazioni","url":"https:\/\/www.codexsrl.com\/de\/","logo":{"@type":"ImageObject","inLanguage":"de","@id":"https:\/\/www.codexsrl.com\/de\/#\/schema\/logo\/image\/","url":"https:\/\/www.codexsrl.com\/wp-content\/uploads\/2024\/01\/logo-Codex.webp","contentUrl":"https:\/\/www.codexsrl.com\/wp-content\/uploads\/2024\/01\/logo-Codex.webp","width":527,"height":143,"caption":"Codex srl"},"image":{"@id":"https:\/\/www.codexsrl.com\/de\/#\/schema\/logo\/image\/"},"sameAs":["https:\/\/www.facebook.com\/codexsicurezza","https:\/\/www.instagram.com\/codexsrl\/","https:\/\/www.linkedin.com\/company\/codexsrl\/"]}]}},"_links":{"self":[{"href":"https:\/\/www.codexsrl.com\/de\/wp-json\/wp\/v2\/product\/9955"}],"collection":[{"href":"https:\/\/www.codexsrl.com\/de\/wp-json\/wp\/v2\/product"}],"about":[{"href":"https:\/\/www.codexsrl.com\/de\/wp-json\/wp\/v2\/types\/product"}],"wp:featuredmedia":[{"embeddable":true,"href":"https:\/\/www.codexsrl.com\/de\/wp-json\/wp\/v2\/media\/9431"}],"wp:attachment":[{"href":"https:\/\/www.codexsrl.com\/de\/wp-json\/wp\/v2\/media?parent=9955"}],"wp:term":[{"taxonomy":"product_cat","embeddable":true,"href":"https:\/\/www.codexsrl.com\/de\/wp-json\/wp\/v2\/product_cat?post=9955"},{"taxonomy":"product_tag","embeddable":true,"href":"https:\/\/www.codexsrl.com\/de\/wp-json\/wp\/v2\/product_tag?post=9955"}],"curies":[{"name":"wp","href":"https:\/\/api.w.org\/{rel}","templated":true}]}}