{"id":9963,"date":"2016-07-06T16:18:31","date_gmt":"2016-07-06T14:18:31","guid":{"rendered":"http:\/\/codexsrl.com.94-76-252-100.web-agency-padova.it\/catalogo\/unkategorisiert\/laufstaelle-und-zaeune-fuer-kinder\/"},"modified":"2024-03-18T18:42:40","modified_gmt":"2024-03-18T17:42:40","slug":"laufstaelle-und-zaeune-fuer-kinder","status":"publish","type":"product","link":"https:\/\/www.codexsrl.com\/de\/produkt\/laufstaelle-und-zaeune-fuer-kinder\/","title":{"rendered":"Laufst\u00e4lle und Z\u00e4une f\u00fcr Kinder"},"content":{"rendered":"","protected":false},"excerpt":{"rendered":"<p><strong>Kinderlaufst\u00e4lle<\/strong> aus ungiftigem, sto\u00dffestem und splitterfreiem Kunststoffrohr (A.A.A.), optional mit einem Sicherheitstor mit Verriegelung, das nur von Erwachsenen ge\u00f6ffnet werden kann.<\/p>\n<p>Besonders geeignet f\u00fcr Schulen, Privathaushalte, Gastst\u00e4tten und gewerbliche Einrichtungen (Restaurants, Gesch\u00e4fte, Einkaufszentren, Hotels).<\/p>\n<p>Unsere Laufst\u00e4lle werden komplett nach Ma\u00df gefertigt und fertig montiert geliefert, so dass sie leicht angebracht werden k\u00f6nnen. Erh\u00e4ltlich in verschiedenen Modellen und Farben.<\/p>\n<p>Das Produkt ist nach den folgenden Normen zertifiziert:<br \/>\n&#8211; <strong>UNI 10809:1999<\/strong><br \/>\n3.2 Skalierbarkeit<br \/>\n3.3 Unl\u00f6sbarkeit<br \/>\n3.4 Unanfechtbarkeit von Handl\u00e4ufen<br \/>\n4. Mechanische Leistung<br \/>\n&#8211; <strong>UNI 9177<\/strong> Brandverhaltensklasse (Klasse 1)<\/p>\n","protected":false},"featured_media":9013,"template":"","meta":[],"product_cat":[356,484],"product_tag":[],"yoast_head":"<!-- This site is optimized with the Yoast SEO plugin v22.3 - https:\/\/yoast.com\/wordpress\/plugins\/seo\/ -->\n<title>Gigabox Z\u00e4une und Laufst\u00e4lle, Sicherheit | Codex srl<\/title>\n<meta name=\"description\" content=\"Gigabox, Kinderlaufstall aus ungiftigem, sto\u00dfd\u00e4mpfendem Material mit Sto\u00dfd\u00e4mpfern und einem Sicherheitstor.\" \/>\n<meta name=\"robots\" content=\"index, follow, max-snippet:-1, max-image-preview:large, max-video-preview:-1\" \/>\n<link rel=\"canonical\" href=\"https:\/\/www.codexsrl.com\/de\/produkt\/laufstaelle-und-zaeune-fuer-kinder\/\" \/>\n<meta property=\"og:locale\" content=\"de_DE\" \/>\n<meta property=\"og:type\" content=\"article\" \/>\n<meta property=\"og:title\" content=\"Gigabox Z\u00e4une und Laufst\u00e4lle, Sicherheit | Codex srl\" \/>\n<meta property=\"og:description\" content=\"Gigabox, Kinderlaufstall aus ungiftigem, sto\u00dfd\u00e4mpfendem Material mit Sto\u00dfd\u00e4mpfern und einem Sicherheitstor.\" \/>\n<meta property=\"og:url\" content=\"https:\/\/www.codexsrl.com\/de\/produkt\/laufstaelle-und-zaeune-fuer-kinder\/\" \/>\n<meta property=\"og:site_name\" content=\"Codex srl\" \/>\n<meta property=\"article:publisher\" content=\"https:\/\/www.facebook.com\/codexsicurezza\" \/>\n<meta property=\"article:modified_time\" content=\"2024-03-18T17:42:40+00:00\" \/>\n<meta property=\"og:image\" content=\"https:\/\/www.codexsrl.com\/wp-content\/uploads\/2016\/07\/box-per-bambini-su-misura_codexsrl.jpg\" \/>\n\t<meta property=\"og:image:width\" content=\"900\" \/>\n\t<meta property=\"og:image:height\" content=\"675\" \/>\n\t<meta property=\"og:image:type\" content=\"image\/jpeg\" \/>\n<meta name=\"twitter:card\" content=\"summary_large_image\" \/>\n<script type=\"application\/ld+json\" class=\"yoast-schema-graph\">{\"@context\":\"https:\/\/schema.org\",\"@graph\":[{\"@type\":\"WebPage\",\"@id\":\"https:\/\/www.codexsrl.com\/de\/produkt\/laufstaelle-und-zaeune-fuer-kinder\/\",\"url\":\"https:\/\/www.codexsrl.com\/de\/produkt\/laufstaelle-und-zaeune-fuer-kinder\/\",\"name\":\"Gigabox Z\u00e4une und Laufst\u00e4lle, Sicherheit | Codex srl\",\"isPartOf\":{\"@id\":\"https:\/\/www.codexsrl.com\/de\/#website\"},\"primaryImageOfPage\":{\"@id\":\"https:\/\/www.codexsrl.com\/de\/produkt\/laufstaelle-und-zaeune-fuer-kinder\/#primaryimage\"},\"image\":{\"@id\":\"https:\/\/www.codexsrl.com\/de\/produkt\/laufstaelle-und-zaeune-fuer-kinder\/#primaryimage\"},\"thumbnailUrl\":\"https:\/\/www.codexsrl.com\/wp-content\/uploads\/2016\/07\/box-per-bambini-su-misura_codexsrl.jpg\",\"datePublished\":\"2016-07-06T14:18:31+00:00\",\"dateModified\":\"2024-03-18T17:42:40+00:00\",\"description\":\"Gigabox, Kinderlaufstall aus ungiftigem, sto\u00dfd\u00e4mpfendem Material mit Sto\u00dfd\u00e4mpfern und einem Sicherheitstor.\",\"breadcrumb\":{\"@id\":\"https:\/\/www.codexsrl.com\/de\/produkt\/laufstaelle-und-zaeune-fuer-kinder\/#breadcrumb\"},\"inLanguage\":\"de\",\"potentialAction\":[{\"@type\":\"ReadAction\",\"target\":[\"https:\/\/www.codexsrl.com\/de\/produkt\/laufstaelle-und-zaeune-fuer-kinder\/\"]}]},{\"@type\":\"ImageObject\",\"inLanguage\":\"de\",\"@id\":\"https:\/\/www.codexsrl.com\/de\/produkt\/laufstaelle-und-zaeune-fuer-kinder\/#primaryimage\",\"url\":\"https:\/\/www.codexsrl.com\/wp-content\/uploads\/2016\/07\/box-per-bambini-su-misura_codexsrl.jpg\",\"contentUrl\":\"https:\/\/www.codexsrl.com\/wp-content\/uploads\/2016\/07\/box-per-bambini-su-misura_codexsrl.jpg\",\"width\":900,\"height\":675,\"caption\":\"Laufstall\"},{\"@type\":\"BreadcrumbList\",\"@id\":\"https:\/\/www.codexsrl.com\/de\/produkt\/laufstaelle-und-zaeune-fuer-kinder\/#breadcrumb\",\"itemListElement\":[{\"@type\":\"ListItem\",\"position\":1,\"name\":\"Home\",\"item\":\"https:\/\/www.codexsrl.com\/de\/\"},{\"@type\":\"ListItem\",\"position\":2,\"name\":\"Gesamtkatalog\",\"item\":\"https:\/\/www.codexsrl.com\/de\/gesamtkatalog\/\"},{\"@type\":\"ListItem\",\"position\":3,\"name\":\"Laufst\u00e4lle und Z\u00e4une f\u00fcr Kinder\"}]},{\"@type\":\"WebSite\",\"@id\":\"https:\/\/www.codexsrl.com\/de\/#website\",\"url\":\"https:\/\/www.codexsrl.com\/de\/\",\"name\":\"Codex srl\",\"description\":\"Sch\u00fctzt und dekoriert\",\"publisher\":{\"@id\":\"https:\/\/www.codexsrl.com\/de\/#organization\"},\"alternateName\":\"Codex Protezioni Antitrauma e Pavimentazioni\",\"potentialAction\":[{\"@type\":\"SearchAction\",\"target\":{\"@type\":\"EntryPoint\",\"urlTemplate\":\"https:\/\/www.codexsrl.com\/de\/?s={search_term_string}\"},\"query-input\":\"required name=search_term_string\"}],\"inLanguage\":\"de\"},{\"@type\":\"Organization\",\"@id\":\"https:\/\/www.codexsrl.com\/de\/#organization\",\"name\":\"Codex srl\",\"alternateName\":\"Codex Protezioni Antitrauma e Pavimentazioni\",\"url\":\"https:\/\/www.codexsrl.com\/de\/\",\"logo\":{\"@type\":\"ImageObject\",\"inLanguage\":\"de\",\"@id\":\"https:\/\/www.codexsrl.com\/de\/#\/schema\/logo\/image\/\",\"url\":\"https:\/\/www.codexsrl.com\/wp-content\/uploads\/2024\/01\/logo-Codex.webp\",\"contentUrl\":\"https:\/\/www.codexsrl.com\/wp-content\/uploads\/2024\/01\/logo-Codex.webp\",\"width\":527,\"height\":143,\"caption\":\"Codex srl\"},\"image\":{\"@id\":\"https:\/\/www.codexsrl.com\/de\/#\/schema\/logo\/image\/\"},\"sameAs\":[\"https:\/\/www.facebook.com\/codexsicurezza\",\"https:\/\/www.instagram.com\/codexsrl\/\",\"https:\/\/www.linkedin.com\/company\/codexsrl\/\"]}]}<\/script>\n<!-- \/ Yoast SEO plugin. -->","yoast_head_json":{"title":"Gigabox Z\u00e4une und Laufst\u00e4lle, Sicherheit | Codex srl","description":"Gigabox, Kinderlaufstall aus ungiftigem, sto\u00dfd\u00e4mpfendem Material mit Sto\u00dfd\u00e4mpfern und einem Sicherheitstor.","robots":{"index":"index","follow":"follow","max-snippet":"max-snippet:-1","max-image-preview":"max-image-preview:large","max-video-preview":"max-video-preview:-1"},"canonical":"https:\/\/www.codexsrl.com\/de\/produkt\/laufstaelle-und-zaeune-fuer-kinder\/","og_locale":"de_DE","og_type":"article","og_title":"Gigabox Z\u00e4une und Laufst\u00e4lle, Sicherheit | Codex srl","og_description":"Gigabox, Kinderlaufstall aus ungiftigem, sto\u00dfd\u00e4mpfendem Material mit Sto\u00dfd\u00e4mpfern und einem Sicherheitstor.","og_url":"https:\/\/www.codexsrl.com\/de\/produkt\/laufstaelle-und-zaeune-fuer-kinder\/","og_site_name":"Codex srl","article_publisher":"https:\/\/www.facebook.com\/codexsicurezza","article_modified_time":"2024-03-18T17:42:40+00:00","og_image":[{"width":900,"height":675,"url":"https:\/\/www.codexsrl.com\/wp-content\/uploads\/2016\/07\/box-per-bambini-su-misura_codexsrl.jpg","type":"image\/jpeg"}],"twitter_card":"summary_large_image","schema":{"@context":"https:\/\/schema.org","@graph":[{"@type":"WebPage","@id":"https:\/\/www.codexsrl.com\/de\/produkt\/laufstaelle-und-zaeune-fuer-kinder\/","url":"https:\/\/www.codexsrl.com\/de\/produkt\/laufstaelle-und-zaeune-fuer-kinder\/","name":"Gigabox Z\u00e4une und Laufst\u00e4lle, Sicherheit | Codex srl","isPartOf":{"@id":"https:\/\/www.codexsrl.com\/de\/#website"},"primaryImageOfPage":{"@id":"https:\/\/www.codexsrl.com\/de\/produkt\/laufstaelle-und-zaeune-fuer-kinder\/#primaryimage"},"image":{"@id":"https:\/\/www.codexsrl.com\/de\/produkt\/laufstaelle-und-zaeune-fuer-kinder\/#primaryimage"},"thumbnailUrl":"https:\/\/www.codexsrl.com\/wp-content\/uploads\/2016\/07\/box-per-bambini-su-misura_codexsrl.jpg","datePublished":"2016-07-06T14:18:31+00:00","dateModified":"2024-03-18T17:42:40+00:00","description":"Gigabox, Kinderlaufstall aus ungiftigem, sto\u00dfd\u00e4mpfendem Material mit Sto\u00dfd\u00e4mpfern und einem Sicherheitstor.","breadcrumb":{"@id":"https:\/\/www.codexsrl.com\/de\/produkt\/laufstaelle-und-zaeune-fuer-kinder\/#breadcrumb"},"inLanguage":"de","potentialAction":[{"@type":"ReadAction","target":["https:\/\/www.codexsrl.com\/de\/produkt\/laufstaelle-und-zaeune-fuer-kinder\/"]}]},{"@type":"ImageObject","inLanguage":"de","@id":"https:\/\/www.codexsrl.com\/de\/produkt\/laufstaelle-und-zaeune-fuer-kinder\/#primaryimage","url":"https:\/\/www.codexsrl.com\/wp-content\/uploads\/2016\/07\/box-per-bambini-su-misura_codexsrl.jpg","contentUrl":"https:\/\/www.codexsrl.com\/wp-content\/uploads\/2016\/07\/box-per-bambini-su-misura_codexsrl.jpg","width":900,"height":675,"caption":"Laufstall"},{"@type":"BreadcrumbList","@id":"https:\/\/www.codexsrl.com\/de\/produkt\/laufstaelle-und-zaeune-fuer-kinder\/#breadcrumb","itemListElement":[{"@type":"ListItem","position":1,"name":"Home","item":"https:\/\/www.codexsrl.com\/de\/"},{"@type":"ListItem","position":2,"name":"Gesamtkatalog","item":"https:\/\/www.codexsrl.com\/de\/gesamtkatalog\/"},{"@type":"ListItem","position":3,"name":"Laufst\u00e4lle und Z\u00e4une f\u00fcr Kinder"}]},{"@type":"WebSite","@id":"https:\/\/www.codexsrl.com\/de\/#website","url":"https:\/\/www.codexsrl.com\/de\/","name":"Codex srl","description":"Sch\u00fctzt und dekoriert","publisher":{"@id":"https:\/\/www.codexsrl.com\/de\/#organization"},"alternateName":"Codex Protezioni Antitrauma e Pavimentazioni","potentialAction":[{"@type":"SearchAction","target":{"@type":"EntryPoint","urlTemplate":"https:\/\/www.codexsrl.com\/de\/?s={search_term_string}"},"query-input":"required name=search_term_string"}],"inLanguage":"de"},{"@type":"Organization","@id":"https:\/\/www.codexsrl.com\/de\/#organization","name":"Codex srl","alternateName":"Codex Protezioni Antitrauma e Pavimentazioni","url":"https:\/\/www.codexsrl.com\/de\/","logo":{"@type":"ImageObject","inLanguage":"de","@id":"https:\/\/www.codexsrl.com\/de\/#\/schema\/logo\/image\/","url":"https:\/\/www.codexsrl.com\/wp-content\/uploads\/2024\/01\/logo-Codex.webp","contentUrl":"https:\/\/www.codexsrl.com\/wp-content\/uploads\/2024\/01\/logo-Codex.webp","width":527,"height":143,"caption":"Codex srl"},"image":{"@id":"https:\/\/www.codexsrl.com\/de\/#\/schema\/logo\/image\/"},"sameAs":["https:\/\/www.facebook.com\/codexsicurezza","https:\/\/www.instagram.com\/codexsrl\/","https:\/\/www.linkedin.com\/company\/codexsrl\/"]}]}},"_links":{"self":[{"href":"https:\/\/www.codexsrl.com\/de\/wp-json\/wp\/v2\/product\/9963"}],"collection":[{"href":"https:\/\/www.codexsrl.com\/de\/wp-json\/wp\/v2\/product"}],"about":[{"href":"https:\/\/www.codexsrl.com\/de\/wp-json\/wp\/v2\/types\/product"}],"wp:featuredmedia":[{"embeddable":true,"href":"https:\/\/www.codexsrl.com\/de\/wp-json\/wp\/v2\/media\/9013"}],"wp:attachment":[{"href":"https:\/\/www.codexsrl.com\/de\/wp-json\/wp\/v2\/media?parent=9963"}],"wp:term":[{"taxonomy":"product_cat","embeddable":true,"href":"https:\/\/www.codexsrl.com\/de\/wp-json\/wp\/v2\/product_cat?post=9963"},{"taxonomy":"product_tag","embeddable":true,"href":"https:\/\/www.codexsrl.com\/de\/wp-json\/wp\/v2\/product_tag?post=9963"}],"curies":[{"name":"wp","href":"https:\/\/api.w.org\/{rel}","templated":true}]}}