{"id":9972,"date":"2016-07-07T17:00:13","date_gmt":"2016-07-07T15:00:13","guid":{"rendered":"http:\/\/codexsrl.com.94-76-252-100.web-agency-padova.it\/catalogo\/unkategorisiert\/kugelwagen\/"},"modified":"2024-03-13T12:03:06","modified_gmt":"2024-03-13T11:03:06","slug":"kugelwagen","status":"publish","type":"product","link":"https:\/\/www.codexsrl.com\/de\/produkt\/kugelwagen\/","title":{"rendered":"Kugelwagen"},"content":{"rendered":"","protected":false},"excerpt":{"rendered":"<p>Wagen mit Struktur aus AAA-Rohr (ungiftig, nicht traumatisch und splitterfrei), ideal zum Sammeln von Sportger\u00e4ten, B\u00e4llen und Kugeln aller Gr\u00f6\u00dfen. Ma\u00dfgeschneiderte Abmessungen nach Kundenwunsch. Sollte es notwendig sein, den Wagen zu bewegen, sind an den F\u00fc\u00dfen Lenkrollen angebracht.<\/p>\n<p>Unsere Ballk\u00f6rbe sind die ideale L\u00f6sung f\u00fcr die Aufrechterhaltung der Ordnung in Turnhallen und anderen Sportanlagen (Fu\u00dfballpl\u00e4tze, Tennispl\u00e4tze, Volleyballpl\u00e4tze usw.).<\/p>\n","protected":false},"featured_media":8885,"template":"","meta":[],"product_cat":[315,369,316,368],"product_tag":[],"yoast_head":"<!-- This site is optimized with the Yoast SEO plugin v22.3 - https:\/\/yoast.com\/wordpress\/plugins\/seo\/ -->\n<title>Ball- und Turnger\u00e4tewagen | Codex Srl<\/title>\n<meta name=\"robots\" content=\"index, follow, max-snippet:-1, max-image-preview:large, max-video-preview:-1\" \/>\n<link rel=\"canonical\" href=\"https:\/\/www.codexsrl.com\/de\/produkt\/kugelwagen\/\" \/>\n<meta property=\"og:locale\" content=\"de_DE\" \/>\n<meta property=\"og:type\" content=\"article\" \/>\n<meta property=\"og:title\" content=\"Ball- und Turnger\u00e4tewagen | Codex Srl\" \/>\n<meta property=\"og:description\" content=\"Wagen mit Struktur aus AAA-Rohr (ungiftig, nicht traumatisch und splitterfrei), ideal zum Sammeln von Sportger\u00e4ten, B\u00e4llen und Kugeln aller Gr\u00f6\u00dfen. Ma\u00dfgeschneiderte Abmessungen nach Kundenwunsch. Sollte es notwendig sein, den Wagen zu bewegen, sind an den F\u00fc\u00dfen Lenkrollen angebracht. Unsere Ballk\u00f6rbe sind die ideale L\u00f6sung f\u00fcr die Aufrechterhaltung der Ordnung in Turnhallen und anderen Sportanlagen (Fu\u00dfballpl\u00e4tze, Tennispl\u00e4tze, Volleyballpl\u00e4tze usw.).\" \/>\n<meta property=\"og:url\" content=\"https:\/\/www.codexsrl.com\/de\/produkt\/kugelwagen\/\" \/>\n<meta property=\"og:site_name\" content=\"Codex srl\" \/>\n<meta property=\"article:publisher\" content=\"https:\/\/www.facebook.com\/codexsicurezza\" \/>\n<meta property=\"article:modified_time\" content=\"2024-03-13T11:03:06+00:00\" \/>\n<meta property=\"og:image\" content=\"https:\/\/www.codexsrl.com\/wp-content\/uploads\/2016\/07\/cesta-porta-palloni-palestra-codexsrl.jpg\" \/>\n\t<meta property=\"og:image:width\" content=\"900\" \/>\n\t<meta property=\"og:image:height\" content=\"675\" \/>\n\t<meta property=\"og:image:type\" content=\"image\/jpeg\" \/>\n<meta name=\"twitter:card\" content=\"summary_large_image\" \/>\n<script type=\"application\/ld+json\" class=\"yoast-schema-graph\">{\"@context\":\"https:\/\/schema.org\",\"@graph\":[{\"@type\":\"WebPage\",\"@id\":\"https:\/\/www.codexsrl.com\/de\/produkt\/kugelwagen\/\",\"url\":\"https:\/\/www.codexsrl.com\/de\/produkt\/kugelwagen\/\",\"name\":\"Ball- und Turnger\u00e4tewagen | Codex Srl\",\"isPartOf\":{\"@id\":\"https:\/\/www.codexsrl.com\/de\/#website\"},\"primaryImageOfPage\":{\"@id\":\"https:\/\/www.codexsrl.com\/de\/produkt\/kugelwagen\/#primaryimage\"},\"image\":{\"@id\":\"https:\/\/www.codexsrl.com\/de\/produkt\/kugelwagen\/#primaryimage\"},\"thumbnailUrl\":\"https:\/\/www.codexsrl.com\/wp-content\/uploads\/2016\/07\/cesta-porta-palloni-palestra-codexsrl.jpg\",\"datePublished\":\"2016-07-07T15:00:13+00:00\",\"dateModified\":\"2024-03-13T11:03:06+00:00\",\"breadcrumb\":{\"@id\":\"https:\/\/www.codexsrl.com\/de\/produkt\/kugelwagen\/#breadcrumb\"},\"inLanguage\":\"de\",\"potentialAction\":[{\"@type\":\"ReadAction\",\"target\":[\"https:\/\/www.codexsrl.com\/de\/produkt\/kugelwagen\/\"]}]},{\"@type\":\"ImageObject\",\"inLanguage\":\"de\",\"@id\":\"https:\/\/www.codexsrl.com\/de\/produkt\/kugelwagen\/#primaryimage\",\"url\":\"https:\/\/www.codexsrl.com\/wp-content\/uploads\/2016\/07\/cesta-porta-palloni-palestra-codexsrl.jpg\",\"contentUrl\":\"https:\/\/www.codexsrl.com\/wp-content\/uploads\/2016\/07\/cesta-porta-palloni-palestra-codexsrl.jpg\",\"width\":900,\"height\":675,\"caption\":\"Ballwagen, Gymnastikballkorb\"},{\"@type\":\"BreadcrumbList\",\"@id\":\"https:\/\/www.codexsrl.com\/de\/produkt\/kugelwagen\/#breadcrumb\",\"itemListElement\":[{\"@type\":\"ListItem\",\"position\":1,\"name\":\"Home\",\"item\":\"https:\/\/www.codexsrl.com\/de\/\"},{\"@type\":\"ListItem\",\"position\":2,\"name\":\"Gesamtkatalog\",\"item\":\"https:\/\/www.codexsrl.com\/de\/gesamtkatalog\/\"},{\"@type\":\"ListItem\",\"position\":3,\"name\":\"Kugelwagen\"}]},{\"@type\":\"WebSite\",\"@id\":\"https:\/\/www.codexsrl.com\/de\/#website\",\"url\":\"https:\/\/www.codexsrl.com\/de\/\",\"name\":\"Codex srl\",\"description\":\"Sch\u00fctzt und dekoriert\",\"publisher\":{\"@id\":\"https:\/\/www.codexsrl.com\/de\/#organization\"},\"alternateName\":\"Codex Protezioni Antitrauma e Pavimentazioni\",\"potentialAction\":[{\"@type\":\"SearchAction\",\"target\":{\"@type\":\"EntryPoint\",\"urlTemplate\":\"https:\/\/www.codexsrl.com\/de\/?s={search_term_string}\"},\"query-input\":\"required name=search_term_string\"}],\"inLanguage\":\"de\"},{\"@type\":\"Organization\",\"@id\":\"https:\/\/www.codexsrl.com\/de\/#organization\",\"name\":\"Codex srl\",\"alternateName\":\"Codex Protezioni Antitrauma e Pavimentazioni\",\"url\":\"https:\/\/www.codexsrl.com\/de\/\",\"logo\":{\"@type\":\"ImageObject\",\"inLanguage\":\"de\",\"@id\":\"https:\/\/www.codexsrl.com\/de\/#\/schema\/logo\/image\/\",\"url\":\"https:\/\/www.codexsrl.com\/wp-content\/uploads\/2024\/01\/logo-Codex.webp\",\"contentUrl\":\"https:\/\/www.codexsrl.com\/wp-content\/uploads\/2024\/01\/logo-Codex.webp\",\"width\":527,\"height\":143,\"caption\":\"Codex srl\"},\"image\":{\"@id\":\"https:\/\/www.codexsrl.com\/de\/#\/schema\/logo\/image\/\"},\"sameAs\":[\"https:\/\/www.facebook.com\/codexsicurezza\",\"https:\/\/www.instagram.com\/codexsrl\/\",\"https:\/\/www.linkedin.com\/company\/codexsrl\/\"]}]}<\/script>\n<!-- \/ Yoast SEO plugin. -->","yoast_head_json":{"title":"Ball- und Turnger\u00e4tewagen | Codex Srl","robots":{"index":"index","follow":"follow","max-snippet":"max-snippet:-1","max-image-preview":"max-image-preview:large","max-video-preview":"max-video-preview:-1"},"canonical":"https:\/\/www.codexsrl.com\/de\/produkt\/kugelwagen\/","og_locale":"de_DE","og_type":"article","og_title":"Ball- und Turnger\u00e4tewagen | Codex Srl","og_description":"Wagen mit Struktur aus AAA-Rohr (ungiftig, nicht traumatisch und splitterfrei), ideal zum Sammeln von Sportger\u00e4ten, B\u00e4llen und Kugeln aller Gr\u00f6\u00dfen. Ma\u00dfgeschneiderte Abmessungen nach Kundenwunsch. Sollte es notwendig sein, den Wagen zu bewegen, sind an den F\u00fc\u00dfen Lenkrollen angebracht. Unsere Ballk\u00f6rbe sind die ideale L\u00f6sung f\u00fcr die Aufrechterhaltung der Ordnung in Turnhallen und anderen Sportanlagen (Fu\u00dfballpl\u00e4tze, Tennispl\u00e4tze, Volleyballpl\u00e4tze usw.).","og_url":"https:\/\/www.codexsrl.com\/de\/produkt\/kugelwagen\/","og_site_name":"Codex srl","article_publisher":"https:\/\/www.facebook.com\/codexsicurezza","article_modified_time":"2024-03-13T11:03:06+00:00","og_image":[{"width":900,"height":675,"url":"https:\/\/www.codexsrl.com\/wp-content\/uploads\/2016\/07\/cesta-porta-palloni-palestra-codexsrl.jpg","type":"image\/jpeg"}],"twitter_card":"summary_large_image","schema":{"@context":"https:\/\/schema.org","@graph":[{"@type":"WebPage","@id":"https:\/\/www.codexsrl.com\/de\/produkt\/kugelwagen\/","url":"https:\/\/www.codexsrl.com\/de\/produkt\/kugelwagen\/","name":"Ball- und Turnger\u00e4tewagen | Codex Srl","isPartOf":{"@id":"https:\/\/www.codexsrl.com\/de\/#website"},"primaryImageOfPage":{"@id":"https:\/\/www.codexsrl.com\/de\/produkt\/kugelwagen\/#primaryimage"},"image":{"@id":"https:\/\/www.codexsrl.com\/de\/produkt\/kugelwagen\/#primaryimage"},"thumbnailUrl":"https:\/\/www.codexsrl.com\/wp-content\/uploads\/2016\/07\/cesta-porta-palloni-palestra-codexsrl.jpg","datePublished":"2016-07-07T15:00:13+00:00","dateModified":"2024-03-13T11:03:06+00:00","breadcrumb":{"@id":"https:\/\/www.codexsrl.com\/de\/produkt\/kugelwagen\/#breadcrumb"},"inLanguage":"de","potentialAction":[{"@type":"ReadAction","target":["https:\/\/www.codexsrl.com\/de\/produkt\/kugelwagen\/"]}]},{"@type":"ImageObject","inLanguage":"de","@id":"https:\/\/www.codexsrl.com\/de\/produkt\/kugelwagen\/#primaryimage","url":"https:\/\/www.codexsrl.com\/wp-content\/uploads\/2016\/07\/cesta-porta-palloni-palestra-codexsrl.jpg","contentUrl":"https:\/\/www.codexsrl.com\/wp-content\/uploads\/2016\/07\/cesta-porta-palloni-palestra-codexsrl.jpg","width":900,"height":675,"caption":"Ballwagen, Gymnastikballkorb"},{"@type":"BreadcrumbList","@id":"https:\/\/www.codexsrl.com\/de\/produkt\/kugelwagen\/#breadcrumb","itemListElement":[{"@type":"ListItem","position":1,"name":"Home","item":"https:\/\/www.codexsrl.com\/de\/"},{"@type":"ListItem","position":2,"name":"Gesamtkatalog","item":"https:\/\/www.codexsrl.com\/de\/gesamtkatalog\/"},{"@type":"ListItem","position":3,"name":"Kugelwagen"}]},{"@type":"WebSite","@id":"https:\/\/www.codexsrl.com\/de\/#website","url":"https:\/\/www.codexsrl.com\/de\/","name":"Codex srl","description":"Sch\u00fctzt und dekoriert","publisher":{"@id":"https:\/\/www.codexsrl.com\/de\/#organization"},"alternateName":"Codex Protezioni Antitrauma e Pavimentazioni","potentialAction":[{"@type":"SearchAction","target":{"@type":"EntryPoint","urlTemplate":"https:\/\/www.codexsrl.com\/de\/?s={search_term_string}"},"query-input":"required name=search_term_string"}],"inLanguage":"de"},{"@type":"Organization","@id":"https:\/\/www.codexsrl.com\/de\/#organization","name":"Codex srl","alternateName":"Codex Protezioni Antitrauma e Pavimentazioni","url":"https:\/\/www.codexsrl.com\/de\/","logo":{"@type":"ImageObject","inLanguage":"de","@id":"https:\/\/www.codexsrl.com\/de\/#\/schema\/logo\/image\/","url":"https:\/\/www.codexsrl.com\/wp-content\/uploads\/2024\/01\/logo-Codex.webp","contentUrl":"https:\/\/www.codexsrl.com\/wp-content\/uploads\/2024\/01\/logo-Codex.webp","width":527,"height":143,"caption":"Codex srl"},"image":{"@id":"https:\/\/www.codexsrl.com\/de\/#\/schema\/logo\/image\/"},"sameAs":["https:\/\/www.facebook.com\/codexsicurezza","https:\/\/www.instagram.com\/codexsrl\/","https:\/\/www.linkedin.com\/company\/codexsrl\/"]}]}},"_links":{"self":[{"href":"https:\/\/www.codexsrl.com\/de\/wp-json\/wp\/v2\/product\/9972"}],"collection":[{"href":"https:\/\/www.codexsrl.com\/de\/wp-json\/wp\/v2\/product"}],"about":[{"href":"https:\/\/www.codexsrl.com\/de\/wp-json\/wp\/v2\/types\/product"}],"wp:featuredmedia":[{"embeddable":true,"href":"https:\/\/www.codexsrl.com\/de\/wp-json\/wp\/v2\/media\/8885"}],"wp:attachment":[{"href":"https:\/\/www.codexsrl.com\/de\/wp-json\/wp\/v2\/media?parent=9972"}],"wp:term":[{"taxonomy":"product_cat","embeddable":true,"href":"https:\/\/www.codexsrl.com\/de\/wp-json\/wp\/v2\/product_cat?post=9972"},{"taxonomy":"product_tag","embeddable":true,"href":"https:\/\/www.codexsrl.com\/de\/wp-json\/wp\/v2\/product_tag?post=9972"}],"curies":[{"name":"wp","href":"https:\/\/api.w.org\/{rel}","templated":true}]}}