{"id":9988,"date":"2016-07-14T17:03:20","date_gmt":"2016-07-14T15:03:20","guid":{"rendered":"http:\/\/codexsrl.com.94-76-252-100.web-agency-padova.it\/catalogo\/unkategorisiert\/schutz-der-waende\/"},"modified":"2024-03-18T18:09:17","modified_gmt":"2024-03-18T17:09:17","slug":"schutz-der-waende","status":"publish","type":"product","link":"https:\/\/www.codexsrl.com\/de\/produkt\/schutz-der-waende\/","title":{"rendered":"Schutz der W\u00e4nde"},"content":{"rendered":"<h2 style=\"font-size: 20px;\">Aufprallschutz f\u00fcr W\u00e4nde f\u00fcr die Sicherheit der Sportler<\/h2>\n<p><span style=\"color: #ff6600;\"><a style=\"color: #ff6600;\" href=\"https:\/\/www.codexsrl.com\/de\/katalog\/materialdatenblatter\/onda-nach-en-9132019\/\" target=\"_blank\" rel=\"noopener\">Onda<\/a><\/span> e <span style=\"color: #ff6600;\"><a style=\"color: #ff6600;\" href=\"https:\/\/www.codexsrl.com\/de\/katalog\/materialdatenblatter\/maxionda-nach-en-913\/\" target=\"_blank\" rel=\"noopener\">Maxionda<\/a><\/span> sind geeignete Materialien f\u00fcr den Schutz von <strong>W\u00e4nden vor Verletzungen <\/strong>sowohl im Au\u00dfen- als auch im Innenbereich. Beide sind sehr flexibel und lassen sich an jeden Untergrund und jedes Material anpassen.<\/p>\n<p>F\u00fcr Innenr\u00e4ume ist die Installation von zertifiziertem <strong>feuerfestem Material der Klasse Bfl-s1<\/strong> erforderlich, w\u00e4hrend wir f\u00fcr Au\u00dfenbereiche die Verwendung von ungiftigem Material empfehlen. Unsere Anti-Trauma-Wandschoner nehmen kein Wasser\/keine Fl\u00fcssigkeiten auf, sind wetterfest und UV-best\u00e4ndig.<br \/>\n<strong> F\u00fcr den Au\u00dfenbereich werden<\/strong> jedoch die<strong> Farben<\/strong> Blau, Gr\u00fcn und Grau<strong> empfohlen<\/strong>, die keinen Farbschwankungen unterliegen.<\/p>\n<p>Onda und Maxionda sind die beste L\u00f6sung f\u00fcr die Sicherung von Sportanlagen, Schulen und Gesundheitseinrichtungen. Ideal zum Schutz von Mauern, aber auch von <span style=\"color: #ff6600;\"><a style=\"color: #ff6600;\" href=\"https:\/\/www.codexsrl.com\/de\/katalog\/schutzpolsterung-fuer-sportanlagen\/futsal\/schutz-fuer-masten\/\" target=\"_blank\" rel=\"noopener\">Pfosten<\/a><\/span> und Pfeilern, <span style=\"color: #ff6600;\"><a style=\"color: #ff6600;\" href=\"https:\/\/www.codexsrl.com\/de\/katalog\/schutzpolsterung-fuer-sportanlagen\/turnhallen-sporthallen\/wandverkleidungen-fuer-sportstaetten\/\">Mauern<\/a><\/span>, <span style=\"color: #ff6600;\"><a style=\"color: #ff6600;\" href=\"https:\/\/www.codexsrl.com\/de\/katalog\/schutzpolsterung-fuer-sportanlagen\/turnhallen-sporthallen\/schutz-fuer-die-baenke-der-sportler\/\" target=\"_blank\" rel=\"noopener\">B\u00e4nke <\/a><\/span>Sportger\u00e4te. Beide Produkte sind <strong>nach UNI EN 913<\/strong> f\u00fcr ihr hohes Sto\u00dfd\u00e4mpfungsverm\u00f6gen <strong>zertifiziert<\/strong>.<\/p>\n","protected":false},"excerpt":{"rendered":"<p>Aufprallschutz f\u00fcr Sportst\u00e4ttenw\u00e4nde, extrem flexibel und anpassungsf\u00e4hig an jeden Untergrund. Unsere Schutzvorrichtungen sollen Unf\u00e4lle verhindern, die durch St\u00f6\u00dfe gegen W\u00e4nde und Mauern am Spielfeldrand verursacht werden. Unsere Sportsch\u00fctzer sind patentiert, zertifiziert und nach <strong>UNI EN 913<\/strong> auf ihre Sto\u00dfd\u00e4mpfungseigenschaften gepr\u00fcft (wie von den wichtigsten Sportverb\u00e4nden f\u00fcr die Zulassung vor Ort gefordert).<\/p>\n<p>Durch den Einsatz unserer Materialien <span style=\"color: #ff6600;\"><a style=\"color: #ff6600;\" href=\"https:\/\/www.codexsrl.com\/catalogo\/materiali\/onda-norma-uni-en-913\/\">Onda<\/a><\/span> e <span style=\"color: #ff6600;\"><a style=\"color: #ff6600;\" href=\"https:\/\/www.codexsrl.com\/catalogo\/materiali\/maxionda-norma-uni-en-913\/\">Maxionda <\/a><\/span>garantieren wir die Sicherheit einer jeden Sportanlage. Es ist m\u00f6glich, <strong>sto\u00dffeste<\/strong> Wandverkleidungen, Wandverkleidungen und Verkleidungen von anderen gef\u00e4hrlichen Elementen herzustellen.<\/p>\n","protected":false},"featured_media":9049,"template":"","meta":[],"product_cat":[312,315,369,372,316,368,373,402],"product_tag":[388],"yoast_head":"<!-- This site is optimized with the Yoast SEO plugin v22.3 - https:\/\/yoast.com\/wordpress\/plugins\/seo\/ -->\n<title>Aufprallschutzw\u00e4nde, Sportschutz | Codex srl<\/title>\n<meta name=\"description\" content=\"Prallschutzw\u00e4nde f\u00fcr Sportanlagen. Ma\u00dfgeschneiderter Sportschutz f\u00fcr Fu\u00dfballpl\u00e4tze, Turnhallen, Mehrzweckanlagen. UNI EN 913.\" \/>\n<meta name=\"robots\" content=\"index, follow, max-snippet:-1, max-image-preview:large, max-video-preview:-1\" \/>\n<link rel=\"canonical\" href=\"https:\/\/www.codexsrl.com\/de\/produkt\/schutz-der-waende\/\" \/>\n<meta property=\"og:locale\" content=\"de_DE\" \/>\n<meta property=\"og:type\" content=\"article\" \/>\n<meta property=\"og:title\" content=\"Aufprallschutzw\u00e4nde, Sportschutz | Codex srl\" \/>\n<meta property=\"og:description\" content=\"Prallschutzw\u00e4nde f\u00fcr Sportanlagen. Ma\u00dfgeschneiderter Sportschutz f\u00fcr Fu\u00dfballpl\u00e4tze, Turnhallen, Mehrzweckanlagen. UNI EN 913.\" \/>\n<meta property=\"og:url\" content=\"https:\/\/www.codexsrl.com\/de\/produkt\/schutz-der-waende\/\" \/>\n<meta property=\"og:site_name\" content=\"Codex srl\" \/>\n<meta property=\"article:publisher\" content=\"https:\/\/www.facebook.com\/codexsicurezza\" \/>\n<meta property=\"article:modified_time\" content=\"2024-03-18T17:09:17+00:00\" \/>\n<meta property=\"og:image\" content=\"https:\/\/www.codexsrl.com\/wp-content\/uploads\/2016\/07\/protezione-muretto-campo-calcio-codexsrl.jpg\" \/>\n\t<meta property=\"og:image:width\" content=\"900\" \/>\n\t<meta property=\"og:image:height\" content=\"675\" \/>\n\t<meta property=\"og:image:type\" content=\"image\/jpeg\" \/>\n<meta name=\"twitter:card\" content=\"summary_large_image\" \/>\n<meta name=\"twitter:label1\" content=\"Gesch\u00e4tzte Lesezeit\" \/>\n\t<meta name=\"twitter:data1\" content=\"1\u00a0Minute\" \/>\n<script type=\"application\/ld+json\" class=\"yoast-schema-graph\">{\"@context\":\"https:\/\/schema.org\",\"@graph\":[{\"@type\":\"WebPage\",\"@id\":\"https:\/\/www.codexsrl.com\/de\/produkt\/schutz-der-waende\/\",\"url\":\"https:\/\/www.codexsrl.com\/de\/produkt\/schutz-der-waende\/\",\"name\":\"Aufprallschutzw\u00e4nde, Sportschutz | Codex srl\",\"isPartOf\":{\"@id\":\"https:\/\/www.codexsrl.com\/de\/#website\"},\"primaryImageOfPage\":{\"@id\":\"https:\/\/www.codexsrl.com\/de\/produkt\/schutz-der-waende\/#primaryimage\"},\"image\":{\"@id\":\"https:\/\/www.codexsrl.com\/de\/produkt\/schutz-der-waende\/#primaryimage\"},\"thumbnailUrl\":\"https:\/\/www.codexsrl.com\/wp-content\/uploads\/2016\/07\/protezione-muretto-campo-calcio-codexsrl.jpg\",\"datePublished\":\"2016-07-14T15:03:20+00:00\",\"dateModified\":\"2024-03-18T17:09:17+00:00\",\"description\":\"Prallschutzw\u00e4nde f\u00fcr Sportanlagen. Ma\u00dfgeschneiderter Sportschutz f\u00fcr Fu\u00dfballpl\u00e4tze, Turnhallen, Mehrzweckanlagen. UNI EN 913.\",\"breadcrumb\":{\"@id\":\"https:\/\/www.codexsrl.com\/de\/produkt\/schutz-der-waende\/#breadcrumb\"},\"inLanguage\":\"de\",\"potentialAction\":[{\"@type\":\"ReadAction\",\"target\":[\"https:\/\/www.codexsrl.com\/de\/produkt\/schutz-der-waende\/\"]}]},{\"@type\":\"ImageObject\",\"inLanguage\":\"de\",\"@id\":\"https:\/\/www.codexsrl.com\/de\/produkt\/schutz-der-waende\/#primaryimage\",\"url\":\"https:\/\/www.codexsrl.com\/wp-content\/uploads\/2016\/07\/protezione-muretto-campo-calcio-codexsrl.jpg\",\"contentUrl\":\"https:\/\/www.codexsrl.com\/wp-content\/uploads\/2016\/07\/protezione-muretto-campo-calcio-codexsrl.jpg\",\"width\":900,\"height\":675,\"caption\":\"Schutz der Fu\u00dfballfeldw\u00e4nde mit Onda Codex.\"},{\"@type\":\"BreadcrumbList\",\"@id\":\"https:\/\/www.codexsrl.com\/de\/produkt\/schutz-der-waende\/#breadcrumb\",\"itemListElement\":[{\"@type\":\"ListItem\",\"position\":1,\"name\":\"Home\",\"item\":\"https:\/\/www.codexsrl.com\/de\/\"},{\"@type\":\"ListItem\",\"position\":2,\"name\":\"Gesamtkatalog\",\"item\":\"https:\/\/www.codexsrl.com\/de\/gesamtkatalog\/\"},{\"@type\":\"ListItem\",\"position\":3,\"name\":\"Schutz der W\u00e4nde\"}]},{\"@type\":\"WebSite\",\"@id\":\"https:\/\/www.codexsrl.com\/de\/#website\",\"url\":\"https:\/\/www.codexsrl.com\/de\/\",\"name\":\"Codex srl\",\"description\":\"Sch\u00fctzt und dekoriert\",\"publisher\":{\"@id\":\"https:\/\/www.codexsrl.com\/de\/#organization\"},\"alternateName\":\"Codex Protezioni Antitrauma e Pavimentazioni\",\"potentialAction\":[{\"@type\":\"SearchAction\",\"target\":{\"@type\":\"EntryPoint\",\"urlTemplate\":\"https:\/\/www.codexsrl.com\/de\/?s={search_term_string}\"},\"query-input\":\"required name=search_term_string\"}],\"inLanguage\":\"de\"},{\"@type\":\"Organization\",\"@id\":\"https:\/\/www.codexsrl.com\/de\/#organization\",\"name\":\"Codex srl\",\"alternateName\":\"Codex Protezioni Antitrauma e Pavimentazioni\",\"url\":\"https:\/\/www.codexsrl.com\/de\/\",\"logo\":{\"@type\":\"ImageObject\",\"inLanguage\":\"de\",\"@id\":\"https:\/\/www.codexsrl.com\/de\/#\/schema\/logo\/image\/\",\"url\":\"https:\/\/www.codexsrl.com\/wp-content\/uploads\/2024\/01\/logo-Codex.webp\",\"contentUrl\":\"https:\/\/www.codexsrl.com\/wp-content\/uploads\/2024\/01\/logo-Codex.webp\",\"width\":527,\"height\":143,\"caption\":\"Codex srl\"},\"image\":{\"@id\":\"https:\/\/www.codexsrl.com\/de\/#\/schema\/logo\/image\/\"},\"sameAs\":[\"https:\/\/www.facebook.com\/codexsicurezza\",\"https:\/\/www.instagram.com\/codexsrl\/\",\"https:\/\/www.linkedin.com\/company\/codexsrl\/\"]}]}<\/script>\n<!-- \/ Yoast SEO plugin. -->","yoast_head_json":{"title":"Aufprallschutzw\u00e4nde, Sportschutz | Codex srl","description":"Prallschutzw\u00e4nde f\u00fcr Sportanlagen. Ma\u00dfgeschneiderter Sportschutz f\u00fcr Fu\u00dfballpl\u00e4tze, Turnhallen, Mehrzweckanlagen. UNI EN 913.","robots":{"index":"index","follow":"follow","max-snippet":"max-snippet:-1","max-image-preview":"max-image-preview:large","max-video-preview":"max-video-preview:-1"},"canonical":"https:\/\/www.codexsrl.com\/de\/produkt\/schutz-der-waende\/","og_locale":"de_DE","og_type":"article","og_title":"Aufprallschutzw\u00e4nde, Sportschutz | Codex srl","og_description":"Prallschutzw\u00e4nde f\u00fcr Sportanlagen. Ma\u00dfgeschneiderter Sportschutz f\u00fcr Fu\u00dfballpl\u00e4tze, Turnhallen, Mehrzweckanlagen. UNI EN 913.","og_url":"https:\/\/www.codexsrl.com\/de\/produkt\/schutz-der-waende\/","og_site_name":"Codex srl","article_publisher":"https:\/\/www.facebook.com\/codexsicurezza","article_modified_time":"2024-03-18T17:09:17+00:00","og_image":[{"width":900,"height":675,"url":"https:\/\/www.codexsrl.com\/wp-content\/uploads\/2016\/07\/protezione-muretto-campo-calcio-codexsrl.jpg","type":"image\/jpeg"}],"twitter_card":"summary_large_image","twitter_misc":{"Gesch\u00e4tzte Lesezeit":"1\u00a0Minute"},"schema":{"@context":"https:\/\/schema.org","@graph":[{"@type":"WebPage","@id":"https:\/\/www.codexsrl.com\/de\/produkt\/schutz-der-waende\/","url":"https:\/\/www.codexsrl.com\/de\/produkt\/schutz-der-waende\/","name":"Aufprallschutzw\u00e4nde, Sportschutz | Codex srl","isPartOf":{"@id":"https:\/\/www.codexsrl.com\/de\/#website"},"primaryImageOfPage":{"@id":"https:\/\/www.codexsrl.com\/de\/produkt\/schutz-der-waende\/#primaryimage"},"image":{"@id":"https:\/\/www.codexsrl.com\/de\/produkt\/schutz-der-waende\/#primaryimage"},"thumbnailUrl":"https:\/\/www.codexsrl.com\/wp-content\/uploads\/2016\/07\/protezione-muretto-campo-calcio-codexsrl.jpg","datePublished":"2016-07-14T15:03:20+00:00","dateModified":"2024-03-18T17:09:17+00:00","description":"Prallschutzw\u00e4nde f\u00fcr Sportanlagen. Ma\u00dfgeschneiderter Sportschutz f\u00fcr Fu\u00dfballpl\u00e4tze, Turnhallen, Mehrzweckanlagen. UNI EN 913.","breadcrumb":{"@id":"https:\/\/www.codexsrl.com\/de\/produkt\/schutz-der-waende\/#breadcrumb"},"inLanguage":"de","potentialAction":[{"@type":"ReadAction","target":["https:\/\/www.codexsrl.com\/de\/produkt\/schutz-der-waende\/"]}]},{"@type":"ImageObject","inLanguage":"de","@id":"https:\/\/www.codexsrl.com\/de\/produkt\/schutz-der-waende\/#primaryimage","url":"https:\/\/www.codexsrl.com\/wp-content\/uploads\/2016\/07\/protezione-muretto-campo-calcio-codexsrl.jpg","contentUrl":"https:\/\/www.codexsrl.com\/wp-content\/uploads\/2016\/07\/protezione-muretto-campo-calcio-codexsrl.jpg","width":900,"height":675,"caption":"Schutz der Fu\u00dfballfeldw\u00e4nde mit Onda Codex."},{"@type":"BreadcrumbList","@id":"https:\/\/www.codexsrl.com\/de\/produkt\/schutz-der-waende\/#breadcrumb","itemListElement":[{"@type":"ListItem","position":1,"name":"Home","item":"https:\/\/www.codexsrl.com\/de\/"},{"@type":"ListItem","position":2,"name":"Gesamtkatalog","item":"https:\/\/www.codexsrl.com\/de\/gesamtkatalog\/"},{"@type":"ListItem","position":3,"name":"Schutz der W\u00e4nde"}]},{"@type":"WebSite","@id":"https:\/\/www.codexsrl.com\/de\/#website","url":"https:\/\/www.codexsrl.com\/de\/","name":"Codex srl","description":"Sch\u00fctzt und dekoriert","publisher":{"@id":"https:\/\/www.codexsrl.com\/de\/#organization"},"alternateName":"Codex Protezioni Antitrauma e Pavimentazioni","potentialAction":[{"@type":"SearchAction","target":{"@type":"EntryPoint","urlTemplate":"https:\/\/www.codexsrl.com\/de\/?s={search_term_string}"},"query-input":"required name=search_term_string"}],"inLanguage":"de"},{"@type":"Organization","@id":"https:\/\/www.codexsrl.com\/de\/#organization","name":"Codex srl","alternateName":"Codex Protezioni Antitrauma e Pavimentazioni","url":"https:\/\/www.codexsrl.com\/de\/","logo":{"@type":"ImageObject","inLanguage":"de","@id":"https:\/\/www.codexsrl.com\/de\/#\/schema\/logo\/image\/","url":"https:\/\/www.codexsrl.com\/wp-content\/uploads\/2024\/01\/logo-Codex.webp","contentUrl":"https:\/\/www.codexsrl.com\/wp-content\/uploads\/2024\/01\/logo-Codex.webp","width":527,"height":143,"caption":"Codex srl"},"image":{"@id":"https:\/\/www.codexsrl.com\/de\/#\/schema\/logo\/image\/"},"sameAs":["https:\/\/www.facebook.com\/codexsicurezza","https:\/\/www.instagram.com\/codexsrl\/","https:\/\/www.linkedin.com\/company\/codexsrl\/"]}]}},"_links":{"self":[{"href":"https:\/\/www.codexsrl.com\/de\/wp-json\/wp\/v2\/product\/9988"}],"collection":[{"href":"https:\/\/www.codexsrl.com\/de\/wp-json\/wp\/v2\/product"}],"about":[{"href":"https:\/\/www.codexsrl.com\/de\/wp-json\/wp\/v2\/types\/product"}],"wp:featuredmedia":[{"embeddable":true,"href":"https:\/\/www.codexsrl.com\/de\/wp-json\/wp\/v2\/media\/9049"}],"wp:attachment":[{"href":"https:\/\/www.codexsrl.com\/de\/wp-json\/wp\/v2\/media?parent=9988"}],"wp:term":[{"taxonomy":"product_cat","embeddable":true,"href":"https:\/\/www.codexsrl.com\/de\/wp-json\/wp\/v2\/product_cat?post=9988"},{"taxonomy":"product_tag","embeddable":true,"href":"https:\/\/www.codexsrl.com\/de\/wp-json\/wp\/v2\/product_tag?post=9988"}],"curies":[{"name":"wp","href":"https:\/\/api.w.org\/{rel}","templated":true}]}}