{"id":9991,"date":"2016-07-14T17:14:42","date_gmt":"2016-07-14T15:14:42","guid":{"rendered":"http:\/\/codexsrl.com.94-76-252-100.web-agency-padova.it\/catalogo\/unkategorisiert\/absperrung-und-tribuenenschutz\/"},"modified":"2024-03-18T17:22:51","modified_gmt":"2024-03-18T16:22:51","slug":"absperrung-und-tribuenenschutz","status":"publish","type":"product","link":"https:\/\/www.codexsrl.com\/de\/produkt\/absperrung-und-tribuenenschutz\/","title":{"rendered":"Absperrung und Trib\u00fcnenschutz"},"content":{"rendered":"","protected":false},"excerpt":{"rendered":"<p>Schutzvorrichtungen f\u00fcr Absperrungen und Trib\u00fcnen in Sporthallen und Sportanlagen. Sie sind ideal f\u00fcr den Aufprallschutz und k\u00f6nnen sowohl im Innen- als auch im Au\u00dfenbereich eingesetzt werden.<\/p>\n<p>Unsere <strong>Anti-Trauma-Barrieren f\u00fcr Absperrungen und Trib\u00fcnen<\/strong> sind extrem flexibel, langlebig und lassen sich schnell und einfach installieren. Sie werden realisiert in <span style=\"color: #ff6600;\"><a style=\"color: #ff6600;\" href=\"https:\/\/www.codexsrl.com\/catalogo\/materiali\/onda-norma-uni-en-913\/\">Onda<\/a><\/span> (22 mm dick) oder <span style=\"color: #ff6600;\"><a style=\"color: #ff6600;\" href=\"https:\/\/www.codexsrl.com\/catalogo\/materiali\/maxionda-norma-uni-en-913\/\">Maxionda<\/a><\/span> (28 mm dick) ausgef\u00fchrt, je nach Wahrscheinlichkeit des Aufpralls. Die Schutzvorrichtungen f\u00fcr Trib\u00fcnen und Balustraden werden bereits zugeschnitten geliefert und k\u00f6nnen mit dem schnell aush\u00e4rtenden Spezialkleber Polycoll auf die Masten (auch mit unterschiedlichen Durchmessern) aufgeklebt werden.<\/p>\n<p>Beide Materialien <strong>entsprechen der Norm EN 913 Anhang C<\/strong> hinsichtlich der Sto\u00dfd\u00e4mpfungsf\u00e4higkeit.<\/p>\n","protected":false},"featured_media":9405,"template":"","meta":[],"product_cat":[312,315,316,368],"product_tag":[390,389],"yoast_head":"<!-- This site is optimized with the Yoast SEO plugin v22.3 - https:\/\/yoast.com\/wordpress\/plugins\/seo\/ -->\n<title>Absperrung und Trib\u00fcnenschutz | Codex srl<\/title>\n<meta name=\"description\" content=\"Innerhalb von Sportanlagen m\u00fcssen auch Absperrungen und Trib\u00fcnen gesch\u00fctzt werden. Ma\u00dfgeschneidert, hohe Sto\u00dfd\u00e4mpfung.\" \/>\n<meta name=\"robots\" content=\"index, follow, max-snippet:-1, max-image-preview:large, max-video-preview:-1\" \/>\n<link rel=\"canonical\" href=\"https:\/\/www.codexsrl.com\/de\/produkt\/absperrung-und-tribuenenschutz\/\" \/>\n<meta property=\"og:locale\" content=\"de_DE\" \/>\n<meta property=\"og:type\" content=\"article\" \/>\n<meta property=\"og:title\" content=\"Absperrung und Trib\u00fcnenschutz | Codex srl\" \/>\n<meta property=\"og:description\" content=\"Innerhalb von Sportanlagen m\u00fcssen auch Absperrungen und Trib\u00fcnen gesch\u00fctzt werden. Ma\u00dfgeschneidert, hohe Sto\u00dfd\u00e4mpfung.\" \/>\n<meta property=\"og:url\" content=\"https:\/\/www.codexsrl.com\/de\/produkt\/absperrung-und-tribuenenschutz\/\" \/>\n<meta property=\"og:site_name\" content=\"Codex srl\" \/>\n<meta property=\"article:publisher\" content=\"https:\/\/www.facebook.com\/codexsicurezza\" \/>\n<meta property=\"article:modified_time\" content=\"2024-03-18T16:22:51+00:00\" \/>\n<meta property=\"og:image\" content=\"https:\/\/www.codexsrl.com\/wp-content\/uploads\/2016\/07\/rivestimento-tribune-palazzetto-sportivo.jpg\" \/>\n\t<meta property=\"og:image:width\" content=\"900\" \/>\n\t<meta property=\"og:image:height\" content=\"675\" \/>\n\t<meta property=\"og:image:type\" content=\"image\/jpeg\" \/>\n<meta name=\"twitter:card\" content=\"summary_large_image\" \/>\n<script type=\"application\/ld+json\" class=\"yoast-schema-graph\">{\"@context\":\"https:\/\/schema.org\",\"@graph\":[{\"@type\":\"WebPage\",\"@id\":\"https:\/\/www.codexsrl.com\/de\/produkt\/absperrung-und-tribuenenschutz\/\",\"url\":\"https:\/\/www.codexsrl.com\/de\/produkt\/absperrung-und-tribuenenschutz\/\",\"name\":\"Absperrung und Trib\u00fcnenschutz | Codex srl\",\"isPartOf\":{\"@id\":\"https:\/\/www.codexsrl.com\/de\/#website\"},\"primaryImageOfPage\":{\"@id\":\"https:\/\/www.codexsrl.com\/de\/produkt\/absperrung-und-tribuenenschutz\/#primaryimage\"},\"image\":{\"@id\":\"https:\/\/www.codexsrl.com\/de\/produkt\/absperrung-und-tribuenenschutz\/#primaryimage\"},\"thumbnailUrl\":\"https:\/\/www.codexsrl.com\/wp-content\/uploads\/2016\/07\/rivestimento-tribune-palazzetto-sportivo.jpg\",\"datePublished\":\"2016-07-14T15:14:42+00:00\",\"dateModified\":\"2024-03-18T16:22:51+00:00\",\"description\":\"Innerhalb von Sportanlagen m\u00fcssen auch Absperrungen und Trib\u00fcnen gesch\u00fctzt werden. Ma\u00dfgeschneidert, hohe Sto\u00dfd\u00e4mpfung.\",\"breadcrumb\":{\"@id\":\"https:\/\/www.codexsrl.com\/de\/produkt\/absperrung-und-tribuenenschutz\/#breadcrumb\"},\"inLanguage\":\"de\",\"potentialAction\":[{\"@type\":\"ReadAction\",\"target\":[\"https:\/\/www.codexsrl.com\/de\/produkt\/absperrung-und-tribuenenschutz\/\"]}]},{\"@type\":\"ImageObject\",\"inLanguage\":\"de\",\"@id\":\"https:\/\/www.codexsrl.com\/de\/produkt\/absperrung-und-tribuenenschutz\/#primaryimage\",\"url\":\"https:\/\/www.codexsrl.com\/wp-content\/uploads\/2016\/07\/rivestimento-tribune-palazzetto-sportivo.jpg\",\"contentUrl\":\"https:\/\/www.codexsrl.com\/wp-content\/uploads\/2016\/07\/rivestimento-tribune-palazzetto-sportivo.jpg\",\"width\":900,\"height\":675,\"caption\":\"Trib\u00fcnenverkleidung f\u00fcr Sporthallen\"},{\"@type\":\"BreadcrumbList\",\"@id\":\"https:\/\/www.codexsrl.com\/de\/produkt\/absperrung-und-tribuenenschutz\/#breadcrumb\",\"itemListElement\":[{\"@type\":\"ListItem\",\"position\":1,\"name\":\"Home\",\"item\":\"https:\/\/www.codexsrl.com\/de\/\"},{\"@type\":\"ListItem\",\"position\":2,\"name\":\"Gesamtkatalog\",\"item\":\"https:\/\/www.codexsrl.com\/de\/gesamtkatalog\/\"},{\"@type\":\"ListItem\",\"position\":3,\"name\":\"Absperrung und Trib\u00fcnenschutz\"}]},{\"@type\":\"WebSite\",\"@id\":\"https:\/\/www.codexsrl.com\/de\/#website\",\"url\":\"https:\/\/www.codexsrl.com\/de\/\",\"name\":\"Codex srl\",\"description\":\"Sch\u00fctzt und dekoriert\",\"publisher\":{\"@id\":\"https:\/\/www.codexsrl.com\/de\/#organization\"},\"alternateName\":\"Codex Protezioni Antitrauma e Pavimentazioni\",\"potentialAction\":[{\"@type\":\"SearchAction\",\"target\":{\"@type\":\"EntryPoint\",\"urlTemplate\":\"https:\/\/www.codexsrl.com\/de\/?s={search_term_string}\"},\"query-input\":\"required name=search_term_string\"}],\"inLanguage\":\"de\"},{\"@type\":\"Organization\",\"@id\":\"https:\/\/www.codexsrl.com\/de\/#organization\",\"name\":\"Codex srl\",\"alternateName\":\"Codex Protezioni Antitrauma e Pavimentazioni\",\"url\":\"https:\/\/www.codexsrl.com\/de\/\",\"logo\":{\"@type\":\"ImageObject\",\"inLanguage\":\"de\",\"@id\":\"https:\/\/www.codexsrl.com\/de\/#\/schema\/logo\/image\/\",\"url\":\"https:\/\/www.codexsrl.com\/wp-content\/uploads\/2024\/01\/logo-Codex.webp\",\"contentUrl\":\"https:\/\/www.codexsrl.com\/wp-content\/uploads\/2024\/01\/logo-Codex.webp\",\"width\":527,\"height\":143,\"caption\":\"Codex srl\"},\"image\":{\"@id\":\"https:\/\/www.codexsrl.com\/de\/#\/schema\/logo\/image\/\"},\"sameAs\":[\"https:\/\/www.facebook.com\/codexsicurezza\",\"https:\/\/www.instagram.com\/codexsrl\/\",\"https:\/\/www.linkedin.com\/company\/codexsrl\/\"]}]}<\/script>\n<!-- \/ Yoast SEO plugin. -->","yoast_head_json":{"title":"Absperrung und Trib\u00fcnenschutz | Codex srl","description":"Innerhalb von Sportanlagen m\u00fcssen auch Absperrungen und Trib\u00fcnen gesch\u00fctzt werden. Ma\u00dfgeschneidert, hohe Sto\u00dfd\u00e4mpfung.","robots":{"index":"index","follow":"follow","max-snippet":"max-snippet:-1","max-image-preview":"max-image-preview:large","max-video-preview":"max-video-preview:-1"},"canonical":"https:\/\/www.codexsrl.com\/de\/produkt\/absperrung-und-tribuenenschutz\/","og_locale":"de_DE","og_type":"article","og_title":"Absperrung und Trib\u00fcnenschutz | Codex srl","og_description":"Innerhalb von Sportanlagen m\u00fcssen auch Absperrungen und Trib\u00fcnen gesch\u00fctzt werden. Ma\u00dfgeschneidert, hohe Sto\u00dfd\u00e4mpfung.","og_url":"https:\/\/www.codexsrl.com\/de\/produkt\/absperrung-und-tribuenenschutz\/","og_site_name":"Codex srl","article_publisher":"https:\/\/www.facebook.com\/codexsicurezza","article_modified_time":"2024-03-18T16:22:51+00:00","og_image":[{"width":900,"height":675,"url":"https:\/\/www.codexsrl.com\/wp-content\/uploads\/2016\/07\/rivestimento-tribune-palazzetto-sportivo.jpg","type":"image\/jpeg"}],"twitter_card":"summary_large_image","schema":{"@context":"https:\/\/schema.org","@graph":[{"@type":"WebPage","@id":"https:\/\/www.codexsrl.com\/de\/produkt\/absperrung-und-tribuenenschutz\/","url":"https:\/\/www.codexsrl.com\/de\/produkt\/absperrung-und-tribuenenschutz\/","name":"Absperrung und Trib\u00fcnenschutz | Codex srl","isPartOf":{"@id":"https:\/\/www.codexsrl.com\/de\/#website"},"primaryImageOfPage":{"@id":"https:\/\/www.codexsrl.com\/de\/produkt\/absperrung-und-tribuenenschutz\/#primaryimage"},"image":{"@id":"https:\/\/www.codexsrl.com\/de\/produkt\/absperrung-und-tribuenenschutz\/#primaryimage"},"thumbnailUrl":"https:\/\/www.codexsrl.com\/wp-content\/uploads\/2016\/07\/rivestimento-tribune-palazzetto-sportivo.jpg","datePublished":"2016-07-14T15:14:42+00:00","dateModified":"2024-03-18T16:22:51+00:00","description":"Innerhalb von Sportanlagen m\u00fcssen auch Absperrungen und Trib\u00fcnen gesch\u00fctzt werden. Ma\u00dfgeschneidert, hohe Sto\u00dfd\u00e4mpfung.","breadcrumb":{"@id":"https:\/\/www.codexsrl.com\/de\/produkt\/absperrung-und-tribuenenschutz\/#breadcrumb"},"inLanguage":"de","potentialAction":[{"@type":"ReadAction","target":["https:\/\/www.codexsrl.com\/de\/produkt\/absperrung-und-tribuenenschutz\/"]}]},{"@type":"ImageObject","inLanguage":"de","@id":"https:\/\/www.codexsrl.com\/de\/produkt\/absperrung-und-tribuenenschutz\/#primaryimage","url":"https:\/\/www.codexsrl.com\/wp-content\/uploads\/2016\/07\/rivestimento-tribune-palazzetto-sportivo.jpg","contentUrl":"https:\/\/www.codexsrl.com\/wp-content\/uploads\/2016\/07\/rivestimento-tribune-palazzetto-sportivo.jpg","width":900,"height":675,"caption":"Trib\u00fcnenverkleidung f\u00fcr Sporthallen"},{"@type":"BreadcrumbList","@id":"https:\/\/www.codexsrl.com\/de\/produkt\/absperrung-und-tribuenenschutz\/#breadcrumb","itemListElement":[{"@type":"ListItem","position":1,"name":"Home","item":"https:\/\/www.codexsrl.com\/de\/"},{"@type":"ListItem","position":2,"name":"Gesamtkatalog","item":"https:\/\/www.codexsrl.com\/de\/gesamtkatalog\/"},{"@type":"ListItem","position":3,"name":"Absperrung und Trib\u00fcnenschutz"}]},{"@type":"WebSite","@id":"https:\/\/www.codexsrl.com\/de\/#website","url":"https:\/\/www.codexsrl.com\/de\/","name":"Codex srl","description":"Sch\u00fctzt und dekoriert","publisher":{"@id":"https:\/\/www.codexsrl.com\/de\/#organization"},"alternateName":"Codex Protezioni Antitrauma e Pavimentazioni","potentialAction":[{"@type":"SearchAction","target":{"@type":"EntryPoint","urlTemplate":"https:\/\/www.codexsrl.com\/de\/?s={search_term_string}"},"query-input":"required name=search_term_string"}],"inLanguage":"de"},{"@type":"Organization","@id":"https:\/\/www.codexsrl.com\/de\/#organization","name":"Codex srl","alternateName":"Codex Protezioni Antitrauma e Pavimentazioni","url":"https:\/\/www.codexsrl.com\/de\/","logo":{"@type":"ImageObject","inLanguage":"de","@id":"https:\/\/www.codexsrl.com\/de\/#\/schema\/logo\/image\/","url":"https:\/\/www.codexsrl.com\/wp-content\/uploads\/2024\/01\/logo-Codex.webp","contentUrl":"https:\/\/www.codexsrl.com\/wp-content\/uploads\/2024\/01\/logo-Codex.webp","width":527,"height":143,"caption":"Codex srl"},"image":{"@id":"https:\/\/www.codexsrl.com\/de\/#\/schema\/logo\/image\/"},"sameAs":["https:\/\/www.facebook.com\/codexsicurezza","https:\/\/www.instagram.com\/codexsrl\/","https:\/\/www.linkedin.com\/company\/codexsrl\/"]}]}},"_links":{"self":[{"href":"https:\/\/www.codexsrl.com\/de\/wp-json\/wp\/v2\/product\/9991"}],"collection":[{"href":"https:\/\/www.codexsrl.com\/de\/wp-json\/wp\/v2\/product"}],"about":[{"href":"https:\/\/www.codexsrl.com\/de\/wp-json\/wp\/v2\/types\/product"}],"wp:featuredmedia":[{"embeddable":true,"href":"https:\/\/www.codexsrl.com\/de\/wp-json\/wp\/v2\/media\/9405"}],"wp:attachment":[{"href":"https:\/\/www.codexsrl.com\/de\/wp-json\/wp\/v2\/media?parent=9991"}],"wp:term":[{"taxonomy":"product_cat","embeddable":true,"href":"https:\/\/www.codexsrl.com\/de\/wp-json\/wp\/v2\/product_cat?post=9991"},{"taxonomy":"product_tag","embeddable":true,"href":"https:\/\/www.codexsrl.com\/de\/wp-json\/wp\/v2\/product_tag?post=9991"}],"curies":[{"name":"wp","href":"https:\/\/api.w.org\/{rel}","templated":true}]}}