{"id":9994,"date":"2016-07-14T11:11:05","date_gmt":"2016-07-14T09:11:05","guid":{"rendered":"http:\/\/codexsrl.com.94-76-252-100.web-agency-padova.it\/catalogo\/unkategorisiert\/schachtabdeckungen\/"},"modified":"2024-03-18T19:13:41","modified_gmt":"2024-03-18T18:13:41","slug":"schachtabdeckungen","status":"publish","type":"product","link":"https:\/\/www.codexsrl.com\/de\/produkt\/schachtabdeckungen\/","title":{"rendered":"Schachtabdeckungen"},"content":{"rendered":"","protected":false},"excerpt":{"rendered":"<p>F\u00fcr den Schutz von Masten ist das wirksamste Produkt Maxionda, das sich an jeden Untergrund anpasst, leicht aufzutragen und wasserabweisend ist und dank seines speziellen Wellenprofils, das den Aufprall auf die verschiedenen seitlichen Hohlr\u00e4ume verteilt, in wenigen Schritten einen hohen Schutz gew\u00e4hrleistet.<\/p>\n<p>Maxionda l\u00e4sst sich leicht mit Polycoll-Kleber oder Klettverschluss anbringen; es handelt sich um ein patentiertes Modell.<\/p>\n","protected":false},"featured_media":8911,"template":"","meta":[],"product_cat":[490,313,314,349,317,350,381],"product_tag":[392],"yoast_head":"<!-- This site is optimized with the Yoast SEO plugin v22.3 - https:\/\/yoast.com\/wordpress\/plugins\/seo\/ -->\n<title>Wellenschutz, sto\u00dffeste Beschichtungen | Codex srl<\/title>\n<meta name=\"description\" content=\"Schaftprotektoren mit Maxionda, das als selbstanpassendes Material f\u00fcr jeden Tr\u00e4ger einen hohen Aufprallschutz mit nur wenigen Handgriffen garantiert.\" \/>\n<meta name=\"robots\" content=\"index, follow, max-snippet:-1, max-image-preview:large, max-video-preview:-1\" \/>\n<link rel=\"canonical\" href=\"https:\/\/www.codexsrl.com\/de\/produkt\/schachtabdeckungen\/\" \/>\n<meta property=\"og:locale\" content=\"de_DE\" \/>\n<meta property=\"og:type\" content=\"article\" \/>\n<meta property=\"og:title\" content=\"Wellenschutz, sto\u00dffeste Beschichtungen | Codex srl\" \/>\n<meta property=\"og:description\" content=\"Schaftprotektoren mit Maxionda, das als selbstanpassendes Material f\u00fcr jeden Tr\u00e4ger einen hohen Aufprallschutz mit nur wenigen Handgriffen garantiert.\" \/>\n<meta property=\"og:url\" content=\"https:\/\/www.codexsrl.com\/de\/produkt\/schachtabdeckungen\/\" \/>\n<meta property=\"og:site_name\" content=\"Codex srl\" \/>\n<meta property=\"article:publisher\" content=\"https:\/\/www.facebook.com\/codexsicurezza\" \/>\n<meta property=\"article:modified_time\" content=\"2024-03-18T18:13:41+00:00\" \/>\n<meta property=\"og:image\" content=\"https:\/\/www.codexsrl.com\/wp-content\/uploads\/2016\/07\/protezioni-per-alberi-antiurto-gomma-codexsrl.jpg\" \/>\n\t<meta property=\"og:image:width\" content=\"675\" \/>\n\t<meta property=\"og:image:height\" content=\"900\" \/>\n\t<meta property=\"og:image:type\" content=\"image\/jpeg\" \/>\n<meta name=\"twitter:card\" content=\"summary_large_image\" \/>\n<script type=\"application\/ld+json\" class=\"yoast-schema-graph\">{\"@context\":\"https:\/\/schema.org\",\"@graph\":[{\"@type\":\"WebPage\",\"@id\":\"https:\/\/www.codexsrl.com\/de\/produkt\/schachtabdeckungen\/\",\"url\":\"https:\/\/www.codexsrl.com\/de\/produkt\/schachtabdeckungen\/\",\"name\":\"Wellenschutz, sto\u00dffeste Beschichtungen | Codex srl\",\"isPartOf\":{\"@id\":\"https:\/\/www.codexsrl.com\/de\/#website\"},\"primaryImageOfPage\":{\"@id\":\"https:\/\/www.codexsrl.com\/de\/produkt\/schachtabdeckungen\/#primaryimage\"},\"image\":{\"@id\":\"https:\/\/www.codexsrl.com\/de\/produkt\/schachtabdeckungen\/#primaryimage\"},\"thumbnailUrl\":\"https:\/\/www.codexsrl.com\/wp-content\/uploads\/2016\/07\/protezioni-per-alberi-antiurto-gomma-codexsrl.jpg\",\"datePublished\":\"2016-07-14T09:11:05+00:00\",\"dateModified\":\"2024-03-18T18:13:41+00:00\",\"description\":\"Schaftprotektoren mit Maxionda, das als selbstanpassendes Material f\u00fcr jeden Tr\u00e4ger einen hohen Aufprallschutz mit nur wenigen Handgriffen garantiert.\",\"breadcrumb\":{\"@id\":\"https:\/\/www.codexsrl.com\/de\/produkt\/schachtabdeckungen\/#breadcrumb\"},\"inLanguage\":\"de\",\"potentialAction\":[{\"@type\":\"ReadAction\",\"target\":[\"https:\/\/www.codexsrl.com\/de\/produkt\/schachtabdeckungen\/\"]}]},{\"@type\":\"ImageObject\",\"inLanguage\":\"de\",\"@id\":\"https:\/\/www.codexsrl.com\/de\/produkt\/schachtabdeckungen\/#primaryimage\",\"url\":\"https:\/\/www.codexsrl.com\/wp-content\/uploads\/2016\/07\/protezioni-per-alberi-antiurto-gomma-codexsrl.jpg\",\"contentUrl\":\"https:\/\/www.codexsrl.com\/wp-content\/uploads\/2016\/07\/protezioni-per-alberi-antiurto-gomma-codexsrl.jpg\",\"width\":675,\"height\":900,\"caption\":\"Aufprallschutz der Welle. Sto\u00dfd\u00e4mpfende Gummiprotektoren\"},{\"@type\":\"BreadcrumbList\",\"@id\":\"https:\/\/www.codexsrl.com\/de\/produkt\/schachtabdeckungen\/#breadcrumb\",\"itemListElement\":[{\"@type\":\"ListItem\",\"position\":1,\"name\":\"Home\",\"item\":\"https:\/\/www.codexsrl.com\/de\/\"},{\"@type\":\"ListItem\",\"position\":2,\"name\":\"Gesamtkatalog\",\"item\":\"https:\/\/www.codexsrl.com\/de\/gesamtkatalog\/\"},{\"@type\":\"ListItem\",\"position\":3,\"name\":\"Schachtabdeckungen\"}]},{\"@type\":\"WebSite\",\"@id\":\"https:\/\/www.codexsrl.com\/de\/#website\",\"url\":\"https:\/\/www.codexsrl.com\/de\/\",\"name\":\"Codex srl\",\"description\":\"Sch\u00fctzt und dekoriert\",\"publisher\":{\"@id\":\"https:\/\/www.codexsrl.com\/de\/#organization\"},\"alternateName\":\"Codex Protezioni Antitrauma e Pavimentazioni\",\"potentialAction\":[{\"@type\":\"SearchAction\",\"target\":{\"@type\":\"EntryPoint\",\"urlTemplate\":\"https:\/\/www.codexsrl.com\/de\/?s={search_term_string}\"},\"query-input\":\"required name=search_term_string\"}],\"inLanguage\":\"de\"},{\"@type\":\"Organization\",\"@id\":\"https:\/\/www.codexsrl.com\/de\/#organization\",\"name\":\"Codex srl\",\"alternateName\":\"Codex Protezioni Antitrauma e Pavimentazioni\",\"url\":\"https:\/\/www.codexsrl.com\/de\/\",\"logo\":{\"@type\":\"ImageObject\",\"inLanguage\":\"de\",\"@id\":\"https:\/\/www.codexsrl.com\/de\/#\/schema\/logo\/image\/\",\"url\":\"https:\/\/www.codexsrl.com\/wp-content\/uploads\/2024\/01\/logo-Codex.webp\",\"contentUrl\":\"https:\/\/www.codexsrl.com\/wp-content\/uploads\/2024\/01\/logo-Codex.webp\",\"width\":527,\"height\":143,\"caption\":\"Codex srl\"},\"image\":{\"@id\":\"https:\/\/www.codexsrl.com\/de\/#\/schema\/logo\/image\/\"},\"sameAs\":[\"https:\/\/www.facebook.com\/codexsicurezza\",\"https:\/\/www.instagram.com\/codexsrl\/\",\"https:\/\/www.linkedin.com\/company\/codexsrl\/\"]}]}<\/script>\n<!-- \/ Yoast SEO plugin. -->","yoast_head_json":{"title":"Wellenschutz, sto\u00dffeste Beschichtungen | Codex srl","description":"Schaftprotektoren mit Maxionda, das als selbstanpassendes Material f\u00fcr jeden Tr\u00e4ger einen hohen Aufprallschutz mit nur wenigen Handgriffen garantiert.","robots":{"index":"index","follow":"follow","max-snippet":"max-snippet:-1","max-image-preview":"max-image-preview:large","max-video-preview":"max-video-preview:-1"},"canonical":"https:\/\/www.codexsrl.com\/de\/produkt\/schachtabdeckungen\/","og_locale":"de_DE","og_type":"article","og_title":"Wellenschutz, sto\u00dffeste Beschichtungen | Codex srl","og_description":"Schaftprotektoren mit Maxionda, das als selbstanpassendes Material f\u00fcr jeden Tr\u00e4ger einen hohen Aufprallschutz mit nur wenigen Handgriffen garantiert.","og_url":"https:\/\/www.codexsrl.com\/de\/produkt\/schachtabdeckungen\/","og_site_name":"Codex srl","article_publisher":"https:\/\/www.facebook.com\/codexsicurezza","article_modified_time":"2024-03-18T18:13:41+00:00","og_image":[{"width":675,"height":900,"url":"https:\/\/www.codexsrl.com\/wp-content\/uploads\/2016\/07\/protezioni-per-alberi-antiurto-gomma-codexsrl.jpg","type":"image\/jpeg"}],"twitter_card":"summary_large_image","schema":{"@context":"https:\/\/schema.org","@graph":[{"@type":"WebPage","@id":"https:\/\/www.codexsrl.com\/de\/produkt\/schachtabdeckungen\/","url":"https:\/\/www.codexsrl.com\/de\/produkt\/schachtabdeckungen\/","name":"Wellenschutz, sto\u00dffeste Beschichtungen | Codex srl","isPartOf":{"@id":"https:\/\/www.codexsrl.com\/de\/#website"},"primaryImageOfPage":{"@id":"https:\/\/www.codexsrl.com\/de\/produkt\/schachtabdeckungen\/#primaryimage"},"image":{"@id":"https:\/\/www.codexsrl.com\/de\/produkt\/schachtabdeckungen\/#primaryimage"},"thumbnailUrl":"https:\/\/www.codexsrl.com\/wp-content\/uploads\/2016\/07\/protezioni-per-alberi-antiurto-gomma-codexsrl.jpg","datePublished":"2016-07-14T09:11:05+00:00","dateModified":"2024-03-18T18:13:41+00:00","description":"Schaftprotektoren mit Maxionda, das als selbstanpassendes Material f\u00fcr jeden Tr\u00e4ger einen hohen Aufprallschutz mit nur wenigen Handgriffen garantiert.","breadcrumb":{"@id":"https:\/\/www.codexsrl.com\/de\/produkt\/schachtabdeckungen\/#breadcrumb"},"inLanguage":"de","potentialAction":[{"@type":"ReadAction","target":["https:\/\/www.codexsrl.com\/de\/produkt\/schachtabdeckungen\/"]}]},{"@type":"ImageObject","inLanguage":"de","@id":"https:\/\/www.codexsrl.com\/de\/produkt\/schachtabdeckungen\/#primaryimage","url":"https:\/\/www.codexsrl.com\/wp-content\/uploads\/2016\/07\/protezioni-per-alberi-antiurto-gomma-codexsrl.jpg","contentUrl":"https:\/\/www.codexsrl.com\/wp-content\/uploads\/2016\/07\/protezioni-per-alberi-antiurto-gomma-codexsrl.jpg","width":675,"height":900,"caption":"Aufprallschutz der Welle. Sto\u00dfd\u00e4mpfende Gummiprotektoren"},{"@type":"BreadcrumbList","@id":"https:\/\/www.codexsrl.com\/de\/produkt\/schachtabdeckungen\/#breadcrumb","itemListElement":[{"@type":"ListItem","position":1,"name":"Home","item":"https:\/\/www.codexsrl.com\/de\/"},{"@type":"ListItem","position":2,"name":"Gesamtkatalog","item":"https:\/\/www.codexsrl.com\/de\/gesamtkatalog\/"},{"@type":"ListItem","position":3,"name":"Schachtabdeckungen"}]},{"@type":"WebSite","@id":"https:\/\/www.codexsrl.com\/de\/#website","url":"https:\/\/www.codexsrl.com\/de\/","name":"Codex srl","description":"Sch\u00fctzt und dekoriert","publisher":{"@id":"https:\/\/www.codexsrl.com\/de\/#organization"},"alternateName":"Codex Protezioni Antitrauma e Pavimentazioni","potentialAction":[{"@type":"SearchAction","target":{"@type":"EntryPoint","urlTemplate":"https:\/\/www.codexsrl.com\/de\/?s={search_term_string}"},"query-input":"required name=search_term_string"}],"inLanguage":"de"},{"@type":"Organization","@id":"https:\/\/www.codexsrl.com\/de\/#organization","name":"Codex srl","alternateName":"Codex Protezioni Antitrauma e Pavimentazioni","url":"https:\/\/www.codexsrl.com\/de\/","logo":{"@type":"ImageObject","inLanguage":"de","@id":"https:\/\/www.codexsrl.com\/de\/#\/schema\/logo\/image\/","url":"https:\/\/www.codexsrl.com\/wp-content\/uploads\/2024\/01\/logo-Codex.webp","contentUrl":"https:\/\/www.codexsrl.com\/wp-content\/uploads\/2024\/01\/logo-Codex.webp","width":527,"height":143,"caption":"Codex srl"},"image":{"@id":"https:\/\/www.codexsrl.com\/de\/#\/schema\/logo\/image\/"},"sameAs":["https:\/\/www.facebook.com\/codexsicurezza","https:\/\/www.instagram.com\/codexsrl\/","https:\/\/www.linkedin.com\/company\/codexsrl\/"]}]}},"_links":{"self":[{"href":"https:\/\/www.codexsrl.com\/de\/wp-json\/wp\/v2\/product\/9994"}],"collection":[{"href":"https:\/\/www.codexsrl.com\/de\/wp-json\/wp\/v2\/product"}],"about":[{"href":"https:\/\/www.codexsrl.com\/de\/wp-json\/wp\/v2\/types\/product"}],"wp:featuredmedia":[{"embeddable":true,"href":"https:\/\/www.codexsrl.com\/de\/wp-json\/wp\/v2\/media\/8911"}],"wp:attachment":[{"href":"https:\/\/www.codexsrl.com\/de\/wp-json\/wp\/v2\/media?parent=9994"}],"wp:term":[{"taxonomy":"product_cat","embeddable":true,"href":"https:\/\/www.codexsrl.com\/de\/wp-json\/wp\/v2\/product_cat?post=9994"},{"taxonomy":"product_tag","embeddable":true,"href":"https:\/\/www.codexsrl.com\/de\/wp-json\/wp\/v2\/product_tag?post=9994"}],"curies":[{"name":"wp","href":"https:\/\/api.w.org\/{rel}","templated":true}]}}